{"id":73,"date":"2014-09-18T14:01:51","date_gmt":"2014-09-18T13:01:51","guid":{"rendered":"http:\/\/agora.xtec.cat\/ceipgitanjali\/?page_id=73"},"modified":"2026-02-16T14:52:06","modified_gmt":"2026-02-16T13:52:06","slug":"espai-migdia","status":"publish","type":"page","link":"https:\/\/agora.xtec.cat\/ceipgitanjali\/serveis-de-lescola\/espai-migdia\/","title":{"rendered":"Espai migdia"},"content":{"rendered":"<div style=\"font-family: inherit; font-size: 1em; display: inline !important;\">\n<p><strong>Totapunt Badalona<\/strong> \u00e9s l\u2019empresa contractada per l&#8217;AFA encarregada del servei de cuina i menjador de l\u2019escola.<\/p>\n<p>Per comunicar-vos amb Totapunt Badalona, envieu un correu electr\u00f2nic a <a href=\"mailto:totapuntbdn@gmail.com\" target=\"_blank\" rel=\"noopener noreferrer\">totapuntbdn@gmail.com<\/a>\u00a0abans de les <strong>11.00 del mat\u00ed<\/strong>.\u00a0 Per altres q\u00fcestions, passeu per secretaria.<\/p>\n<p><a href=\"https:\/\/agora.xtec.cat\/ceipgitanjali\/wp-content\/uploads\/usu1569\/2026\/02\/menjador-gitan.png\"><img loading=\"lazy\" decoding=\"async\" class=\"size-medium wp-image-11915 alignleft\" src=\"https:\/\/agora.xtec.cat\/ceipgitanjali\/wp-content\/uploads\/usu1569\/2026\/02\/menjador-gitan-239x300.png\" alt=\"\" width=\"239\" height=\"300\" srcset=\"https:\/\/agora.xtec.cat\/ceipgitanjali\/wp-content\/uploads\/usu1569\/2026\/02\/menjador-gitan-239x300.png 239w, https:\/\/agora.xtec.cat\/ceipgitanjali\/wp-content\/uploads\/usu1569\/2026\/02\/menjador-gitan.png 683w\" sizes=\"auto, (max-width: 239px) 100vw, 239px\" \/><\/a>En el menjador escolar els nens i nenes satisfan les seves necessitats aliment\u00e0ries, per\u00f2 considerem que el fet de menjar \u00e9s un acte social i que cal educar en els h\u00e0bits del respecte i la conviv\u00e8ncia. Per aix\u00f2 l\u2019equip de monitors i monitores de menjador vetlla perqu\u00e8 els nens i nenes s\u2019alimentin de forma adequada, aprenguin a tenir unes bones actituds i h\u00e0bits a taula i s\u2019espla\u00efn de forma distesa amb els companys i companyes. Els nens i nenes de I3 tenen una estona de descans despr\u00e9s de dinar.<\/p>\n<\/div>\n<div style=\"font-family: inherit; font-size: 1em; display: inline !important;\">\n<p style=\"text-align: justify;\">H\u00e0bits i normes que treballem al menjador escolar:<\/p>\n<ul>\n<li style=\"text-align: justify;\">Entrar i sortir del menjador en ordre i parlant en un to de veu adequat.<\/li>\n<li style=\"text-align: justify;\">Rentar-se les mans abans i despr\u00e9s de dinar.<\/li>\n<li style=\"text-align: justify;\">Mantenir un clima dist\u00e8s i relaxat mentre es dina.<\/li>\n<li style=\"text-align: justify;\">Utilitzar els coberts adequadament.<\/li>\n<li style=\"text-align: justify;\">Tenir cura de menjar a poc a poc.<\/li>\n<li style=\"text-align: justify;\">Acostumar-se a menjar diferents tipus d\u2019aliments.<\/li>\n<li style=\"text-align: justify;\">Aixecar la m\u00e0 per demanar qualsevol cosa.<\/li>\n<li style=\"text-align: justify;\">Acostumar-se a no aixecar-se de la cadira fins que no s\u2019hagi acabat de dinar.<\/li>\n<li style=\"text-align: justify;\">Desenvolupar l\u2019h\u00e0bit de col\u00b7laborar amb els monitors i monitores en les tasques de recollir i endre\u00e7ar el menjador.<\/li>\n<\/ul>\n<p>Per a l\u2019elaboraci\u00f3 dels seus men\u00fas adquireix <strong>productes de proximitat i km 0<\/strong>.<\/p>\n<p>Aquest servei s\u2019ofereix a tots els i les alumnes de l\u2019escola, mestres i col\u00b7laboradors.<\/p>\n<p><span lang=\"CA\">El servei de menjador ofereix tamb\u00e9 el men\u00fa \u201cp\u00edcnic\u201d per als dies d\u2019excursi\u00f3. Pot utilitzar aquest servei qualsevol alumne o alumna de l\u2019escola.<\/span><\/p>\n<p><span lang=\"CA\">El monitoratge es divideix en dos equips: un per atendre els i les alumnes d\u2019educaci\u00f3 infantil i l\u2019altre per atendre els i les alumnes d\u2019educaci\u00f3 prim\u00e0ria complint les r\u00e0tios estipulades per la legislaci\u00f3 vigent. Ambd\u00f3s equips estan coordinats per una coordinadora general.<\/span><\/p>\n<p><span lang=\"CA\">Tots els monitors i monitores posseeixen el t\u00edtol de monitors del lleure a m\u00e9s d\u2019altres titulacions que puguin tenir<\/span><span lang=\"CA\">.<\/span><\/p>\n<h4>Cuina pr\u00f2pia. Dietes sanes i equilibrades<\/h4>\n<p>L\u2019escola t\u00e9 cuina pr\u00f2pia i els men\u00fas estan elaborats per les cuineres de l\u2019empresa sota la supervisi\u00f3 d\u2019una dietista i presentats a la <a href=\"https:\/\/agora.xtec.cat\/ceipgitanjali\/categoria\/ampa\/comissio-de-menjador\/\">Comissi\u00f3 de Menjador de l\u2019AFA<\/a> amb l\u2019objectiu d\u2019oferir una dieta equilibrada i adaptada a les necessitats de tots els i les alumnes. Podeu consultar alguns exemples de men\u00fas <a href=\"https:\/\/agora.xtec.cat\/ceipgitanjali\/docs\/menus-de-menjador\/\">aqu\u00ed<\/a>.<\/p>\n<h4>Dinars tem\u00e0tics<\/h4>\n<p>L\u2019\u00faltim dimecres de cada mes es fan dinars tem\u00e0tics ambientats a l\u2019entorn de cultures diferents. L\u2019objectiu d\u2019aquesta iniciativa \u00e9s apropar els nens i nenes de l\u2019escola a altres cultures d\u2019arreu del m\u00f3n a fi que coneguin nous aliments, sabors i presentacions. Aix\u00ed mateix, \u00e9s una forma d\u2019integrar el valor de la multiculturalitat com a element clau d\u2019enriquiment social i personal.<\/p>\n<h4>Horari de menjador<\/h4>\n<p>El servei de menjador funciona de 12.30 h a 15.00 h, de setembre a maig, i de 13.00 h a 15.30 h\u00a0 els dies puntuals i les darreres setmanes de juny que es fa jornada continuada.<\/p>\n<h4>Cost del servei<\/h4>\n<p>El cost varia en funci\u00f3 de si s\u2019hi assisteix di\u00e0riament, o de forma m\u00e9s puntual, tal com estableix el Departament d&#8217;Educaci\u00f3 i Formaci\u00f3 Professional.<\/p>\n<p>Preus del servei per aquest curs 2025-2026:<\/p>\n<ul>\n<li>3, 4 o 5 dies fixos a la setmana: 7,30 \u20ac<\/li>\n<li>1 o 2 dies a la setmana i espor\u00e0dics: 8,10 \u20ac<\/li>\n<\/ul>\n<p>En cas de no assist\u00e8ncia amb preav\u00eds, es descomptar\u00e0 el preu de l&#8217;\u00e0pat per\u00f2 no el de monitoratge.<\/p>\n<h4>Reglament de r\u00e8gim intern del menjador<\/h4>\n<p>El Reglament de r\u00e8gim intern del servei de menjador (RRIM) regula el funcionament general del servei gestionat per l\u2019AFA i n\u2019estipula el r\u00e8gim de faltes i sancions. Per a m\u00e9s informaci\u00f3 podeu llegir el Reglament de R\u00e8gim Intern del Menjador [<a href=\"https:\/\/docs.google.com\/viewer?a=v&amp;pid=sites&amp;srcid=Z2l0YW5qYWxpLmNhdHx3ZWJ8Z3g6NmU3NzZjYjFlYzk2YmQ5OA\" target=\"_blank\" rel=\"noopener noreferrer\">aqu\u00ed<\/a>] o contactar amb la Secretaria de l\u2019AFA de 9.00 a 11.30 h els dilluns, dimecres i divendres, i de 15.30 a 17.30 h, els dimarts i dijous.<\/p>\n<\/div>\n<h4>Receptes<\/h4>\n<p>Llista de receptes (feu clic <a href=\"http:\/\/www.gitanjali.cat\/home\/menjador\/receptes\" target=\"_blank\" rel=\"noopener noreferrer\">aqu\u00ed<\/a>).<\/p>\n<div dir=\"ltr\">\n<h4 dir=\"ltr\">Blogs de cuina<\/h4>\n<p dir=\"ltr\">Si voleu gaudir cuinant plats nous o aprendre a fer les receptes m\u00e9s tradicionals, aqu\u00ed teniu alguns blogs molt interessants, tant per les receptes com per les idees que donen, la manera d\u2019explicar-les i els resultats, i les experi\u00e8ncies dels seus autors!<\/p>\n<ul>\n<li dir=\"ltr\"><a href=\"http:\/\/lacuinadecasa.blogspot.com\/\" target=\"_blank\" rel=\"noopener noreferrer\">La cuina de casa<\/a> (blog de postres molt recomanable, tamb\u00e9 per a excursionistes i amants de l\u2019escalada)<\/li>\n<li dir=\"ltr\"><a href=\"http:\/\/www.cuinapernens.com\/cuina-per-nens-eulalia-fargas.php?idioma=ca_ES&amp;pag=info-general\" target=\"_blank\" rel=\"noopener noreferrer\">Cuina per a nens i adolescents<\/a> (el web del taller de cuina del Mercat de la Boqueria)<\/li>\n<li dir=\"ltr\"><a href=\"http:\/\/deliciosamartha.blogspot.com\/\" target=\"_blank\" rel=\"noopener noreferrer\">Deliciosa Martha<\/a> (idees molt originals per cuinar per als m\u00e9s menuts; les galetes s\u00f3n &#8220;delicioses&#8221; de veure i de tastar)<\/li>\n<li dir=\"ltr\"><a href=\"http:\/\/cartooncooking.blogspot.com\/\" target=\"_blank\" rel=\"noopener noreferrer\">Cartoon Cooking<\/a> (molt original, amb dibuixos pas a pas i unes idees molt inspiradores)<\/li>\n<li dir=\"ltr\"><a href=\"http:\/\/www.kireei.com\/category\/cocina\/\" target=\"_blank\" rel=\"noopener noreferrer\">Pimienta rosa<\/a> (idees originals i sofisticades per a la cuina, entre altres coses)<\/li>\n<\/ul>\n<\/div>\n","protected":false},"excerpt":{"rendered":"<p>Totapunt Badalona \u00e9s l\u2019empresa contractada per l&#8217;AFA encarregada del servei de cuina i menjador de l\u2019escola. Per comunicar-vos amb Totapunt Badalona, envieu un correu electr\u00f2nic a totapuntbdn@gmail.com\u00a0abans de les 11.00 del mat\u00ed.\u00a0 Per altres q\u00fcestions, passeu per secretaria. En el menjador escolar els nens i nenes satisfan les seves necessitats aliment\u00e0ries, per\u00f2 considerem que el [&hellip;]<\/p>\n","protected":false},"author":1,"featured_media":0,"parent":11861,"menu_order":30,"comment_status":"closed","ping_status":"closed","template":"","meta":{"_bbp_topic_count":0,"_bbp_reply_count":0,"_bbp_total_topic_count":0,"_bbp_total_reply_count":0,"_bbp_voice_count":0,"_bbp_anonymous_reply_count":0,"_bbp_topic_count_hidden":0,"_bbp_reply_count_hidden":0,"_bbp_forum_subforum_count":0,"site-sidebar-layout":"default","site-content-layout":"","ast-site-content-layout":"default","site-content-style":"default","site-sidebar-style":"default","ast-global-header-display":"","ast-banner-title-visibility":"","ast-main-header-display":"","ast-hfb-above-header-display":"","ast-hfb-below-header-display":"","ast-hfb-mobile-header-display":"","site-post-title":"","ast-breadcrumbs-content":"","ast-featured-img":"","footer-sml-layout":"","theme-transparent-header-meta":"default","adv-header-id-meta":"","stick-header-meta":"","header-above-stick-meta":"","header-main-stick-meta":"","header-below-stick-meta":"","astra-migrate-meta-layouts":"set","ast-page-background-enabled":"default","ast-page-background-meta":{"desktop":{"background-color":"var(--ast-global-color-4)","background-image":"","background-repeat":"repeat","background-position":"center center","background-size":"auto","background-attachment":"scroll","background-type":"","background-media":"","overlay-type":"","overlay-color":"","overlay-opacity":"","overlay-gradient":""},"tablet":{"background-color":"","background-image":"","background-repeat":"repeat","background-position":"center center","background-size":"auto","background-attachment":"scroll","background-type":"","background-media":"","overlay-type":"","overlay-color":"","overlay-opacity":"","overlay-gradient":""},"mobile":{"background-color":"","background-image":"","background-repeat":"repeat","background-position":"center center","background-size":"auto","background-attachment":"scroll","background-type":"","background-media":"","overlay-type":"","overlay-color":"","overlay-opacity":"","overlay-gradient":""}},"ast-content-background-meta":{"desktop":{"background-color":"var(--ast-global-color-5)","background-image":"","background-repeat":"repeat","background-position":"center center","background-size":"auto","background-attachment":"scroll","background-type":"","background-media":"","overlay-type":"","overlay-color":"","overlay-opacity":"","overlay-gradient":""},"tablet":{"background-color":"var(--ast-global-color-5)","background-image":"","background-repeat":"repeat","background-position":"center center","background-size":"auto","background-attachment":"scroll","background-type":"","background-media":"","overlay-type":"","overlay-color":"","overlay-opacity":"","overlay-gradient":""},"mobile":{"background-color":"var(--ast-global-color-5)","background-image":"","background-repeat":"repeat","background-position":"center center","background-size":"auto","background-attachment":"scroll","background-type":"","background-media":"","overlay-type":"","overlay-color":"","overlay-opacity":"","overlay-gradient":""}},"footnotes":""},"class_list":["post-73","page","type-page","status-publish","hentry"],"post_mailing_queue_ids":[],"_links":{"self":[{"href":"https:\/\/agora.xtec.cat\/ceipgitanjali\/wp-json\/wp\/v2\/pages\/73","targetHints":{"allow":["GET"]}}],"collection":[{"href":"https:\/\/agora.xtec.cat\/ceipgitanjali\/wp-json\/wp\/v2\/pages"}],"about":[{"href":"https:\/\/agora.xtec.cat\/ceipgitanjali\/wp-json\/wp\/v2\/types\/page"}],"author":[{"embeddable":true,"href":"https:\/\/agora.xtec.cat\/ceipgitanjali\/wp-json\/wp\/v2\/users\/1"}],"replies":[{"embeddable":true,"href":"https:\/\/agora.xtec.cat\/ceipgitanjali\/wp-json\/wp\/v2\/comments?post=73"}],"version-history":[{"count":8,"href":"https:\/\/agora.xtec.cat\/ceipgitanjali\/wp-json\/wp\/v2\/pages\/73\/revisions"}],"predecessor-version":[{"id":11916,"href":"https:\/\/agora.xtec.cat\/ceipgitanjali\/wp-json\/wp\/v2\/pages\/73\/revisions\/11916"}],"up":[{"embeddable":true,"href":"https:\/\/agora.xtec.cat\/ceipgitanjali\/wp-json\/wp\/v2\/pages\/11861"}],"wp:attachment":[{"href":"https:\/\/agora.xtec.cat\/ceipgitanjali\/wp-json\/wp\/v2\/media?parent=73"}],"curies":[{"name":"wp","href":"https:\/\/api.w.org\/{rel}","templated":true}]}}