{"id":710,"date":"2017-11-28T12:22:01","date_gmt":"2017-11-28T11:22:01","guid":{"rendered":"http:\/\/agora.xtec.cat\/ceipgitanjali\/?page_id=710"},"modified":"2026-02-23T14:13:02","modified_gmt":"2026-02-23T13:13:02","slug":"el-drac-de-lescola-gitanjali","status":"publish","type":"page","link":"https:\/\/agora.xtec.cat\/ceipgitanjali\/lescola\/el-drac-de-lescola-gitanjali\/","title":{"rendered":"El drac de l&#8217;Escola Gitanjali"},"content":{"rendered":"<p><strong><img loading=\"lazy\" decoding=\"async\" class=\" wp-image-1387 alignleft\" src=\"http:\/\/agora.xtec.cat\/ceipgitanjali\/wp-content\/uploads\/usu1569\/2017\/11\/El-drac-Punxegut.jpg\" alt=\"\" width=\"353\" height=\"265\" srcset=\"https:\/\/agora.xtec.cat\/ceipgitanjali\/wp-content\/uploads\/usu1569\/2017\/11\/El-drac-Punxegut.jpg 300w, https:\/\/agora.xtec.cat\/ceipgitanjali\/wp-content\/uploads\/usu1569\/2017\/11\/El-drac-Punxegut-200x150.jpg 200w\" sizes=\"auto, (max-width: 353px) 100vw, 353px\" \/><\/strong><\/p>\n<p>Participem\u00a0activament en esdeveniments locals relacionats amb el bestiari popular. El nostre drac es diu <strong>Punxegut<\/strong>\u00a0i els quatre dragolins: <strong>Tanoca<\/strong>, <strong>Foc<\/strong>, <strong>Fosqueta<\/strong> i<strong> Llum<\/strong>. Per acompanyar-los els cantem la can\u00e7\u00f3 d&#8217;en Punxegut que va compondre en Llu\u00eds Platero, cantautor de la ciutat.<\/p>\n<p><strong>En Punxegut en festes<\/strong><\/p>\n<p>El nostre drac \u00e9s l&#8217;animador principal de totes les festes de l&#8217;escola. Se n&#8217;ocupa la <a href=\"http:\/\/agora.xtec.cat\/ceipgitanjali\/categoria\/ampa\/comissio-de-festes\/\">Comissi\u00f3 de Festes de l&#8217;AFA<\/a>, que el treu a c\u00f3rrer i a ballar a la m\u00ednima que hi ha una mica de gresca al carrer.<\/p>\n<p>La colla de fam\u00edlies de la Comissi\u00f3 de Festes va fabricar una estructura met\u00e0l\u00b7lica que permet de portar-lo millor i de deixar-lo dret quan conv\u00e9.<\/p>\n<p>En Punxegut t\u00e9 l&#8217;ajuda inestimable de tots els nens i nenes de l&#8217;escola que amb les seves cames l&#8217;ajuden a c\u00f3rrer i ballar pels carrers. Animeu-vos a participar-hi!<\/p>\n<p style=\"text-align: left;\"><a style=\"color: #2795b6;\" href=\"http:\/\/agora.xtec.cat\/ceipgitanjali\/wp-content\/uploads\/usu1569\/2014\/09\/maxresdefault.jpg\"><img loading=\"lazy\" decoding=\"async\" class=\"wp-image-584 alignleft\" src=\"http:\/\/agora.xtec.cat\/ceipgitanjali\/wp-content\/uploads\/usu1569\/2014\/09\/maxresdefault-1024x576.jpg\" alt=\"\" width=\"343\" height=\"193\" srcset=\"https:\/\/agora.xtec.cat\/ceipgitanjali\/wp-content\/uploads\/usu1569\/2014\/09\/maxresdefault-1024x576.jpg 1024w, https:\/\/agora.xtec.cat\/ceipgitanjali\/wp-content\/uploads\/usu1569\/2014\/09\/maxresdefault-300x169.jpg 300w, https:\/\/agora.xtec.cat\/ceipgitanjali\/wp-content\/uploads\/usu1569\/2014\/09\/maxresdefault-768x432.jpg 768w, https:\/\/agora.xtec.cat\/ceipgitanjali\/wp-content\/uploads\/usu1569\/2014\/09\/maxresdefault.jpg 1920w\" sizes=\"auto, (max-width: 343px) 100vw, 343px\" \/><\/a>\u200b\u00a0<a href=\"http:\/\/agora.xtec.cat\/ceipgitanjali\/wp-content\/uploads\/usu1569\/2017\/11\/punxi.jpg\"><img loading=\"lazy\" decoding=\"async\" class=\"alignleft wp-image-711\" src=\"http:\/\/agora.xtec.cat\/ceipgitanjali\/wp-content\/uploads\/usu1569\/2017\/11\/punxi.jpg\" alt=\"\" width=\"290\" height=\"194\" srcset=\"https:\/\/agora.xtec.cat\/ceipgitanjali\/wp-content\/uploads\/usu1569\/2017\/11\/punxi.jpg 400w, https:\/\/agora.xtec.cat\/ceipgitanjali\/wp-content\/uploads\/usu1569\/2017\/11\/punxi-300x200.jpg 300w\" sizes=\"auto, (max-width: 290px) 100vw, 290px\" \/><\/a><\/p>\n<p>&nbsp;<\/p>\n<p>&nbsp;<\/p>\n<p>&nbsp;<\/p>\n<p>&nbsp;<\/p>\n<p>&nbsp;<\/p>\n<p style=\"text-align: center;\"><span style=\"font-size: 14pt;\"><strong>Lletra de la can\u00e7\u00f3 d&#8217;en <\/strong><strong style=\"font-family: inherit; text-align: left;\">Punxegut<\/strong><\/span><\/p>\n<p style=\"text-align: center;\">Tenim un drac domesticat<br \/>\nper estimar tota la gent,<br \/>\nt\u00e9 el cor calent i el cap despert<br \/>\ni t\u00e9 una cua com un tren.<\/p>\n<p style=\"text-align: center;\">Tenim un drac domesticat<br \/>\nper estimar tota la gent,<br \/>\nja sap llegir, ja sap comptar<br \/>\ni ara el que vol \u00e9s passejar<\/p>\n<p style=\"text-align: center;\">Tot passejant ens farem grans<br \/>\ni ens endurem el que hem apr\u00e8s,<br \/>\nno oblidarem mai aquest drac<br \/>\nni els mestres que ens han ensenyat.<\/p>\n<p style=\"text-align: center;\">Catric-catrac, catrac-catruc<br \/>\ntots passegem en Punxegut<br \/>\ndes dels m\u00e9s xics fins als m\u00e9s grans<br \/>\ntot caminant anirem cantant.<\/p>\n<p style=\"text-align: center;\">Catric-catrac, catrac-catruc<br \/>\ntots passegem en Punxegut,<br \/>\nhan arribat quatre menuts<br \/>\nTanoca, Foc, Fosqueta i Llum.<\/p>\n<p style=\"text-align: center;\">Tenim un drac domesticat<br \/>\nper estimar tota la gent,<br \/>\nt\u00e9 el cor calent i el cap despert<br \/>\ni t\u00e9 una cua com un tren.<\/p>\n<p style=\"text-align: right;\"><em>Autor lletra i m\u00fasica: <strong>Llu\u00eds Platero<\/strong><\/em><\/p>\n","protected":false},"excerpt":{"rendered":"<p>Participem\u00a0activament en esdeveniments locals relacionats amb el bestiari popular. El nostre drac es diu Punxegut\u00a0i els quatre dragolins: Tanoca, Foc, Fosqueta i Llum. Per acompanyar-los els cantem la can\u00e7\u00f3 d&#8217;en Punxegut que va compondre en Llu\u00eds Platero, cantautor de la ciutat. En Punxegut en festes El nostre drac \u00e9s l&#8217;animador principal de totes les festes [&hellip;]<\/p>\n","protected":false},"author":1,"featured_media":0,"parent":22,"menu_order":40,"comment_status":"closed","ping_status":"closed","template":"","meta":{"_bbp_topic_count":0,"_bbp_reply_count":0,"_bbp_total_topic_count":0,"_bbp_total_reply_count":0,"_bbp_voice_count":0,"_bbp_anonymous_reply_count":0,"_bbp_topic_count_hidden":0,"_bbp_reply_count_hidden":0,"_bbp_forum_subforum_count":0,"site-sidebar-layout":"default","site-content-layout":"","ast-site-content-layout":"default","site-content-style":"default","site-sidebar-style":"default","ast-global-header-display":"","ast-banner-title-visibility":"","ast-main-header-display":"","ast-hfb-above-header-display":"","ast-hfb-below-header-display":"","ast-hfb-mobile-header-display":"","site-post-title":"","ast-breadcrumbs-content":"","ast-featured-img":"","footer-sml-layout":"","theme-transparent-header-meta":"default","adv-header-id-meta":"","stick-header-meta":"","header-above-stick-meta":"","header-main-stick-meta":"","header-below-stick-meta":"","astra-migrate-meta-layouts":"set","ast-page-background-enabled":"default","ast-page-background-meta":{"desktop":{"background-color":"var(--ast-global-color-4)","background-image":"","background-repeat":"repeat","background-position":"center center","background-size":"auto","background-attachment":"scroll","background-type":"","background-media":"","overlay-type":"","overlay-color":"","overlay-opacity":"","overlay-gradient":""},"tablet":{"background-color":"","background-image":"","background-repeat":"repeat","background-position":"center center","background-size":"auto","background-attachment":"scroll","background-type":"","background-media":"","overlay-type":"","overlay-color":"","overlay-opacity":"","overlay-gradient":""},"mobile":{"background-color":"","background-image":"","background-repeat":"repeat","background-position":"center center","background-size":"auto","background-attachment":"scroll","background-type":"","background-media":"","overlay-type":"","overlay-color":"","overlay-opacity":"","overlay-gradient":""}},"ast-content-background-meta":{"desktop":{"background-color":"var(--ast-global-color-5)","background-image":"","background-repeat":"repeat","background-position":"center center","background-size":"auto","background-attachment":"scroll","background-type":"","background-media":"","overlay-type":"","overlay-color":"","overlay-opacity":"","overlay-gradient":""},"tablet":{"background-color":"var(--ast-global-color-5)","background-image":"","background-repeat":"repeat","background-position":"center center","background-size":"auto","background-attachment":"scroll","background-type":"","background-media":"","overlay-type":"","overlay-color":"","overlay-opacity":"","overlay-gradient":""},"mobile":{"background-color":"var(--ast-global-color-5)","background-image":"","background-repeat":"repeat","background-position":"center center","background-size":"auto","background-attachment":"scroll","background-type":"","background-media":"","overlay-type":"","overlay-color":"","overlay-opacity":"","overlay-gradient":""}},"footnotes":""},"class_list":["post-710","page","type-page","status-publish","hentry"],"post_mailing_queue_ids":[],"_links":{"self":[{"href":"https:\/\/agora.xtec.cat\/ceipgitanjali\/wp-json\/wp\/v2\/pages\/710","targetHints":{"allow":["GET"]}}],"collection":[{"href":"https:\/\/agora.xtec.cat\/ceipgitanjali\/wp-json\/wp\/v2\/pages"}],"about":[{"href":"https:\/\/agora.xtec.cat\/ceipgitanjali\/wp-json\/wp\/v2\/types\/page"}],"author":[{"embeddable":true,"href":"https:\/\/agora.xtec.cat\/ceipgitanjali\/wp-json\/wp\/v2\/users\/1"}],"replies":[{"embeddable":true,"href":"https:\/\/agora.xtec.cat\/ceipgitanjali\/wp-json\/wp\/v2\/comments?post=710"}],"version-history":[{"count":6,"href":"https:\/\/agora.xtec.cat\/ceipgitanjali\/wp-json\/wp\/v2\/pages\/710\/revisions"}],"predecessor-version":[{"id":11784,"href":"https:\/\/agora.xtec.cat\/ceipgitanjali\/wp-json\/wp\/v2\/pages\/710\/revisions\/11784"}],"up":[{"embeddable":true,"href":"https:\/\/agora.xtec.cat\/ceipgitanjali\/wp-json\/wp\/v2\/pages\/22"}],"wp:attachment":[{"href":"https:\/\/agora.xtec.cat\/ceipgitanjali\/wp-json\/wp\/v2\/media?parent=710"}],"curies":[{"name":"wp","href":"https:\/\/api.w.org\/{rel}","templated":true}]}}