{"id":26,"date":"2014-09-18T12:24:32","date_gmt":"2014-09-18T11:24:32","guid":{"rendered":"http:\/\/agora.xtec.cat\/ceipgitanjali\/?page_id=26"},"modified":"2026-02-16T12:05:50","modified_gmt":"2026-02-16T11:05:50","slug":"historia","status":"publish","type":"page","link":"https:\/\/agora.xtec.cat\/ceipgitanjali\/lescola\/historia\/","title":{"rendered":"Hist\u00f2ria"},"content":{"rendered":"<div>\n<p style=\"text-align: justify;\">L&#8217;<strong>Escola Gitanjali<\/strong> la van fundar tres mestres joves amb molta empenta i amb una visi\u00f3 de l&#8217;educaci\u00f3 molt diferent de la que hi havia en aquell moment de manca de llibertats i en ple franquisme. Aquestes tres mestres eren la Merc\u00e8 Illana, la Roser Padr\u00f3s i la Teresa Gin\u00e9 posteriorment tamb\u00e9 s&#8217;hi va afegir la Teresa Lleal. L&#8217;escola va obrir les seves portes per primera vegada el dia 2 de novembre de 1962, ara fa 55 anys, al Passatge Vent\u00f3s Mir.<\/p>\n<p style=\"text-align: justify;\">Les bases pedag\u00f2giques en les que es van inspirar es fonamentaren en <a href=\"https:\/\/ca.wikipedia.org\/wiki\/Johann_Heinrich_Pestalozzi\" target=\"_blank\" rel=\"noopener noreferrer\">Pestalozzi<\/a>, <a href=\"https:\/\/ca.wikipedia.org\/wiki\/Friedrich_Wilhelm_August_Fr%C3%B6bel\" target=\"_blank\" rel=\"noopener noreferrer\">Froebel<\/a>, <a href=\"https:\/\/ca.wikipedia.org\/wiki\/Ovide_Decroly\" target=\"_blank\" rel=\"noopener noreferrer\">Decroly<\/a> i <a href=\"https:\/\/ca.wikipedia.org\/wiki\/Maria_Montessori\" target=\"_blank\" rel=\"noopener noreferrer\">Montessori<\/a>. La ra\u00f3 de la tria del nom de l&#8217;escola va ser perqu\u00e8 les mestres fundadores es sentien completament identificades amb l&#8217;obra de <a href=\"https:\/\/ca.wikipedia.org\/wiki\/Rabindranath_Tagore\">Tagore<\/a>, educador-escriptor nascut a Calcuta, que havia guanyat el Premi Nobel de literatura amb un llibre de poemes intitulat <a href=\"https:\/\/en.wikipedia.org\/wiki\/File:Gitanjali_title_page_Rabindranath_Tagore.jpg\">Gitanjali<\/a>. Entre altres motius tamb\u00e9\u00a0 pel fet que aquest nom\u00a0 no podia ser tradu\u00eft\u00a0al castell\u00e0 com obligaven les autoritats del moment.<\/p>\n<p style=\"text-align: justify;\">Despr\u00e9s de superar molts entrebancs, canvis d&#8217;edifici&#8230; la Cooperativa de Mestres s&#8217;integr\u00e0 al col\u00b7lectiu <a href=\"https:\/\/ca.wikipedia.org\/wiki\/Col%C2%B7lectiu_d%27Escoles_per_l%27Escola_P%C3%BAblica_Catalana\">CEPEPC<\/a> que lluitava per convertir les escoles que en formaven en p\u00fabliques. L&#8217;Escola es va integrar oficialment a la xarxa p\u00fablica, el dia 16 de gener de 1986.<\/p>\n<p style=\"text-align: justify;\">Actualment l&#8217;escola est\u00e0 integrada en diversos col\u00b7lectius:<\/p>\n<p style=\"text-align: justify;\"><a href=\"https:\/\/www.somescola.cat\/\" target=\"_blank\" rel=\"noopener\"><img loading=\"lazy\" decoding=\"async\" class=\"alignnone wp-image-1110\" src=\"http:\/\/agora.xtec.cat\/ceipgitanjali\/wp-content\/uploads\/usu1569\/2014\/09\/logo_mobilitacio_som_escola.png\" alt=\"\" width=\"201\" height=\"110\" srcset=\"https:\/\/agora.xtec.cat\/ceipgitanjali\/wp-content\/uploads\/usu1569\/2014\/09\/logo_mobilitacio_som_escola.png 432w, https:\/\/agora.xtec.cat\/ceipgitanjali\/wp-content\/uploads\/usu1569\/2014\/09\/logo_mobilitacio_som_escola-300x164.png 300w\" sizes=\"auto, (max-width: 201px) 100vw, 201px\" \/><\/a>\u00a0 \u00a0\u00a0<a href=\"https:\/\/www.instagram.com\/fababadalona\/\" target=\"_blank\" rel=\"noopener\"><img loading=\"lazy\" decoding=\"async\" class=\"alignnone wp-image-11787 \" src=\"https:\/\/agora.xtec.cat\/ceipgitanjali\/wp-content\/uploads\/usu1569\/2026\/02\/FABA-300x300.jpg\" alt=\"\" width=\"118\" height=\"118\" srcset=\"https:\/\/agora.xtec.cat\/ceipgitanjali\/wp-content\/uploads\/usu1569\/2026\/02\/FABA-300x300.jpg 300w, https:\/\/agora.xtec.cat\/ceipgitanjali\/wp-content\/uploads\/usu1569\/2026\/02\/FABA-150x150.jpg 150w, https:\/\/agora.xtec.cat\/ceipgitanjali\/wp-content\/uploads\/usu1569\/2026\/02\/FABA.jpg 320w\" sizes=\"auto, (max-width: 118px) 100vw, 118px\" \/><\/a><\/p>\n<\/div>\n<div>\n<p style=\"text-align: justify;\">\u00a0Textos de refer\u00e8ncia:<\/p>\n<\/div>\n<div>\n<ul>\n<li style=\"text-align: justify;\">Per con\u00e8ixer la seva hist\u00f2ria no hi ha res millor que els testimonis dels qui l&#8217;han viscuda i l&#8217;estimen per aix\u00f2 us deixem <a href=\"http:\/\/agora.xtec.cat\/ceipgitanjali\/wp-content\/uploads\/usu1569\/2014\/09\/Text-50-anys-T.-Gin\u00e9.pdf\">un text\u00a0que la M.Teresa Gin\u00e9,<\/a> una de les fundadores, va escriure quan vam\u00a0celebrar els 50 anys.<\/li>\n<li style=\"text-align: justify;\">\u00a0<a href=\"http:\/\/agora.xtec.cat\/ceipgitanjali\/wp-content\/uploads\/usu1569\/2014\/09\/text-Mones-40\u00e8-aniversari.pdf\">Mon\u00e9s i Pujol-Busquets, Jordi<\/a>:\u00a0<i>Escola Gitanjali. Els primers quaranta anys.<\/i>\u00a0Edita: Gesti\u00f3 i Promoci\u00f3 Editorial, SL (octubre 2002).<\/li>\n<li style=\"text-align: justify;\"><a href=\"https:\/\/ca.wikipedia.org\/wiki\/Escola_Gitanjali\">L&#8217;Escola Gitanjali a la Viquip\u00e8dia<\/a>.<\/li>\n<\/ul>\n<p style=\"text-align: justify;\">\n<\/div>\n","protected":false},"excerpt":{"rendered":"<p>L&#8217;Escola Gitanjali la van fundar tres mestres joves amb molta empenta i amb una visi\u00f3 de l&#8217;educaci\u00f3 molt diferent de la que hi havia en aquell moment de manca de llibertats i en ple franquisme. Aquestes tres mestres eren la Merc\u00e8 Illana, la Roser Padr\u00f3s i la Teresa Gin\u00e9 posteriorment tamb\u00e9 s&#8217;hi va afegir la [&hellip;]<\/p>\n","protected":false},"author":1,"featured_media":0,"parent":22,"menu_order":20,"comment_status":"closed","ping_status":"closed","template":"","meta":{"_bbp_topic_count":0,"_bbp_reply_count":0,"_bbp_total_topic_count":0,"_bbp_total_reply_count":0,"_bbp_voice_count":0,"_bbp_anonymous_reply_count":0,"_bbp_topic_count_hidden":0,"_bbp_reply_count_hidden":0,"_bbp_forum_subforum_count":0,"site-sidebar-layout":"default","site-content-layout":"","ast-site-content-layout":"","site-content-style":"default","site-sidebar-style":"default","ast-global-header-display":"","ast-banner-title-visibility":"","ast-main-header-display":"","ast-hfb-above-header-display":"","ast-hfb-below-header-display":"","ast-hfb-mobile-header-display":"","site-post-title":"","ast-breadcrumbs-content":"","ast-featured-img":"","footer-sml-layout":"","theme-transparent-header-meta":"","adv-header-id-meta":"","stick-header-meta":"","header-above-stick-meta":"","header-main-stick-meta":"","header-below-stick-meta":"","astra-migrate-meta-layouts":"default","ast-page-background-enabled":"default","ast-page-background-meta":{"desktop":{"background-color":"var(--ast-global-color-4)","background-image":"","background-repeat":"repeat","background-position":"center center","background-size":"auto","background-attachment":"scroll","background-type":"","background-media":"","overlay-type":"","overlay-color":"","overlay-opacity":"","overlay-gradient":""},"tablet":{"background-color":"","background-image":"","background-repeat":"repeat","background-position":"center center","background-size":"auto","background-attachment":"scroll","background-type":"","background-media":"","overlay-type":"","overlay-color":"","overlay-opacity":"","overlay-gradient":""},"mobile":{"background-color":"","background-image":"","background-repeat":"repeat","background-position":"center center","background-size":"auto","background-attachment":"scroll","background-type":"","background-media":"","overlay-type":"","overlay-color":"","overlay-opacity":"","overlay-gradient":""}},"ast-content-background-meta":{"desktop":{"background-color":"var(--ast-global-color-5)","background-image":"","background-repeat":"repeat","background-position":"center center","background-size":"auto","background-attachment":"scroll","background-type":"","background-media":"","overlay-type":"","overlay-color":"","overlay-opacity":"","overlay-gradient":""},"tablet":{"background-color":"var(--ast-global-color-5)","background-image":"","background-repeat":"repeat","background-position":"center center","background-size":"auto","background-attachment":"scroll","background-type":"","background-media":"","overlay-type":"","overlay-color":"","overlay-opacity":"","overlay-gradient":""},"mobile":{"background-color":"var(--ast-global-color-5)","background-image":"","background-repeat":"repeat","background-position":"center center","background-size":"auto","background-attachment":"scroll","background-type":"","background-media":"","overlay-type":"","overlay-color":"","overlay-opacity":"","overlay-gradient":""}},"footnotes":""},"class_list":["post-26","page","type-page","status-publish","hentry"],"post_mailing_queue_ids":[],"_links":{"self":[{"href":"https:\/\/agora.xtec.cat\/ceipgitanjali\/wp-json\/wp\/v2\/pages\/26","targetHints":{"allow":["GET"]}}],"collection":[{"href":"https:\/\/agora.xtec.cat\/ceipgitanjali\/wp-json\/wp\/v2\/pages"}],"about":[{"href":"https:\/\/agora.xtec.cat\/ceipgitanjali\/wp-json\/wp\/v2\/types\/page"}],"author":[{"embeddable":true,"href":"https:\/\/agora.xtec.cat\/ceipgitanjali\/wp-json\/wp\/v2\/users\/1"}],"replies":[{"embeddable":true,"href":"https:\/\/agora.xtec.cat\/ceipgitanjali\/wp-json\/wp\/v2\/comments?post=26"}],"version-history":[{"count":7,"href":"https:\/\/agora.xtec.cat\/ceipgitanjali\/wp-json\/wp\/v2\/pages\/26\/revisions"}],"predecessor-version":[{"id":11791,"href":"https:\/\/agora.xtec.cat\/ceipgitanjali\/wp-json\/wp\/v2\/pages\/26\/revisions\/11791"}],"up":[{"embeddable":true,"href":"https:\/\/agora.xtec.cat\/ceipgitanjali\/wp-json\/wp\/v2\/pages\/22"}],"wp:attachment":[{"href":"https:\/\/agora.xtec.cat\/ceipgitanjali\/wp-json\/wp\/v2\/media?parent=26"}],"curies":[{"name":"wp","href":"https:\/\/api.w.org\/{rel}","templated":true}]}}