{"id":22,"date":"2014-09-18T12:19:57","date_gmt":"2014-09-18T11:19:57","guid":{"rendered":"http:\/\/agora.xtec.cat\/ceipgitanjali\/?page_id=22"},"modified":"2018-03-31T22:54:23","modified_gmt":"2018-03-31T20:54:23","slug":"lescola","status":"publish","type":"page","link":"https:\/\/agora.xtec.cat\/ceipgitanjali\/lescola\/","title":{"rendered":"L&#8217;escola"},"content":{"rendered":"<header class=\"entry-header\">\n<h5 class=\"entry-title\"><b>Som una escola laica, democr\u00e0tica, plural, catalana i que educa en el respecte per al medi ambient.<\/b><\/h5>\n<\/header>\n<div class=\"entry-content\">\n<p><b>Laica<\/b>\u00a0perqu\u00e8 educa en els principis de respecte envers el pluralisme ideol\u00f2gic de la societat.<\/p>\n<p><b>Democr\u00e0tica<\/b>\u00a0perqu\u00e8 educa en el respecte als drets i llibertats fonamentals i en l\u2019exercici de la toler\u00e0ncia i de la llibertat dins dels principis democr\u00e0tics de conviv\u00e8ncia. L\u2019escola estimula en els valors d\u2019una societat democr\u00e0tica: solid\u00e0ria, respectuosa amb els altres, fomentant l\u2019actitud de di\u00e0leg, l\u2019esperit cr\u00edtic la responsabilitat i l\u2019esfor\u00e7.<\/p>\n<p><b>Plural<\/b>\u00a0perqu\u00e8 valora les persones tal i com s\u00f3n, amb les seves difer\u00e8ncies culturals, familiars, religioses i personals.<\/p>\n<p><b>Catalana\u00a0<\/b>perqu\u00e8 la llengua vehicular i de comunicaci\u00f3 \u00e9s el catal\u00e0.<\/p>\n<p><b>Respecte per al medi ambient<\/b>\u00a0perqu\u00e8 educa en la sostenibilitat\u00a0i en el respecte del medi ambient. La sensibilitzaci\u00f3 ambiental forma part de la manera de fer de l\u2019escola en les seves activitats educatives, l\u00fadiques i curriculars.<\/p>\n<p>La tasca educativa del centre es d\u00f3na en un marc\u00a0<b>de coeducaci\u00f3\u00a0<\/b>treballant per l\u2019eliminaci\u00f3 de les discriminacions i la superaci\u00f3 de mites, tab\u00fas i diferenciaci\u00f3 de rols.<\/p>\n<\/div>\n","protected":false},"excerpt":{"rendered":"<p>Som una escola laica, democr\u00e0tica, plural, catalana i que educa en el respecte per al medi ambient. Laica\u00a0perqu\u00e8 educa en els principis de respecte envers el pluralisme ideol\u00f2gic de la societat. Democr\u00e0tica\u00a0perqu\u00e8 educa en el respecte als drets i llibertats fonamentals i en l\u2019exercici de la toler\u00e0ncia i de la llibertat dins dels principis democr\u00e0tics [&hellip;]<\/p>\n","protected":false},"author":1,"featured_media":0,"parent":0,"menu_order":0,"comment_status":"closed","ping_status":"closed","template":"page-templates\/side-menu.php","meta":{"_bbp_topic_count":0,"_bbp_reply_count":0,"_bbp_total_topic_count":0,"_bbp_total_reply_count":0,"_bbp_voice_count":0,"_bbp_anonymous_reply_count":0,"_bbp_topic_count_hidden":0,"_bbp_reply_count_hidden":0,"_bbp_forum_subforum_count":0,"site-sidebar-layout":"default","site-content-layout":"","ast-site-content-layout":"","site-content-style":"default","site-sidebar-style":"default","ast-global-header-display":"","ast-banner-title-visibility":"","ast-main-header-display":"","ast-hfb-above-header-display":"","ast-hfb-below-header-display":"","ast-hfb-mobile-header-display":"","site-post-title":"","ast-breadcrumbs-content":"","ast-featured-img":"","footer-sml-layout":"","theme-transparent-header-meta":"","adv-header-id-meta":"","stick-header-meta":"","header-above-stick-meta":"","header-main-stick-meta":"","header-below-stick-meta":"","astra-migrate-meta-layouts":"default","ast-page-background-enabled":"default","ast-page-background-meta":{"desktop":{"background-color":"var(--ast-global-color-4)","background-image":"","background-repeat":"repeat","background-position":"center center","background-size":"auto","background-attachment":"scroll","background-type":"","background-media":"","overlay-type":"","overlay-color":"","overlay-opacity":"","overlay-gradient":""},"tablet":{"background-color":"","background-image":"","background-repeat":"repeat","background-position":"center center","background-size":"auto","background-attachment":"scroll","background-type":"","background-media":"","overlay-type":"","overlay-color":"","overlay-opacity":"","overlay-gradient":""},"mobile":{"background-color":"","background-image":"","background-repeat":"repeat","background-position":"center center","background-size":"auto","background-attachment":"scroll","background-type":"","background-media":"","overlay-type":"","overlay-color":"","overlay-opacity":"","overlay-gradient":""}},"ast-content-background-meta":{"desktop":{"background-color":"var(--ast-global-color-5)","background-image":"","background-repeat":"repeat","background-position":"center center","background-size":"auto","background-attachment":"scroll","background-type":"","background-media":"","overlay-type":"","overlay-color":"","overlay-opacity":"","overlay-gradient":""},"tablet":{"background-color":"var(--ast-global-color-5)","background-image":"","background-repeat":"repeat","background-position":"center center","background-size":"auto","background-attachment":"scroll","background-type":"","background-media":"","overlay-type":"","overlay-color":"","overlay-opacity":"","overlay-gradient":""},"mobile":{"background-color":"var(--ast-global-color-5)","background-image":"","background-repeat":"repeat","background-position":"center center","background-size":"auto","background-attachment":"scroll","background-type":"","background-media":"","overlay-type":"","overlay-color":"","overlay-opacity":"","overlay-gradient":""}},"footnotes":""},"class_list":["post-22","page","type-page","status-publish","hentry"],"post_mailing_queue_ids":[],"_links":{"self":[{"href":"https:\/\/agora.xtec.cat\/ceipgitanjali\/wp-json\/wp\/v2\/pages\/22","targetHints":{"allow":["GET"]}}],"collection":[{"href":"https:\/\/agora.xtec.cat\/ceipgitanjali\/wp-json\/wp\/v2\/pages"}],"about":[{"href":"https:\/\/agora.xtec.cat\/ceipgitanjali\/wp-json\/wp\/v2\/types\/page"}],"author":[{"embeddable":true,"href":"https:\/\/agora.xtec.cat\/ceipgitanjali\/wp-json\/wp\/v2\/users\/1"}],"replies":[{"embeddable":true,"href":"https:\/\/agora.xtec.cat\/ceipgitanjali\/wp-json\/wp\/v2\/comments?post=22"}],"version-history":[{"count":4,"href":"https:\/\/agora.xtec.cat\/ceipgitanjali\/wp-json\/wp\/v2\/pages\/22\/revisions"}],"predecessor-version":[{"id":1158,"href":"https:\/\/agora.xtec.cat\/ceipgitanjali\/wp-json\/wp\/v2\/pages\/22\/revisions\/1158"}],"wp:attachment":[{"href":"https:\/\/agora.xtec.cat\/ceipgitanjali\/wp-json\/wp\/v2\/media?parent=22"}],"curies":[{"name":"wp","href":"https:\/\/api.w.org\/{rel}","templated":true}]}}