{"id":1619,"date":"2018-02-08T15:57:59","date_gmt":"2018-02-08T14:57:59","guid":{"rendered":"http:\/\/agora.xtec.cat\/ceipgitanjali\/?page_id=1619"},"modified":"2018-03-31T22:58:20","modified_gmt":"2018-03-31T20:58:20","slug":"especialitats","status":"publish","type":"page","link":"https:\/\/agora.xtec.cat\/ceipgitanjali\/especialitats\/","title":{"rendered":"Especialitats"},"content":{"rendered":"<table style=\"height: 86px; width: 527px;\">\n<tbody>\n<tr>\n<td style=\"width: 173px;\"><a href=\"http:\/\/agora.xtec.cat\/ceipgitanjali\/wp-content\/uploads\/usu1569\/2018\/02\/sport.png\"><img loading=\"lazy\" decoding=\"async\" class=\"wp-image-1628 aligncenter\" src=\"http:\/\/agora.xtec.cat\/ceipgitanjali\/wp-content\/uploads\/usu1569\/2018\/02\/sport-300x300.png\" alt=\"\" width=\"102\" height=\"102\" srcset=\"https:\/\/agora.xtec.cat\/ceipgitanjali\/wp-content\/uploads\/usu1569\/2018\/02\/sport-300x300.png 300w, https:\/\/agora.xtec.cat\/ceipgitanjali\/wp-content\/uploads\/usu1569\/2018\/02\/sport-150x150.png 150w, https:\/\/agora.xtec.cat\/ceipgitanjali\/wp-content\/uploads\/usu1569\/2018\/02\/sport.png 400w\" sizes=\"auto, (max-width: 102px) 100vw, 102px\" \/><\/a><\/td>\n<td style=\"width: 181px;\"><a href=\"http:\/\/agora.xtec.cat\/ceipgitanjali\/wp-content\/uploads\/usu1569\/2018\/02\/speech.png\"><img loading=\"lazy\" decoding=\"async\" class=\"wp-image-1626 aligncenter\" src=\"http:\/\/agora.xtec.cat\/ceipgitanjali\/wp-content\/uploads\/usu1569\/2018\/02\/speech.png\" alt=\"\" width=\"104\" height=\"104\" srcset=\"https:\/\/agora.xtec.cat\/ceipgitanjali\/wp-content\/uploads\/usu1569\/2018\/02\/speech.png 256w, https:\/\/agora.xtec.cat\/ceipgitanjali\/wp-content\/uploads\/usu1569\/2018\/02\/speech-150x150.png 150w\" sizes=\"auto, (max-width: 104px) 100vw, 104px\" \/><\/a><\/td>\n<td style=\"width: 166px;\"><a href=\"http:\/\/agora.xtec.cat\/ceipgitanjali\/wp-content\/uploads\/usu1569\/2018\/02\/musica.png\"><img loading=\"lazy\" decoding=\"async\" class=\"wp-image-1625 aligncenter\" src=\"http:\/\/agora.xtec.cat\/ceipgitanjali\/wp-content\/uploads\/usu1569\/2018\/02\/musica.png\" alt=\"\" width=\"93\" height=\"93\" \/><\/a><\/td>\n<\/tr>\n<tr>\n<td style=\"width: 173px; text-align: center;\"><a href=\"http:\/\/agora.xtec.cat\/ceipgitanjali\/categoria\/projectes-pedagogics\/area-deducacio-fisica\/\" target=\"_blank\" rel=\"noopener noreferrer\">Educaci\u00f3 F\u00edsica<\/a><\/td>\n<td style=\"width: 181px; text-align: center;\"><a href=\"http:\/\/agora.xtec.cat\/ceipgitanjali\/categoria\/area-dangles\/\" target=\"_blank\" rel=\"noopener noreferrer\">English<\/a><\/td>\n<td style=\"width: 166px; text-align: center;\"><a href=\"http:\/\/agora.xtec.cat\/ceipgitanjali\/categoria\/projectes-pedagogics\/area-de-musica\/\" target=\"_blank\" rel=\"noopener noreferrer\">M\u00fasica<\/a><\/td>\n<\/tr>\n<\/tbody>\n<\/table>\n<p>&nbsp;<\/p>\n<p>&nbsp;<\/p>\n<p>&nbsp;<\/p>\n<p>&nbsp;<\/p>\n","protected":false},"excerpt":{"rendered":"<p>Educaci\u00f3 F\u00edsica English M\u00fasica &nbsp; &nbsp; &nbsp; &nbsp;<\/p>\n","protected":false},"author":1,"featured_media":0,"parent":0,"menu_order":0,"comment_status":"closed","ping_status":"closed","template":"","meta":{"_bbp_topic_count":0,"_bbp_reply_count":0,"_bbp_total_topic_count":0,"_bbp_total_reply_count":0,"_bbp_voice_count":0,"_bbp_anonymous_reply_count":0,"_bbp_topic_count_hidden":0,"_bbp_reply_count_hidden":0,"_bbp_forum_subforum_count":0,"site-sidebar-layout":"default","site-content-layout":"","ast-site-content-layout":"","site-content-style":"default","site-sidebar-style":"default","ast-global-header-display":"","ast-banner-title-visibility":"","ast-main-header-display":"","ast-hfb-above-header-display":"","ast-hfb-below-header-display":"","ast-hfb-mobile-header-display":"","site-post-title":"","ast-breadcrumbs-content":"","ast-featured-img":"","footer-sml-layout":"","theme-transparent-header-meta":"","adv-header-id-meta":"","stick-header-meta":"","header-above-stick-meta":"","header-main-stick-meta":"","header-below-stick-meta":"","astra-migrate-meta-layouts":"default","ast-page-background-enabled":"default","ast-page-background-meta":{"desktop":{"background-color":"var(--ast-global-color-4)","background-image":"","background-repeat":"repeat","background-position":"center center","background-size":"auto","background-attachment":"scroll","background-type":"","background-media":"","overlay-type":"","overlay-color":"","overlay-opacity":"","overlay-gradient":""},"tablet":{"background-color":"","background-image":"","background-repeat":"repeat","background-position":"center center","background-size":"auto","background-attachment":"scroll","background-type":"","background-media":"","overlay-type":"","overlay-color":"","overlay-opacity":"","overlay-gradient":""},"mobile":{"background-color":"","background-image":"","background-repeat":"repeat","background-position":"center center","background-size":"auto","background-attachment":"scroll","background-type":"","background-media":"","overlay-type":"","overlay-color":"","overlay-opacity":"","overlay-gradient":""}},"ast-content-background-meta":{"desktop":{"background-color":"var(--ast-global-color-5)","background-image":"","background-repeat":"repeat","background-position":"center center","background-size":"auto","background-attachment":"scroll","background-type":"","background-media":"","overlay-type":"","overlay-color":"","overlay-opacity":"","overlay-gradient":""},"tablet":{"background-color":"var(--ast-global-color-5)","background-image":"","background-repeat":"repeat","background-position":"center center","background-size":"auto","background-attachment":"scroll","background-type":"","background-media":"","overlay-type":"","overlay-color":"","overlay-opacity":"","overlay-gradient":""},"mobile":{"background-color":"var(--ast-global-color-5)","background-image":"","background-repeat":"repeat","background-position":"center center","background-size":"auto","background-attachment":"scroll","background-type":"","background-media":"","overlay-type":"","overlay-color":"","overlay-opacity":"","overlay-gradient":""}},"footnotes":""},"class_list":["post-1619","page","type-page","status-publish","hentry"],"post_mailing_queue_ids":[],"_links":{"self":[{"href":"https:\/\/agora.xtec.cat\/ceipgitanjali\/wp-json\/wp\/v2\/pages\/1619","targetHints":{"allow":["GET"]}}],"collection":[{"href":"https:\/\/agora.xtec.cat\/ceipgitanjali\/wp-json\/wp\/v2\/pages"}],"about":[{"href":"https:\/\/agora.xtec.cat\/ceipgitanjali\/wp-json\/wp\/v2\/types\/page"}],"author":[{"embeddable":true,"href":"https:\/\/agora.xtec.cat\/ceipgitanjali\/wp-json\/wp\/v2\/users\/1"}],"replies":[{"embeddable":true,"href":"https:\/\/agora.xtec.cat\/ceipgitanjali\/wp-json\/wp\/v2\/comments?post=1619"}],"version-history":[{"count":3,"href":"https:\/\/agora.xtec.cat\/ceipgitanjali\/wp-json\/wp\/v2\/pages\/1619\/revisions"}],"predecessor-version":[{"id":1629,"href":"https:\/\/agora.xtec.cat\/ceipgitanjali\/wp-json\/wp\/v2\/pages\/1619\/revisions\/1629"}],"wp:attachment":[{"href":"https:\/\/agora.xtec.cat\/ceipgitanjali\/wp-json\/wp\/v2\/media?parent=1619"}],"curies":[{"name":"wp","href":"https:\/\/api.w.org\/{rel}","templated":true}]}}