{"id":1237,"date":"2018-01-25T11:35:29","date_gmt":"2018-01-25T10:35:29","guid":{"rendered":"http:\/\/agora.xtec.cat\/ceipgitanjali\/?page_id=1237"},"modified":"2026-02-16T12:06:48","modified_gmt":"2026-02-16T11:06:48","slug":"equip-pedagogic","status":"publish","type":"page","link":"https:\/\/agora.xtec.cat\/ceipgitanjali\/lescola\/qui-som\/equip-pedagogic\/","title":{"rendered":"Equip Pedag\u00f2gic"},"content":{"rendered":"<p><a href=\"https:\/\/agora.xtec.cat\/ceipgitanjali\/wp-content\/uploads\/usu1569\/2025\/02\/IMG_20250204_155046-scaled.jpg\"><img loading=\"lazy\" decoding=\"async\" class=\"wp-image-11236 alignright\" src=\"https:\/\/agora.xtec.cat\/ceipgitanjali\/wp-content\/uploads\/usu1569\/2025\/02\/IMG_20250204_155046-768x1024.jpg\" alt=\"\" width=\"179\" height=\"239\" srcset=\"https:\/\/agora.xtec.cat\/ceipgitanjali\/wp-content\/uploads\/usu1569\/2025\/02\/IMG_20250204_155046-768x1024.jpg 768w, https:\/\/agora.xtec.cat\/ceipgitanjali\/wp-content\/uploads\/usu1569\/2025\/02\/IMG_20250204_155046-225x300.jpg 225w, https:\/\/agora.xtec.cat\/ceipgitanjali\/wp-content\/uploads\/usu1569\/2025\/02\/IMG_20250204_155046-1152x1536.jpg 1152w, https:\/\/agora.xtec.cat\/ceipgitanjali\/wp-content\/uploads\/usu1569\/2025\/02\/IMG_20250204_155046-1536x2048.jpg 1536w, https:\/\/agora.xtec.cat\/ceipgitanjali\/wp-content\/uploads\/usu1569\/2025\/02\/IMG_20250204_155046-scaled.jpg 1920w\" sizes=\"auto, (max-width: 179px) 100vw, 179px\" \/><\/a>L&#8217;Equip de Mestres est\u00e0 format per:<\/p>\n<ul>\n<li>una tutora o tutor per a cada nivell<\/li>\n<li>una mestra de suport per a Ed. Infantil i TEI.<\/li>\n<li>Especialistes: Aula d&#8217;atenci\u00f3 a la diversitat, Llengua Anglesa, Educaci\u00f3 F\u00edsica i Educaci\u00f3 Musical<\/li>\n<li>Equip Directiu: Directora, Cap d&#8217;Estudis i Secretari<\/li>\n<\/ul>\n<p>SERVEIS EXTERNS:<\/p>\n<p>Suport de l&#8217;<strong>EAP\u00a0<\/strong>(Equip d\u2019assessorament i orientaci\u00f3 psicopedag\u00f2gic)<span class=\"Apple-converted-space\">: equip<\/span> que dona\u00a0suport al professorat i als centres educatius en la resposta a la\u00a0<strong>diversitat de l\u2019alumnat<\/strong> i en relaci\u00f3 amb els infants que presenten <strong>necessitats de suport educatiu<\/strong>, aix\u00ed com a les seves fam\u00edlies. Podeu consultar les activitats, recursos i not\u00edcies a l\u2019apartat din\u00e0mic de l\u2019<a href=\"http:\/\/serveiseducatius.xtec.cat\/badalona\/el-servei-educatiu\/equip\/eap\/\">EAP<\/a>.<\/p>\n<p>Suport de l&#8217;Equip de <strong>Logopedes del <a href=\"http:\/\/xtec.gencat.cat\/ca\/serveis\/see\/creda\/\">CREDA<\/a><\/strong> (Centre de Recursos Educatius per a deficients auditius): l\u2019equip at\u00e9n\u00a0l\u2019alumnat que, dins de l\u2019etapa d\u2019escolaritat obligat\u00f2ria, presenta greus trastorns de llenguatge i de l\u2019audici\u00f3 i proporcionen a les fam\u00edlies\u00a0pautes de comportament i de relaci\u00f3 en la vida quotidiana per tal d\u2019ajudar a comprendre i a valorar totes les seves possibilitats.<\/p>\n<p>Suport, renovable cada curs escolar, de diversos serveis com: el servei <strong>d&#8217;artter\u00e0pia<\/strong> de<a href=\"http:\/\/metafora.org\/ca\/\"> l&#8217;Escola l&#8217;Artter\u00e0pia Met\u00e0fora<\/a> de Barcelona i Proinf\u00e0ncia, entre d&#8217;altres.<\/p>\n","protected":false},"excerpt":{"rendered":"<p>L&#8217;Equip de Mestres est\u00e0 format per: una tutora o tutor per a cada nivell una mestra de suport per a Ed. Infantil i TEI. Especialistes: Aula d&#8217;atenci\u00f3 a la diversitat, Llengua Anglesa, Educaci\u00f3 F\u00edsica i Educaci\u00f3 Musical Equip Directiu: Directora, Cap d&#8217;Estudis i Secretari SERVEIS EXTERNS: Suport de l&#8217;EAP\u00a0(Equip d\u2019assessorament i orientaci\u00f3 psicopedag\u00f2gic): equip que [&hellip;]<\/p>\n","protected":false},"author":1,"featured_media":0,"parent":1234,"menu_order":0,"comment_status":"closed","ping_status":"closed","template":"","meta":{"_bbp_topic_count":0,"_bbp_reply_count":0,"_bbp_total_topic_count":0,"_bbp_total_reply_count":0,"_bbp_voice_count":0,"_bbp_anonymous_reply_count":0,"_bbp_topic_count_hidden":0,"_bbp_reply_count_hidden":0,"_bbp_forum_subforum_count":0,"site-sidebar-layout":"default","site-content-layout":"","ast-site-content-layout":"","site-content-style":"default","site-sidebar-style":"default","ast-global-header-display":"","ast-banner-title-visibility":"","ast-main-header-display":"","ast-hfb-above-header-display":"","ast-hfb-below-header-display":"","ast-hfb-mobile-header-display":"","site-post-title":"","ast-breadcrumbs-content":"","ast-featured-img":"","footer-sml-layout":"","theme-transparent-header-meta":"","adv-header-id-meta":"","stick-header-meta":"","header-above-stick-meta":"","header-main-stick-meta":"","header-below-stick-meta":"","astra-migrate-meta-layouts":"default","ast-page-background-enabled":"default","ast-page-background-meta":{"desktop":{"background-color":"var(--ast-global-color-4)","background-image":"","background-repeat":"repeat","background-position":"center center","background-size":"auto","background-attachment":"scroll","background-type":"","background-media":"","overlay-type":"","overlay-color":"","overlay-opacity":"","overlay-gradient":""},"tablet":{"background-color":"","background-image":"","background-repeat":"repeat","background-position":"center center","background-size":"auto","background-attachment":"scroll","background-type":"","background-media":"","overlay-type":"","overlay-color":"","overlay-opacity":"","overlay-gradient":""},"mobile":{"background-color":"","background-image":"","background-repeat":"repeat","background-position":"center center","background-size":"auto","background-attachment":"scroll","background-type":"","background-media":"","overlay-type":"","overlay-color":"","overlay-opacity":"","overlay-gradient":""}},"ast-content-background-meta":{"desktop":{"background-color":"var(--ast-global-color-5)","background-image":"","background-repeat":"repeat","background-position":"center center","background-size":"auto","background-attachment":"scroll","background-type":"","background-media":"","overlay-type":"","overlay-color":"","overlay-opacity":"","overlay-gradient":""},"tablet":{"background-color":"var(--ast-global-color-5)","background-image":"","background-repeat":"repeat","background-position":"center center","background-size":"auto","background-attachment":"scroll","background-type":"","background-media":"","overlay-type":"","overlay-color":"","overlay-opacity":"","overlay-gradient":""},"mobile":{"background-color":"var(--ast-global-color-5)","background-image":"","background-repeat":"repeat","background-position":"center center","background-size":"auto","background-attachment":"scroll","background-type":"","background-media":"","overlay-type":"","overlay-color":"","overlay-opacity":"","overlay-gradient":""}},"footnotes":""},"class_list":["post-1237","page","type-page","status-publish","hentry"],"post_mailing_queue_ids":[],"_links":{"self":[{"href":"https:\/\/agora.xtec.cat\/ceipgitanjali\/wp-json\/wp\/v2\/pages\/1237","targetHints":{"allow":["GET"]}}],"collection":[{"href":"https:\/\/agora.xtec.cat\/ceipgitanjali\/wp-json\/wp\/v2\/pages"}],"about":[{"href":"https:\/\/agora.xtec.cat\/ceipgitanjali\/wp-json\/wp\/v2\/types\/page"}],"author":[{"embeddable":true,"href":"https:\/\/agora.xtec.cat\/ceipgitanjali\/wp-json\/wp\/v2\/users\/1"}],"replies":[{"embeddable":true,"href":"https:\/\/agora.xtec.cat\/ceipgitanjali\/wp-json\/wp\/v2\/comments?post=1237"}],"version-history":[{"count":6,"href":"https:\/\/agora.xtec.cat\/ceipgitanjali\/wp-json\/wp\/v2\/pages\/1237\/revisions"}],"predecessor-version":[{"id":11793,"href":"https:\/\/agora.xtec.cat\/ceipgitanjali\/wp-json\/wp\/v2\/pages\/1237\/revisions\/11793"}],"up":[{"embeddable":true,"href":"https:\/\/agora.xtec.cat\/ceipgitanjali\/wp-json\/wp\/v2\/pages\/1234"}],"wp:attachment":[{"href":"https:\/\/agora.xtec.cat\/ceipgitanjali\/wp-json\/wp\/v2\/media?parent=1237"}],"curies":[{"name":"wp","href":"https:\/\/api.w.org\/{rel}","templated":true}]}}