{"id":11861,"date":"2026-02-16T13:09:55","date_gmt":"2026-02-16T12:09:55","guid":{"rendered":"https:\/\/agora.xtec.cat\/ceipgitanjali\/?page_id=11861"},"modified":"2026-02-16T15:01:08","modified_gmt":"2026-02-16T14:01:08","slug":"serveis-de-lescola","status":"publish","type":"page","link":"https:\/\/agora.xtec.cat\/ceipgitanjali\/serveis-de-lescola\/","title":{"rendered":"Serveis de l&#8217;escola"},"content":{"rendered":"<p>L&#8217;escola ofereix diversos serveis com: el Servei d&#8217;atenci\u00f3 matinal, l&#8217;espai migdia i les activitats extraescolars. Si voleu m\u00e9s informaci\u00f3 d&#8217;algun d&#8217;aquests serveis, vegeu el men\u00fa lateral.<\/p>\n<p><a href=\"https:\/\/agora.xtec.cat\/ceipgitanjali\/wp-content\/uploads\/usu1569\/2026\/02\/Serveis-gitan-1.png\"><img loading=\"lazy\" decoding=\"async\" class=\"alignnone wp-image-11920\" src=\"https:\/\/agora.xtec.cat\/ceipgitanjali\/wp-content\/uploads\/usu1569\/2026\/02\/Serveis-gitan-1-300x200.png\" alt=\"\" width=\"416\" height=\"277\" srcset=\"https:\/\/agora.xtec.cat\/ceipgitanjali\/wp-content\/uploads\/usu1569\/2026\/02\/Serveis-gitan-1-300x200.png 300w, https:\/\/agora.xtec.cat\/ceipgitanjali\/wp-content\/uploads\/usu1569\/2026\/02\/Serveis-gitan-1-768x512.png 768w, https:\/\/agora.xtec.cat\/ceipgitanjali\/wp-content\/uploads\/usu1569\/2026\/02\/Serveis-gitan-1.png 1024w\" sizes=\"auto, (max-width: 416px) 100vw, 416px\" \/><\/a><\/p>\n","protected":false},"excerpt":{"rendered":"<p>L&#8217;escola ofereix diversos serveis com: el Servei d&#8217;atenci\u00f3 matinal, l&#8217;espai migdia i les activitats extraescolars. Si voleu m\u00e9s informaci\u00f3 d&#8217;algun d&#8217;aquests serveis, vegeu el men\u00fa lateral.<\/p>\n","protected":false},"author":1,"featured_media":0,"parent":0,"menu_order":0,"comment_status":"closed","ping_status":"closed","template":"","meta":{"_bbp_topic_count":0,"_bbp_reply_count":0,"_bbp_total_topic_count":0,"_bbp_total_reply_count":0,"_bbp_voice_count":0,"_bbp_anonymous_reply_count":0,"_bbp_topic_count_hidden":0,"_bbp_reply_count_hidden":0,"_bbp_forum_subforum_count":0,"site-sidebar-layout":"default","site-content-layout":"","ast-site-content-layout":"default","site-content-style":"default","site-sidebar-style":"default","ast-global-header-display":"","ast-banner-title-visibility":"","ast-main-header-display":"","ast-hfb-above-header-display":"","ast-hfb-below-header-display":"","ast-hfb-mobile-header-display":"","site-post-title":"","ast-breadcrumbs-content":"","ast-featured-img":"","footer-sml-layout":"","theme-transparent-header-meta":"default","adv-header-id-meta":"","stick-header-meta":"","header-above-stick-meta":"","header-main-stick-meta":"","header-below-stick-meta":"","astra-migrate-meta-layouts":"set","ast-page-background-enabled":"default","ast-page-background-meta":{"desktop":{"background-color":"var(--ast-global-color-4)","background-image":"","background-repeat":"repeat","background-position":"center center","background-size":"auto","background-attachment":"scroll","background-type":"","background-media":"","overlay-type":"","overlay-color":"","overlay-opacity":"","overlay-gradient":""},"tablet":{"background-color":"","background-image":"","background-repeat":"repeat","background-position":"center center","background-size":"auto","background-attachment":"scroll","background-type":"","background-media":"","overlay-type":"","overlay-color":"","overlay-opacity":"","overlay-gradient":""},"mobile":{"background-color":"","background-image":"","background-repeat":"repeat","background-position":"center center","background-size":"auto","background-attachment":"scroll","background-type":"","background-media":"","overlay-type":"","overlay-color":"","overlay-opacity":"","overlay-gradient":""}},"ast-content-background-meta":{"desktop":{"background-color":"var(--ast-global-color-5)","background-image":"","background-repeat":"repeat","background-position":"center center","background-size":"auto","background-attachment":"scroll","background-type":"","background-media":"","overlay-type":"","overlay-color":"","overlay-opacity":"","overlay-gradient":""},"tablet":{"background-color":"var(--ast-global-color-5)","background-image":"","background-repeat":"repeat","background-position":"center center","background-size":"auto","background-attachment":"scroll","background-type":"","background-media":"","overlay-type":"","overlay-color":"","overlay-opacity":"","overlay-gradient":""},"mobile":{"background-color":"var(--ast-global-color-5)","background-image":"","background-repeat":"repeat","background-position":"center center","background-size":"auto","background-attachment":"scroll","background-type":"","background-media":"","overlay-type":"","overlay-color":"","overlay-opacity":"","overlay-gradient":""}},"footnotes":""},"class_list":["post-11861","page","type-page","status-publish","hentry"],"post_mailing_queue_ids":[],"_links":{"self":[{"href":"https:\/\/agora.xtec.cat\/ceipgitanjali\/wp-json\/wp\/v2\/pages\/11861","targetHints":{"allow":["GET"]}}],"collection":[{"href":"https:\/\/agora.xtec.cat\/ceipgitanjali\/wp-json\/wp\/v2\/pages"}],"about":[{"href":"https:\/\/agora.xtec.cat\/ceipgitanjali\/wp-json\/wp\/v2\/types\/page"}],"author":[{"embeddable":true,"href":"https:\/\/agora.xtec.cat\/ceipgitanjali\/wp-json\/wp\/v2\/users\/1"}],"replies":[{"embeddable":true,"href":"https:\/\/agora.xtec.cat\/ceipgitanjali\/wp-json\/wp\/v2\/comments?post=11861"}],"version-history":[{"count":7,"href":"https:\/\/agora.xtec.cat\/ceipgitanjali\/wp-json\/wp\/v2\/pages\/11861\/revisions"}],"predecessor-version":[{"id":11922,"href":"https:\/\/agora.xtec.cat\/ceipgitanjali\/wp-json\/wp\/v2\/pages\/11861\/revisions\/11922"}],"wp:attachment":[{"href":"https:\/\/agora.xtec.cat\/ceipgitanjali\/wp-json\/wp\/v2\/media?parent=11861"}],"curies":[{"name":"wp","href":"https:\/\/api.w.org\/{rel}","templated":true}]}}