{"id":4158,"date":"2022-07-04T12:52:48","date_gmt":"2022-07-04T10:52:48","guid":{"rendered":"https:\/\/agora.xtec.cat\/ceipgira-sol\/?page_id=4158"},"modified":"2024-11-14T12:37:39","modified_gmt":"2024-11-14T11:37:39","slug":"ara-art","status":"publish","type":"page","link":"https:\/\/agora.xtec.cat\/ceipgira-sol\/projectes-i-activitats\/ara-art\/","title":{"rendered":"ARA ART"},"content":{"rendered":"<p>El Departament d\u2019Educaci\u00f3 crea el Programa d\u2019innovaci\u00f3 pedag\u00f2gica\u00a0<strong>AraArt<\/strong>\u00a0amb la finalitat de fomentar i posar en valor projectes art\u00edstics que es porten a terme en el si d\u2019un centre d\u2019educaci\u00f3 infantil, prim\u00e0ria o secund\u00e0ria, en col\u00b7laboraci\u00f3 amb una escola art\u00edstica, un equipament cultural, o institucions, entitats i associacions art\u00edstiques, per promoure l\u2019equitat i la qualitat del sistema educatiu reflectida en la millora de les capacitats i compet\u00e8ncies de l\u2019alumnat participant.<\/p>\n<p>El programa d\u2019innovaci\u00f3 AraArt promou la transformaci\u00f3 dels centres educatius a partir de les arts.<\/p>\n<p>La ZER Baix Bergued\u00e0 hem format part d&#8217;aquest programa d\u2019innovaci\u00f3 els cursos 20-23.<\/p>\n<p style=\"text-align: center;\"><a href=\"https:\/\/www.canva.com\/design\/DAFYCDKqa7k\/Aj6ULydve0XK44gIG-R8qQ\/view?utm_content=DAFYCDKqa7k&amp;utm_campaign=designshare&amp;utm_medium=link&amp;utm_source=publishsharelink\"><img loading=\"lazy\" decoding=\"async\" class=\"alignnone size-full wp-image-5035\" src=\"https:\/\/agora.xtec.cat\/ceipgira-sol\/wp-content\/uploads\/usu1635\/2024\/11\/ara-art.png\" alt=\"\" width=\"335\" height=\"836\" srcset=\"https:\/\/agora.xtec.cat\/ceipgira-sol\/wp-content\/uploads\/usu1635\/2024\/11\/ara-art.png 335w, https:\/\/agora.xtec.cat\/ceipgira-sol\/wp-content\/uploads\/usu1635\/2024\/11\/ara-art-120x300.png 120w\" sizes=\"auto, (max-width: 335px) 100vw, 335px\" \/><\/a><\/p>\n","protected":false},"excerpt":{"rendered":"<p>El Departament d\u2019Educaci\u00f3 crea el Programa d\u2019innovaci\u00f3 pedag\u00f2gica\u00a0AraArt\u00a0amb la finalitat de fomentar i posar en valor projectes art\u00edstics que es porten a terme en el si d\u2019un centre d\u2019educaci\u00f3 infantil, prim\u00e0ria o secund\u00e0ria, en col\u00b7laboraci\u00f3 amb una escola art\u00edstica, un equipament cultural, o institucions, entitats i associacions art\u00edstiques, per promoure l\u2019equitat i la qualitat del [&hellip;]<\/p>\n","protected":false},"author":1,"featured_media":0,"parent":1332,"menu_order":2,"comment_status":"closed","ping_status":"closed","template":"","meta":{"_bbp_topic_count":0,"_bbp_reply_count":0,"_bbp_total_topic_count":0,"_bbp_total_reply_count":0,"_bbp_voice_count":0,"_bbp_anonymous_reply_count":0,"_bbp_topic_count_hidden":0,"_bbp_reply_count_hidden":0,"_bbp_forum_subforum_count":0,"site-sidebar-layout":"default","site-content-layout":"","ast-site-content-layout":"","site-content-style":"default","site-sidebar-style":"default","ast-global-header-display":"","ast-banner-title-visibility":"","ast-main-header-display":"","ast-hfb-above-header-display":"","ast-hfb-below-header-display":"","ast-hfb-mobile-header-display":"","site-post-title":"","ast-breadcrumbs-content":"","ast-featured-img":"","footer-sml-layout":"","theme-transparent-header-meta":"","adv-header-id-meta":"","stick-header-meta":"","header-above-stick-meta":"","header-main-stick-meta":"","header-below-stick-meta":"","astra-migrate-meta-layouts":"default","ast-page-background-enabled":"default","ast-page-background-meta":{"desktop":{"background-color":"var(--ast-global-color-4)","background-image":"","background-repeat":"repeat","background-position":"center center","background-size":"auto","background-attachment":"scroll","background-type":"","background-media":"","overlay-type":"","overlay-color":"","overlay-opacity":"","overlay-gradient":""},"tablet":{"background-color":"","background-image":"","background-repeat":"repeat","background-position":"center center","background-size":"auto","background-attachment":"scroll","background-type":"","background-media":"","overlay-type":"","overlay-color":"","overlay-opacity":"","overlay-gradient":""},"mobile":{"background-color":"","background-image":"","background-repeat":"repeat","background-position":"center center","background-size":"auto","background-attachment":"scroll","background-type":"","background-media":"","overlay-type":"","overlay-color":"","overlay-opacity":"","overlay-gradient":""}},"ast-content-background-meta":{"desktop":{"background-color":"var(--ast-global-color-5)","background-image":"","background-repeat":"repeat","background-position":"center center","background-size":"auto","background-attachment":"scroll","background-type":"","background-media":"","overlay-type":"","overlay-color":"","overlay-opacity":"","overlay-gradient":""},"tablet":{"background-color":"var(--ast-global-color-5)","background-image":"","background-repeat":"repeat","background-position":"center center","background-size":"auto","background-attachment":"scroll","background-type":"","background-media":"","overlay-type":"","overlay-color":"","overlay-opacity":"","overlay-gradient":""},"mobile":{"background-color":"var(--ast-global-color-5)","background-image":"","background-repeat":"repeat","background-position":"center center","background-size":"auto","background-attachment":"scroll","background-type":"","background-media":"","overlay-type":"","overlay-color":"","overlay-opacity":"","overlay-gradient":""}},"footnotes":""},"class_list":["post-4158","page","type-page","status-publish","hentry"],"post_mailing_queue_ids":[],"_links":{"self":[{"href":"https:\/\/agora.xtec.cat\/ceipgira-sol\/wp-json\/wp\/v2\/pages\/4158","targetHints":{"allow":["GET"]}}],"collection":[{"href":"https:\/\/agora.xtec.cat\/ceipgira-sol\/wp-json\/wp\/v2\/pages"}],"about":[{"href":"https:\/\/agora.xtec.cat\/ceipgira-sol\/wp-json\/wp\/v2\/types\/page"}],"author":[{"embeddable":true,"href":"https:\/\/agora.xtec.cat\/ceipgira-sol\/wp-json\/wp\/v2\/users\/1"}],"replies":[{"embeddable":true,"href":"https:\/\/agora.xtec.cat\/ceipgira-sol\/wp-json\/wp\/v2\/comments?post=4158"}],"version-history":[{"count":6,"href":"https:\/\/agora.xtec.cat\/ceipgira-sol\/wp-json\/wp\/v2\/pages\/4158\/revisions"}],"predecessor-version":[{"id":5037,"href":"https:\/\/agora.xtec.cat\/ceipgira-sol\/wp-json\/wp\/v2\/pages\/4158\/revisions\/5037"}],"up":[{"embeddable":true,"href":"https:\/\/agora.xtec.cat\/ceipgira-sol\/wp-json\/wp\/v2\/pages\/1332"}],"wp:attachment":[{"href":"https:\/\/agora.xtec.cat\/ceipgira-sol\/wp-json\/wp\/v2\/media?parent=4158"}],"curies":[{"name":"wp","href":"https:\/\/api.w.org\/{rel}","templated":true}]}}