{"id":1347,"date":"2017-03-01T12:29:08","date_gmt":"2017-03-01T11:29:08","guid":{"rendered":"http:\/\/agora.xtec.cat\/ceipgira-sol\/?page_id=1347"},"modified":"2017-09-12T11:33:56","modified_gmt":"2017-09-12T09:33:56","slug":"pla-catala-de-lesport","status":"publish","type":"page","link":"https:\/\/agora.xtec.cat\/ceipgira-sol\/pla-catala-de-lesport\/","title":{"rendered":"Pla Catal\u00e0 de l\u2019Esport"},"content":{"rendered":"<p>El Departament d\u2019Ensenyament i de la Presid\u00e8ncia de la Generalitat de Catalunya, aquest \u00faltim mitjan\u00e7ant la Secretaria General de l\u2019Esport, impulsen el<strong> Pla catal\u00e0 d\u2019esport a l\u2019escola<\/strong> adre\u00e7at principalment a incrementar la participaci\u00f3 dels infants i joves, tant els nens com les nenes, els nois i especialment les noies, en activitats f\u00edsiques i esportives en horari no lectiu en el propi centre educatiu i, alhora, emprar aquestes pr\u00e0ctiques per a la difusi\u00f3 i educaci\u00f3 en valors i per a l\u2019adquisici\u00f3 d\u2019h\u00e0bits saludables.<\/p>\n<p>visita el bloc: \u00a0<a href=\"http:\/\/placatalazerbaixbergueda.blogspot.com.es\" target=\"_blank\" rel=\"noopener noreferrer\">Bloc PCEE<\/a><\/p>\n<p><a href=\"http:\/\/agora.xtec.cat\/ceipgira-sol\/wp-content\/uploads\/usu1635\/2017\/03\/logo-Pla-Catal\u00e0-Esport-Escola.jpg\"><img loading=\"lazy\" decoding=\"async\" class=\"size-full wp-image-1348 aligncenter\" src=\"http:\/\/agora.xtec.cat\/ceipgira-sol\/wp-content\/uploads\/usu1635\/2017\/03\/logo-Pla-Catal\u00e0-Esport-Escola.jpg\" alt=\"logo-pla-catala-esport-escola\" width=\"354\" height=\"242\" srcset=\"https:\/\/agora.xtec.cat\/ceipgira-sol\/wp-content\/uploads\/usu1635\/2017\/03\/logo-Pla-Catal\u00e0-Esport-Escola.jpg 354w, https:\/\/agora.xtec.cat\/ceipgira-sol\/wp-content\/uploads\/usu1635\/2017\/03\/logo-Pla-Catal\u00e0-Esport-Escola-300x205.jpg 300w\" sizes=\"auto, (max-width: 354px) 100vw, 354px\" \/><\/a><\/p>\n","protected":false},"excerpt":{"rendered":"<p>El Departament d\u2019Ensenyament i de la Presid\u00e8ncia de la Generalitat de Catalunya, aquest \u00faltim mitjan\u00e7ant la Secretaria General de l\u2019Esport, impulsen el Pla catal\u00e0 d\u2019esport a l\u2019escola adre\u00e7at principalment a incrementar la participaci\u00f3 dels infants i joves, tant els nens com les nenes, els nois i especialment les noies, en activitats f\u00edsiques i esportives en [&hellip;]<\/p>\n","protected":false},"author":1,"featured_media":0,"parent":0,"menu_order":0,"comment_status":"closed","ping_status":"closed","template":"","meta":{"_bbp_topic_count":0,"_bbp_reply_count":0,"_bbp_total_topic_count":0,"_bbp_total_reply_count":0,"_bbp_voice_count":0,"_bbp_anonymous_reply_count":0,"_bbp_topic_count_hidden":0,"_bbp_reply_count_hidden":0,"_bbp_forum_subforum_count":0,"site-sidebar-layout":"default","site-content-layout":"","ast-site-content-layout":"","site-content-style":"default","site-sidebar-style":"default","ast-global-header-display":"","ast-banner-title-visibility":"","ast-main-header-display":"","ast-hfb-above-header-display":"","ast-hfb-below-header-display":"","ast-hfb-mobile-header-display":"","site-post-title":"","ast-breadcrumbs-content":"","ast-featured-img":"","footer-sml-layout":"","theme-transparent-header-meta":"","adv-header-id-meta":"","stick-header-meta":"","header-above-stick-meta":"","header-main-stick-meta":"","header-below-stick-meta":"","astra-migrate-meta-layouts":"default","ast-page-background-enabled":"default","ast-page-background-meta":{"desktop":{"background-color":"var(--ast-global-color-4)","background-image":"","background-repeat":"repeat","background-position":"center center","background-size":"auto","background-attachment":"scroll","background-type":"","background-media":"","overlay-type":"","overlay-color":"","overlay-opacity":"","overlay-gradient":""},"tablet":{"background-color":"","background-image":"","background-repeat":"repeat","background-position":"center center","background-size":"auto","background-attachment":"scroll","background-type":"","background-media":"","overlay-type":"","overlay-color":"","overlay-opacity":"","overlay-gradient":""},"mobile":{"background-color":"","background-image":"","background-repeat":"repeat","background-position":"center center","background-size":"auto","background-attachment":"scroll","background-type":"","background-media":"","overlay-type":"","overlay-color":"","overlay-opacity":"","overlay-gradient":""}},"ast-content-background-meta":{"desktop":{"background-color":"var(--ast-global-color-5)","background-image":"","background-repeat":"repeat","background-position":"center center","background-size":"auto","background-attachment":"scroll","background-type":"","background-media":"","overlay-type":"","overlay-color":"","overlay-opacity":"","overlay-gradient":""},"tablet":{"background-color":"var(--ast-global-color-5)","background-image":"","background-repeat":"repeat","background-position":"center center","background-size":"auto","background-attachment":"scroll","background-type":"","background-media":"","overlay-type":"","overlay-color":"","overlay-opacity":"","overlay-gradient":""},"mobile":{"background-color":"var(--ast-global-color-5)","background-image":"","background-repeat":"repeat","background-position":"center center","background-size":"auto","background-attachment":"scroll","background-type":"","background-media":"","overlay-type":"","overlay-color":"","overlay-opacity":"","overlay-gradient":""}},"footnotes":""},"class_list":["post-1347","page","type-page","status-publish","hentry"],"post_mailing_queue_ids":[],"_links":{"self":[{"href":"https:\/\/agora.xtec.cat\/ceipgira-sol\/wp-json\/wp\/v2\/pages\/1347","targetHints":{"allow":["GET"]}}],"collection":[{"href":"https:\/\/agora.xtec.cat\/ceipgira-sol\/wp-json\/wp\/v2\/pages"}],"about":[{"href":"https:\/\/agora.xtec.cat\/ceipgira-sol\/wp-json\/wp\/v2\/types\/page"}],"author":[{"embeddable":true,"href":"https:\/\/agora.xtec.cat\/ceipgira-sol\/wp-json\/wp\/v2\/users\/1"}],"replies":[{"embeddable":true,"href":"https:\/\/agora.xtec.cat\/ceipgira-sol\/wp-json\/wp\/v2\/comments?post=1347"}],"version-history":[{"count":2,"href":"https:\/\/agora.xtec.cat\/ceipgira-sol\/wp-json\/wp\/v2\/pages\/1347\/revisions"}],"predecessor-version":[{"id":1605,"href":"https:\/\/agora.xtec.cat\/ceipgira-sol\/wp-json\/wp\/v2\/pages\/1347\/revisions\/1605"}],"wp:attachment":[{"href":"https:\/\/agora.xtec.cat\/ceipgira-sol\/wp-json\/wp\/v2\/media?parent=1347"}],"curies":[{"name":"wp","href":"https:\/\/api.w.org\/{rel}","templated":true}]}}