{"id":73,"date":"2014-09-18T14:01:51","date_gmt":"2014-09-18T13:01:51","guid":{"rendered":"http:\/\/agora.xtec.cat\/ceipginesta\/?page_id=73"},"modified":"2025-01-28T17:43:35","modified_gmt":"2025-01-28T16:43:35","slug":"menjador-escolar","status":"publish","type":"page","link":"https:\/\/agora.xtec.cat\/ceipginesta\/menjador-escolar\/","title":{"rendered":"AFA"},"content":{"rendered":"<h4><span style=\"color: #8f0606;\">L&#8217;AFA de l&#8217;Escola Ginesta\u00a0<\/span><\/h4>\n<p>\u00e9s una entitat sense afany de lucre que agrupa els pares i mares de l&#8217;escola. El seu objectiu fonamental \u00e9s contribuir a la millora de qualitat de l&#8217;ensenyament que reben els nens i les nenes. El seu funcionament es basa en el di\u00e0leg i en la col\u00b7laboraci\u00f3 amb els diversos sectors de la comunitat educativa afavorint la tasca educativa de diferents formes:<\/p>\n<ul>\n<li><strong>Gestionant diferents serveis i activitats <\/strong>com s\u00f3n el menjador escolar i les activitats extraescolars (mat\u00ed, migdia i tarda) amb personal propi b\u00e9 a empreses externes. Organitzada en diferents comissions.<\/li>\n<li><strong>Proporcionant monitoratge <\/strong>per acompanyar a les sortides i a les col\u00f2nies escolars, segons els acords del Consell Escolar.<\/li>\n<li><strong>Participant en el finan\u00e7ament de les inversions aprovades pel Consell Escolar: <\/strong>adquisici\u00f3 de materials educatius i equipaments necessaris per a la millora del funcionament del centre, etc.<\/li>\n<li><strong>Participant activament en activitats organitzades per l\u2019Ajuntament i altres entitats<\/strong> del poble (campanyes solid\u00e0ries, escola de pares, festes municipals,&#8230;).<\/li>\n<li><strong>Constituint la comissi\u00f3 de Delegats\/ades <\/strong><\/li>\n<li><strong>Oferint ajuda humana<\/strong> en festes i altres activitats organitzades pel centre<\/li>\n<li><strong>Nomenant un representant al Consell Escolar.<\/strong><\/li>\n<\/ul>\n<p>Us animem a visitar la seva web: <a href=\"https:\/\/afaginestamatadepera.com\/\" target=\"_blank\" rel=\"noopener\">https:\/\/afaginestamatadepera.com\/<\/a><\/p>\n<p><a href=\"https:\/\/afaginestamatadepera.com\"><br \/>\n<img loading=\"lazy\" decoding=\"async\" class=\"wp-image-9390 size-medium aligncenter\" src=\"https:\/\/agora.xtec.cat\/ceipginesta\/wp-content\/uploads\/usu640\/2024\/02\/AFA-Ginesta-300x300.webp\" alt=\"\" width=\"300\" height=\"300\" srcset=\"https:\/\/agora.xtec.cat\/ceipginesta\/wp-content\/uploads\/usu640\/2024\/02\/AFA-Ginesta-300x300.webp 300w, https:\/\/agora.xtec.cat\/ceipginesta\/wp-content\/uploads\/usu640\/2024\/02\/AFA-Ginesta-150x150.webp 150w, https:\/\/agora.xtec.cat\/ceipginesta\/wp-content\/uploads\/usu640\/2024\/02\/AFA-Ginesta.webp 768w\" sizes=\"auto, (max-width: 300px) 100vw, 300px\" \/><\/a><\/p>\n","protected":false},"excerpt":{"rendered":"<p>L&#8217;AFA de l&#8217;Escola Ginesta\u00a0<br \/>\n\u00e9s una entitat sense afany de lucre que agrupa els pares i mares de l&#8217;escola. El seu objectiu fonamental \u00e9s contribuir a la millora de qualitat de l&#8217;ensenyament que reben els nens i les nenes. El seu funcionament es basa en el&hellip;  <a href=\"https:\/\/agora.xtec.cat\/ceipginesta\/menjador-escolar\/\" title=\"Read AFA\">Llegeix m\u00e9s\u00bb<\/a><\/p>\n","protected":false},"author":1,"featured_media":0,"parent":0,"menu_order":30,"comment_status":"closed","ping_status":"closed","template":"page-templates\/side-menu.php","meta":{"_bbp_topic_count":0,"_bbp_reply_count":0,"_bbp_total_topic_count":0,"_bbp_total_reply_count":0,"_bbp_voice_count":0,"_bbp_anonymous_reply_count":0,"_bbp_topic_count_hidden":0,"_bbp_reply_count_hidden":0,"_bbp_forum_subforum_count":0,"footnotes":""},"class_list":["post-73","page","type-page","status-publish","hentry"],"post_mailing_queue_ids":[],"_links":{"self":[{"href":"https:\/\/agora.xtec.cat\/ceipginesta\/wp-json\/wp\/v2\/pages\/73","targetHints":{"allow":["GET"]}}],"collection":[{"href":"https:\/\/agora.xtec.cat\/ceipginesta\/wp-json\/wp\/v2\/pages"}],"about":[{"href":"https:\/\/agora.xtec.cat\/ceipginesta\/wp-json\/wp\/v2\/types\/page"}],"author":[{"embeddable":true,"href":"https:\/\/agora.xtec.cat\/ceipginesta\/wp-json\/wp\/v2\/users\/1"}],"replies":[{"embeddable":true,"href":"https:\/\/agora.xtec.cat\/ceipginesta\/wp-json\/wp\/v2\/comments?post=73"}],"version-history":[{"count":7,"href":"https:\/\/agora.xtec.cat\/ceipginesta\/wp-json\/wp\/v2\/pages\/73\/revisions"}],"predecessor-version":[{"id":9813,"href":"https:\/\/agora.xtec.cat\/ceipginesta\/wp-json\/wp\/v2\/pages\/73\/revisions\/9813"}],"wp:attachment":[{"href":"https:\/\/agora.xtec.cat\/ceipginesta\/wp-json\/wp\/v2\/media?parent=73"}],"curies":[{"name":"wp","href":"https:\/\/api.w.org\/{rel}","templated":true}]}}