{"id":66,"date":"2014-09-18T12:40:47","date_gmt":"2014-09-18T11:40:47","guid":{"rendered":"http:\/\/agora.xtec.cat\/ceipginesta\/?page_id=66"},"modified":"2025-01-28T17:37:48","modified_gmt":"2025-01-28T16:37:48","slug":"serveis","status":"publish","type":"page","link":"https:\/\/agora.xtec.cat\/ceipginesta\/serveis\/","title":{"rendered":"Propostes metodol\u00f2giques"},"content":{"rendered":"<p><strong>Metodologies interactives<\/strong><\/p>\n<p style=\"text-align: left;\">Les metodologies interactives s\u00f3n aquelles que afavoreixen un tipus d\u2019aprenentatge que estimula els participants a generar les seves pr\u00f2pies solucions, aplicant conceptes i teories a diverses situacions. El proc\u00e9s d\u2019aprenentatge involucra el professorat i l\u2019alumnat en un marc interactiu d\u2019an\u00e0lisi i discussi\u00f3 destinat a produir resultats tangibles. El protagonista de l\u2019aprenentatge \u00e9s l\u2019aprenent mateix. El paper del professor \u00e9s acompanyar, guiar, avaluar, donar suport mentre sigui necessari.<\/p>\n<p style=\"text-align: left;\">Les iniciatives que tenen m\u00e9s impacte sobre l\u2019aprenentatge dels alumnes s\u00f3n les que els acosten a situacions i desafiaments de la vida real. Alhora que estimulen la seva iniciativa i creativitat, els ajuden a comprendre amb m\u00e9s profunditat el m\u00f3n on es mouen i els impliquen en la seva transformaci\u00f3.<\/p>\n<p style=\"text-align: left;\"><em>(Departament d&#8217;Educaci\u00f3)<\/em><\/p>\n","protected":false},"excerpt":{"rendered":"<p>Metodologies interactives<br \/>\nLes metodologies interactives s\u00f3n aquelles que afavoreixen un tipus d\u2019aprenentatge que estimula els participants a generar les seves pr\u00f2pies solucions, aplicant conceptes i teories a diverses situacions. El proc\u00e9s d\u2019aprenentatge involucra el professorat i l\u2019alumnat en un marc interactiu d\u2019an\u00e0lisi i discussi\u00f3 destinat a&hellip;  <a href=\"https:\/\/agora.xtec.cat\/ceipginesta\/serveis\/\" title=\"Read Propostes metodol\u00f2giques\">Llegeix m\u00e9s\u00bb<\/a><\/p>\n","protected":false},"author":1,"featured_media":0,"parent":0,"menu_order":0,"comment_status":"closed","ping_status":"closed","template":"page-templates\/side-menu.php","meta":{"_bbp_topic_count":0,"_bbp_reply_count":0,"_bbp_total_topic_count":0,"_bbp_total_reply_count":0,"_bbp_voice_count":0,"_bbp_anonymous_reply_count":0,"_bbp_topic_count_hidden":0,"_bbp_reply_count_hidden":0,"_bbp_forum_subforum_count":0,"footnotes":""},"class_list":["post-66","page","type-page","status-publish","hentry"],"post_mailing_queue_ids":[],"_links":{"self":[{"href":"https:\/\/agora.xtec.cat\/ceipginesta\/wp-json\/wp\/v2\/pages\/66","targetHints":{"allow":["GET"]}}],"collection":[{"href":"https:\/\/agora.xtec.cat\/ceipginesta\/wp-json\/wp\/v2\/pages"}],"about":[{"href":"https:\/\/agora.xtec.cat\/ceipginesta\/wp-json\/wp\/v2\/types\/page"}],"author":[{"embeddable":true,"href":"https:\/\/agora.xtec.cat\/ceipginesta\/wp-json\/wp\/v2\/users\/1"}],"replies":[{"embeddable":true,"href":"https:\/\/agora.xtec.cat\/ceipginesta\/wp-json\/wp\/v2\/comments?post=66"}],"version-history":[{"count":4,"href":"https:\/\/agora.xtec.cat\/ceipginesta\/wp-json\/wp\/v2\/pages\/66\/revisions"}],"predecessor-version":[{"id":9811,"href":"https:\/\/agora.xtec.cat\/ceipginesta\/wp-json\/wp\/v2\/pages\/66\/revisions\/9811"}],"wp:attachment":[{"href":"https:\/\/agora.xtec.cat\/ceipginesta\/wp-json\/wp\/v2\/media?parent=66"}],"curies":[{"name":"wp","href":"https:\/\/api.w.org\/{rel}","templated":true}]}}