{"id":64,"date":"2014-09-18T12:39:08","date_gmt":"2014-09-18T11:39:08","guid":{"rendered":"http:\/\/agora.xtec.cat\/ceipginesta\/?page_id=64"},"modified":"2025-07-10T13:32:01","modified_gmt":"2025-07-10T11:32:01","slug":"projecte-educatiu","status":"publish","type":"page","link":"https:\/\/agora.xtec.cat\/ceipginesta\/projecte-educatiu\/","title":{"rendered":"Documents de Centre"},"content":{"rendered":"<p>En aquesta secci\u00f3 trobareu p\u00e0gines que descriuen el nostre Projecte Eductiu de Centre. D\u2019acord amb la Llei d\u2019Educaci\u00f3 de Catalunya, el projecte educatiu incorpora el car\u00e0cter propi del centre.<br \/>\nI trobareu informaci\u00f3, entre d&#8217;altre, sobre:<\/p>\n<p>-Criteris d\u2019ordenaci\u00f3 pedag\u00f2gica, prioritats i plantejaments educatius, procediments d\u2019inclusi\u00f3 i altres actuacions que caracteritzen el centre.<br \/>\n-Criteris que defineixen l\u2019estructura organitzativa.<br \/>\n-Projecte ling\u00fc\u00edstic.<\/p>\n<p>Tamb\u00e9 s&#8217;incluen en aquesta secci\u00f3 altres documents m\u00e9s espec\u00edfics que tamb\u00e9 formen part del projecte educatiu, com ara: les NOFC, la Carta de Comprom\u00eds, el Projecte de conviv\u00e8ncia, el Pla TAC, el Projecte Ling\u00fc\u00edstic, etc.<\/p>\n<p><a href=\"https:\/\/agora.xtec.cat\/ceipginesta\/wp-content\/uploads\/usu640\/2025\/07\/pila_fulls.jpg\"><img loading=\"lazy\" decoding=\"async\" class=\" wp-image-10022\" src=\"https:\/\/agora.xtec.cat\/ceipginesta\/wp-content\/uploads\/usu640\/2025\/07\/pila_fulls-899x1024.jpg\" alt=\"\" width=\"373\" height=\"425\" srcset=\"https:\/\/agora.xtec.cat\/ceipginesta\/wp-content\/uploads\/usu640\/2025\/07\/pila_fulls-899x1024.jpg 899w, https:\/\/agora.xtec.cat\/ceipginesta\/wp-content\/uploads\/usu640\/2025\/07\/pila_fulls-263x300.jpg 263w, https:\/\/agora.xtec.cat\/ceipginesta\/wp-content\/uploads\/usu640\/2025\/07\/pila_fulls-768x875.jpg 768w, https:\/\/agora.xtec.cat\/ceipginesta\/wp-content\/uploads\/usu640\/2025\/07\/pila_fulls-1348x1536.jpg 1348w, https:\/\/agora.xtec.cat\/ceipginesta\/wp-content\/uploads\/usu640\/2025\/07\/pila_fulls-1797x2048.jpg 1797w, https:\/\/agora.xtec.cat\/ceipginesta\/wp-content\/uploads\/usu640\/2025\/07\/pila_fulls.jpg 1920w\" sizes=\"auto, (max-width: 373px) 100vw, 373px\" \/><\/a><\/p>\n","protected":false},"excerpt":{"rendered":"<p>En aquesta secci\u00f3 trobareu p\u00e0gines que descriuen el nostre Projecte Eductiu de Centre. D\u2019acord amb la Llei d\u2019Educaci\u00f3 de Catalunya, el projecte educatiu incorpora el car\u00e0cter propi del centre.<br \/>\nI trobareu informaci\u00f3, entre d&#8217;altre, sobre:<br \/>\n-Criteris d\u2019ordenaci\u00f3 pedag\u00f2gica, prioritats i plantejaments educatius, procediments d\u2019inclusi\u00f3 i altres actuacions&hellip;  <a href=\"https:\/\/agora.xtec.cat\/ceipginesta\/projecte-educatiu\/\" title=\"Read Documents de Centre\">Llegeix m\u00e9s\u00bb<\/a><\/p>\n","protected":false},"author":1,"featured_media":0,"parent":0,"menu_order":0,"comment_status":"closed","ping_status":"closed","template":"page-templates\/side-menu.php","meta":{"_bbp_topic_count":0,"_bbp_reply_count":0,"_bbp_total_topic_count":0,"_bbp_total_reply_count":0,"_bbp_voice_count":0,"_bbp_anonymous_reply_count":0,"_bbp_topic_count_hidden":0,"_bbp_reply_count_hidden":0,"_bbp_forum_subforum_count":0,"footnotes":""},"class_list":["post-64","page","type-page","status-publish","hentry"],"post_mailing_queue_ids":[],"_links":{"self":[{"href":"https:\/\/agora.xtec.cat\/ceipginesta\/wp-json\/wp\/v2\/pages\/64","targetHints":{"allow":["GET"]}}],"collection":[{"href":"https:\/\/agora.xtec.cat\/ceipginesta\/wp-json\/wp\/v2\/pages"}],"about":[{"href":"https:\/\/agora.xtec.cat\/ceipginesta\/wp-json\/wp\/v2\/types\/page"}],"author":[{"embeddable":true,"href":"https:\/\/agora.xtec.cat\/ceipginesta\/wp-json\/wp\/v2\/users\/1"}],"replies":[{"embeddable":true,"href":"https:\/\/agora.xtec.cat\/ceipginesta\/wp-json\/wp\/v2\/comments?post=64"}],"version-history":[{"count":4,"href":"https:\/\/agora.xtec.cat\/ceipginesta\/wp-json\/wp\/v2\/pages\/64\/revisions"}],"predecessor-version":[{"id":10023,"href":"https:\/\/agora.xtec.cat\/ceipginesta\/wp-json\/wp\/v2\/pages\/64\/revisions\/10023"}],"wp:attachment":[{"href":"https:\/\/agora.xtec.cat\/ceipginesta\/wp-json\/wp\/v2\/media?parent=64"}],"curies":[{"name":"wp","href":"https:\/\/api.w.org\/{rel}","templated":true}]}}