{"id":562,"date":"2017-02-23T15:43:52","date_gmt":"2017-02-23T14:43:52","guid":{"rendered":"http:\/\/agora.xtec.cat\/ceipginesta\/?page_id=562"},"modified":"2017-03-09T10:43:50","modified_gmt":"2017-03-09T09:43:50","slug":"educacio-emocional","status":"publish","type":"page","link":"https:\/\/agora.xtec.cat\/ceipginesta\/serveis\/educacio-emocional\/","title":{"rendered":"Educaci\u00f3 Emocional"},"content":{"rendered":"<p style=\"text-align: justify;\">A l\u2019escola considerem que l\u2019aprenentatge que han de rebre els nostres alumnes no ha de ser nom\u00e9s de continguts, i cal completar-ho amb actuacions que afecten a la personalitat, valors i actitud dels alumnes. Per tot aix\u00f2, l\u2019escola compta amb una Comissi\u00f3 de Conviv\u00e8ncia que descriu els elements que cohesionen i ordenen les accions en aquest sentit.<\/p>\n<p style=\"text-align: justify;\">Dins d\u2019aquest Pla hi incloem el projecte de \u201cPadrins i Fillols\u201d d\u2019agermanament d\u2019alumnes grans i petits, les activitats d\u2019acci\u00f3 tutorial que relacionen alumnes amb mestres, la celebraci\u00f3 conjunta de festes i dates significatives&#8230;<\/p>\n<p style=\"text-align: justify;\">Alhora l\u2019escola t\u00e9 molta consideraci\u00f3 amb la inclusi\u00f3 de l\u2019educaci\u00f3 emocional en el dia a dia dels alumnes, ja que afecta el seu desenvolupament, incentiva la seva motivaci\u00f3, predisposa a actituds m\u00e9s positives, millora les relacions entre alumnes i ajuda a millorar els resultats acad\u00e8mics. Considerem que cal generar un clima emocional positiu que ajudi als alumnes a gestionar les pr\u00f2pies emocions:\u00a0controlar la r\u00e0bia, con\u00e8ixer la por, acceptar els errors, tenir empatia, tenir una bona autoestima \u2026\u00a0La relaci\u00f3 amb els altres \u00e9s essencial \u00a0i cal que ajudem els nostres alumnes a forjar-se una intel\u00b7lig\u00e8ncia emocional, entesa com la capacitat de recon\u00e8ixer les nostres pr\u00f2pies emocions, les emocions dels altres i saber-les gestionar. Aquesta intel\u00b7lig\u00e8ncia emocional \u00e9s una habilitat que es va aprenent al llarg de la vida des de que som petits.<\/p>\n<p style=\"text-align: justify;\">Treballar la intel\u00b7lig\u00e8ncia emocional a l\u2019aula t\u00e9 molts beneficis, com per exemple disminuir l\u2019ansietat, millor gesti\u00f3 dels conflictes, millora de l\u2019autoestima, augmentar la toler\u00e0ncia a la frustraci\u00f3, millorar les habilitats\u00a0socials o millorar l\u2019empatia.<\/p>\n<p style=\"text-align: justify;\"><a href=\"http:\/\/agora.xtec.cat\/ceipginesta\/wp-content\/uploads\/usu640\/2017\/02\/projecte5.jpg\"><img loading=\"lazy\" decoding=\"async\" class=\"alignnone size-full wp-image-964\" src=\"http:\/\/agora.xtec.cat\/ceipginesta\/wp-content\/uploads\/usu640\/2017\/02\/projecte5.jpg\" alt=\"projecte5\" width=\"998\" height=\"250\" srcset=\"https:\/\/agora.xtec.cat\/ceipginesta\/wp-content\/uploads\/usu640\/2017\/02\/projecte5.jpg 998w, https:\/\/agora.xtec.cat\/ceipginesta\/wp-content\/uploads\/usu640\/2017\/02\/projecte5-300x75.jpg 300w, https:\/\/agora.xtec.cat\/ceipginesta\/wp-content\/uploads\/usu640\/2017\/02\/projecte5-768x192.jpg 768w\" sizes=\"auto, (max-width: 998px) 100vw, 998px\" \/><\/a><\/p>\n","protected":false},"excerpt":{"rendered":"<p>A l\u2019escola considerem que l\u2019aprenentatge que han de rebre els nostres alumnes no ha de ser nom\u00e9s de continguts, i cal completar-ho amb actuacions que afecten a la personalitat, valors i actitud dels alumnes. Per tot aix\u00f2, l\u2019escola compta amb una Comissi\u00f3 de Conviv\u00e8ncia que&hellip;  <a href=\"https:\/\/agora.xtec.cat\/ceipginesta\/serveis\/educacio-emocional\/\" title=\"Read Educaci\u00f3 Emocional\">Llegeix m\u00e9s\u00bb<\/a><\/p>\n","protected":false},"author":1,"featured_media":0,"parent":66,"menu_order":0,"comment_status":"closed","ping_status":"closed","template":"page-templates\/side-menu.php","meta":{"_bbp_topic_count":0,"_bbp_reply_count":0,"_bbp_total_topic_count":0,"_bbp_total_reply_count":0,"_bbp_voice_count":0,"_bbp_anonymous_reply_count":0,"_bbp_topic_count_hidden":0,"_bbp_reply_count_hidden":0,"_bbp_forum_subforum_count":0,"footnotes":""},"class_list":["post-562","page","type-page","status-publish","hentry"],"post_mailing_queue_ids":[],"_links":{"self":[{"href":"https:\/\/agora.xtec.cat\/ceipginesta\/wp-json\/wp\/v2\/pages\/562","targetHints":{"allow":["GET"]}}],"collection":[{"href":"https:\/\/agora.xtec.cat\/ceipginesta\/wp-json\/wp\/v2\/pages"}],"about":[{"href":"https:\/\/agora.xtec.cat\/ceipginesta\/wp-json\/wp\/v2\/types\/page"}],"author":[{"embeddable":true,"href":"https:\/\/agora.xtec.cat\/ceipginesta\/wp-json\/wp\/v2\/users\/1"}],"replies":[{"embeddable":true,"href":"https:\/\/agora.xtec.cat\/ceipginesta\/wp-json\/wp\/v2\/comments?post=562"}],"version-history":[{"count":3,"href":"https:\/\/agora.xtec.cat\/ceipginesta\/wp-json\/wp\/v2\/pages\/562\/revisions"}],"predecessor-version":[{"id":965,"href":"https:\/\/agora.xtec.cat\/ceipginesta\/wp-json\/wp\/v2\/pages\/562\/revisions\/965"}],"up":[{"embeddable":true,"href":"https:\/\/agora.xtec.cat\/ceipginesta\/wp-json\/wp\/v2\/pages\/66"}],"wp:attachment":[{"href":"https:\/\/agora.xtec.cat\/ceipginesta\/wp-json\/wp\/v2\/media?parent=562"}],"curies":[{"name":"wp","href":"https:\/\/api.w.org\/{rel}","templated":true}]}}