{"id":560,"date":"2017-02-23T15:43:10","date_gmt":"2017-02-23T14:43:10","guid":{"rendered":"http:\/\/agora.xtec.cat\/ceipginesta\/?page_id=560"},"modified":"2017-03-09T10:41:47","modified_gmt":"2017-03-09T09:41:47","slug":"ambients-a-educacio-infantil","status":"publish","type":"page","link":"https:\/\/agora.xtec.cat\/ceipginesta\/serveis\/ambients-a-educacio-infantil\/","title":{"rendered":"Ambients a Educaci\u00f3 Infantil"},"content":{"rendered":"<p style=\"text-align: justify;\">El punt de partida del treball amb ambients de treball \u00e9s considerar els nens i les nenes com a persones capaces, plenes d\u2019emocions, sentiments, experi\u00e8ncies, \u00a0espontane\u00eftat, curiositat i amb moltes ganes d\u2019aprendre. Aquest aprenentatge es pot expressar en m\u00faltiples llenguatges. Els nens i nenes interactuen amb els companys, els adults i amb l\u2019entorn proper. Aquesta interacci\u00f3 \u00e9s una font de creixement i enriquiment mutu.<\/p>\n<p style=\"text-align: justify;\">La mestra \u00e9s una acompanyant en el proc\u00e9s de creixement dels infants, i ha de ser capa\u00e7 de oferir recursos als infants per organitzar l\u2019espai i gestionar el temps, provocar situacions que afavoreixin l\u2019aprenentatge significatiu i ajudin a resoldre conflictes.<\/p>\n<p style=\"text-align: justify;\">Els ambients s\u00f3n diferents espais d\u2019aprenentatge, de relaci\u00f3 i comunicaci\u00f3 on a partir de diferents propostes els infants poden actuar, observar, experimentar, construir, inventar, imaginar, compartir, relacionar-se, emocionar-se\u2026i interactuar amb els altres.<\/p>\n<p style=\"text-align: justify;\">Aquest plantejament de treball \u00a0respon a la necessitat que mostren els infants de jugar i relacionar-se. \u00c9s una manera de poder donar resposta als interessos i necessitats dels infants i respectar els diferents ritmes d\u2019aprenentatge.<\/p>\n<p style=\"text-align: justify;\">Un mat\u00ed de la setmana els alumnes d\u2019educaci\u00f3 infantil van a fer ambients. Hi ha 6 grups de nens i nenes barrejats dels tres nivells d\u2019educaci\u00f3 infantil, i cada setmana van a fer l\u2019activitat d\u2019un ambient diferent per afavorir la descoberta i coneixement de tots els ambients.<\/p>\n<p style=\"text-align: justify;\">Els ambients de treball s\u00f3n:<\/p>\n<ul>\n<li style=\"text-align: justify;\">Llums i ombres, on els alumnes experimenten a diferents activitats i materials per jugar amb ombres, transpar\u00e8ncies, projeccions, llanternes&#8230;.<\/li>\n<li style=\"text-align: justify;\">Dits fins, dedicada a la psicomotricitat fina, estimulant la tonicitat i la for\u00e7a de les mans i els dits.<\/li>\n<li style=\"text-align: justify;\">Imagina, amb diferents materials no estructurats com cordes, fustes, caixes, tubs, cartr\u00f3&#8230; els nens i nenes construeixen en base a la seva imaginaci\u00f3.<\/li>\n<li style=\"text-align: justify;\">Investiguem, dedicat a l\u2019observaci\u00f3 d\u2019elements naturals i a la descoberta de nous materials, com terra, plantes, aigua, suro, pinyes&#8230;<\/li>\n<li style=\"text-align: justify;\">Fem art, on els alumnes desenvolupen la seva capacitat art\u00edstica, treballant amb diferents t\u00e8cniques de dibuix, pintura, aquarel\u00b7les&#8230;<\/li>\n<li style=\"text-align: justify;\">Teatre, dedicat a l\u2019expressi\u00f3 corporal a partir de la presa de consci\u00e8ncia del propi cos, i utilitzant material de dramatitzaci\u00f3.<\/li>\n<\/ul>\n<p><a href=\"http:\/\/agora.xtec.cat\/ceipginesta\/wp-content\/uploads\/usu640\/2017\/02\/projecte4.jpg\"><img loading=\"lazy\" decoding=\"async\" class=\"alignnone size-large wp-image-962\" src=\"http:\/\/agora.xtec.cat\/ceipginesta\/wp-content\/uploads\/usu640\/2017\/02\/projecte4-1024x319.jpg\" alt=\"projecte4\" width=\"1024\" height=\"319\" srcset=\"https:\/\/agora.xtec.cat\/ceipginesta\/wp-content\/uploads\/usu640\/2017\/02\/projecte4-1024x319.jpg 1024w, https:\/\/agora.xtec.cat\/ceipginesta\/wp-content\/uploads\/usu640\/2017\/02\/projecte4-300x93.jpg 300w, https:\/\/agora.xtec.cat\/ceipginesta\/wp-content\/uploads\/usu640\/2017\/02\/projecte4-768x239.jpg 768w, https:\/\/agora.xtec.cat\/ceipginesta\/wp-content\/uploads\/usu640\/2017\/02\/projecte4.jpg 2016w\" sizes=\"auto, (max-width: 1024px) 100vw, 1024px\" \/><\/a><\/p>\n","protected":false},"excerpt":{"rendered":"<p>El punt de partida del treball amb ambients de treball \u00e9s considerar els nens i les nenes com a persones capaces, plenes d\u2019emocions, sentiments, experi\u00e8ncies, \u00a0espontane\u00eftat, curiositat i amb moltes ganes d\u2019aprendre. Aquest aprenentatge es pot expressar en m\u00faltiples llenguatges. Els nens i nenes interactuen&hellip;  <a href=\"https:\/\/agora.xtec.cat\/ceipginesta\/serveis\/ambients-a-educacio-infantil\/\" title=\"Read Ambients a Educaci\u00f3 Infantil\">Llegeix m\u00e9s\u00bb<\/a><\/p>\n","protected":false},"author":1,"featured_media":0,"parent":66,"menu_order":0,"comment_status":"closed","ping_status":"closed","template":"page-templates\/side-menu.php","meta":{"_bbp_topic_count":0,"_bbp_reply_count":0,"_bbp_total_topic_count":0,"_bbp_total_reply_count":0,"_bbp_voice_count":0,"_bbp_anonymous_reply_count":0,"_bbp_topic_count_hidden":0,"_bbp_reply_count_hidden":0,"_bbp_forum_subforum_count":0,"footnotes":""},"class_list":["post-560","page","type-page","status-publish","hentry"],"post_mailing_queue_ids":[],"_links":{"self":[{"href":"https:\/\/agora.xtec.cat\/ceipginesta\/wp-json\/wp\/v2\/pages\/560","targetHints":{"allow":["GET"]}}],"collection":[{"href":"https:\/\/agora.xtec.cat\/ceipginesta\/wp-json\/wp\/v2\/pages"}],"about":[{"href":"https:\/\/agora.xtec.cat\/ceipginesta\/wp-json\/wp\/v2\/types\/page"}],"author":[{"embeddable":true,"href":"https:\/\/agora.xtec.cat\/ceipginesta\/wp-json\/wp\/v2\/users\/1"}],"replies":[{"embeddable":true,"href":"https:\/\/agora.xtec.cat\/ceipginesta\/wp-json\/wp\/v2\/comments?post=560"}],"version-history":[{"count":3,"href":"https:\/\/agora.xtec.cat\/ceipginesta\/wp-json\/wp\/v2\/pages\/560\/revisions"}],"predecessor-version":[{"id":963,"href":"https:\/\/agora.xtec.cat\/ceipginesta\/wp-json\/wp\/v2\/pages\/560\/revisions\/963"}],"up":[{"embeddable":true,"href":"https:\/\/agora.xtec.cat\/ceipginesta\/wp-json\/wp\/v2\/pages\/66"}],"wp:attachment":[{"href":"https:\/\/agora.xtec.cat\/ceipginesta\/wp-json\/wp\/v2\/media?parent=560"}],"curies":[{"name":"wp","href":"https:\/\/api.w.org\/{rel}","templated":true}]}}