{"id":552,"date":"2017-02-23T15:35:55","date_gmt":"2017-02-23T14:35:55","guid":{"rendered":"http:\/\/agora.xtec.cat\/ceipginesta\/?page_id=552"},"modified":"2024-10-16T15:30:45","modified_gmt":"2024-10-16T13:30:45","slug":"projecte-de-llengua-anglesa","status":"publish","type":"page","link":"https:\/\/agora.xtec.cat\/ceipginesta\/serveis\/projecte-de-llengua-anglesa\/","title":{"rendered":"Projecte de Llengua Anglesa"},"content":{"rendered":"<p style=\"text-align: justify;\">L\u2019escola aposta per un model pluriling\u00fce. Aquest model estableix que l\u2019alumne tingui, al acabar la seva escolaritat, un ple domini de les dues lleng\u00fces oficials, catal\u00e0 i castell\u00e0, convisquin en un mateix model d\u2019aprenentatge amb la llengua anglesa. L\u2019objectiu final de l\u2019aprenentatge de la llengua anglesa \u00e9s que l\u2019alumne el valori com a eina d\u2019aprenentatge i d\u2019emprenedoria al llarg de la vida i per a l\u2019adquisici\u00f3 d\u2019una capacitaci\u00f3 i formaci\u00f3 professionals de qualitat.<\/p>\n<p style=\"text-align: justify;\">L\u2019escola Ginesta inicia l\u2019aprenentatge de la llengua anglesa des de l\u2019expressi\u00f3 oral i \u00fas correcte del vocabulari, intentant refor\u00e7ar l\u2019aspecte d\u2019\u00fas significatiu i pr\u00e0ctic de la mateixa. Posteriorment s\u2019introdueix l\u2019expressi\u00f3 escrita i la capacitat de comprensi\u00f3 oral. Finalment s\u2019introdueix l\u2019\u00fas de la llengua anglesa en entorn d\u2019aprenentatge transversals i significatius, i obrint-la a altres \u00e0rees com el Coneixement del Medi Natural i Social.<\/p>\n<p style=\"text-align: justify;\">Els trets distintius de l\u2019aprenentatge de la llengua anglesa a l\u2019escola s\u00f3n:<\/p>\n<ul>\n<li style=\"text-align: justify;\">Introducci\u00f3 des d&#8217;infantil amb el material &#8220;Big Wheel&#8221; de l&#8217;editorial Macmillan, basat en l\u2019expressi\u00f3 i comprensi\u00f3 oral de l\u2019alumnat mitjan\u00e7ant contes, dramatitzacions i can\u00e7ons, a m\u00e9s d&#8217;activitats de vocabulari.<\/li>\n<li style=\"text-align: justify;\">Treball a Prim\u00e0ria del material \u201cKids Can\u201d de l&#8217;editorial Macmillan, dedicat a refor\u00e7ar l\u2019\u00fas de la llengua i la introducci\u00f3 i aprenentatge de la gram\u00e0tica, comprensi\u00f3 oral, comprensi\u00f3 lectora i expressi\u00f3 escrita.<\/li>\n<li style=\"text-align: justify;\">Din\u00e0mica del \u201cDiary\u201d sobre les seves experi\u00e8ncies d\u2019aprenentatge en activitats festives i celebracions del calendari, a tots els cursos de l&#8217;escola.<\/li>\n<li style=\"text-align: justify;\">\u00c0rea d\u2019\u201dInvestigate\u201d a cicle mitj\u00e0 i cicle superior per realitzar projectes d\u2019investigaci\u00f3 de Coneixement del Medi Natural i Social.<\/li>\n<\/ul>\n<p><a href=\"http:\/\/agora.xtec.cat\/ceipginesta\/wp-content\/uploads\/usu640\/2017\/02\/projectes.jpg\"><img loading=\"lazy\" decoding=\"async\" class=\"alignnone size-large wp-image-955\" src=\"http:\/\/agora.xtec.cat\/ceipginesta\/wp-content\/uploads\/usu640\/2017\/02\/projectes-1024x317.jpg\" alt=\"projectes\" width=\"1024\" height=\"317\" srcset=\"https:\/\/agora.xtec.cat\/ceipginesta\/wp-content\/uploads\/usu640\/2017\/02\/projectes-1024x317.jpg 1024w, https:\/\/agora.xtec.cat\/ceipginesta\/wp-content\/uploads\/usu640\/2017\/02\/projectes-300x93.jpg 300w, https:\/\/agora.xtec.cat\/ceipginesta\/wp-content\/uploads\/usu640\/2017\/02\/projectes-768x238.jpg 768w, https:\/\/agora.xtec.cat\/ceipginesta\/wp-content\/uploads\/usu640\/2017\/02\/projectes.jpg 2016w\" sizes=\"auto, (max-width: 1024px) 100vw, 1024px\" \/><\/a><\/p>\n","protected":false},"excerpt":{"rendered":"<p>L\u2019escola aposta per un model pluriling\u00fce. Aquest model estableix que l\u2019alumne tingui, al acabar la seva escolaritat, un ple domini de les dues lleng\u00fces oficials, catal\u00e0 i castell\u00e0, convisquin en un mateix model d\u2019aprenentatge amb la llengua anglesa. L\u2019objectiu final de l\u2019aprenentatge de la llengua&hellip;  <a href=\"https:\/\/agora.xtec.cat\/ceipginesta\/serveis\/projecte-de-llengua-anglesa\/\" title=\"Read Projecte de Llengua Anglesa\">Llegeix m\u00e9s\u00bb<\/a><\/p>\n","protected":false},"author":1,"featured_media":0,"parent":66,"menu_order":0,"comment_status":"closed","ping_status":"closed","template":"page-templates\/side-menu.php","meta":{"_bbp_topic_count":0,"_bbp_reply_count":0,"_bbp_total_topic_count":0,"_bbp_total_reply_count":0,"_bbp_voice_count":0,"_bbp_anonymous_reply_count":0,"_bbp_topic_count_hidden":0,"_bbp_reply_count_hidden":0,"_bbp_forum_subforum_count":0,"footnotes":""},"class_list":["post-552","page","type-page","status-publish","hentry"],"post_mailing_queue_ids":[],"_links":{"self":[{"href":"https:\/\/agora.xtec.cat\/ceipginesta\/wp-json\/wp\/v2\/pages\/552","targetHints":{"allow":["GET"]}}],"collection":[{"href":"https:\/\/agora.xtec.cat\/ceipginesta\/wp-json\/wp\/v2\/pages"}],"about":[{"href":"https:\/\/agora.xtec.cat\/ceipginesta\/wp-json\/wp\/v2\/types\/page"}],"author":[{"embeddable":true,"href":"https:\/\/agora.xtec.cat\/ceipginesta\/wp-json\/wp\/v2\/users\/1"}],"replies":[{"embeddable":true,"href":"https:\/\/agora.xtec.cat\/ceipginesta\/wp-json\/wp\/v2\/comments?post=552"}],"version-history":[{"count":4,"href":"https:\/\/agora.xtec.cat\/ceipginesta\/wp-json\/wp\/v2\/pages\/552\/revisions"}],"predecessor-version":[{"id":9594,"href":"https:\/\/agora.xtec.cat\/ceipginesta\/wp-json\/wp\/v2\/pages\/552\/revisions\/9594"}],"up":[{"embeddable":true,"href":"https:\/\/agora.xtec.cat\/ceipginesta\/wp-json\/wp\/v2\/pages\/66"}],"wp:attachment":[{"href":"https:\/\/agora.xtec.cat\/ceipginesta\/wp-json\/wp\/v2\/media?parent=552"}],"curies":[{"name":"wp","href":"https:\/\/api.w.org\/{rel}","templated":true}]}}