{"id":533,"date":"2017-02-22T10:49:08","date_gmt":"2017-02-22T09:49:08","guid":{"rendered":"http:\/\/agora.xtec.cat\/ceipginesta\/?page_id=533"},"modified":"2021-09-07T21:27:56","modified_gmt":"2021-09-07T19:27:56","slug":"delegatses-de-classe","status":"publish","type":"page","link":"https:\/\/agora.xtec.cat\/ceipginesta\/lescola\/delegatses-de-classe\/","title":{"rendered":"Delegats\/des de Classe"},"content":{"rendered":"<h4><span style=\"color: #780202;\">Estructura, funcions i funcionament dels\/les Delegats\/des de classe\u00a0<\/span><\/h4>\n<p>La figura del delegat\/ada de classe es va crear amb la finalitat de servir de mitj\u00e0 de comunicaci\u00f3 entre fam\u00edlies i mestres, aix\u00ed com la de canalitzar qualsevol iniciativa per fer-la arribar en ambdues direccions.<\/p>\n<p>Posteriors actualitzacions han creat la figura de la Coordinadora de delegats\/ades, integrada dins la Junta Directiva de l\u2019Ampa, que gestiona els temes a tractar a les reunions de Junta i que fa de portaveu d\u2019aquestes reunions amb la resta de la Junta de l\u2019AFA i amb la Direcci\u00f3 de l\u2019escola.<\/p>\n<p>Per facilitar la seva funcionalitat i afavorir el seu funcionament, es consideraran els seg\u00fcents apartats per incorporar-los a les Normes d\u2019Organitzaci\u00f3 i Funcionaments del Centre.<\/p>\n<p><strong>Estructura: <\/strong><\/p>\n<ul>\n<li>Els pares\/mares de les diferents classes escolliran una o dues persones com a delegat\/da de classe a cada inici de curs escolar.<\/li>\n<li>Un membre de la Junta de l\u2019AFA ser\u00e0 la persona que coordinar\u00e0 als\/les delegats\/des de classe.<\/li>\n<\/ul>\n<p><strong>Caracter\u00edstiques del delegat o delegada de classe: <\/strong><\/p>\n<ul>\n<li>Una persona motivada, amb ganes de participar, comunicativa i proactiva.<\/li>\n<li>Una persona amb vocaci\u00f3 de conciliaci\u00f3 i accessible, amb capacitat de consens.<\/li>\n<li>Amb disponibilitat hor\u00e0ria per atendre les fam\u00edlies i a l\u2019escola.<\/li>\n<li>Un membre actiu de l\u2019AFA o de la vida escolar del centre.<\/li>\n<li>Cal fer alternan\u00e7a entre mares i pares.<\/li>\n<\/ul>\n<p><strong>Funcions: <\/strong><\/p>\n<ul>\n<li>Ser el vincle entre el tutor\/a i els pares i mares.<\/li>\n<li>Canalitzar inquietuds i suggeriments de les fam\u00edlies al tutor\/a.<\/li>\n<li>Coordinar iniciatives proposades des de la tutoria.<\/li>\n<li>Generar consci\u00e8ncia de grup i dinamitzar la comunicaci\u00f3 entre les fam\u00edlies.<\/li>\n<li>Integrar a les fam\u00edlies nouvingudes.<\/li>\n<li>Adre\u00e7ar a l&#8217;\u00f2rgan o persona adequada les consultes de car\u00e0cter individual i\/o personal.<\/li>\n<li>Facilitar la creaci\u00f3 d\u2019un clima de conviv\u00e8ncia que sigui positiu, facilitant el di\u00e0leg, la implicaci\u00f3 i participaci\u00f3 de les fam\u00edlies a les activitats programades.<\/li>\n<\/ul>\n<p><strong>Comunicaci\u00f3:<\/strong><\/p>\n<ul>\n<li>Crear, si es considera, un grup de Whatsapp o correu electr\u00f2nic per a transmetre informacions entre les fam\u00edlies.<\/li>\n<li>Vetllar per l\u2019\u00fas adequat d\u2019aquest mitj\u00e0. Establir normes d\u2019\u00fas i comunicaci\u00f3.<\/li>\n<\/ul>\n<p><strong>Respecte a l\u2019AFA: <\/strong><\/p>\n<ul>\n<li>Transmetre informaci\u00f3 a les fam\u00edlies de les propostes i iniciatives de l\u2019AFA que es duen a terme al llarg del curs escolar.<\/li>\n<li>Copsar les propostes de les fam\u00edlies per facilitar el trasp\u00e0s de informaci\u00f3 amb la Junta de l\u2019AFA i\/o la direcci\u00f3 del Centre.<\/li>\n<\/ul>\n<p><strong>Funcionament: <\/strong><\/p>\n<ul>\n<li>Elecci\u00f3 dels delegats de classe al comen\u00e7ament de cada curs escolar, aprofitant les reunions dels diferents nivell<\/li>\n<li>Mantenir 2 reunions amb els tutors\/es cada curs, segons el calendari acordat.<\/li>\n<li>Cal anar renovant els delegats\/es al llarg de l\u2019escolaritat, preferiblement cada dos cursos.<\/li>\n<li>Realitzar 2 reunions anuals entre tots\/es les delegats\/des de curs per tractar temes comuns.<\/li>\n<\/ul>\n<p><strong>Consells d\u2019\u00fas dels grups de Whatsapp o correu electr\u00f2nic: <\/strong><\/p>\n<ul>\n<li>Evitar discussions o cr\u00edtiques a la tasca escolar o docent.: \u201cAquest professor\/nen\/pare no m\u2019agrada\u201d, si el professor \u201cposa massa deures\u201d o \u201cpocs durant les vacances\u201d, \u201cal meu fill diu que li han dit&#8230;. li ha passat a alg\u00fa m\u00e9s?\u201d&#8230; \u00e9s millor parlar-ho directament amb la tutora.<\/li>\n<li>No escriure-hi missatges sense contingut. Per exemple, si alg\u00fa pregunta si algun pare o mare ha trobat el llibre perdut del seu fill, no cal cremar el Whatsapp ple de missatges dient \u201cno\u201d. Qui trobi el llibre perdut ja respondr\u00e0.<\/li>\n<li>Respecte. No fer comentaris ofensius de cap mena. \u00c9s recomanable fugir de les discussions personals i no donar respostes en calent. S\u2019ha de donar exemple als fills que f\u00e0cilment sabran el que dieu per comentaris dels mateixos companys.<\/li>\n<li>No difondre rumors. Quan tingueu dubtes \u00e9s millor preguntar a qui tingui la informaci\u00f3 que, normalment, \u00e9s el centre. Difondre rumors acaba perjudicant als mateixos alumnes.<\/li>\n<li>Evitar parlar al grup de problemes personals. Si es t\u00e9 algun problema amb algun mestre o mestra o amb un altre alumne \u00e9s preferible parlar-ho en persona amb el tutor\/a.<\/li>\n<li>No fer servir el grup com a agenda escolar. Aquesta actitud fa que els alumnes no assumeixin les seves responsabilitats ni desenvolupin adequadament la seva autonomia. Es preferible que aprenguin a solucionar-se o assumeixin ells el problema.<\/li>\n<li>No permetre que els fills\/es hi tinguin acc\u00e9s o se\u2019ls informi del qu\u00e8 les fam\u00edlies hi estan parlant. Pot provocar comportaments fora de context i \u00fas de la informaci\u00f3 poc adequat envers altres alumnes i mestres.<\/li>\n<li>Considerar el dret a la privadesa de les altres fam\u00edlies i alumnes, no es poden compartir continguts que atemptin contra la privadesa de ning\u00fa ni resultin ofensius. Abans de compartir una foto on surt el fill d\u2019una altra persona li podem preguntar per privat si li sembla b\u00e9.<\/li>\n<li>No dedicar al grup comentaris o informacions que no tenen a veure amb la finalitat d\u2019aquest. De vegades alguns participants comencen a penjar acudits, fotos, opinions pol\u00edtiques\u2026 Aix\u00f2 distorsiona els missatges importants del grup. A m\u00e9s, pot crear situacions inc\u00f2modes, ja que no tothom ha de compartir les teves opinions o el teu sentit de l\u2019humor.<\/li>\n<li>Respectem les hores de descans dels altres membres del grup, i evitem enviar missatges a hores no conciliables, ja que potser hi ha gent que a aquestes hores est\u00e0 dormint i el teu missatge li pot molestar. Una franja exclosa podria ser de 22h a 8h del mat\u00ed.<\/li>\n<\/ul>\n","protected":false},"excerpt":{"rendered":"<p>Estructura, funcions i funcionament dels\/les Delegats\/des de classe\u00a0<br \/>\nLa figura del delegat\/ada de classe es va crear amb la finalitat de servir de mitj\u00e0 de comunicaci\u00f3 entre fam\u00edlies i mestres, aix\u00ed com la de canalitzar qualsevol iniciativa per fer-la arribar en ambdues direccions.<br \/>\nPosteriors actualitzacions han creat&hellip;  <a href=\"https:\/\/agora.xtec.cat\/ceipginesta\/lescola\/delegatses-de-classe\/\" title=\"Read Delegats\/des de Classe\">Llegeix m\u00e9s\u00bb<\/a><\/p>\n","protected":false},"author":1,"featured_media":0,"parent":22,"menu_order":7,"comment_status":"closed","ping_status":"closed","template":"page-templates\/side-menu.php","meta":{"_bbp_topic_count":0,"_bbp_reply_count":0,"_bbp_total_topic_count":0,"_bbp_total_reply_count":0,"_bbp_voice_count":0,"_bbp_anonymous_reply_count":0,"_bbp_topic_count_hidden":0,"_bbp_reply_count_hidden":0,"_bbp_forum_subforum_count":0,"footnotes":""},"class_list":["post-533","page","type-page","status-publish","hentry"],"post_mailing_queue_ids":[],"_links":{"self":[{"href":"https:\/\/agora.xtec.cat\/ceipginesta\/wp-json\/wp\/v2\/pages\/533","targetHints":{"allow":["GET"]}}],"collection":[{"href":"https:\/\/agora.xtec.cat\/ceipginesta\/wp-json\/wp\/v2\/pages"}],"about":[{"href":"https:\/\/agora.xtec.cat\/ceipginesta\/wp-json\/wp\/v2\/types\/page"}],"author":[{"embeddable":true,"href":"https:\/\/agora.xtec.cat\/ceipginesta\/wp-json\/wp\/v2\/users\/1"}],"replies":[{"embeddable":true,"href":"https:\/\/agora.xtec.cat\/ceipginesta\/wp-json\/wp\/v2\/comments?post=533"}],"version-history":[{"count":3,"href":"https:\/\/agora.xtec.cat\/ceipginesta\/wp-json\/wp\/v2\/pages\/533\/revisions"}],"predecessor-version":[{"id":7020,"href":"https:\/\/agora.xtec.cat\/ceipginesta\/wp-json\/wp\/v2\/pages\/533\/revisions\/7020"}],"up":[{"embeddable":true,"href":"https:\/\/agora.xtec.cat\/ceipginesta\/wp-json\/wp\/v2\/pages\/22"}],"wp:attachment":[{"href":"https:\/\/agora.xtec.cat\/ceipginesta\/wp-json\/wp\/v2\/media?parent=533"}],"curies":[{"name":"wp","href":"https:\/\/api.w.org\/{rel}","templated":true}]}}