{"id":517,"date":"2017-02-22T10:42:22","date_gmt":"2017-02-22T09:42:22","guid":{"rendered":"http:\/\/agora.xtec.cat\/ceipginesta\/?page_id=517"},"modified":"2025-01-28T18:19:20","modified_gmt":"2025-01-28T17:19:20","slug":"pla-de-convivencia","status":"publish","type":"page","link":"https:\/\/agora.xtec.cat\/ceipginesta\/projecte-educatiu\/pla-de-convivencia\/","title":{"rendered":"Pla de Conviv\u00e8ncia"},"content":{"rendered":"<p><strong><span style=\"color: #730505;\">El Projecte de Conviv\u00e8ncia<\/span> <\/strong>(PdC) reflecteix les accions que es desenvolupen al centre per tal de capacitar tot l&#8217;alumnat i la resta de la comunitat educativa per a la conviv\u00e8ncia i la gesti\u00f3 positiva dels conflictes.<\/p>\n<p>Aquestes accions poder anar adre\u00e7ades a la millora de la conviv\u00e8ncia a l&#8217;aula, al centre o a l&#8217;entorn, i el seu objectiu \u00e9s afavorir la transfer\u00e8ncia d&#8217;aprenentatges, valors, creences, actituds i h\u00e0bits relacionals.<\/p>\n<p>Tamb\u00e9 recull els mecanismes establerts\u00a0a l&#8217;hora de resoldre conflictes per a crear una atmosfera de treball i conviv\u00e8ncia segura i saludable.<\/p>\n<p style=\"text-align: center;\"><a href=\"http:\/\/agora.xtec.cat\/ceipginesta\/wp-content\/uploads\/usu640\/2017\/02\/conviv\u00e8ncia.jpg\"><img loading=\"lazy\" decoding=\"async\" class=\"alignnone size-full wp-image-1038\" src=\"http:\/\/agora.xtec.cat\/ceipginesta\/wp-content\/uploads\/usu640\/2017\/02\/conviv\u00e8ncia.jpg\" alt=\"convivencia\" width=\"496\" height=\"159\" srcset=\"https:\/\/agora.xtec.cat\/ceipginesta\/wp-content\/uploads\/usu640\/2017\/02\/conviv\u00e8ncia.jpg 496w, https:\/\/agora.xtec.cat\/ceipginesta\/wp-content\/uploads\/usu640\/2017\/02\/conviv\u00e8ncia-300x96.jpg 300w\" sizes=\"auto, (max-width: 496px) 100vw, 496px\" \/><\/a><\/p>\n<p><object style=\"width: 800px; height: 600px;\" data=\"https:\/\/agora.xtec.cat\/ceipginesta\/wp-content\/uploads\/usu640\/2025\/01\/Projecte-de-convivencia-Ginesta-2020-21.pdf\" width=\"300\" height=\"150\"><\/p>\n","protected":false},"excerpt":{"rendered":"<p>El Projecte de Conviv\u00e8ncia (PdC) reflecteix les accions que es desenvolupen al centre per tal de capacitar tot l&#8217;alumnat i la resta de la comunitat educativa per a la conviv\u00e8ncia i la gesti\u00f3 positiva dels conflictes.<br \/>\nAquestes accions poder anar adre\u00e7ades a la millora de la&hellip;  <a href=\"https:\/\/agora.xtec.cat\/ceipginesta\/projecte-educatiu\/pla-de-convivencia\/\" title=\"Read Pla de Conviv\u00e8ncia\">Llegeix m\u00e9s\u00bb<\/a><\/p>\n","protected":false},"author":1,"featured_media":0,"parent":64,"menu_order":5,"comment_status":"closed","ping_status":"closed","template":"page-templates\/side-menu.php","meta":{"_bbp_topic_count":0,"_bbp_reply_count":0,"_bbp_total_topic_count":0,"_bbp_total_reply_count":0,"_bbp_voice_count":0,"_bbp_anonymous_reply_count":0,"_bbp_topic_count_hidden":0,"_bbp_reply_count_hidden":0,"_bbp_forum_subforum_count":0,"footnotes":""},"class_list":["post-517","page","type-page","status-publish","hentry"],"post_mailing_queue_ids":[],"_links":{"self":[{"href":"https:\/\/agora.xtec.cat\/ceipginesta\/wp-json\/wp\/v2\/pages\/517","targetHints":{"allow":["GET"]}}],"collection":[{"href":"https:\/\/agora.xtec.cat\/ceipginesta\/wp-json\/wp\/v2\/pages"}],"about":[{"href":"https:\/\/agora.xtec.cat\/ceipginesta\/wp-json\/wp\/v2\/types\/page"}],"author":[{"embeddable":true,"href":"https:\/\/agora.xtec.cat\/ceipginesta\/wp-json\/wp\/v2\/users\/1"}],"replies":[{"embeddable":true,"href":"https:\/\/agora.xtec.cat\/ceipginesta\/wp-json\/wp\/v2\/comments?post=517"}],"version-history":[{"count":4,"href":"https:\/\/agora.xtec.cat\/ceipginesta\/wp-json\/wp\/v2\/pages\/517\/revisions"}],"predecessor-version":[{"id":9828,"href":"https:\/\/agora.xtec.cat\/ceipginesta\/wp-json\/wp\/v2\/pages\/517\/revisions\/9828"}],"up":[{"embeddable":true,"href":"https:\/\/agora.xtec.cat\/ceipginesta\/wp-json\/wp\/v2\/pages\/64"}],"wp:attachment":[{"href":"https:\/\/agora.xtec.cat\/ceipginesta\/wp-json\/wp\/v2\/media?parent=517"}],"curies":[{"name":"wp","href":"https:\/\/api.w.org\/{rel}","templated":true}]}}