{"id":38,"date":"2014-09-18T12:34:08","date_gmt":"2014-09-18T11:34:08","guid":{"rendered":"http:\/\/agora.xtec.cat\/ceipginesta\/?page_id=38"},"modified":"2025-07-10T13:14:09","modified_gmt":"2025-07-10T11:14:09","slug":"salut","status":"publish","type":"page","link":"https:\/\/agora.xtec.cat\/ceipginesta\/lescola\/salut\/","title":{"rendered":"Salud: consells i autoritzacions"},"content":{"rendered":"<h4><span style=\"color: #9e0202;\">Algunes q\u00fcestions a tenir en compte:<\/span><\/h4>\n<ul>\n<li><strong>Malalties i administraci\u00f3 de medicaments<\/strong><\/li>\n<\/ul>\n<p>Si algun alumne\/a <strong>ha de prendre medicaci\u00f3 durant l\u2019horari escolar<\/strong> cal que ho comuniqui per escrit al seu tutor\/a indicant-ne l\u2019horari i la dosi. Els impresos corresponents s\u2019han de demanar a consergeria, o imprimir-los des d&#8217;aquesta p\u00e0gina web. Tamb\u00e9 cal portar c\u00f2pia de la recepta del metge.<\/p>\n<p><a href=\"http:\/\/agora.xtec.cat\/ceipginesta\/wp-content\/uploads\/usu640\/2014\/09\/Annex-III.-Autoritzaci\u00f3_administraci\u00f3_medicaments-1.pdf\" target=\"_blank\" rel=\"noopener\">Model autoritzaci\u00f3 medicaments<\/a><\/p>\n<p>Si algun alumne\/a es troba malament durant l\u2019horari escolar es telefonar\u00e0 a la fam\u00edlia en funci\u00f3 dels s\u00edmptomes que presenti (febre, v\u00f2mits, diarrea, etc\u2026). Si no se\u2019ls localitza se\u2019l guardar\u00e0 a l\u2019escola en les millors condicions possibles, per\u00f2 en cap cas s\u2019administraran medicaments sense autoritzaci\u00f3.<\/p>\n<p><strong>En cas de febre<\/strong> \u00a0i donat que la febre \u00e9s en si mateixa un mecanisme de defensa de l\u2019organisme contra la malaltia i, per tant, no cal tractar-la de forma immediata amb medicaments, es poden utilitzar mesures f\u00edsiques per fer abaixar la temperatura i disminuir-ne les mol\u00e8sties: no abrigar-lo i donar-li aigua a glopets.<\/p>\n<p>Encara que no es tracti d\u2019una urg\u00e8ncia, un infant amb febre no hauria de quedar-se a l\u2019escola fins que finalitzi la jornada escolar.<\/p>\n<ul>\n<li><strong>Al\u00b7l\u00e8rgies o malalties cr\u00f2niques<\/strong><\/li>\n<\/ul>\n<p>La fam\u00edlia amb un infant amb al\u00b7l\u00e8rgia aliment\u00e0ria ha de comunicar al centre aquesta informaci\u00f3 mitjan\u00e7ant un <a href=\"http:\/\/agora.xtec.cat\/ceipginesta\/wp-content\/uploads\/usu640\/2014\/09\/Annex_2_Sol\u00b7licitud_administraci\u00f3_medicaments.pdf\" target=\"_blank\" rel=\"noopener\">full de recollida d&#8217;informaci\u00f3<\/a> . De la mateixa manera, si alguna fam\u00edlia t\u00e9 algun a\u00a1infant amb una incid\u00e8ncia m\u00e8dica significativa, ho ha de comunicar amb el <a href=\"https:\/\/agora.xtec.cat\/ceipginesta\/wp-content\/uploads\/usu640\/2025\/07\/4-Comunicacio-escolaritzacio-incidencies-mediques.pdf\" target=\"_blank\" rel=\"noopener\">seg\u00fcent full de recollida d&#8217;informaci\u00f3<\/a>. En ambd\u00f3s casos ha d&#8217;aportar la seg\u00fcent documentaci\u00f3:<\/p>\n<p>-Informe m\u00e8dic on s&#8217;especifiqui la descripci\u00f3 de les actuacions en cas d&#8217;emerg\u00e8ncia, es detallin les necessitats i les atencions que calen a l&#8217;alumne o alumna i hi consti els tel\u00e8fons dels referents sanitaris.<\/p>\n<p>&#8211; <a href=\"http:\/\/agora.xtec.cat\/ceipginesta\/wp-content\/uploads\/usu640\/2014\/09\/Annex_2_Sol\u00b7licitud_administraci\u00f3_medicaments.pdf\">Autoritzaci\u00f3 signada<\/a> on s&#8217;autoritzi els docents del centre educatiu per administrar la medicaci\u00f3 corresponent, si escau.<\/p>\n<ul>\n<li><strong>En cas de diabetis<\/strong><\/li>\n<\/ul>\n<p>-Els pares i mares de nens diab\u00e8tics han de\u00a0<strong>demanar al metge un\u00a0<\/strong><a href=\"http:\/\/agora.xtec.cat\/ceipginesta\/wp-content\/uploads\/usu640\/2014\/09\/comunicacio_escolaritzacio_cap.pdf\">informe estandaritzat<\/a>. L\u2019informe ha d\u2019estar signat per l\u2019equip m\u00e8dic i inclou informacions a tenir en compte sobre l\u2019enfermetat, aix\u00ed com tel\u00e8fons de refer\u00e8ncia dels serveis sanitaris.\u00a0<strong>Aquest informe s\u2019haur\u00e0 de renovar un cop a l\u2019any. <\/strong>S&#8217;ha de presentar<strong> obligat\u00f2riament <\/strong>al centre educatiu.<\/p>\n<p>-Han de lliurar tamb\u00e9 a l\u2019escola un<a href=\"http:\/\/agora.xtec.cat\/ceipginesta\/wp-content\/uploads\/usu640\/2014\/09\/auto_control_glu_insulina.pdf\">\u00a0impr\u00e8s estandaritzat d\u2019autoritzaci\u00f3 d\u2019administraci\u00f3 d\u2019insulina\u00a0a l\u2019alumne diab\u00e8tic,<\/a> signat i datat.<\/p>\n<p>-Tamb\u00e9 han de lliurar un\u00a0<a href=\"http:\/\/agora.xtec.cat\/ceipginesta\/wp-content\/uploads\/usu640\/2014\/09\/autoritzacio_glucago.pdf\">impr\u00e8s d\u2019autoritzaci\u00f3 d\u2019administraci\u00f3 de glucag\u00f3\u00a0en casos d\u2019emerg\u00e8ncia<\/a>, de baixada dels nivells de sucre amb p\u00e8rdua de consci\u00e8ncia. L\u2019informe ser\u00e0 signat i datat.<\/p>\n<p>Per am\u00e9s informaci\u00f3 podeu consultar el document <a href=\"http:\/\/salutweb.gencat.cat\/ca\/ambits_tematics\/per_perfils\/centres_educatius\/infancia_i_malaltia\/diabetis_a_lescola\/\">&#8220;Diabetis a l&#8217;escola&#8221;<\/a><\/p>\n<ul>\n<li><strong>Par\u00e0sits<\/strong>.<\/li>\n<\/ul>\n<p>Quan es detectin casos d\u2019alumnes amb polls, contactarem amb\u00a0la fam\u00edlia per informar-los que han de fer el tractament. Informarem tamb\u00e9 a totes les fam\u00edlies de la mateixa classe, perqu\u00e8 cada fam\u00edlia revisi el cabell dels seus fills\/es i, segons el resultat faci la prevenci\u00f3 o el tractament. Una vegada s\u2019ha aplicat el tractament, ja es pot tornar a escola.<\/p>\n<p>Per saber una mica m\u00e9s es pot consultar aquest article <em><a href=\"http:\/\/agora.xtec.cat\/ceipginesta\/general\/els-polls\/\">&#8220;Els polls&#8221;<\/a><\/em><\/p>\n<ul style=\"list-style-type: disc;\">\n<li><strong>Caigudes i altres<\/strong><\/li>\n<\/ul>\n<p>En cas que un nen o nena es faci mal durant l\u2019horari escolar i necessiti una atenci\u00f3 m\u00e8dica, s\u2019intentar\u00e0 primer localitzar a la fam\u00edlia perqu\u00e8 siguin els pares que l\u2019acompanyin al metge o al CAP. Si \u00e9s molt urgent i\/o no es localitza cap familiar, un mestre de l\u2019escola el portar\u00e0 al CAP i des del centre es continuar\u00e0 buscant a la fam\u00edlia. Si calgu\u00e9s el trasllat a l\u2019hospital \u00a0i no es localitz\u00e9s a la fam\u00edlia s\u2019hauria de demanar una ambul\u00e0ncia.<\/p>\n<p><em><b>\u00c9s important tenir sempre un tel\u00e8fon de contacte i comunicar a l\u2019escola qualsevol canvi de direcci\u00f3 i de n\u00famero.<\/b><\/em><\/p>\n<p>&nbsp;<\/p>\n","protected":false},"excerpt":{"rendered":"<p>Algunes q\u00fcestions a tenir en compte:<\/p>\n<ul>\n<li>Malalties i administraci\u00f3 de medicaments<\/li>\n<\/ul>\n<p>Si algun alumne\/a ha de prendre medicaci\u00f3 durant l\u2019horari escolar cal que ho comuniqui per escrit al seu tutor\/a indicant-ne l\u2019horari i la dosi. Els impresos corresponents s\u2019han de demanar a consergeria, o imprimir-los des d&#8217;aquesta&hellip;  <a href=\"https:\/\/agora.xtec.cat\/ceipginesta\/lescola\/salut\/\" title=\"Read Salud: consells i autoritzacions\">Llegeix m\u00e9s\u00bb<\/a><\/p>\n","protected":false},"author":1,"featured_media":0,"parent":22,"menu_order":9,"comment_status":"closed","ping_status":"closed","template":"page-templates\/side-menu.php","meta":{"_bbp_topic_count":0,"_bbp_reply_count":0,"_bbp_total_topic_count":0,"_bbp_total_reply_count":0,"_bbp_voice_count":0,"_bbp_anonymous_reply_count":0,"_bbp_topic_count_hidden":0,"_bbp_reply_count_hidden":0,"_bbp_forum_subforum_count":0,"footnotes":""},"class_list":["post-38","page","type-page","status-publish","hentry"],"post_mailing_queue_ids":[],"_links":{"self":[{"href":"https:\/\/agora.xtec.cat\/ceipginesta\/wp-json\/wp\/v2\/pages\/38","targetHints":{"allow":["GET"]}}],"collection":[{"href":"https:\/\/agora.xtec.cat\/ceipginesta\/wp-json\/wp\/v2\/pages"}],"about":[{"href":"https:\/\/agora.xtec.cat\/ceipginesta\/wp-json\/wp\/v2\/types\/page"}],"author":[{"embeddable":true,"href":"https:\/\/agora.xtec.cat\/ceipginesta\/wp-json\/wp\/v2\/users\/1"}],"replies":[{"embeddable":true,"href":"https:\/\/agora.xtec.cat\/ceipginesta\/wp-json\/wp\/v2\/comments?post=38"}],"version-history":[{"count":4,"href":"https:\/\/agora.xtec.cat\/ceipginesta\/wp-json\/wp\/v2\/pages\/38\/revisions"}],"predecessor-version":[{"id":10013,"href":"https:\/\/agora.xtec.cat\/ceipginesta\/wp-json\/wp\/v2\/pages\/38\/revisions\/10013"}],"up":[{"embeddable":true,"href":"https:\/\/agora.xtec.cat\/ceipginesta\/wp-json\/wp\/v2\/pages\/22"}],"wp:attachment":[{"href":"https:\/\/agora.xtec.cat\/ceipginesta\/wp-json\/wp\/v2\/media?parent=38"}],"curies":[{"name":"wp","href":"https:\/\/api.w.org\/{rel}","templated":true}]}}