{"id":32,"date":"2014-09-18T12:31:33","date_gmt":"2014-09-18T11:31:33","guid":{"rendered":"http:\/\/agora.xtec.cat\/ceipginesta\/?page_id=32"},"modified":"2025-09-02T12:45:40","modified_gmt":"2025-09-02T10:45:40","slug":"calendari-del-curs","status":"publish","type":"page","link":"https:\/\/agora.xtec.cat\/ceipginesta\/lescola\/calendari-del-curs\/","title":{"rendered":"Calendari i horari escolar. Entrades i sortides."},"content":{"rendered":"<p>El calendari de l&#8217;escola del curs 2025-26 ha estat aprovat pel Consell Escolar i ser\u00e0 el seg\u00fcent:<\/p>\n<p><object style=\"width: 800px; height: 600px;\" data=\"https:\/\/agora.xtec.cat\/ceipginesta\/wp-content\/uploads\/usu640\/2025\/09\/Calendari-curs-2025-26.pdf\" width=\"300\" height=\"150\"><span style=\"display: inline-block; width: 0px; overflow: hidden; line-height: 0;\" data-mce-type=\"bookmark\" class=\"mce_SELRES_start\">\ufeff<\/span><span style=\"display: inline-block; width: 0px; overflow: hidden; line-height: 0;\" data-mce-type=\"bookmark\" class=\"mce_SELRES_start\">\ufeff<\/span><span style=\"display: inline-block; width: 0px; overflow: hidden; line-height: 0;\" data-mce-type=\"bookmark\" class=\"mce_SELRES_start\">\ufeff<\/span><span style=\"display: inline-block; width: 0px; overflow: hidden; line-height: 0;\" data-mce-type=\"bookmark\" class=\"mce_SELRES_start\">\ufeff<\/span><span style=\"display: inline-block; width: 0px; overflow: hidden; line-height: 0;\" data-mce-type=\"bookmark\" class=\"mce_SELRES_start\"><span style=\"display: inline-block; width: 0px; overflow: hidden; line-height: 0;\" data-mce-type=\"bookmark\" class=\"mce_SELRES_start\">\ufeff<\/span>\ufeff<\/span><span style=\"display: inline-block; width: 0px; overflow: hidden; line-height: 0;\" data-mce-type=\"bookmark\" class=\"mce_SELRES_start\">\ufeff<\/span><\/object><br \/>\n<strong><span style=\"color: #910404;\">Horari del centre:<\/span><\/strong><\/p>\n<p>&#8211; 06\/09\/23-04\/06\/24: * Mat\u00ed 9:00h a 12:30h. * Tarda: 15:00h a 16:30h.<\/p>\n<p>&#8211; 05\/06\/24-21\/06\/24, de 9:00h a 13:00h.<\/p>\n<p><a href=\"http:\/\/agora.xtec.cat\/ceipginesta\/wp-content\/uploads\/usu640\/2014\/09\/rellotgecalen.jpg\"><img loading=\"lazy\" decoding=\"async\" class=\"alignnone size-full wp-image-656\" src=\"http:\/\/agora.xtec.cat\/ceipginesta\/wp-content\/uploads\/usu640\/2014\/09\/rellotgecalen.jpg\" alt=\"rellotgecalen\" width=\"993\" height=\"193\" srcset=\"https:\/\/agora.xtec.cat\/ceipginesta\/wp-content\/uploads\/usu640\/2014\/09\/rellotgecalen.jpg 993w, https:\/\/agora.xtec.cat\/ceipginesta\/wp-content\/uploads\/usu640\/2014\/09\/rellotgecalen-300x58.jpg 300w, https:\/\/agora.xtec.cat\/ceipginesta\/wp-content\/uploads\/usu640\/2014\/09\/rellotgecalen-768x149.jpg 768w\" sizes=\"auto, (max-width: 993px) 100vw, 993px\" \/><\/a><\/p>\n<p><strong><span style=\"color: #339966;\">NORMES B\u00c0SIQUES D&#8217;ENTRADES I SORTIDES<\/span><\/strong><\/p>\n<p><span style=\"color: #800000;\"><span style=\"color: #000000;\">Pel bon funcionament de l\u2019escola, es prega la m\u00e0xima puntualitat.<\/span><\/span><\/p>\n<p><span style=\"color: #800000;\"><strong>-Educaci\u00f3 Infantil:<\/strong> \u00a0<\/span><em>AT! Quan ha de venir a buscar al nen\/a una persona diferent a la que ve normalment, ho han de notificar a la mestra tutora, amb antelaci\u00f3. <\/em><\/p>\n<p><span style=\"color: #993300;\"><span style=\"color: #800000;\"><strong>-Educaci\u00f3 Prim\u00e0ria:<\/strong>\u00a0<\/span>\u00a0<\/span>Les fam\u00edlies que decideixin que <strong>el germ\u00e0 gran<\/strong>, a partir de 5\u00e8 de prim\u00e0ria, <strong>reculli un\/s germ\u00e0\/ns m\u00e9s petit\/s,<\/strong> haur\u00e0 de signar una autoritzaci\u00f3 que hi ha a tal fi a la secretaria del centre o b\u00e9 descarregar-la des d&#8217;aqu\u00ed i entregar-la emplenada al tutor\/a del fill petit. No obstant aix\u00f2, l\u2019escola es reserva el dret d\u2019acceptar-la.<\/p>\n<p><strong><a href=\"http:\/\/agora.xtec.cat\/ceipginesta\">Autoritzaci\u00f3 als nens que marxen amb germans grans<\/a><\/strong><\/p>\n","protected":false},"excerpt":{"rendered":"<p>El calendari de l&#8217;escola del curs 2025-26 ha estat aprovat pel Consell Escolar i ser\u00e0 el seg\u00fcent:<br \/>\n\ufeff\ufeff\ufeff\ufeff\ufeff\ufeff\ufeff<br \/>\nHorari del centre:<br \/>\n&#8211; 06\/09\/23-04\/06\/24: * Mat\u00ed 9:00h a 12:30h. * Tarda: 15:00h a 16:30h.<br \/>\n&#8211; 05\/06\/24-21\/06\/24, de 9:00h a 13:00h.<br \/>\n<a href=\"http:\/\/agora.xtec.cat\/ceipginesta\/wp-content\/uploads\/usu640\/2014\/09\/rellotgecalen.jpg\"><\/a><br \/>\nNORMES B\u00c0SIQUES D&#8217;ENTRADES I SORTIDES<br \/>\nPel bon funcionament de l\u2019escola, es&hellip;  <a href=\"https:\/\/agora.xtec.cat\/ceipginesta\/lescola\/calendari-del-curs\/\" title=\"Read Calendari i horari escolar. Entrades i sortides.\">Llegeix m\u00e9s\u00bb<\/a><\/p>\n","protected":false},"author":1,"featured_media":0,"parent":22,"menu_order":8,"comment_status":"closed","ping_status":"closed","template":"page-templates\/side-menu.php","meta":{"_bbp_topic_count":0,"_bbp_reply_count":0,"_bbp_total_topic_count":0,"_bbp_total_reply_count":0,"_bbp_voice_count":0,"_bbp_anonymous_reply_count":0,"_bbp_topic_count_hidden":0,"_bbp_reply_count_hidden":0,"_bbp_forum_subforum_count":0,"footnotes":""},"class_list":["post-32","page","type-page","status-publish","hentry"],"post_mailing_queue_ids":[],"_links":{"self":[{"href":"https:\/\/agora.xtec.cat\/ceipginesta\/wp-json\/wp\/v2\/pages\/32","targetHints":{"allow":["GET"]}}],"collection":[{"href":"https:\/\/agora.xtec.cat\/ceipginesta\/wp-json\/wp\/v2\/pages"}],"about":[{"href":"https:\/\/agora.xtec.cat\/ceipginesta\/wp-json\/wp\/v2\/types\/page"}],"author":[{"embeddable":true,"href":"https:\/\/agora.xtec.cat\/ceipginesta\/wp-json\/wp\/v2\/users\/1"}],"replies":[{"embeddable":true,"href":"https:\/\/agora.xtec.cat\/ceipginesta\/wp-json\/wp\/v2\/comments?post=32"}],"version-history":[{"count":6,"href":"https:\/\/agora.xtec.cat\/ceipginesta\/wp-json\/wp\/v2\/pages\/32\/revisions"}],"predecessor-version":[{"id":644,"href":"https:\/\/agora.xtec.cat\/ceipginesta\/wp-json\/wp\/v2\/pages\/32\/revisions\/644"}],"up":[{"embeddable":true,"href":"https:\/\/agora.xtec.cat\/ceipginesta\/wp-json\/wp\/v2\/pages\/22"}],"wp:attachment":[{"href":"https:\/\/agora.xtec.cat\/ceipginesta\/wp-json\/wp\/v2\/media?parent=32"}],"curies":[{"name":"wp","href":"https:\/\/api.w.org\/{rel}","templated":true}]}}