{"id":30,"date":"2014-09-18T12:30:23","date_gmt":"2014-09-18T11:30:23","guid":{"rendered":"http:\/\/agora.xtec.cat\/ceipginesta\/?page_id=30"},"modified":"2025-01-28T17:26:46","modified_gmt":"2025-01-28T16:26:46","slug":"instal%c2%b7lacions","status":"publish","type":"page","link":"https:\/\/agora.xtec.cat\/ceipginesta\/lescola\/instal%c2%b7lacions\/","title":{"rendered":"Instal\u00b7lacions"},"content":{"rendered":"<p>L&#8217;escola Ginesta es troba organitzada en dos edificis: un per a <strong>Educaci\u00f3 Infantil<\/strong> i un altre per a <strong>Educaci\u00f3 Prim\u00e0ria<\/strong>.<\/p>\n<p><strong>A l&#8217;edifici d&#8217;Educaci\u00f3 Infantil hi trobem:<\/strong><\/p>\n<table style=\"width: 837px;\">\n<tbody>\n<tr>\n<td style=\"width: 215px;\">&#8211; 6 aules ordin\u00e0ries.<\/p>\n<p>&#8211; Aula de m\u00fasica i desdoblament.<\/p>\n<p>&#8211; Aula de refor\u00e7.<\/p>\n<p>&#8211; Biblioteca.<\/p>\n<p>&#8211; Gimn\u00e0s.<\/p>\n<p>&#8211; Menjador amb cuina pr\u00f2pia.<\/td>\n<td style=\"width: 300px;\"><a href=\"http:\/\/agora.xtec.cat\/ceipginesta\/wp-content\/uploads\/usu640\/2014\/09\/01.jpg\"><img loading=\"lazy\" decoding=\"async\" class=\"alignnone size-full wp-image-605\" src=\"http:\/\/agora.xtec.cat\/ceipginesta\/wp-content\/uploads\/usu640\/2014\/09\/01.jpg\" alt=\"01\" width=\"300\" height=\"225\" \/><\/a><\/td>\n<td style=\"width: 312px;\"><a href=\"http:\/\/agora.xtec.cat\/ceipginesta\/wp-content\/uploads\/usu640\/2017\/02\/03.jpg\"><img loading=\"lazy\" decoding=\"async\" class=\"alignnone size-full wp-image-584\" src=\"http:\/\/agora.xtec.cat\/ceipginesta\/wp-content\/uploads\/usu640\/2017\/02\/03.jpg\" alt=\"03\" width=\"300\" height=\"225\" srcset=\"https:\/\/agora.xtec.cat\/ceipginesta\/wp-content\/uploads\/usu640\/2017\/02\/03.jpg 300w, https:\/\/agora.xtec.cat\/ceipginesta\/wp-content\/uploads\/usu640\/2017\/02\/03-200x150.jpg 200w\" sizes=\"auto, (max-width: 300px) 100vw, 300px\" \/><\/a><\/td>\n<\/tr>\n<\/tbody>\n<\/table>\n<p><strong>A l&#8217;edifici d&#8217;Educaci\u00f3 Prim\u00e0ria hi trobem:<\/strong><\/p>\n<table style=\"width: 838px;\">\n<tbody>\n<tr>\n<td style=\"width: 213px;\">&#8211; 12 aules ordin\u00e0ries.<\/p>\n<p>&#8211; Aula de m\u00fasica.<\/p>\n<p>&#8211; Aula d&#8217;angl\u00e8s.<\/p>\n<p>&#8211; Aula d&#8217;educaci\u00f3 art\u00edstica.<\/p>\n<p>&#8211; Biblioteca.<\/p>\n<p>&#8211; Aula de ci\u00e8ncies i experiments.<\/p>\n<p>&#8211; 2 aules d&#8217;atenci\u00f3 a la diversitat.<\/p>\n<ul>\n<li>2 despatxos de tutoria per fam\u00edlies.<\/li>\n<\/ul>\n<p>&#8211; Menjador amb cuina pr\u00f2pia.<\/td>\n<td style=\"width: 301px;\"><a href=\"http:\/\/agora.xtec.cat\/ceipginesta\/wp-content\/uploads\/usu640\/2017\/02\/08.jpg\"><img loading=\"lazy\" decoding=\"async\" class=\"alignnone size-full wp-image-585\" src=\"http:\/\/agora.xtec.cat\/ceipginesta\/wp-content\/uploads\/usu640\/2017\/02\/08.jpg\" alt=\"08\" width=\"300\" height=\"225\" srcset=\"https:\/\/agora.xtec.cat\/ceipginesta\/wp-content\/uploads\/usu640\/2017\/02\/08.jpg 300w, https:\/\/agora.xtec.cat\/ceipginesta\/wp-content\/uploads\/usu640\/2017\/02\/08-200x150.jpg 200w\" sizes=\"auto, (max-width: 300px) 100vw, 300px\" \/><\/a><\/td>\n<td style=\"width: 314px;\"><a href=\"http:\/\/agora.xtec.cat\/ceipginesta\/wp-content\/uploads\/usu640\/2017\/02\/02.jpg\"><img loading=\"lazy\" decoding=\"async\" class=\"alignnone size-full wp-image-583\" src=\"http:\/\/agora.xtec.cat\/ceipginesta\/wp-content\/uploads\/usu640\/2017\/02\/02.jpg\" alt=\"02\" width=\"300\" height=\"225\" srcset=\"https:\/\/agora.xtec.cat\/ceipginesta\/wp-content\/uploads\/usu640\/2017\/02\/02.jpg 300w, https:\/\/agora.xtec.cat\/ceipginesta\/wp-content\/uploads\/usu640\/2017\/02\/02-200x150.jpg 200w\" sizes=\"auto, (max-width: 300px) 100vw, 300px\" \/><\/a><\/td>\n<\/tr>\n<\/tbody>\n<\/table>\n<p>Els dos edificis compten amb pati exterior amb elements de joc i esport, amb zones d&#8217;arbres i vegetaci\u00f3.<\/p>\n\r\n\t<div class=\"slideshow_container slideshow_container_style-light\" style=\"height: 250px; \" data-slideshow-id=\"708\" data-style-name=\"style-light\" data-style-version=\"2.3.1\" >\r\n\r\n\t\t\t\t\t<div class=\"slideshow_loading_icon\"><\/div>\r\n\t\t\r\n\t\t<div class=\"slideshow_content\" style=\"display: none;\">\r\n\r\n\t\t\t<div class=\"slideshow_view\">\t<div style=\"clear: both;\"><\/div><\/div><div class=\"slideshow_view\">\t<div style=\"clear: both;\"><\/div><\/div><div class=\"slideshow_view\">\t<div style=\"clear: both;\"><\/div><\/div><div class=\"slideshow_view\">\t<div style=\"clear: both;\"><\/div><\/div><div class=\"slideshow_view\">\t<div style=\"clear: both;\"><\/div><\/div><div class=\"slideshow_view\">\t<div style=\"clear: both;\"><\/div><\/div><div class=\"slideshow_view\">\t<div style=\"clear: both;\"><\/div><\/div><div class=\"slideshow_view\">\t<div style=\"clear: both;\"><\/div><\/div><div class=\"slideshow_view\">\t<div style=\"clear: both;\"><\/div><\/div><div class=\"slideshow_view\">\t<div style=\"clear: both;\"><\/div><\/div><div class=\"slideshow_view\">\t<div style=\"clear: both;\"><\/div><\/div><div class=\"slideshow_view\">\t<div style=\"clear: both;\"><\/div><\/div><div class=\"slideshow_view\">\t<div style=\"clear: both;\"><\/div><\/div><div class=\"slideshow_view\">\t<div style=\"clear: both;\"><\/div><\/div><div class=\"slideshow_view\">\t<div style=\"clear: both;\"><\/div><\/div>\r\n\t\t<\/div>\r\n\r\n\t\t<div class=\"slideshow_controlPanel slideshow_transparent\" style=\"display: none;\"><ul><li class=\"slideshow_togglePlay\" data-play-text=\"Visualitza\" data-pause-text=\"Pausa\"><\/li><\/ul><\/div>\r\n\r\n\t\t<div class=\"slideshow_button slideshow_previous slideshow_transparent\" role=\"button\" data-previous-text=\"Anterior\" style=\"display: none;\"><\/div>\r\n\t\t<div class=\"slideshow_button slideshow_next slideshow_transparent\" role=\"button\" data-next-text=\"Seg\u00fcent\" style=\"display: none;\"><\/div>\r\n\r\n\t\t<div class=\"slideshow_pagination\" style=\"display: none;\" data-go-to-text=\"V\u00e9s a la diapositiva\"><div class=\"slideshow_pagination_center\"><\/div><\/div>\r\n\r\n\t\t<!-- WordPress Slideshow Version 2.3.1 -->\r\n\r\n\t\t\t<\/div>\r\n\r\n\n","protected":false},"excerpt":{"rendered":"<p>L&#8217;escola Ginesta es troba organitzada en dos edificis: un per a Educaci\u00f3 Infantil i un altre per a Educaci\u00f3 Prim\u00e0ria.<br \/>\nA l&#8217;edifici d&#8217;Educaci\u00f3 Infantil hi trobem:<\/p>\n<p>&#8211; 6 aules ordin\u00e0ries.<br \/>\n&#8211; Aula de m\u00fasica i desdoblament.<br \/>\n&#8211; Aula de refor\u00e7.<br \/>\n&#8211; Biblioteca.<br \/>\n&#8211; Gimn\u00e0s.<br \/>\n&#8211; Menjador amb cuina pr\u00f2pia.<br \/>\n<a href=\"http:\/\/agora.xtec.cat\/ceipginesta\/wp-content\/uploads\/usu640\/2014\/09\/01.jpg\"><\/a><br \/>\n<a href=\"http:\/\/agora.xtec.cat\/ceipginesta\/wp-content\/uploads\/usu640\/2017\/02\/03.jpg\"><\/a><\/p>\n<p>A l&#8217;edifici&hellip;  <a href=\"https:\/\/agora.xtec.cat\/ceipginesta\/lescola\/instal%c2%b7lacions\/\" title=\"Read Instal\u00b7lacions\">Llegeix m\u00e9s\u00bb<\/a><\/p>\n","protected":false},"author":1,"featured_media":0,"parent":22,"menu_order":3,"comment_status":"closed","ping_status":"closed","template":"page-templates\/side-menu.php","meta":{"_bbp_topic_count":0,"_bbp_reply_count":0,"_bbp_total_topic_count":0,"_bbp_total_reply_count":0,"_bbp_voice_count":0,"_bbp_anonymous_reply_count":0,"_bbp_topic_count_hidden":0,"_bbp_reply_count_hidden":0,"_bbp_forum_subforum_count":0,"footnotes":""},"class_list":["post-30","page","type-page","status-publish","hentry"],"post_mailing_queue_ids":[],"_links":{"self":[{"href":"https:\/\/agora.xtec.cat\/ceipginesta\/wp-json\/wp\/v2\/pages\/30","targetHints":{"allow":["GET"]}}],"collection":[{"href":"https:\/\/agora.xtec.cat\/ceipginesta\/wp-json\/wp\/v2\/pages"}],"about":[{"href":"https:\/\/agora.xtec.cat\/ceipginesta\/wp-json\/wp\/v2\/types\/page"}],"author":[{"embeddable":true,"href":"https:\/\/agora.xtec.cat\/ceipginesta\/wp-json\/wp\/v2\/users\/1"}],"replies":[{"embeddable":true,"href":"https:\/\/agora.xtec.cat\/ceipginesta\/wp-json\/wp\/v2\/comments?post=30"}],"version-history":[{"count":5,"href":"https:\/\/agora.xtec.cat\/ceipginesta\/wp-json\/wp\/v2\/pages\/30\/revisions"}],"predecessor-version":[{"id":9805,"href":"https:\/\/agora.xtec.cat\/ceipginesta\/wp-json\/wp\/v2\/pages\/30\/revisions\/9805"}],"up":[{"embeddable":true,"href":"https:\/\/agora.xtec.cat\/ceipginesta\/wp-json\/wp\/v2\/pages\/22"}],"wp:attachment":[{"href":"https:\/\/agora.xtec.cat\/ceipginesta\/wp-json\/wp\/v2\/media?parent=30"}],"curies":[{"name":"wp","href":"https:\/\/api.w.org\/{rel}","templated":true}]}}