{"id":26,"date":"2014-09-18T12:24:32","date_gmt":"2014-09-18T11:24:32","guid":{"rendered":"http:\/\/agora.xtec.cat\/ceipginesta\/?page_id=26"},"modified":"2025-01-28T17:25:26","modified_gmt":"2025-01-28T16:25:26","slug":"historia","status":"publish","type":"page","link":"https:\/\/agora.xtec.cat\/ceipginesta\/lescola\/historia\/","title":{"rendered":"Hist\u00f2ria"},"content":{"rendered":"<h4><span style=\"color: #940606;\"><strong><em>Fem mem\u00f2ria del nostre cam\u00ed<\/em>!<\/strong><\/span><\/h4>\n<p>L\u2019Escola Ginesta de Matadepera va passar, en poc anys, de ser una escola unit\u00e0ria de poble a convertir-se en una gran escola, de fins a tres l\u00ednies superant, en alguns cursos els 600 alumnes i els 40 docents,\u00a0 arribant a convertir-se en un dels centres m\u00e9s grans a la comarca del Vall\u00e8s Occidental.<\/p>\n<p>Aquestes xifres van anar acompanyades, en moltes ocasions, de situacions dif\u00edcils i complicades tant en relaci\u00f3 a les infraestructures com en relaci\u00f3 al funcionament quotidi\u00e0 del centre: la construcci\u00f3 d\u2019un nou edifici de E. Infantil separat del de Prim\u00e0ria al estendre\u2019s la 2ona l\u00ednia al centre, compartir espais amb l\u2019IES Matadepera a l\u2019edifici de Prim\u00e0ria, l\u2019ocupaci\u00f3 de part dels patis per m\u00f2duls per acollir la 3r l\u00ednia, la incorporaci\u00f3 constant de nous professionals,&#8230;.<\/p>\n<p>No \u00e9s fins els curs 2003-2004, amb la construcci\u00f3 de la segona escola p\u00fablica a la localitat, que \u00a0el centre recupera certa normalitat i pot administrar els seus espais en equilibri amb el nombre d\u2019alumnes, fins a 450 en alguns moments.<\/p>\n<p>Aquestes situacions es van superar gr\u00e0cies a l\u2019esfor\u00e7 i la col\u00b7laboraci\u00f3 de tots els implicats: mestres, pares i mares, personal d\u2019administraci\u00f3 i serveis, Ajuntament, etc. La hist\u00f2ria ens indica que l\u2019escola i els seus membres, ha sabut respondre de manera efica\u00e7 a canvis i reptes importants de la m\u00e0 de les persones que han liderat i gestionat, durant la seva traject\u00f2ria, \u00a0aquest gran projecte educatiu.<\/p>\n<p>Actualment \u00e9s un centre consolidat amb dues l\u00ednies educatives, un projecte educatiu cohesionat i coherent, una plantilla de mestres compromesa i motivada, i una comunitat educativa participativa i col\u00b7laboradora.<\/p>\n<p>Per aix\u00f2, a partir d\u2019ara, <strong>no dubtem que continuarem sent un centre referent pel poble per donar resposta a noves situacions,<\/strong> <strong>a noves necessitats i a reptes futurs.<\/strong>\u00a0Sempre amb optimisme i amb esfor\u00e7.<\/p>\n<p><a href=\"http:\/\/agora.xtec.cat\/ceipginesta\/wp-content\/uploads\/usu640\/2014\/09\/Photo-by-Nick-Amoscato.jpg\"><img loading=\"lazy\" decoding=\"async\" class=\"alignnone size-full wp-image-112 aligncenter\" src=\"http:\/\/agora.xtec.cat\/ceipginesta\/wp-content\/uploads\/usu640\/2014\/09\/Photo-by-Nick-Amoscato.jpg\" alt=\"Photo by Nick Amoscato\" width=\"638\" height=\"215\" srcset=\"https:\/\/agora.xtec.cat\/ceipginesta\/wp-content\/uploads\/usu640\/2014\/09\/Photo-by-Nick-Amoscato.jpg 638w, https:\/\/agora.xtec.cat\/ceipginesta\/wp-content\/uploads\/usu640\/2014\/09\/Photo-by-Nick-Amoscato-300x101.jpg 300w\" sizes=\"auto, (max-width: 638px) 100vw, 638px\" \/><\/a><\/p>\n","protected":false},"excerpt":{"rendered":"<p>Fem mem\u00f2ria del nostre cam\u00ed!<br \/>\nL\u2019Escola Ginesta de Matadepera va passar, en poc anys, de ser una escola unit\u00e0ria de poble a convertir-se en una gran escola, de fins a tres l\u00ednies superant, en alguns cursos els 600 alumnes i els 40 docents,\u00a0 arribant a convertir-se&hellip;  <a href=\"https:\/\/agora.xtec.cat\/ceipginesta\/lescola\/historia\/\" title=\"Read Hist\u00f2ria\">Llegeix m\u00e9s\u00bb<\/a><\/p>\n","protected":false},"author":1,"featured_media":0,"parent":22,"menu_order":2,"comment_status":"closed","ping_status":"closed","template":"page-templates\/side-menu.php","meta":{"_bbp_topic_count":0,"_bbp_reply_count":0,"_bbp_total_topic_count":0,"_bbp_total_reply_count":0,"_bbp_voice_count":0,"_bbp_anonymous_reply_count":0,"_bbp_topic_count_hidden":0,"_bbp_reply_count_hidden":0,"_bbp_forum_subforum_count":0,"footnotes":""},"class_list":["post-26","page","type-page","status-publish","hentry"],"post_mailing_queue_ids":[],"_links":{"self":[{"href":"https:\/\/agora.xtec.cat\/ceipginesta\/wp-json\/wp\/v2\/pages\/26","targetHints":{"allow":["GET"]}}],"collection":[{"href":"https:\/\/agora.xtec.cat\/ceipginesta\/wp-json\/wp\/v2\/pages"}],"about":[{"href":"https:\/\/agora.xtec.cat\/ceipginesta\/wp-json\/wp\/v2\/types\/page"}],"author":[{"embeddable":true,"href":"https:\/\/agora.xtec.cat\/ceipginesta\/wp-json\/wp\/v2\/users\/1"}],"replies":[{"embeddable":true,"href":"https:\/\/agora.xtec.cat\/ceipginesta\/wp-json\/wp\/v2\/comments?post=26"}],"version-history":[{"count":5,"href":"https:\/\/agora.xtec.cat\/ceipginesta\/wp-json\/wp\/v2\/pages\/26\/revisions"}],"predecessor-version":[{"id":9804,"href":"https:\/\/agora.xtec.cat\/ceipginesta\/wp-json\/wp\/v2\/pages\/26\/revisions\/9804"}],"up":[{"embeddable":true,"href":"https:\/\/agora.xtec.cat\/ceipginesta\/wp-json\/wp\/v2\/pages\/22"}],"wp:attachment":[{"href":"https:\/\/agora.xtec.cat\/ceipginesta\/wp-json\/wp\/v2\/media?parent=26"}],"curies":[{"name":"wp","href":"https:\/\/api.w.org\/{rel}","templated":true}]}}