{"id":1388,"date":"2017-09-15T13:26:17","date_gmt":"2017-09-15T11:26:17","guid":{"rendered":"http:\/\/agora.xtec.cat\/ceipginesta\/?page_id=1388"},"modified":"2025-07-10T13:17:41","modified_gmt":"2025-07-10T11:17:41","slug":"informacio-avisos-i-incidencies","status":"publish","type":"page","link":"https:\/\/agora.xtec.cat\/ceipginesta\/lescola\/informacio-avisos-i-incidencies\/","title":{"rendered":"Informaci\u00f3, avisos i incid\u00e8ncies"},"content":{"rendered":"<p>Per fer arribar les informacions, avisos o incid\u00e8ncies, cal fer-ho al responsable segons la situaci\u00f3. Els tel\u00e8fons i correus principals de comunicaci\u00f3 de l&#8217;escola s\u00f3n:<\/p>\n<p><object style=\"width: 800px; height: 600px;\" data=\"https:\/\/agora.xtec.cat\/ceipginesta\/wp-content\/uploads\/usu640\/2025\/07\/INFORMACIO-I-AVISOS.pdf\" width=\"300\" height=\"150\"><span style=\"display: inline-block; width: 0px; overflow: hidden; line-height: 0;\" data-mce-type=\"bookmark\" class=\"mce_SELRES_start\">\ufeff<\/span><span style=\"display: inline-block; width: 0px; overflow: hidden; line-height: 0;\" data-mce-type=\"bookmark\" class=\"mce_SELRES_start\">\ufeff<\/span><\/object><\/p>\n<p>&nbsp;<\/p>\n<p>&nbsp;<\/p>\n","protected":false},"excerpt":{"rendered":"<p>Per fer arribar les informacions, avisos o incid\u00e8ncies, cal fer-ho al responsable segons la situaci\u00f3. Els tel\u00e8fons i correus principals de comunicaci\u00f3 de l&#8217;escola s\u00f3n:<br \/>\n\ufeff\ufeff<br \/>\n&nbsp;<br \/>\n&nbsp;<\/p>\n","protected":false},"author":1,"featured_media":0,"parent":22,"menu_order":10,"comment_status":"closed","ping_status":"closed","template":"","meta":{"_bbp_topic_count":0,"_bbp_reply_count":0,"_bbp_total_topic_count":0,"_bbp_total_reply_count":0,"_bbp_voice_count":0,"_bbp_anonymous_reply_count":0,"_bbp_topic_count_hidden":0,"_bbp_reply_count_hidden":0,"_bbp_forum_subforum_count":0,"footnotes":""},"class_list":["post-1388","page","type-page","status-publish","hentry"],"post_mailing_queue_ids":[],"_links":{"self":[{"href":"https:\/\/agora.xtec.cat\/ceipginesta\/wp-json\/wp\/v2\/pages\/1388","targetHints":{"allow":["GET"]}}],"collection":[{"href":"https:\/\/agora.xtec.cat\/ceipginesta\/wp-json\/wp\/v2\/pages"}],"about":[{"href":"https:\/\/agora.xtec.cat\/ceipginesta\/wp-json\/wp\/v2\/types\/page"}],"author":[{"embeddable":true,"href":"https:\/\/agora.xtec.cat\/ceipginesta\/wp-json\/wp\/v2\/users\/1"}],"replies":[{"embeddable":true,"href":"https:\/\/agora.xtec.cat\/ceipginesta\/wp-json\/wp\/v2\/comments?post=1388"}],"version-history":[{"count":5,"href":"https:\/\/agora.xtec.cat\/ceipginesta\/wp-json\/wp\/v2\/pages\/1388\/revisions"}],"predecessor-version":[{"id":9548,"href":"https:\/\/agora.xtec.cat\/ceipginesta\/wp-json\/wp\/v2\/pages\/1388\/revisions\/9548"}],"up":[{"embeddable":true,"href":"https:\/\/agora.xtec.cat\/ceipginesta\/wp-json\/wp\/v2\/pages\/22"}],"wp:attachment":[{"href":"https:\/\/agora.xtec.cat\/ceipginesta\/wp-json\/wp\/v2\/media?parent=1388"}],"curies":[{"name":"wp","href":"https:\/\/api.w.org\/{rel}","templated":true}]}}