{"id":10033,"date":"2025-07-10T14:16:18","date_gmt":"2025-07-10T12:16:18","guid":{"rendered":"https:\/\/agora.xtec.cat\/ceipginesta\/?page_id=10033"},"modified":"2025-07-11T10:00:48","modified_gmt":"2025-07-11T08:00:48","slug":"lema-de-curs","status":"publish","type":"page","link":"https:\/\/agora.xtec.cat\/ceipginesta\/serveis\/lema-de-curs\/","title":{"rendered":"Lema de curs"},"content":{"rendered":"<p><a href=\"https:\/\/agora.xtec.cat\/ceipginesta\/wp-content\/uploads\/usu640\/2025\/07\/Logo-40-aniversari.png\"><img loading=\"lazy\" decoding=\"async\" class=\"wp-image-10042 aligncenter\" src=\"https:\/\/agora.xtec.cat\/ceipginesta\/wp-content\/uploads\/usu640\/2025\/07\/Logo-40-aniversari.png\" alt=\"\" width=\"210\" height=\"158\" srcset=\"https:\/\/agora.xtec.cat\/ceipginesta\/wp-content\/uploads\/usu640\/2025\/07\/Logo-40-aniversari.png 885w, https:\/\/agora.xtec.cat\/ceipginesta\/wp-content\/uploads\/usu640\/2025\/07\/Logo-40-aniversari-300x226.png 300w, https:\/\/agora.xtec.cat\/ceipginesta\/wp-content\/uploads\/usu640\/2025\/07\/Logo-40-aniversari-768x579.png 768w, https:\/\/agora.xtec.cat\/ceipginesta\/wp-content\/uploads\/usu640\/2025\/07\/Logo-40-aniversari-200x150.png 200w\" sizes=\"auto, (max-width: 210px) 100vw, 210px\" \/><\/a>L&#8217;escola compta cada curs amb un lema de curs a trav\u00e9s del qual es motiven les activitats de conviv\u00e8ncia, tutoria i celebracions al llarg d&#8217;aquell any.<\/p>\n<p>Cada lema compta amb una imatge gr\u00e0fica amb la que reforcem el missatge i el compartim en les comunicacions amb fam\u00edlies i altres.<\/p>\n<p>El lema de curs ens ajuda a plantejar activitats que serveixin als infants per cr\u00e9ixer des de la mirada interpersonal, de valors i interacci\u00f3 amb el m\u00f3n que els envolta. Els objectius a treballar cada curs depenen del lema i serveixen per refor\u00e7ar unes idees, valors, actituds i mirada cap a reptes, situacions i viv\u00e8ncies del seu entorn proper. Algunes d&#8217;aquestes activitats poden ser:<\/p>\n<ul class=\"wp-block-list\">\n<li><strong>Metodologia d\u2019ensenyament<\/strong>: Implementant estrat\u00e8gies did\u00e0ctiques que encoratgin els alumnes a reflexionar sobre els coneixements adquirits i a aplicar-los de manera significativa en la seva vida di\u00e0ria.<\/li>\n<li><strong>Activitats educatives<\/strong>: Tallers i projectes que permetran als alumnes explorar la natura, l\u2019art i la cultura amb una mirada m\u00e9s atenta i apreciativa. Aquest enfocament ajudar\u00e0 a potenciar la seva creativitat i el seu pensament cr\u00edtic.<\/li>\n<li><strong>Espais de reflexi\u00f3<\/strong>: Creant moments dins del dia escolar dedicats a la reflexi\u00f3, el di\u00e0leg o l\u2019escriptura reflexiva, per ajudar els alumnes a connectar amb les seves pr\u00f2pies experi\u00e8ncies i sentiments.<\/li>\n<li><strong>Relacions interpersonals<\/strong>: Fomentant la construcci\u00f3 de relacions basades en l\u2019empatia i el respecte, encoratjant els alumnes a ser conscients de les necessitats i emocions dels altres.<\/li>\n<\/ul>\n<p>Lemes de cursos anteriors:<\/p>\n<p><a href=\"https:\/\/agora.xtec.cat\/ceipginesta\/wp-content\/uploads\/usu640\/2025\/07\/Junts-fem-cami_1.png\"><img loading=\"lazy\" decoding=\"async\" class=\"wp-image-10034 alignnone\" src=\"https:\/\/agora.xtec.cat\/ceipginesta\/wp-content\/uploads\/usu640\/2025\/07\/Junts-fem-cami_1-1024x579.png\" alt=\"\" width=\"283\" height=\"160\" srcset=\"https:\/\/agora.xtec.cat\/ceipginesta\/wp-content\/uploads\/usu640\/2025\/07\/Junts-fem-cami_1-1024x579.png 1024w, https:\/\/agora.xtec.cat\/ceipginesta\/wp-content\/uploads\/usu640\/2025\/07\/Junts-fem-cami_1-300x170.png 300w, https:\/\/agora.xtec.cat\/ceipginesta\/wp-content\/uploads\/usu640\/2025\/07\/Junts-fem-cami_1-768x434.png 768w, https:\/\/agora.xtec.cat\/ceipginesta\/wp-content\/uploads\/usu640\/2025\/07\/Junts-fem-cami_1.png 1472w\" sizes=\"auto, (max-width: 283px) 100vw, 283px\" \/><\/a> <a href=\"https:\/\/agora.xtec.cat\/ceipginesta\/wp-content\/uploads\/usu640\/2025\/07\/Logo-som-iguals-som-diferents.jpg\"><img loading=\"lazy\" decoding=\"async\" class=\"wp-image-10035 alignnone\" src=\"https:\/\/agora.xtec.cat\/ceipginesta\/wp-content\/uploads\/usu640\/2025\/07\/Logo-som-iguals-som-diferents.jpg\" alt=\"\" width=\"221\" height=\"166\" srcset=\"https:\/\/agora.xtec.cat\/ceipginesta\/wp-content\/uploads\/usu640\/2025\/07\/Logo-som-iguals-som-diferents.jpg 960w, https:\/\/agora.xtec.cat\/ceipginesta\/wp-content\/uploads\/usu640\/2025\/07\/Logo-som-iguals-som-diferents-300x225.jpg 300w, https:\/\/agora.xtec.cat\/ceipginesta\/wp-content\/uploads\/usu640\/2025\/07\/Logo-som-iguals-som-diferents-768x576.jpg 768w, https:\/\/agora.xtec.cat\/ceipginesta\/wp-content\/uploads\/usu640\/2025\/07\/Logo-som-iguals-som-diferents-200x150.jpg 200w\" sizes=\"auto, (max-width: 221px) 100vw, 221px\" \/><\/a> <a href=\"https:\/\/agora.xtec.cat\/ceipginesta\/wp-content\/uploads\/usu640\/2025\/07\/Logo_parlem.png\"><img loading=\"lazy\" decoding=\"async\" class=\"wp-image-10036 alignnone\" src=\"https:\/\/agora.xtec.cat\/ceipginesta\/wp-content\/uploads\/usu640\/2025\/07\/Logo_parlem.png\" alt=\"\" width=\"208\" height=\"152\" srcset=\"https:\/\/agora.xtec.cat\/ceipginesta\/wp-content\/uploads\/usu640\/2025\/07\/Logo_parlem.png 504w, https:\/\/agora.xtec.cat\/ceipginesta\/wp-content\/uploads\/usu640\/2025\/07\/Logo_parlem-300x219.png 300w\" sizes=\"auto, (max-width: 208px) 100vw, 208px\" \/><\/a> <a href=\"https:\/\/agora.xtec.cat\/ceipginesta\/wp-content\/uploads\/usu640\/2025\/07\/logo-Som-una-familia.jpg\"><img loading=\"lazy\" decoding=\"async\" class=\"alignnone wp-image-10037\" src=\"https:\/\/agora.xtec.cat\/ceipginesta\/wp-content\/uploads\/usu640\/2025\/07\/logo-Som-una-familia-1022x1024.jpg\" alt=\"\" width=\"160\" height=\"161\" srcset=\"https:\/\/agora.xtec.cat\/ceipginesta\/wp-content\/uploads\/usu640\/2025\/07\/logo-Som-una-familia-1022x1024.jpg 1022w, https:\/\/agora.xtec.cat\/ceipginesta\/wp-content\/uploads\/usu640\/2025\/07\/logo-Som-una-familia-300x300.jpg 300w, https:\/\/agora.xtec.cat\/ceipginesta\/wp-content\/uploads\/usu640\/2025\/07\/logo-Som-una-familia-150x150.jpg 150w, https:\/\/agora.xtec.cat\/ceipginesta\/wp-content\/uploads\/usu640\/2025\/07\/logo-Som-una-familia-768x769.jpg 768w, https:\/\/agora.xtec.cat\/ceipginesta\/wp-content\/uploads\/usu640\/2025\/07\/logo-Som-una-familia-1533x1536.jpg 1533w, https:\/\/agora.xtec.cat\/ceipginesta\/wp-content\/uploads\/usu640\/2025\/07\/logo-Som-una-familia.jpg 1721w\" sizes=\"auto, (max-width: 160px) 100vw, 160px\" \/><\/a> <a href=\"https:\/\/agora.xtec.cat\/ceipginesta\/wp-content\/uploads\/usu640\/2025\/07\/Lema-compta-amb-mi.png\"><img loading=\"lazy\" decoding=\"async\" class=\"alignnone wp-image-10038\" src=\"https:\/\/agora.xtec.cat\/ceipginesta\/wp-content\/uploads\/usu640\/2025\/07\/Lema-compta-amb-mi.png\" alt=\"\" width=\"214\" height=\"147\" srcset=\"https:\/\/agora.xtec.cat\/ceipginesta\/wp-content\/uploads\/usu640\/2025\/07\/Lema-compta-amb-mi.png 731w, https:\/\/agora.xtec.cat\/ceipginesta\/wp-content\/uploads\/usu640\/2025\/07\/Lema-compta-amb-mi-300x206.png 300w\" sizes=\"auto, (max-width: 214px) 100vw, 214px\" \/><\/a> <a href=\"https:\/\/agora.xtec.cat\/ceipginesta\/wp-content\/uploads\/usu640\/2025\/07\/Logo-Illusionat.png\"><img loading=\"lazy\" decoding=\"async\" class=\"alignnone wp-image-10039\" src=\"https:\/\/agora.xtec.cat\/ceipginesta\/wp-content\/uploads\/usu640\/2025\/07\/Logo-Illusionat.png\" alt=\"\" width=\"299\" height=\"122\" srcset=\"https:\/\/agora.xtec.cat\/ceipginesta\/wp-content\/uploads\/usu640\/2025\/07\/Logo-Illusionat.png 781w, https:\/\/agora.xtec.cat\/ceipginesta\/wp-content\/uploads\/usu640\/2025\/07\/Logo-Illusionat-300x123.png 300w, https:\/\/agora.xtec.cat\/ceipginesta\/wp-content\/uploads\/usu640\/2025\/07\/Logo-Illusionat-768x314.png 768w\" sizes=\"auto, (max-width: 299px) 100vw, 299px\" \/><\/a> <a href=\"https:\/\/agora.xtec.cat\/ceipginesta\/wp-content\/uploads\/usu640\/2025\/07\/Logo-Un-like-a-la-natura.png\"><img loading=\"lazy\" decoding=\"async\" class=\"alignnone wp-image-10040\" src=\"https:\/\/agora.xtec.cat\/ceipginesta\/wp-content\/uploads\/usu640\/2025\/07\/Logo-Un-like-a-la-natura.png\" alt=\"\" width=\"175\" height=\"177\" srcset=\"https:\/\/agora.xtec.cat\/ceipginesta\/wp-content\/uploads\/usu640\/2025\/07\/Logo-Un-like-a-la-natura.png 635w, https:\/\/agora.xtec.cat\/ceipginesta\/wp-content\/uploads\/usu640\/2025\/07\/Logo-Un-like-a-la-natura-297x300.png 297w\" sizes=\"auto, (max-width: 175px) 100vw, 175px\" \/><\/a> <a href=\"https:\/\/agora.xtec.cat\/ceipginesta\/wp-content\/uploads\/usu640\/2025\/07\/logo_SaludableMENT.png\"><img loading=\"lazy\" decoding=\"async\" class=\"alignnone wp-image-10041\" src=\"https:\/\/agora.xtec.cat\/ceipginesta\/wp-content\/uploads\/usu640\/2025\/07\/logo_SaludableMENT-1024x1024.png\" alt=\"\" width=\"194\" height=\"194\" srcset=\"https:\/\/agora.xtec.cat\/ceipginesta\/wp-content\/uploads\/usu640\/2025\/07\/logo_SaludableMENT-1024x1024.png 1024w, https:\/\/agora.xtec.cat\/ceipginesta\/wp-content\/uploads\/usu640\/2025\/07\/logo_SaludableMENT-300x300.png 300w, https:\/\/agora.xtec.cat\/ceipginesta\/wp-content\/uploads\/usu640\/2025\/07\/logo_SaludableMENT-150x150.png 150w, https:\/\/agora.xtec.cat\/ceipginesta\/wp-content\/uploads\/usu640\/2025\/07\/logo_SaludableMENT-768x768.png 768w, https:\/\/agora.xtec.cat\/ceipginesta\/wp-content\/uploads\/usu640\/2025\/07\/logo_SaludableMENT.png 1364w\" sizes=\"auto, (max-width: 194px) 100vw, 194px\" \/><\/a><\/p>\n","protected":false},"excerpt":{"rendered":"<p><a href=\"https:\/\/agora.xtec.cat\/ceipginesta\/wp-content\/uploads\/usu640\/2025\/07\/Logo-40-aniversari.png\"><\/a>L&#8217;escola compta cada curs amb un lema de curs a trav\u00e9s del qual es motiven les activitats de conviv\u00e8ncia, tutoria i celebracions al llarg d&#8217;aquell any.<br \/>\nCada lema compta amb una imatge gr\u00e0fica amb la que reforcem el missatge i el compartim en les comunicacions&hellip;  <a href=\"https:\/\/agora.xtec.cat\/ceipginesta\/serveis\/lema-de-curs\/\" title=\"Read Lema de curs\">Llegeix m\u00e9s\u00bb<\/a><\/p>\n","protected":false},"author":1,"featured_media":0,"parent":66,"menu_order":0,"comment_status":"closed","ping_status":"closed","template":"","meta":{"_bbp_topic_count":0,"_bbp_reply_count":0,"_bbp_total_topic_count":0,"_bbp_total_reply_count":0,"_bbp_voice_count":0,"_bbp_anonymous_reply_count":0,"_bbp_topic_count_hidden":0,"_bbp_reply_count_hidden":0,"_bbp_forum_subforum_count":0,"footnotes":""},"class_list":["post-10033","page","type-page","status-publish","hentry"],"post_mailing_queue_ids":[],"_links":{"self":[{"href":"https:\/\/agora.xtec.cat\/ceipginesta\/wp-json\/wp\/v2\/pages\/10033","targetHints":{"allow":["GET"]}}],"collection":[{"href":"https:\/\/agora.xtec.cat\/ceipginesta\/wp-json\/wp\/v2\/pages"}],"about":[{"href":"https:\/\/agora.xtec.cat\/ceipginesta\/wp-json\/wp\/v2\/types\/page"}],"author":[{"embeddable":true,"href":"https:\/\/agora.xtec.cat\/ceipginesta\/wp-json\/wp\/v2\/users\/1"}],"replies":[{"embeddable":true,"href":"https:\/\/agora.xtec.cat\/ceipginesta\/wp-json\/wp\/v2\/comments?post=10033"}],"version-history":[{"count":1,"href":"https:\/\/agora.xtec.cat\/ceipginesta\/wp-json\/wp\/v2\/pages\/10033\/revisions"}],"predecessor-version":[{"id":10043,"href":"https:\/\/agora.xtec.cat\/ceipginesta\/wp-json\/wp\/v2\/pages\/10033\/revisions\/10043"}],"up":[{"embeddable":true,"href":"https:\/\/agora.xtec.cat\/ceipginesta\/wp-json\/wp\/v2\/pages\/66"}],"wp:attachment":[{"href":"https:\/\/agora.xtec.cat\/ceipginesta\/wp-json\/wp\/v2\/media?parent=10033"}],"curies":[{"name":"wp","href":"https:\/\/api.w.org\/{rel}","templated":true}]}}