{"id":38,"date":"2014-09-18T12:34:08","date_gmt":"2014-09-18T11:34:08","guid":{"rendered":"http:\/\/agora.xtec.cat\/ceipgaziel\/?page_id=38"},"modified":"2021-09-30T15:49:36","modified_gmt":"2021-09-30T13:49:36","slug":"salut","status":"publish","type":"page","link":"https:\/\/agora.xtec.cat\/ceipgaziel\/lescola\/salut\/","title":{"rendered":"Salut"},"content":{"rendered":"<p><strong><span class=\"minititle\">MALALTIES<\/span><\/strong><\/p>\n<ul>\n<li>L\u2019alumnat que presenti s\u00edmptomes de malaltia ha de romandre a casa per tal de rebre l\u2019atenci\u00f3 necess\u00e0ria.<\/li>\n<li>\u00c9s molt important que l\u2019escola tingui els\u00a0<strong><u>tel\u00e8fons actualitzats<\/u><\/strong>\u00a0per tal de poder comunicar-se amb la fam\u00edlia en cas de malaltia durant l\u2019horari escolar.<\/li>\n<li>Els nens o nenes amb febre, trastorns intestinals, fongs, conjuntivitis, polls\u2026,\u00a0<strong><u>no<\/u><\/strong>\u00a0poden assistir a l\u2019escola.<\/li>\n<li>Les malalties cr\u00f2niques que necessitin un tractament espec\u00edfic s\u2019han de comunicar al\/la mestre\/a i a direcci\u00f3.<\/li>\n<\/ul>\n<p><strong><span class=\"minititle\">MEDICAMENTS<img loading=\"lazy\" decoding=\"async\" class=\"alignleft\" src=\"https:\/\/agora.xtec.cat\/escolalavilapalamos\/wp-content\/uploads\/usu897\/2019\/01\/medicaments.jpg\" width=\"252\" height=\"269\" \/><\/span><\/strong><\/p>\n<ul>\n<li>Com a norma, els\/les mestres\u00a0<u>no estan autoritzats\/des<\/u>\u00a0a subministrar medicaments.<\/li>\n<li>Nom\u00e9s en el cas de malaltia cr\u00f2nica i amb prescripci\u00f3 m\u00e8dica. En\u00a0 aquest cas s\u2019haur\u00e0 d\u2019informar a l\u2019escola presentant la demanda del metge i signar una autoritzaci\u00f3 a direcci\u00f3 junt amb el medicament i posologia.<\/li>\n<li>Excepcionalment el Departament d\u2019Ensenyament permet administrar antit\u00e8rmic paral\u00b7lelament a l\u2019av\u00eds de la fam\u00edlia si aquesta ho ha autoritzat pr\u00e8viament.<\/li>\n<\/ul>\n<p><strong><span class=\"minititle\">ACCIDENTS ESCOLARS<\/span><\/strong><\/p>\n<ul>\n<li>Quan un alumne\/a pateix un accident lleu s\u2019avisar\u00e0 a la fam\u00edlia i, si necessita atenci\u00f3 m\u00e8dica urgent es trucar\u00e0 tamb\u00e9 al 112 que determinar\u00e0 l\u2019actuaci\u00f3 m\u00e9s adient.<\/li>\n<li>Un\/a professor\/a es far\u00e0 c\u00e0rrec del nen\/a fins l\u2019arribada d\u2019un familiar.<\/li>\n<\/ul>\n<p><strong><span class=\"minititle\">HIGI\u00c8NE<\/span><\/strong><\/p>\n<ul>\n<li>\u00c9s important que els nens i les nenes vinguin nets i polits i amb roba c\u00f2moda i adient per assistir a l\u2019escola. Eviteu vestir als vostres fills i filles amb roba que no els hi permeti ser aut\u00f2noms.<\/li>\n<li>Educaci\u00f3 Infantil els divendres portaran la bata i el got a casa per rentar.<\/li>\n<li>Recordeu que tota la roba que porti a l\u2019escola\u00a0<u>cal que estigui marcada<\/u>\u00a0amb el nom amb lletra maj\u00fascula. Especialment la jaqueta i abric que a part del nom cal que porti una cinta o goma d\u2019uns 20 cm cosida o lligada per poder penjar al penjador.<\/li>\n<li>Marcar la roba \u00e9s molt important per evitar p\u00e8rdues ja sigui un alumne\/a de P3 com de 6\u00e8.<\/li>\n<\/ul>\n<h4>VACUNACIONS<\/h4>\n<p>&nbsp;<\/p>\n<p><a href=\"https:\/\/agora.xtec.cat\/escolalavilapalamos\/wp-content\/uploads\/usu897\/2016\/11\/vacunacio.gif\"><img loading=\"lazy\" decoding=\"async\" class=\" wp-image-401 alignleft\" src=\"https:\/\/agora.xtec.cat\/escolalavilapalamos\/wp-content\/uploads\/usu897\/2016\/11\/vacunacio.gif\" alt=\"\" width=\"255\" height=\"238\" \/><\/a>Informaci\u00f3 del Departament de Salut relativa a\u00a0<strong>l\u2019administraci\u00f3 de les vacunes als alumnes de 6\u00e8\u00a0<\/strong>de l\u2019escola segons el calendari de vacunes vigent.<\/p>\n<p><strong>Les vacunes<\/strong>\u00a0que s\u2019administren a 6\u00e8 curs de prim\u00e0ria s\u00f3n les seg\u00fcents:<\/p>\n<p>\u2013<strong>La vacuna contra el papil\u00b7lomavirus (VPH)<\/strong>; s\u2019administra en dues dosis i \u00fanicament a les noies.<\/p>\n<p>\u2013<strong>La vacuna contra l\u2019hepatitis A (VHA)<\/strong>; s\u2019administra en dues\u00a0 dosis.<\/p>\n<p>\u2013<strong>La vacuna contra la varicel\u00b7la (V)<\/strong>; s\u2019administra en dues dosis\u00a0 als nois o noies que no hagin passat la malaltia ni hagin rebut la\u00a0 vacuna. En cas que el vostre fill o filla estigui vacunat amb una dosi\u00a0 se li\u2019n administrar\u00e0 la segona.<\/p>\n<p>\u2013<strong>La vacuna antimeninoc\u00f2ccia C conjugada (MC);<\/strong>\u00a0s\u2019administra una \u00fanica dosis.<\/p>\n<p>Per a m\u00e9s informaci\u00f3 podeu consultar el Canal Salut del Departament de Salut (<a href=\"http:\/\/www20.gencat.cat\/portal\/site\/canalsalut\">http:\/\/www20.gencat.cat\/portal\/site\/canalsalut<\/a>) o trucar al tel\u00e8fon 061 del CatSalut Respon.<\/p>\n<p>&nbsp;<\/p>\n<p>&nbsp;<\/p>\n<p>&nbsp;<\/p>\n<p>&nbsp;<\/p>\n","protected":false},"excerpt":{"rendered":"<p>MALALTIES L\u2019alumnat que presenti s\u00edmptomes de malaltia ha de romandre a casa per tal de rebre l\u2019atenci\u00f3 necess\u00e0ria. \u00c9s molt [&hellip;]<\/p>\n","protected":false},"author":1,"featured_media":0,"parent":22,"menu_order":80,"comment_status":"closed","ping_status":"closed","template":"page-templates\/side-menu.php","meta":{"_bbp_topic_count":0,"_bbp_reply_count":0,"_bbp_total_topic_count":0,"_bbp_total_reply_count":0,"_bbp_voice_count":0,"_bbp_anonymous_reply_count":0,"_bbp_topic_count_hidden":0,"_bbp_reply_count_hidden":0,"_bbp_forum_subforum_count":0,"site-sidebar-layout":"default","site-content-layout":"","ast-site-content-layout":"","site-content-style":"default","site-sidebar-style":"default","ast-global-header-display":"","ast-banner-title-visibility":"","ast-main-header-display":"","ast-hfb-above-header-display":"","ast-hfb-below-header-display":"","ast-hfb-mobile-header-display":"","site-post-title":"","ast-breadcrumbs-content":"","ast-featured-img":"","footer-sml-layout":"","theme-transparent-header-meta":"","adv-header-id-meta":"","stick-header-meta":"","header-above-stick-meta":"","header-main-stick-meta":"","header-below-stick-meta":"","astra-migrate-meta-layouts":"default","ast-page-background-enabled":"default","ast-page-background-meta":{"desktop":{"background-color":"var(--ast-global-color-4)","background-image":"","background-repeat":"repeat","background-position":"center center","background-size":"auto","background-attachment":"scroll","background-type":"","background-media":"","overlay-type":"","overlay-color":"","overlay-opacity":"","overlay-gradient":""},"tablet":{"background-color":"","background-image":"","background-repeat":"repeat","background-position":"center center","background-size":"auto","background-attachment":"scroll","background-type":"","background-media":"","overlay-type":"","overlay-color":"","overlay-opacity":"","overlay-gradient":""},"mobile":{"background-color":"","background-image":"","background-repeat":"repeat","background-position":"center center","background-size":"auto","background-attachment":"scroll","background-type":"","background-media":"","overlay-type":"","overlay-color":"","overlay-opacity":"","overlay-gradient":""}},"ast-content-background-meta":{"desktop":{"background-color":"var(--ast-global-color-5)","background-image":"","background-repeat":"repeat","background-position":"center center","background-size":"auto","background-attachment":"scroll","background-type":"","background-media":"","overlay-type":"","overlay-color":"","overlay-opacity":"","overlay-gradient":""},"tablet":{"background-color":"var(--ast-global-color-5)","background-image":"","background-repeat":"repeat","background-position":"center center","background-size":"auto","background-attachment":"scroll","background-type":"","background-media":"","overlay-type":"","overlay-color":"","overlay-opacity":"","overlay-gradient":""},"mobile":{"background-color":"var(--ast-global-color-5)","background-image":"","background-repeat":"repeat","background-position":"center center","background-size":"auto","background-attachment":"scroll","background-type":"","background-media":"","overlay-type":"","overlay-color":"","overlay-opacity":"","overlay-gradient":""}},"footnotes":""},"class_list":["post-38","page","type-page","status-publish","hentry"],"post_mailing_queue_ids":[],"_links":{"self":[{"href":"https:\/\/agora.xtec.cat\/ceipgaziel\/wp-json\/wp\/v2\/pages\/38","targetHints":{"allow":["GET"]}}],"collection":[{"href":"https:\/\/agora.xtec.cat\/ceipgaziel\/wp-json\/wp\/v2\/pages"}],"about":[{"href":"https:\/\/agora.xtec.cat\/ceipgaziel\/wp-json\/wp\/v2\/types\/page"}],"author":[{"embeddable":true,"href":"https:\/\/agora.xtec.cat\/ceipgaziel\/wp-json\/wp\/v2\/users\/1"}],"replies":[{"embeddable":true,"href":"https:\/\/agora.xtec.cat\/ceipgaziel\/wp-json\/wp\/v2\/comments?post=38"}],"version-history":[{"count":2,"href":"https:\/\/agora.xtec.cat\/ceipgaziel\/wp-json\/wp\/v2\/pages\/38\/revisions"}],"predecessor-version":[{"id":19174,"href":"https:\/\/agora.xtec.cat\/ceipgaziel\/wp-json\/wp\/v2\/pages\/38\/revisions\/19174"}],"up":[{"embeddable":true,"href":"https:\/\/agora.xtec.cat\/ceipgaziel\/wp-json\/wp\/v2\/pages\/22"}],"wp:attachment":[{"href":"https:\/\/agora.xtec.cat\/ceipgaziel\/wp-json\/wp\/v2\/media?parent=38"}],"curies":[{"name":"wp","href":"https:\/\/api.w.org\/{rel}","templated":true}]}}