{"id":19991,"date":"2023-03-10T15:56:06","date_gmt":"2023-03-10T14:56:06","guid":{"rendered":"https:\/\/agora.xtec.cat\/ceipgaziel\/?page_id=19991"},"modified":"2025-02-17T09:55:15","modified_gmt":"2025-02-17T08:55:15","slug":"estrategia-digital-de-centre","status":"publish","type":"page","link":"https:\/\/agora.xtec.cat\/ceipgaziel\/projectes-del-centre\/estrategia-digital-de-centre\/","title":{"rendered":"Estrat\u00e8gia Digital de Centre"},"content":{"rendered":"<div class=\"wpaicg-chat-shortcode-content\">\n<p><span id=\"wpaicg-chat-message-42349\" class=\"wpaicg-chat-message\">L&#8217;estrat\u00e8gia digital \u00e9s un pla dissenyat per integrar les tecnologies digitals en el proc\u00e9s educatiu. A continuaci\u00f3, presentem els punts clau que la conformen:<\/p>\n<p>1.\u00a0<b>DAFO<\/b>: Realitzem un an\u00e0lisi DAFO (Debilitats, Amenaces, Fortaleses i Oportunitats) per identificar els punts forts i febles de la nostra escola en relaci\u00f3 amb l&#8217;\u00fas de la tecnologia, aix\u00ed com les oportunitats i amenaces que presenta el context actual.<\/p>\n<p>2.\u00a0<b>Objectius EDC<\/b>: Establim objectius clars en el marc de l&#8217;Estrat\u00e8gia Digital de Centre (EDC) que busquen millorar l&#8217;aprenentatge dels alumnes, fomentar la seva creativitat i preparar-los per a un m\u00f3n digitalitzat.<\/p>\n<p>3.\u00a0<b>Normativa de l&#8217;\u00c0mbit Digital<\/b>: Ens assegurem de complir amb la normativa vigent relacionada amb l&#8217;\u00fas de les tecnologies digitals a l&#8217;educaci\u00f3, garantint un entorn segur i adequat per a tots els membres de la comunitat educativa.<\/p>\n<p>4.\u00a0<b>Acollida del Professorat<\/b>: Oferim un programa d&#8217;acollida per al professorat, que inclou formaci\u00f3 i recursos per facilitar la integraci\u00f3 de les tecnologies digitals a les seves pr\u00e0ctiques docents.<\/p>\n<p>5.\u00a0<b>Acollida de les Fam\u00edlies<\/b>: Implementem i proporcionem informaci\u00f3\u00a0 per a les fam\u00edlies, amb l&#8217;objectiu de familiaritzar-les amb les eines digitals que utilitzem a l&#8217;escola i fomentar la seva participaci\u00f3 en el proc\u00e9s educatiu.<\/p>\n<p>6.\u00a0<b>Acollida de l&#8217;Alumnat<\/b>: Realitzem activitats d&#8217;acollida per als alumnes, on se&#8217;ls introdueix a l&#8217;\u00fas de les tecnologies digitals de manera l\u00fadica i educativa, promovent un ambient d&#8217;aprenentatge positiu.<\/p>\n<p>7.\u00a0<b>Inventari TIC<\/b>: Mantenim un inventari actualitzat de les eines i recursos tecnol\u00f2gics disponibles a l&#8217;escola, per assegurar que tant el professorat com els alumnes tinguin acc\u00e9s a la tecnologia necess\u00e0ria per al seu aprenentatge.<\/p>\n<p>Amb aquesta estrat\u00e8gia digital, volem garantir que tots els membres de la comunitat educativa estiguin preparats per afrontar els reptes del futur i aprofitar al m\u00e0xim les oportunitats que ofereix la tecnologia.<\/span><\/p>\n<\/div>\n","protected":false},"excerpt":{"rendered":"<p>L&#8217;estrat\u00e8gia digital \u00e9s un pla dissenyat per integrar les tecnologies digitals en el proc\u00e9s educatiu. A continuaci\u00f3, presentem els punts [&hellip;]<\/p>\n","protected":false},"author":3,"featured_media":0,"parent":20595,"menu_order":3,"comment_status":"closed","ping_status":"closed","template":"","meta":{"_bbp_topic_count":0,"_bbp_reply_count":0,"_bbp_total_topic_count":0,"_bbp_total_reply_count":0,"_bbp_voice_count":0,"_bbp_anonymous_reply_count":0,"_bbp_topic_count_hidden":0,"_bbp_reply_count_hidden":0,"_bbp_forum_subforum_count":0,"site-sidebar-layout":"default","site-content-layout":"","ast-site-content-layout":"","site-content-style":"default","site-sidebar-style":"default","ast-global-header-display":"","ast-banner-title-visibility":"","ast-main-header-display":"","ast-hfb-above-header-display":"","ast-hfb-below-header-display":"","ast-hfb-mobile-header-display":"","site-post-title":"","ast-breadcrumbs-content":"","ast-featured-img":"","footer-sml-layout":"","theme-transparent-header-meta":"","adv-header-id-meta":"","stick-header-meta":"","header-above-stick-meta":"","header-main-stick-meta":"","header-below-stick-meta":"","astra-migrate-meta-layouts":"default","ast-page-background-enabled":"default","ast-page-background-meta":{"desktop":{"background-color":"var(--ast-global-color-4)","background-image":"","background-repeat":"repeat","background-position":"center center","background-size":"auto","background-attachment":"scroll","background-type":"","background-media":"","overlay-type":"","overlay-color":"","overlay-opacity":"","overlay-gradient":""},"tablet":{"background-color":"","background-image":"","background-repeat":"repeat","background-position":"center center","background-size":"auto","background-attachment":"scroll","background-type":"","background-media":"","overlay-type":"","overlay-color":"","overlay-opacity":"","overlay-gradient":""},"mobile":{"background-color":"","background-image":"","background-repeat":"repeat","background-position":"center center","background-size":"auto","background-attachment":"scroll","background-type":"","background-media":"","overlay-type":"","overlay-color":"","overlay-opacity":"","overlay-gradient":""}},"ast-content-background-meta":{"desktop":{"background-color":"var(--ast-global-color-5)","background-image":"","background-repeat":"repeat","background-position":"center center","background-size":"auto","background-attachment":"scroll","background-type":"","background-media":"","overlay-type":"","overlay-color":"","overlay-opacity":"","overlay-gradient":""},"tablet":{"background-color":"var(--ast-global-color-5)","background-image":"","background-repeat":"repeat","background-position":"center center","background-size":"auto","background-attachment":"scroll","background-type":"","background-media":"","overlay-type":"","overlay-color":"","overlay-opacity":"","overlay-gradient":""},"mobile":{"background-color":"var(--ast-global-color-5)","background-image":"","background-repeat":"repeat","background-position":"center center","background-size":"auto","background-attachment":"scroll","background-type":"","background-media":"","overlay-type":"","overlay-color":"","overlay-opacity":"","overlay-gradient":""}},"footnotes":""},"class_list":["post-19991","page","type-page","status-publish","hentry"],"post_mailing_queue_ids":[],"_links":{"self":[{"href":"https:\/\/agora.xtec.cat\/ceipgaziel\/wp-json\/wp\/v2\/pages\/19991","targetHints":{"allow":["GET"]}}],"collection":[{"href":"https:\/\/agora.xtec.cat\/ceipgaziel\/wp-json\/wp\/v2\/pages"}],"about":[{"href":"https:\/\/agora.xtec.cat\/ceipgaziel\/wp-json\/wp\/v2\/types\/page"}],"author":[{"embeddable":true,"href":"https:\/\/agora.xtec.cat\/ceipgaziel\/wp-json\/wp\/v2\/users\/3"}],"replies":[{"embeddable":true,"href":"https:\/\/agora.xtec.cat\/ceipgaziel\/wp-json\/wp\/v2\/comments?post=19991"}],"version-history":[{"count":2,"href":"https:\/\/agora.xtec.cat\/ceipgaziel\/wp-json\/wp\/v2\/pages\/19991\/revisions"}],"predecessor-version":[{"id":20449,"href":"https:\/\/agora.xtec.cat\/ceipgaziel\/wp-json\/wp\/v2\/pages\/19991\/revisions\/20449"}],"up":[{"embeddable":true,"href":"https:\/\/agora.xtec.cat\/ceipgaziel\/wp-json\/wp\/v2\/pages\/20595"}],"wp:attachment":[{"href":"https:\/\/agora.xtec.cat\/ceipgaziel\/wp-json\/wp\/v2\/media?parent=19991"}],"curies":[{"name":"wp","href":"https:\/\/api.w.org\/{rel}","templated":true}]}}