{"id":19828,"date":"2022-11-25T16:25:46","date_gmt":"2022-11-25T15:25:46","guid":{"rendered":"https:\/\/agora.xtec.cat\/ceipgaziel\/?page_id=19828"},"modified":"2025-02-14T15:34:58","modified_gmt":"2025-02-14T14:34:58","slug":"dafo","status":"publish","type":"page","link":"https:\/\/agora.xtec.cat\/ceipgaziel\/projectes-del-centre\/estrategia-digital-de-centre\/dafo\/","title":{"rendered":"DAFO"},"content":{"rendered":"<p><span style=\"font-weight: 400;\">Per preparar l\u2019estrat\u00e8gia digital del centre \u00e9s convenient con\u00e8ixer la situaci\u00f3 actual de l\u2019escola en l\u2019\u00e0mbit digital.\u00a0 Per aquest motiu, la Comissi\u00f3 digital i la direcci\u00f3 del centre han realitzat una diagnosi del centre que ha perm\u00e8s con\u00e8ixer les necessitats i les fortaleses de l\u2019escola en l\u2019\u00e0mbit digital (DAFO).<a href=\"https:\/\/agora.xtec.cat\/ceipgaziel\/dafo\/attachment\/hombre-lupa\/\" rel=\"attachment wp-att-19829\"><img loading=\"lazy\" decoding=\"async\" class=\"aligncenter  wp-image-19829\" src=\"https:\/\/agora.xtec.cat\/ceipgaziel\/wp-content\/uploads\/usu2100\/2022\/11\/hombre-lupa.jpg\" alt=\"\" width=\"265\" height=\"139\" srcset=\"https:\/\/agora.xtec.cat\/ceipgaziel\/wp-content\/uploads\/usu2100\/2022\/11\/hombre-lupa.jpg 600w, https:\/\/agora.xtec.cat\/ceipgaziel\/wp-content\/uploads\/usu2100\/2022\/11\/hombre-lupa-300x158.jpg 300w\" sizes=\"auto, (max-width: 265px) 100vw, 265px\" \/><\/a><\/span><\/p>\n<p><span style=\"font-weight: 400;\">Per dur a terme aquesta diagnosi, la comissi\u00f3 digital ha utilitzat diferents eines d\u2019an\u00e0lisi, com s\u00f3n l\u2019enquesta Selfie (alumnat i docents), revisi\u00f3 de l\u2019anterior Pla TAC i entrevistes amb els membres de la comissi\u00f3 digital.<a href=\"https:\/\/agora.xtec.cat\/ceipgaziel\/dafo\/attachment\/selfie-mooc\/\" rel=\"attachment wp-att-19830\"><img loading=\"lazy\" decoding=\"async\" class=\"aligncenter  wp-image-19830\" src=\"https:\/\/agora.xtec.cat\/ceipgaziel\/wp-content\/uploads\/usu2100\/2022\/11\/selfie-mooc.png\" alt=\"\" width=\"191\" height=\"71\" srcset=\"https:\/\/agora.xtec.cat\/ceipgaziel\/wp-content\/uploads\/usu2100\/2022\/11\/selfie-mooc.png 862w, https:\/\/agora.xtec.cat\/ceipgaziel\/wp-content\/uploads\/usu2100\/2022\/11\/selfie-mooc-300x111.png 300w, https:\/\/agora.xtec.cat\/ceipgaziel\/wp-content\/uploads\/usu2100\/2022\/11\/selfie-mooc-768x285.png 768w\" sizes=\"auto, (max-width: 191px) 100vw, 191px\" \/><\/a><\/span><\/p>\n<p><span style=\"font-weight: 400;\">Els resultats de les diferents eines emprades ha estat la base per determinar els objectius i estrat\u00e8gies que cal portar a terme en el disseny de l\u2019EDC.<\/span><\/p>\n","protected":false},"excerpt":{"rendered":"<p>Per preparar l\u2019estrat\u00e8gia digital del centre \u00e9s convenient con\u00e8ixer la situaci\u00f3 actual de l\u2019escola en l\u2019\u00e0mbit digital.\u00a0 Per aquest motiu, [&hellip;]<\/p>\n","protected":false},"author":3,"featured_media":0,"parent":19991,"menu_order":0,"comment_status":"closed","ping_status":"closed","template":"","meta":{"_bbp_topic_count":0,"_bbp_reply_count":0,"_bbp_total_topic_count":0,"_bbp_total_reply_count":0,"_bbp_voice_count":0,"_bbp_anonymous_reply_count":0,"_bbp_topic_count_hidden":0,"_bbp_reply_count_hidden":0,"_bbp_forum_subforum_count":0,"site-sidebar-layout":"default","site-content-layout":"","ast-site-content-layout":"default","site-content-style":"default","site-sidebar-style":"default","ast-global-header-display":"","ast-banner-title-visibility":"","ast-main-header-display":"","ast-hfb-above-header-display":"","ast-hfb-below-header-display":"","ast-hfb-mobile-header-display":"","site-post-title":"","ast-breadcrumbs-content":"","ast-featured-img":"","footer-sml-layout":"","theme-transparent-header-meta":"","adv-header-id-meta":"","stick-header-meta":"","header-above-stick-meta":"","header-main-stick-meta":"","header-below-stick-meta":"","astra-migrate-meta-layouts":"set","ast-page-background-enabled":"default","ast-page-background-meta":{"desktop":{"background-color":"var(--ast-global-color-4)","background-image":"","background-repeat":"repeat","background-position":"center center","background-size":"auto","background-attachment":"scroll","background-type":"","background-media":"","overlay-type":"","overlay-color":"","overlay-opacity":"","overlay-gradient":""},"tablet":{"background-color":"","background-image":"","background-repeat":"repeat","background-position":"center center","background-size":"auto","background-attachment":"scroll","background-type":"","background-media":"","overlay-type":"","overlay-color":"","overlay-opacity":"","overlay-gradient":""},"mobile":{"background-color":"","background-image":"","background-repeat":"repeat","background-position":"center center","background-size":"auto","background-attachment":"scroll","background-type":"","background-media":"","overlay-type":"","overlay-color":"","overlay-opacity":"","overlay-gradient":""}},"ast-content-background-meta":{"desktop":{"background-color":"var(--ast-global-color-5)","background-image":"","background-repeat":"repeat","background-position":"center center","background-size":"auto","background-attachment":"scroll","background-type":"","background-media":"","overlay-type":"","overlay-color":"","overlay-opacity":"","overlay-gradient":""},"tablet":{"background-color":"var(--ast-global-color-5)","background-image":"","background-repeat":"repeat","background-position":"center center","background-size":"auto","background-attachment":"scroll","background-type":"","background-media":"","overlay-type":"","overlay-color":"","overlay-opacity":"","overlay-gradient":""},"mobile":{"background-color":"var(--ast-global-color-5)","background-image":"","background-repeat":"repeat","background-position":"center center","background-size":"auto","background-attachment":"scroll","background-type":"","background-media":"","overlay-type":"","overlay-color":"","overlay-opacity":"","overlay-gradient":""}},"footnotes":""},"class_list":["post-19828","page","type-page","status-publish","hentry"],"post_mailing_queue_ids":[],"_links":{"self":[{"href":"https:\/\/agora.xtec.cat\/ceipgaziel\/wp-json\/wp\/v2\/pages\/19828","targetHints":{"allow":["GET"]}}],"collection":[{"href":"https:\/\/agora.xtec.cat\/ceipgaziel\/wp-json\/wp\/v2\/pages"}],"about":[{"href":"https:\/\/agora.xtec.cat\/ceipgaziel\/wp-json\/wp\/v2\/types\/page"}],"author":[{"embeddable":true,"href":"https:\/\/agora.xtec.cat\/ceipgaziel\/wp-json\/wp\/v2\/users\/3"}],"replies":[{"embeddable":true,"href":"https:\/\/agora.xtec.cat\/ceipgaziel\/wp-json\/wp\/v2\/comments?post=19828"}],"version-history":[{"count":3,"href":"https:\/\/agora.xtec.cat\/ceipgaziel\/wp-json\/wp\/v2\/pages\/19828\/revisions"}],"predecessor-version":[{"id":20651,"href":"https:\/\/agora.xtec.cat\/ceipgaziel\/wp-json\/wp\/v2\/pages\/19828\/revisions\/20651"}],"up":[{"embeddable":true,"href":"https:\/\/agora.xtec.cat\/ceipgaziel\/wp-json\/wp\/v2\/pages\/19991"}],"wp:attachment":[{"href":"https:\/\/agora.xtec.cat\/ceipgaziel\/wp-json\/wp\/v2\/media?parent=19828"}],"curies":[{"name":"wp","href":"https:\/\/api.w.org\/{rel}","templated":true}]}}