{"id":1410,"date":"2022-06-09T13:52:19","date_gmt":"2022-06-09T11:52:19","guid":{"rendered":"https:\/\/agora.xtec.cat\/ceipgarona\/?page_id=1410"},"modified":"2024-05-27T14:27:55","modified_gmt":"2024-05-27T12:27:55","slug":"estrategia-digital","status":"publish","type":"page","link":"https:\/\/agora.xtec.cat\/ceipgarona\/aeeg\/estrategia-digital\/","title":{"rendered":"Estrategia"},"content":{"rendered":"<h3>1. Diagn\u00f2si de centre:<\/h3>\n<p>Entara diagn\u00f2si s&#8217;an emplegat es questionaris as familhes e ar escolanat e es airines Jamboard, Selfie e Selfie for Teachers.<\/p>\n<p><a href=\"https:\/\/agora.xtec.cat\/ceipgarona\/wp-content\/uploads\/usu928\/2022\/06\/Jamboard.png\"><img loading=\"lazy\" decoding=\"async\" class=\"aligncenter size-full wp-image-1415\" src=\"https:\/\/agora.xtec.cat\/ceipgarona\/wp-content\/uploads\/usu928\/2022\/06\/Jamboard.png\" alt=\"\" width=\"1113\" height=\"613\" srcset=\"https:\/\/agora.xtec.cat\/ceipgarona\/wp-content\/uploads\/usu928\/2022\/06\/Jamboard.png 1113w, https:\/\/agora.xtec.cat\/ceipgarona\/wp-content\/uploads\/usu928\/2022\/06\/Jamboard-300x165.png 300w, https:\/\/agora.xtec.cat\/ceipgarona\/wp-content\/uploads\/usu928\/2022\/06\/Jamboard-1024x564.png 1024w, https:\/\/agora.xtec.cat\/ceipgarona\/wp-content\/uploads\/usu928\/2022\/06\/Jamboard-768x423.png 768w\" sizes=\"auto, (max-width: 1113px) 100vw, 1113px\" \/><\/a><\/p>\n<p>&nbsp;<\/p>\n<h3>2. Objectius:<\/h3>\n<p>A compdar des besonhs detectadi ena diagn\u00f2si de centre, s&#8217;establissen es seg\u00fcents objectius:<\/p>\n<p>1. Facilitar contenguts digitaus ent\u00e0 mielhorar era compet\u00e9ncia digitau des familhes.<\/p>\n<p>2. Impulsar eth desplegament curricular en consideracion damb eth Digcom ent\u00e0 mielhorar erar CDA.<\/p>\n<p>3. Desvolupar era proteccion de donades seguretat, responsabilitat digitau, drets d&#8217;autor, identitat digitau ent\u00e0 mielhorar era CDA<\/p>\n<p>4. Prom\u00f2ir era proteccion de donades seguretat, responsabilitat digitau, drets d&#8217;autor, identitat digitau ent\u00e0 mielhorar era CDD<\/p>\n<p>5. Diversificar es esturments e tipes d&#8217;avaloracion en tot prom\u00f2ir es airines digitaus ent\u00e0 afavorir era educacion inclusiva.<\/p>\n<p>6. Potenciar eth pensament computacionau deth professorat ent\u00e0 h\u00e8r transfer\u00e8ncia ar alumnat.<\/p>\n<p>&nbsp;<\/p>\n<p>&nbsp;<\/p>\n<h3>3. Activitats<\/h3>\n<ul>\n<li>Activitats digitaus en airau d&#8217;escenaris.<\/li>\n<li>Semana Intercicles &#8220;Digital World- Event Planner&#8221;<\/li>\n<li>Ellaboracion de documents, activitats e infografies d&#8217;acuelhuda digitau e responsabilitat digitau.<\/li>\n<li>Formacion Competencia Digitau Docent.<\/li>\n<li>Formacion en Robotica.<\/li>\n<li>Seq\u00fcenciacion dera Compet\u00e8ncia Digitau der Alumnat.<\/li>\n<\/ul>\n<p>&nbsp;<\/p>\n<h3>4. Avaloracion<\/h3>\n<p><a href=\"https:\/\/agora.xtec.cat\/ceipgarona\/wp-content\/uploads\/usu928\/2024\/05\/avaloracion-1-1.jpg\"><img loading=\"lazy\" decoding=\"async\" class=\"aligncenter size-full wp-image-1541\" src=\"https:\/\/agora.xtec.cat\/ceipgarona\/wp-content\/uploads\/usu928\/2024\/05\/avaloracion-1-1.jpg\" alt=\"\" width=\"960\" height=\"291\" srcset=\"https:\/\/agora.xtec.cat\/ceipgarona\/wp-content\/uploads\/usu928\/2024\/05\/avaloracion-1-1.jpg 960w, https:\/\/agora.xtec.cat\/ceipgarona\/wp-content\/uploads\/usu928\/2024\/05\/avaloracion-1-1-300x91.jpg 300w, https:\/\/agora.xtec.cat\/ceipgarona\/wp-content\/uploads\/usu928\/2024\/05\/avaloracion-1-1-768x233.jpg 768w\" sizes=\"auto, (max-width: 960px) 100vw, 960px\" \/><\/a><\/p>\n","protected":false},"excerpt":{"rendered":"<p>1. Diagn\u00f2si de centre: Entara diagn\u00f2si s&#8217;an emplegat es questionaris as familhes e ar escolanat e es airines Jamboard, Selfie e Selfie for Teachers. &nbsp; 2. Objectius: A compdar des besonhs detectadi ena diagn\u00f2si de centre, s&#8217;establissen es seg\u00fcents objectius: 1. Facilitar contenguts digitaus ent\u00e0 mielhorar era compet\u00e9ncia digitau des familhes. 2. Impulsar eth desplegament [&hellip;]<\/p>\n","protected":false},"author":1,"featured_media":0,"parent":1400,"menu_order":10,"comment_status":"closed","ping_status":"closed","template":"","meta":{"_bbp_topic_count":0,"_bbp_reply_count":0,"_bbp_total_topic_count":0,"_bbp_total_reply_count":0,"_bbp_voice_count":0,"_bbp_anonymous_reply_count":0,"_bbp_topic_count_hidden":0,"_bbp_reply_count_hidden":0,"_bbp_forum_subforum_count":0,"site-sidebar-layout":"default","site-content-layout":"","ast-site-content-layout":"","site-content-style":"default","site-sidebar-style":"default","ast-global-header-display":"","ast-banner-title-visibility":"","ast-main-header-display":"","ast-hfb-above-header-display":"","ast-hfb-below-header-display":"","ast-hfb-mobile-header-display":"","site-post-title":"","ast-breadcrumbs-content":"","ast-featured-img":"","footer-sml-layout":"","theme-transparent-header-meta":"","adv-header-id-meta":"","stick-header-meta":"","header-above-stick-meta":"","header-main-stick-meta":"","header-below-stick-meta":"","astra-migrate-meta-layouts":"default","ast-page-background-enabled":"default","ast-page-background-meta":{"desktop":{"background-color":"var(--ast-global-color-4)","background-image":"","background-repeat":"repeat","background-position":"center center","background-size":"auto","background-attachment":"scroll","background-type":"","background-media":"","overlay-type":"","overlay-color":"","overlay-opacity":"","overlay-gradient":""},"tablet":{"background-color":"","background-image":"","background-repeat":"repeat","background-position":"center center","background-size":"auto","background-attachment":"scroll","background-type":"","background-media":"","overlay-type":"","overlay-color":"","overlay-opacity":"","overlay-gradient":""},"mobile":{"background-color":"","background-image":"","background-repeat":"repeat","background-position":"center center","background-size":"auto","background-attachment":"scroll","background-type":"","background-media":"","overlay-type":"","overlay-color":"","overlay-opacity":"","overlay-gradient":""}},"ast-content-background-meta":{"desktop":{"background-color":"var(--ast-global-color-5)","background-image":"","background-repeat":"repeat","background-position":"center center","background-size":"auto","background-attachment":"scroll","background-type":"","background-media":"","overlay-type":"","overlay-color":"","overlay-opacity":"","overlay-gradient":""},"tablet":{"background-color":"var(--ast-global-color-5)","background-image":"","background-repeat":"repeat","background-position":"center center","background-size":"auto","background-attachment":"scroll","background-type":"","background-media":"","overlay-type":"","overlay-color":"","overlay-opacity":"","overlay-gradient":""},"mobile":{"background-color":"var(--ast-global-color-5)","background-image":"","background-repeat":"repeat","background-position":"center center","background-size":"auto","background-attachment":"scroll","background-type":"","background-media":"","overlay-type":"","overlay-color":"","overlay-opacity":"","overlay-gradient":""}},"footnotes":""},"class_list":["post-1410","page","type-page","status-publish","hentry"],"post_mailing_queue_ids":[],"_links":{"self":[{"href":"https:\/\/agora.xtec.cat\/ceipgarona\/wp-json\/wp\/v2\/pages\/1410","targetHints":{"allow":["GET"]}}],"collection":[{"href":"https:\/\/agora.xtec.cat\/ceipgarona\/wp-json\/wp\/v2\/pages"}],"about":[{"href":"https:\/\/agora.xtec.cat\/ceipgarona\/wp-json\/wp\/v2\/types\/page"}],"author":[{"embeddable":true,"href":"https:\/\/agora.xtec.cat\/ceipgarona\/wp-json\/wp\/v2\/users\/1"}],"replies":[{"embeddable":true,"href":"https:\/\/agora.xtec.cat\/ceipgarona\/wp-json\/wp\/v2\/comments?post=1410"}],"version-history":[{"count":6,"href":"https:\/\/agora.xtec.cat\/ceipgarona\/wp-json\/wp\/v2\/pages\/1410\/revisions"}],"predecessor-version":[{"id":1544,"href":"https:\/\/agora.xtec.cat\/ceipgarona\/wp-json\/wp\/v2\/pages\/1410\/revisions\/1544"}],"up":[{"embeddable":true,"href":"https:\/\/agora.xtec.cat\/ceipgarona\/wp-json\/wp\/v2\/pages\/1400"}],"wp:attachment":[{"href":"https:\/\/agora.xtec.cat\/ceipgarona\/wp-json\/wp\/v2\/media?parent=1410"}],"curies":[{"name":"wp","href":"https:\/\/api.w.org\/{rel}","templated":true}]}}