{"id":64,"date":"2014-09-18T12:39:08","date_gmt":"2014-09-18T11:39:08","guid":{"rendered":"http:\/\/agora.xtec.cat\/ceipgarigot\/?page_id=64"},"modified":"2026-02-19T16:00:18","modified_gmt":"2026-02-19T15:00:18","slug":"projecte-educatiu","status":"publish","type":"page","link":"https:\/\/agora.xtec.cat\/ceipgarigot\/projecte-educatiu\/","title":{"rendered":"Projecte educatiu"},"content":{"rendered":"<h1 data-section-id=\"1j67d9d\" data-start=\"517\" data-end=\"548\">Marc pedag\u00f2gic i organitzatiu<\/h1>\n<p data-start=\"550\" data-end=\"808\">Una escola \u00e9s molt m\u00e9s que un edifici o un horari: \u00e9s l\u2019espai on infants creixen personalment, emocionalment i acad\u00e8micament. A l\u2019Escola Garigot entenem l\u2019educaci\u00f3 com un proc\u00e9s integral que acompanya cada alumne en el desenvolupament del seu projecte vital.<\/p>\n<p data-start=\"810\" data-end=\"852\">La nostra acci\u00f3 educativa es fonamenta en:<\/p>\n<ul data-start=\"853\" data-end=\"1151\">\n<li data-section-id=\"18zk84o\" data-start=\"853\" data-end=\"888\">\n<p data-start=\"855\" data-end=\"888\">L\u2019educaci\u00f3 integral de l\u2019alumnat.<\/p>\n<\/li>\n<li data-section-id=\"wjz379\" data-start=\"889\" data-end=\"945\">\n<p data-start=\"891\" data-end=\"945\">El benestar emocional i l\u2019acompanyament personalitzat.<\/p>\n<\/li>\n<li data-section-id=\"1jkyy0\" data-start=\"946\" data-end=\"1000\">\n<p data-start=\"948\" data-end=\"1000\">El desenvolupament de l\u2019autonomia i l\u2019autoregulaci\u00f3.<\/p>\n<\/li>\n<li data-section-id=\"szglje\" data-start=\"1001\" data-end=\"1050\">\n<p data-start=\"1003\" data-end=\"1050\">La conviv\u00e8ncia respectuosa i la cultura de pau.<\/p>\n<\/li>\n<li data-section-id=\"1h8av7q\" data-start=\"1051\" data-end=\"1098\">\n<p data-start=\"1053\" data-end=\"1098\">El pensament cr\u00edtic i la participaci\u00f3 activa.<\/p>\n<\/li>\n<li data-section-id=\"1k3b1kd\" data-start=\"1099\" data-end=\"1151\">\n<p data-start=\"1101\" data-end=\"1151\">La corresponsabilitat amb les fam\u00edlies i l\u2019entorn.<\/p>\n<\/li>\n<\/ul>\n<hr data-start=\"1153\" data-end=\"1156\" \/>\n<h1 data-section-id=\"1yirvej\" data-start=\"1158\" data-end=\"1177\">Etapes educatives<\/h1>\n<p data-start=\"1179\" data-end=\"1220\">El centre est\u00e0 organitzat en dues etapes:<\/p>\n<ul data-start=\"1222\" data-end=\"1348\">\n<li data-section-id=\"1ym5ifb\" data-start=\"1222\" data-end=\"1261\">\n<p data-start=\"1224\" data-end=\"1261\"><strong data-start=\"1224\" data-end=\"1259\">Educaci\u00f3 infantil (I3, I4 i I5)<\/strong><\/p>\n<\/li>\n<li data-section-id=\"4h2xi4\" data-start=\"1262\" data-end=\"1348\">\n<p data-start=\"1264\" data-end=\"1348\"><strong data-start=\"1264\" data-end=\"1298\">Educaci\u00f3 prim\u00e0ria (de 1r a 6\u00e8)<\/strong>, estructurada en cicle inicial, mitj\u00e0 i superior.<\/p>\n<\/li>\n<\/ul>\n<hr data-start=\"1350\" data-end=\"1353\" \/>\n<h1 data-section-id=\"1sym81x\" data-start=\"1355\" data-end=\"1380\">Organitzaci\u00f3 pedag\u00f2gica<\/h1>\n<p data-start=\"1382\" data-end=\"1547\">El centre desenvolupa el curr\u00edculum competencial establert pel Departament d\u2019Educaci\u00f3, orientat a l\u2019assoliment de les compet\u00e8ncies clau i espec\u00edfiques de cada etapa.<\/p>\n<p data-start=\"1549\" data-end=\"1585\">Els nostres criteris pedag\u00f2gics s\u00f3n:<\/p>\n<ul data-start=\"1587\" data-end=\"1885\">\n<li data-section-id=\"tymm64\" data-start=\"1587\" data-end=\"1630\">\n<p data-start=\"1589\" data-end=\"1630\">Aprenentatge competencial i significatiu.<\/p>\n<\/li>\n<li data-section-id=\"18g5icq\" data-start=\"1631\" data-end=\"1677\">\n<p data-start=\"1633\" data-end=\"1677\">Situacions d\u2019aprenentatge contextualitzades.<\/p>\n<\/li>\n<li data-section-id=\"pfr9wh\" data-start=\"1678\" data-end=\"1727\">\n<p data-start=\"1680\" data-end=\"1727\">Metodologies actives, cooperatives i flexibles.<\/p>\n<\/li>\n<li data-section-id=\"1prhl38\" data-start=\"1728\" data-end=\"1775\">\n<p data-start=\"1730\" data-end=\"1775\">Transfer\u00e8ncia dels aprenentatges entre \u00e0rees.<\/p>\n<\/li>\n<li data-section-id=\"5va4qo\" data-start=\"1776\" data-end=\"1818\">\n<p data-start=\"1778\" data-end=\"1818\">Foment de l\u2019autonomia i l\u2019autoregulaci\u00f3.<\/p>\n<\/li>\n<li data-section-id=\"1hsdy3b\" data-start=\"1819\" data-end=\"1855\">\n<p data-start=\"1821\" data-end=\"1855\">Avaluaci\u00f3 formativa i orientadora.<\/p>\n<\/li>\n<li data-section-id=\"1p2j5vf\" data-start=\"1856\" data-end=\"1885\">\n<p data-start=\"1858\" data-end=\"1885\">Acci\u00f3 tutorial sistem\u00e0tica.<\/p>\n<\/li>\n<\/ul>\n<p data-start=\"1887\" data-end=\"2116\">Integrem projectes interdisciplinaris, treball cooperatiu, ambients d\u2019aprenentatge (especialment a infantil) i experi\u00e8ncies internivell que afavoreixen la conviv\u00e8ncia i el sentit de comunitat (com el projecte de padrins lectors).<\/p>\n<p data-start=\"2118\" data-end=\"2163\">Treballem de manera transversal aspectes com:<\/p>\n<ul data-start=\"2164\" data-end=\"2286\">\n<li data-section-id=\"1tl7epy\" data-start=\"2164\" data-end=\"2184\">\n<p data-start=\"2166\" data-end=\"2184\">Educaci\u00f3 emocional<\/p>\n<\/li>\n<li data-section-id=\"12orvt0\" data-start=\"2185\" data-end=\"2211\">\n<p data-start=\"2187\" data-end=\"2211\">Conviv\u00e8ncia i coeducaci\u00f3<\/p>\n<\/li>\n<li data-section-id=\"1pmrekm\" data-start=\"2212\" data-end=\"2230\">\n<p data-start=\"2214\" data-end=\"2230\">Salut i benestar<\/p>\n<\/li>\n<li data-section-id=\"794z3x\" data-start=\"2231\" data-end=\"2249\">\n<p data-start=\"2233\" data-end=\"2249\">Educaci\u00f3 digital<\/p>\n<\/li>\n<li data-section-id=\"1h0yzbp\" data-start=\"2250\" data-end=\"2286\">\n<p data-start=\"2252\" data-end=\"2286\">Sostenibilitat i ciutadania global<\/p>\n<\/li>\n<\/ul>\n<hr data-start=\"2288\" data-end=\"2291\" \/>\n<h1 data-section-id=\"1nbzq0p\" data-start=\"2293\" data-end=\"2313\">Educaci\u00f3 inclusiva<\/h1>\n<p data-start=\"2315\" data-end=\"2439\">El centre es regeix pel <strong data-start=\"2339\" data-end=\"2401\">Decret 150\/2017 d\u2019atenci\u00f3 educativa en un sistema inclusiu<\/strong> i pel principi d\u2019escola per a tothom.<\/p>\n<p data-start=\"2441\" data-end=\"2606\">Entenem la inclusi\u00f3 com el proc\u00e9s que garanteix la pres\u00e8ncia, la participaci\u00f3 i el progr\u00e9s de tot l\u2019alumnat, eliminant barreres a l\u2019aprenentatge i a la participaci\u00f3.<\/p>\n<p data-start=\"2608\" data-end=\"2658\">Els principis que orienten la nostra pr\u00e0ctica s\u00f3n:<\/p>\n<ul data-start=\"2660\" data-end=\"2878\">\n<li data-section-id=\"1c4crma\" data-start=\"2660\" data-end=\"2681\">\n<p data-start=\"2662\" data-end=\"2681\">Inclusi\u00f3 i equitat.<\/p>\n<\/li>\n<li data-section-id=\"954alm\" data-start=\"2682\" data-end=\"2728\">\n<p data-start=\"2684\" data-end=\"2728\">Normalitzaci\u00f3 dels contextos d\u2019aprenentatge.<\/p>\n<\/li>\n<li data-section-id=\"1mzx01f\" data-start=\"2729\" data-end=\"2760\">\n<p data-start=\"2731\" data-end=\"2760\">Personalitzaci\u00f3 dels suports.<\/p>\n<\/li>\n<li data-section-id=\"1f146yi\" data-start=\"2761\" data-end=\"2787\">\n<p data-start=\"2763\" data-end=\"2787\">Igualtat d\u2019oportunitats.<\/p>\n<\/li>\n<li data-section-id=\"x6ukjg\" data-start=\"2788\" data-end=\"2840\">\n<p data-start=\"2790\" data-end=\"2840\">Corresponsabilitat de tota la comunitat educativa.<\/p>\n<\/li>\n<li data-section-id=\"aivprq\" data-start=\"2841\" data-end=\"2878\">\n<p data-start=\"2843\" data-end=\"2878\">Coeducaci\u00f3 i perspectiva de g\u00e8nere.<\/p>\n<\/li>\n<\/ul>\n<hr data-start=\"2880\" data-end=\"2883\" \/>\n<h1 data-section-id=\"1uialgy\" data-start=\"2885\" data-end=\"2930\">Atenci\u00f3 a la diversitat i suports educatius<\/h1>\n<p data-start=\"2932\" data-end=\"3005\">L\u2019atenci\u00f3 a la diversitat forma part de l\u2019organitzaci\u00f3 global del centre.<\/p>\n<p data-start=\"3007\" data-end=\"3034\">Els suports s\u2019articulen en:<\/p>\n<ul data-start=\"3035\" data-end=\"3233\">\n<li data-section-id=\"1ix38y2\" data-start=\"3035\" data-end=\"3081\">\n<p data-start=\"3037\" data-end=\"3081\"><strong data-start=\"3037\" data-end=\"3059\">Suports universals<\/strong>, per a tot l\u2019alumnat.<\/p>\n<\/li>\n<li data-section-id=\"fwnkb3\" data-start=\"3082\" data-end=\"3138\">\n<p data-start=\"3084\" data-end=\"3138\"><strong data-start=\"3084\" data-end=\"3107\">Suports addicionals<\/strong>, quan cal un refor\u00e7 espec\u00edfic.<\/p>\n<\/li>\n<li data-section-id=\"13ia6am\" data-start=\"3139\" data-end=\"3233\">\n<p data-start=\"3141\" data-end=\"3233\"><strong data-start=\"3141\" data-end=\"3162\">Suports intensius<\/strong>, per a alumnat amb necessitats espec\u00edfiques de suport educatiu (NESE).<\/p>\n<\/li>\n<\/ul>\n<p data-start=\"3235\" data-end=\"3320\">Sempre que \u00e9s possible, els suports es duen a terme dins l\u2019aula ordin\u00e0ria mitjan\u00e7ant:<\/p>\n<ul data-start=\"3321\" data-end=\"3424\">\n<li data-section-id=\"1x8w21u\" data-start=\"3321\" data-end=\"3335\">\n<p data-start=\"3323\" data-end=\"3335\">Co-doc\u00e8ncia.<\/p>\n<\/li>\n<li data-section-id=\"bnjx3l\" data-start=\"3336\" data-end=\"3360\">\n<p data-start=\"3338\" data-end=\"3360\">Agrupaments flexibles.<\/p>\n<\/li>\n<li data-section-id=\"130go1r\" data-start=\"3361\" data-end=\"3394\">\n<p data-start=\"3363\" data-end=\"3394\">Tallers i espais diversificats.<\/p>\n<\/li>\n<li data-section-id=\"1629i79\" data-start=\"3395\" data-end=\"3424\">\n<p data-start=\"3397\" data-end=\"3424\">Adaptacions metodol\u00f2giques.<\/p>\n<\/li>\n<\/ul>\n<hr data-start=\"3426\" data-end=\"3429\" \/>\n<h1 data-section-id=\"18vqp6o\" data-start=\"3431\" data-end=\"3488\">SIEI (Suport Intensiu per a l\u2019Escolaritzaci\u00f3 Inclusiva)<\/h1>\n<p data-start=\"3490\" data-end=\"3633\">Des de 2019, el centre disposa d\u2019una unitat <strong data-start=\"3534\" data-end=\"3542\">SIEI<\/strong>, que \u00e9s un recurs per refor\u00e7ar l\u2019atenci\u00f3 a l\u2019alumnat amb necessitats educatives especials.<\/p>\n<p data-start=\"3635\" data-end=\"3643\">La SIEI:<\/p>\n<ul data-start=\"3644\" data-end=\"3924\">\n<li data-section-id=\"4y0mok\" data-start=\"3644\" data-end=\"3704\">\n<p data-start=\"3646\" data-end=\"3704\">Prioritza la participaci\u00f3 de l\u2019alumnat a l\u2019aula ordin\u00e0ria.<\/p>\n<\/li>\n<li data-section-id=\"2st5ck\" data-start=\"3705\" data-end=\"3782\">\n<p data-start=\"3707\" data-end=\"3782\">Ofereix suport personalitzat dins i fora de l\u2019aula, segons les necessitats.<\/p>\n<\/li>\n<li data-section-id=\"1ynltb6\" data-start=\"3783\" data-end=\"3849\">\n<p data-start=\"3785\" data-end=\"3849\">Treballa coordinadament amb tutors\/es, especialistes i fam\u00edlies.<\/p>\n<\/li>\n<li data-section-id=\"10m6zi1\" data-start=\"3850\" data-end=\"3924\">\n<p data-start=\"3852\" data-end=\"3924\">Contribueix a la construcci\u00f3 d\u2019un entorn educatiu inclusiu per a tothom.<\/p>\n<\/li>\n<\/ul>\n<hr data-start=\"3926\" data-end=\"3929\" \/>\n<h1 data-section-id=\"1jhd4p3\" data-start=\"3931\" data-end=\"3968\">Aula d\u2019acollida i alumnat nouvingut<\/h1>\n<p data-start=\"3970\" data-end=\"4054\">L\u2019aula d\u2019acollida \u00e9s un espai de refer\u00e8ncia per a l\u2019alumnat nouvingut, que facilita:<\/p>\n<ul data-start=\"4056\" data-end=\"4210\">\n<li data-section-id=\"1rg59xh\" data-start=\"4056\" data-end=\"4105\">\n<p data-start=\"4058\" data-end=\"4105\">L\u2019aprenentatge intensiu de la llengua catalana.<\/p>\n<\/li>\n<li data-section-id=\"1n96v0g\" data-start=\"4106\" data-end=\"4162\">\n<p data-start=\"4108\" data-end=\"4162\">L\u2019acompanyament emocional en el proc\u00e9s d\u2019incorporaci\u00f3.<\/p>\n<\/li>\n<li data-section-id=\"aknf3u\" data-start=\"4163\" data-end=\"4210\">\n<p data-start=\"4165\" data-end=\"4210\">La integraci\u00f3 progressiva a l\u2019aula ordin\u00e0ria.<\/p>\n<\/li>\n<\/ul>\n<p data-start=\"4212\" data-end=\"4366\">S\u2019elaboren plans individualitzats quan \u00e9s necessari, i es garanteix la coordinaci\u00f3 entre el tutor\/a del grup i el docent responsable de l\u2019aula d\u2019acollida.<\/p>\n<p data-start=\"4368\" data-end=\"4385\">El centre promou:<\/p>\n<ul data-start=\"4386\" data-end=\"4584\">\n<li data-section-id=\"az4ycx\" data-start=\"4386\" data-end=\"4449\">\n<p data-start=\"4388\" data-end=\"4449\">La llengua catalana com a llengua vehicular i d\u2019aprenentatge.<\/p>\n<\/li>\n<li data-section-id=\"cf2x9m\" data-start=\"4450\" data-end=\"4511\">\n<p data-start=\"4452\" data-end=\"4511\">L\u2019educaci\u00f3 intercultural basada en el respecte i el di\u00e0leg.<\/p>\n<\/li>\n<li data-section-id=\"1rlsda0\" data-start=\"4512\" data-end=\"4584\">\n<p data-start=\"4514\" data-end=\"4584\">L\u2019equitat educativa com a garantia d\u2019oportunitats per a tot l\u2019alumnat.<\/p>\n<\/li>\n<\/ul>\n<hr data-start=\"4586\" data-end=\"4589\" \/>\n<h1 data-section-id=\"1b07k0j\" data-start=\"4591\" data-end=\"4612\">Comprom\u00eds de centre<\/h1>\n<p data-start=\"4614\" data-end=\"4894\">L\u2019Escola Garigot \u00e9s un centre acollidor, proper i comprom\u00e8s amb la millora cont\u00ednua. Treballem per oferir una experi\u00e8ncia educativa inclusiva, equitativa i personalitzada que permeti a cada infant desenvolupar les seves potencialitats i construir el seu projecte vital amb sentit.<\/p>\n","protected":false},"excerpt":{"rendered":"<p>Marc pedag\u00f2gic i organitzatiu<br \/>\nUna escola \u00e9s molt m\u00e9s que un edifici o un horari: \u00e9s l\u2019espai on infants creixen personalment, emocionalment i acad\u00e8micament. A l\u2019Escola Garigot entenem l\u2019educaci\u00f3 com un proc\u00e9s integral que acompanya cada alumne en el desenvolupament del seu projecte vital.<br \/>\nLa nostra acci\u00f3&hellip;  <a href=\"https:\/\/agora.xtec.cat\/ceipgarigot\/projecte-educatiu\/\" title=\"Read Projecte educatiu\">Llegeix m\u00e9s\u00bb<\/a><\/p>\n","protected":false},"author":1,"featured_media":0,"parent":0,"menu_order":0,"comment_status":"closed","ping_status":"closed","template":"page-templates\/side-menu.php","meta":{"_bbp_topic_count":0,"_bbp_reply_count":0,"_bbp_total_topic_count":0,"_bbp_total_reply_count":0,"_bbp_voice_count":0,"_bbp_anonymous_reply_count":0,"_bbp_topic_count_hidden":0,"_bbp_reply_count_hidden":0,"_bbp_forum_subforum_count":0,"footnotes":""},"class_list":["post-64","page","type-page","status-publish","hentry"],"post_mailing_queue_ids":[],"_links":{"self":[{"href":"https:\/\/agora.xtec.cat\/ceipgarigot\/wp-json\/wp\/v2\/pages\/64","targetHints":{"allow":["GET"]}}],"collection":[{"href":"https:\/\/agora.xtec.cat\/ceipgarigot\/wp-json\/wp\/v2\/pages"}],"about":[{"href":"https:\/\/agora.xtec.cat\/ceipgarigot\/wp-json\/wp\/v2\/types\/page"}],"author":[{"embeddable":true,"href":"https:\/\/agora.xtec.cat\/ceipgarigot\/wp-json\/wp\/v2\/users\/1"}],"replies":[{"embeddable":true,"href":"https:\/\/agora.xtec.cat\/ceipgarigot\/wp-json\/wp\/v2\/comments?post=64"}],"version-history":[{"count":4,"href":"https:\/\/agora.xtec.cat\/ceipgarigot\/wp-json\/wp\/v2\/pages\/64\/revisions"}],"predecessor-version":[{"id":5975,"href":"https:\/\/agora.xtec.cat\/ceipgarigot\/wp-json\/wp\/v2\/pages\/64\/revisions\/5975"}],"wp:attachment":[{"href":"https:\/\/agora.xtec.cat\/ceipgarigot\/wp-json\/wp\/v2\/media?parent=64"}],"curies":[{"name":"wp","href":"https:\/\/api.w.org\/{rel}","templated":true}]}}