{"id":5820,"date":"2025-03-10T10:59:57","date_gmt":"2025-03-10T09:59:57","guid":{"rendered":"https:\/\/agora.xtec.cat\/ceipgarigot\/?page_id=5820"},"modified":"2025-03-13T11:27:38","modified_gmt":"2025-03-13T10:27:38","slug":"connectem-vincle-families","status":"publish","type":"page","link":"https:\/\/agora.xtec.cat\/ceipgarigot\/projecte-educatiu\/projecte-conectem-psicomotricitat\/connectem-vincle-families\/","title":{"rendered":"CONNECTEM VINCLE FAM\u00cdLIES"},"content":{"rendered":"<p>&nbsp;<\/p>\n<h1 style=\"text-align: center;\"><a href=\"https:\/\/agora.xtec.cat\/ceipgarigot\/wp-content\/uploads\/usu3\/2025\/03\/Captura-de-pantalla-2025-03-13-112106.png\"><img loading=\"lazy\" decoding=\"async\" class=\"alignnone wp-image-5847\" src=\"https:\/\/agora.xtec.cat\/ceipgarigot\/wp-content\/uploads\/usu3\/2025\/03\/Captura-de-pantalla-2025-03-13-112106.png\" alt=\"\" width=\"639\" height=\"686\" srcset=\"https:\/\/agora.xtec.cat\/ceipgarigot\/wp-content\/uploads\/usu3\/2025\/03\/Captura-de-pantalla-2025-03-13-112106.png 507w, https:\/\/agora.xtec.cat\/ceipgarigot\/wp-content\/uploads\/usu3\/2025\/03\/Captura-de-pantalla-2025-03-13-112106-280x300.png 280w\" sizes=\"auto, (max-width: 639px) 100vw, 639px\" \/><\/a><\/h1>\n<p>&nbsp;<\/p>\n<p style=\"text-align: justify;\"><span style=\"font-weight: 400;\">A <\/span><span style=\"color: #7f6000;\"><b><i>Connectem<\/i><\/b><\/span><b>,<\/b><span style=\"font-weight: 400;\"> la col\u00b7laboraci\u00f3 amb les fam\u00edlies \u00e9s essencial per aconseguir un desenvolupament integral dels infants. Per aix\u00f2, oferim diversos espais i activitats que fomenten la participaci\u00f3 i el creixement conjunt.\u00a0<\/span><\/p>\n<p style=\"text-align: justify;\"><span style=\"font-weight: 400;\">Els tres espais que oferim consisteixen en:<span style=\"color: #7f6000;\"><b><a href=\"https:\/\/agora.xtec.cat\/ceipgarigot\/wp-content\/uploads\/usu3\/2025\/03\/Captura-de-pantalla-2025-03-11-095240.png\"><img loading=\"lazy\" decoding=\"async\" class=\" wp-image-5825 alignright\" src=\"https:\/\/agora.xtec.cat\/ceipgarigot\/wp-content\/uploads\/usu3\/2025\/03\/Captura-de-pantalla-2025-03-11-095240.png\" alt=\"\" width=\"390\" height=\"292\" srcset=\"https:\/\/agora.xtec.cat\/ceipgarigot\/wp-content\/uploads\/usu3\/2025\/03\/Captura-de-pantalla-2025-03-11-095240.png 308w, https:\/\/agora.xtec.cat\/ceipgarigot\/wp-content\/uploads\/usu3\/2025\/03\/Captura-de-pantalla-2025-03-11-095240-300x225.png 300w, https:\/\/agora.xtec.cat\/ceipgarigot\/wp-content\/uploads\/usu3\/2025\/03\/Captura-de-pantalla-2025-03-11-095240-200x150.png 200w\" sizes=\"auto, (max-width: 390px) 100vw, 390px\" \/><\/a><\/b><\/span><\/span><\/p>\n<h4 style=\"text-align: justify;\"><span style=\"color: #7f6000;\"><b>1. Taller neuromotor:<\/b><span style=\"font-weight: 400;\">\u00a0<\/span><\/span><\/h4>\n<p style=\"text-align: justify;\"><span style=\"color: #7f6000;\"><b>Una experi\u00e8ncia per cr\u00e9ixer en moviment!<\/b><\/span><\/p>\n<p style=\"text-align: justify;\"><span style=\"font-weight: 400;\">En aquest taller, fam\u00edlies i infants comparteixen un espai \u00fanic per descobrir la<\/span><span style=\"color: #7f6000;\"><b> import\u00e0ncia del desenvolupament neuromotor.<\/b><\/span><span style=\"font-weight: 400;\"> A trav\u00e9s del joc, el moviment i l\u2019experimentaci\u00f3, explorem com cos i cervell es connecten per afavorir un creixement saludable. Treballem per potenciar l\u2019autonomia, la seguretat i l\u2019aprenentatge dels infants d\u2019una manera vivencial i plena d\u2019emocions.<\/span><\/p>\n<h4 style=\"text-align: justify;\"><\/h4>\n<h4><\/h4>\n<h4 style=\"text-align: justify;\"><span style=\"color: #7f6000;\"><b style=\"font-family: inherit; font-size: 1em;\">2. Jugar en fam\u00edlia:<\/b><\/span><\/h4>\n<p style=\"text-align: justify;\"><span style=\"color: #7f6000;\"><b>Moments inoblidables!!!<\/b><\/span><\/p>\n<p style=\"text-align: justify;\"><span style=\"font-weight: 400;\">Una sessi\u00f3 dissenyada per a les fam\u00edlies, on el <\/span><span style=\"color: #7f6000;\"><b>joc es converteix en una eina poderosa<\/b><\/span><span style=\"font-weight: 400;\"> per enfortir els vincles emocionals amb els seus fills i filles. A trav\u00e9s d\u2019activitats l\u00fadiques, afavorim la complicitat, la confian\u00e7a i l\u2019expressi\u00f3 d\u2019emocions, creant records que perduraran per sempre.<\/span><\/p>\n<p><a href=\"https:\/\/agora.xtec.cat\/ceipgarigot\/wp-content\/uploads\/usu3\/2025\/03\/Captura-de-pantalla-2025-03-11-095255.png\"><img loading=\"lazy\" decoding=\"async\" class=\"wp-image-5829 alignnone\" src=\"https:\/\/agora.xtec.cat\/ceipgarigot\/wp-content\/uploads\/usu3\/2025\/03\/Captura-de-pantalla-2025-03-11-095255.png\" alt=\"\" width=\"462\" height=\"259\" srcset=\"https:\/\/agora.xtec.cat\/ceipgarigot\/wp-content\/uploads\/usu3\/2025\/03\/Captura-de-pantalla-2025-03-11-095255.png 323w, https:\/\/agora.xtec.cat\/ceipgarigot\/wp-content\/uploads\/usu3\/2025\/03\/Captura-de-pantalla-2025-03-11-095255-300x168.png 300w\" sizes=\"auto, (max-width: 462px) 100vw, 462px\" \/><\/a><a href=\"https:\/\/agora.xtec.cat\/ceipgarigot\/wp-content\/uploads\/usu3\/2025\/03\/Captura-de-pantalla-2025-03-11-095312.png\"><img loading=\"lazy\" decoding=\"async\" class=\"wp-image-5830 alignright\" src=\"https:\/\/agora.xtec.cat\/ceipgarigot\/wp-content\/uploads\/usu3\/2025\/03\/Captura-de-pantalla-2025-03-11-095312.png\" alt=\"\" width=\"359\" height=\"260\" \/><\/a><\/p>\n<h4><\/h4>\n<h4><\/h4>\n<h4><\/h4>\n<h4><\/h4>\n<h4><\/h4>\n<p>&nbsp;<\/p>\n<p><a href=\"https:\/\/agora.xtec.cat\/ceipgarigot\/wp-content\/uploads\/usu3\/2025\/03\/Captura-de-pantalla-2025-03-11-095320.png\"><img loading=\"lazy\" decoding=\"async\" class=\"wp-image-5833 alignnone\" src=\"https:\/\/agora.xtec.cat\/ceipgarigot\/wp-content\/uploads\/usu3\/2025\/03\/Captura-de-pantalla-2025-03-11-095320.png\" alt=\"\" width=\"455\" height=\"338\" srcset=\"https:\/\/agora.xtec.cat\/ceipgarigot\/wp-content\/uploads\/usu3\/2025\/03\/Captura-de-pantalla-2025-03-11-095320.png 293w, https:\/\/agora.xtec.cat\/ceipgarigot\/wp-content\/uploads\/usu3\/2025\/03\/Captura-de-pantalla-2025-03-11-095320-200x150.png 200w\" sizes=\"auto, (max-width: 455px) 100vw, 455px\" \/><\/a> <a href=\"https:\/\/agora.xtec.cat\/ceipgarigot\/wp-content\/uploads\/usu3\/2025\/03\/Captura-de-pantalla-2025-03-11-095330.png\"><img loading=\"lazy\" decoding=\"async\" class=\"wp-image-5834 alignright\" src=\"https:\/\/agora.xtec.cat\/ceipgarigot\/wp-content\/uploads\/usu3\/2025\/03\/Captura-de-pantalla-2025-03-11-095330.png\" alt=\"\" width=\"367\" height=\"337\" \/><\/a><\/p>\n<h4><\/h4>\n<h4><\/h4>\n<h4><\/h4>\n<h4><\/h4>\n<h4><\/h4>\n<h4><\/h4>\n<h4><\/h4>\n<h4><\/h4>\n<h4><\/h4>\n<h4 style=\"text-align: justify;\"><span style=\"color: #7f6000;\"><b style=\"font-family: inherit; font-size: 1em;\">3. Xerrades neurofuncionals:<\/b><\/span><\/h4>\n<p style=\"text-align: justify;\"><span style=\"font-weight: 400;\">Dirigides a <\/span><span style=\"color: #7f6000;\"><b>fam\u00edlies de l\u2019escola i del seu entorn<\/b><\/span><span style=\"font-weight: 400;\"><span style=\"color: #7f6000;\">,<\/span> incloses aquelles que esperen l\u2019arribada d\u2019un infant. Aquestes sessions destaquen la import\u00e0ncia del <\/span><span style=\"color: #7f6000;\"><b>desenvolupament motor en les primeres etapes de la vida<\/b><\/span><span style=\"font-weight: 400;\"> i ofereixen eines pr\u00e0ctiques per acompanyar el creixement dels m\u00e9s petits.<\/span><\/p>\n<p style=\"text-align: justify;\"><span style=\"font-weight: 400;\">\ud83d\udccc<\/span> <span style=\"color: #7f6000;\"><b>Xerrades a demanda<\/b><\/span><span style=\"font-weight: 400;\"> (grups m\u00ednims de 10 persones).<\/span><\/p>\n<p style=\"text-align: justify;\"><a href=\"https:\/\/agora.xtec.cat\/ceipgarigot\/wp-content\/uploads\/usu3\/2025\/03\/Captura-de-pantalla-2025-03-11-095348.png\"><img loading=\"lazy\" decoding=\"async\" class=\" wp-image-5826 aligncenter\" src=\"https:\/\/agora.xtec.cat\/ceipgarigot\/wp-content\/uploads\/usu3\/2025\/03\/Captura-de-pantalla-2025-03-11-095348.png\" alt=\"\" width=\"652\" height=\"432\" srcset=\"https:\/\/agora.xtec.cat\/ceipgarigot\/wp-content\/uploads\/usu3\/2025\/03\/Captura-de-pantalla-2025-03-11-095348.png 563w, https:\/\/agora.xtec.cat\/ceipgarigot\/wp-content\/uploads\/usu3\/2025\/03\/Captura-de-pantalla-2025-03-11-095348-300x199.png 300w\" sizes=\"auto, (max-width: 652px) 100vw, 652px\" \/><\/a><\/p>\n<h4 style=\"text-align: center;\"><span style=\"color: #7f6000;\"><b>Totes aquestes activitats reforcen la connexi\u00f3 entre l\u2019escola i les fam\u00edlies, creant una xarxa de suport essencial\u00a0 per al benestar <\/b><b>i desenvolupament dels infants.<\/b><\/span><\/h4>\n<p>&nbsp;<\/p>\n","protected":false},"excerpt":{"rendered":"<p>&nbsp;<br \/>\n<a href=\"https:\/\/agora.xtec.cat\/ceipgarigot\/wp-content\/uploads\/usu3\/2025\/03\/Captura-de-pantalla-2025-03-13-112106.png\"><\/a><br \/>\n&nbsp;<br \/>\nA Connectem, la col\u00b7laboraci\u00f3 amb les fam\u00edlies \u00e9s essencial per aconseguir un desenvolupament integral dels infants. Per aix\u00f2, oferim diversos espais i activitats que fomenten la participaci\u00f3 i el creixement conjunt.\u00a0<br \/>\nEls tres espais que oferim consisteixen en:<a href=\"https:\/\/agora.xtec.cat\/ceipgarigot\/wp-content\/uploads\/usu3\/2025\/03\/Captura-de-pantalla-2025-03-11-095240.png\"><\/a><br \/>\n1. Taller neuromotor:\u00a0<br \/>\nUna experi\u00e8ncia per cr\u00e9ixer en&hellip;  <a href=\"https:\/\/agora.xtec.cat\/ceipgarigot\/projecte-educatiu\/projecte-conectem-psicomotricitat\/connectem-vincle-families\/\" title=\"Read CONNECTEM VINCLE FAM\u00cdLIES\">Llegeix m\u00e9s\u00bb<\/a><\/p>\n","protected":false},"author":5,"featured_media":0,"parent":535,"menu_order":0,"comment_status":"closed","ping_status":"closed","template":"","meta":{"_bbp_topic_count":0,"_bbp_reply_count":0,"_bbp_total_topic_count":0,"_bbp_total_reply_count":0,"_bbp_voice_count":0,"_bbp_anonymous_reply_count":0,"_bbp_topic_count_hidden":0,"_bbp_reply_count_hidden":0,"_bbp_forum_subforum_count":0,"footnotes":""},"class_list":["post-5820","page","type-page","status-publish","hentry"],"post_mailing_queue_ids":[],"_links":{"self":[{"href":"https:\/\/agora.xtec.cat\/ceipgarigot\/wp-json\/wp\/v2\/pages\/5820","targetHints":{"allow":["GET"]}}],"collection":[{"href":"https:\/\/agora.xtec.cat\/ceipgarigot\/wp-json\/wp\/v2\/pages"}],"about":[{"href":"https:\/\/agora.xtec.cat\/ceipgarigot\/wp-json\/wp\/v2\/types\/page"}],"author":[{"embeddable":true,"href":"https:\/\/agora.xtec.cat\/ceipgarigot\/wp-json\/wp\/v2\/users\/5"}],"replies":[{"embeddable":true,"href":"https:\/\/agora.xtec.cat\/ceipgarigot\/wp-json\/wp\/v2\/comments?post=5820"}],"version-history":[{"count":7,"href":"https:\/\/agora.xtec.cat\/ceipgarigot\/wp-json\/wp\/v2\/pages\/5820\/revisions"}],"predecessor-version":[{"id":5851,"href":"https:\/\/agora.xtec.cat\/ceipgarigot\/wp-json\/wp\/v2\/pages\/5820\/revisions\/5851"}],"up":[{"embeddable":true,"href":"https:\/\/agora.xtec.cat\/ceipgarigot\/wp-json\/wp\/v2\/pages\/535"}],"wp:attachment":[{"href":"https:\/\/agora.xtec.cat\/ceipgarigot\/wp-json\/wp\/v2\/media?parent=5820"}],"curies":[{"name":"wp","href":"https:\/\/api.w.org\/{rel}","templated":true}]}}