{"id":5627,"date":"2024-05-13T09:32:21","date_gmt":"2024-05-13T07:32:21","guid":{"rendered":"https:\/\/agora.xtec.cat\/ceipgarigot\/?page_id=5627"},"modified":"2025-03-10T10:03:22","modified_gmt":"2025-03-10T09:03:22","slug":"connectem-a-les-aules","status":"publish","type":"page","link":"https:\/\/agora.xtec.cat\/ceipgarigot\/connectem-a-les-aules\/","title":{"rendered":"CONNECTEM A LES AULES"},"content":{"rendered":"<p style=\"text-align: center;\"><a href=\"https:\/\/agora.xtec.cat\/ceipgarigot\/wp-content\/uploads\/usu3\/2025\/03\/Captura-de-pantalla-2025-03-10-094830.png\"><img loading=\"lazy\" decoding=\"async\" class=\"alignnone  wp-image-5808\" src=\"https:\/\/agora.xtec.cat\/ceipgarigot\/wp-content\/uploads\/usu3\/2025\/03\/Captura-de-pantalla-2025-03-10-094830.png\" alt=\"\" width=\"931\" height=\"548\" srcset=\"https:\/\/agora.xtec.cat\/ceipgarigot\/wp-content\/uploads\/usu3\/2025\/03\/Captura-de-pantalla-2025-03-10-094830.png 797w, https:\/\/agora.xtec.cat\/ceipgarigot\/wp-content\/uploads\/usu3\/2025\/03\/Captura-de-pantalla-2025-03-10-094830-300x177.png 300w, https:\/\/agora.xtec.cat\/ceipgarigot\/wp-content\/uploads\/usu3\/2025\/03\/Captura-de-pantalla-2025-03-10-094830-768x452.png 768w\" sizes=\"auto, (max-width: 931px) 100vw, 931px\" \/><\/a><\/p>\n<p>&nbsp;<\/p>\n<h4><span style=\"color: #7f6000;\"><b>Qu\u00e8 \u00e9s el projecte Connectem a les aules?\u00a0<\/b><\/span><\/h4>\n<p><span style=\"font-weight: 400;\">\u00c9s una<\/span> <span style=\"color: #7f6000;\"><b>rutina de benestar<\/b><\/span><span style=\"font-weight: 400;\"> implementada a les <\/span><span style=\"color: #7f6000;\"><b>aules d\u2019Educaci\u00f3 Infantil i Cicle Inicial<\/b><\/span><span style=\"font-weight: 400;\"> que combina moviment, m\u00fasica, meditaci\u00f3 i reflexi\u00f3 per comen\u00e7ar el dia amb tranquil\u00b7litat i alegria.<\/span><\/p>\n<h4><\/h4>\n<h4><span style=\"color: #7f6000;\"><b>Quin \u00e9s l\u2019objectiu principal?\u00a0<\/b><\/span><\/h4>\n<p><span style=\"font-weight: 400;\">Aquesta rutina prepara el cervell per processar informaci\u00f3 de manera m\u00e9s eficient, millorant tant el <\/span><span style=\"color: #7f6000;\"><b>rendiment acad\u00e8mic<\/b><\/span><span style=\"font-weight: 400;\"> com el <\/span><span style=\"color: #7f6000;\"><b>desenvolupament personal<\/b><span style=\"font-weight: 400;\">. <\/span><\/span><span style=\"font-weight: 400;\">Creant un ambient d\u2019aula tranquil i positiu per\u00a0 ajudar els infants a aprendre millor i a desenvolupar tot el seu potencial.\u00a0<\/span><\/p>\n<p>&nbsp;<\/p>\n<h4><span style=\"color: #7f6000;\"><b>En qu\u00e8 es basa <\/b><b><i>Connectem a les aules<\/i><\/b><\/span><b><span style=\"color: #7f6000;\">?<\/span>\u00a0<\/b><\/h4>\n<p><span style=\"font-weight: 400;\">El projecte est\u00e0 basat en la neuromotricitat, una disciplina que utilitza el moviment per:<\/span><\/p>\n<ul>\n<li style=\"list-style-type: none;\">\n<ul>\n<li style=\"list-style-type: none;\">\n<ul>\n<li><span style=\"font-weight: 400;\">Estimular la plasticitat cerebral.<\/span><\/li>\n<li style=\"font-weight: 400;\" aria-level=\"1\"><span style=\"font-weight: 400;\">Enfortir les connexions neuronals.<\/span><\/li>\n<li style=\"font-weight: 400;\" aria-level=\"1\"><span style=\"font-weight: 400;\">Reduir l\u2019estr\u00e8s.<\/span><\/li>\n<li style=\"font-weight: 400;\" aria-level=\"1\"><span style=\"font-weight: 400;\">Millorar l\u2019atenci\u00f3, la mem\u00f2ria i el benestar emocional.<\/span><\/li>\n<\/ul>\n<\/li>\n<\/ul>\n<\/li>\n<\/ul>\n<h4><\/h4>\n<h4 style=\"text-align: center;\"><span style=\"color: #7f6000;\"><b>\u00a0Comen\u00e7ar el dia connectats, concentrats, tranquils i feli\u00e7os!!!<\/b><\/span><\/h4>\n<h4><\/h4>\n<h4><span style=\"color: #7f6000;\"><b>Com ajuda els infants?<\/b><span style=\"font-weight: 400;\">\u00a0 <a href=\"https:\/\/agora.xtec.cat\/ceipgarigot\/wp-content\/uploads\/usu3\/2025\/03\/Captura-de-pantalla-2025-03-10-094923.png\"><img loading=\"lazy\" decoding=\"async\" class=\" wp-image-5810 alignright\" src=\"https:\/\/agora.xtec.cat\/ceipgarigot\/wp-content\/uploads\/usu3\/2025\/03\/Captura-de-pantalla-2025-03-10-094923.png\" alt=\"\" width=\"398\" height=\"297\" srcset=\"https:\/\/agora.xtec.cat\/ceipgarigot\/wp-content\/uploads\/usu3\/2025\/03\/Captura-de-pantalla-2025-03-10-094923.png 267w, https:\/\/agora.xtec.cat\/ceipgarigot\/wp-content\/uploads\/usu3\/2025\/03\/Captura-de-pantalla-2025-03-10-094923-200x150.png 200w\" sizes=\"auto, (max-width: 398px) 100vw, 398px\" \/><\/a><\/span><\/span><\/h4>\n<p><span style=\"font-weight: 400;\">A trav\u00e9s de:<\/span><\/p>\n<ul>\n<li style=\"list-style-type: none;\">\n<ul>\n<li style=\"list-style-type: none;\">\n<ul>\n<li style=\"font-weight: 400;\" aria-level=\"1\"><span style=\"color: #7f6000;\"><b>Moviments senzills<\/b><\/span><span style=\"font-weight: 400;\">: Reforcen habilitats com l\u2019equilibri i la coordinaci\u00f3, fonamentals per a l\u2019aprenentatge.<\/span><\/li>\n<\/ul>\n<\/li>\n<li style=\"list-style-type: none;\">\n<ul>\n<li style=\"font-weight: 400;\" aria-level=\"1\"><b style=\"font-family: inherit; font-size: 1em;\"><span style=\"color: #7f6000;\">M\u00fasica i rimes<\/span>: <\/b><span style=\"font-weight: 400;\">Activen el cos, la ment i les emocions de manera simult\u00e0nia.<\/span><\/li>\n<\/ul>\n<\/li>\n<li style=\"list-style-type: none;\">\n<ul>\n<li style=\"font-weight: 400;\" aria-level=\"1\"><b style=\"font-family: inherit; font-size: 1em;\"><span style=\"color: #7f6000;\">Respiraci\u00f3 conscient i reflexi\u00f3<\/span>:<\/b><span style=\"font-family: inherit; font-size: 1em;\"> Proporcionen calma, autoestima i eines per gestionar les emocions.<\/span><\/li>\n<\/ul>\n<\/li>\n<\/ul>\n<\/li>\n<\/ul>\n<p>&nbsp;<\/p>\n<p>&nbsp;<\/p>\n<p>&nbsp;<\/p>\n<p><span style=\"font-weight: 400;\">Aquest enfocament global crea una <\/span><b><span style=\"color: #7f6000;\">connexi\u00f3 integral<\/span> <\/b><span style=\"font-weight: 400;\">entre <\/span><b><span style=\"color: #7f6000;\">cos, ment i sentiments<\/span>,<\/b> <span style=\"font-weight: 400;\">promovent un aprenentatge m\u00e9s profund i emocionalment ric.<\/span><\/p>\n<h4><\/h4>\n<h4><span style=\"color: #7f6000;\"><b>Quins beneficis t\u00e9 per als mestres?<\/b><\/span><\/h4>\n<p><span style=\"font-weight: 400;\">Els mestres reben eines i recursos per:<\/span><\/p>\n<ul>\n<li style=\"list-style-type: none;\">\n<ul>\n<li style=\"list-style-type: none;\">\n<ul>\n<li style=\"font-weight: 400;\" aria-level=\"1\"><span style=\"font-weight: 400;\">Gestionar millor el grup classe.<\/span><\/li>\n<li style=\"font-weight: 400;\" aria-level=\"1\"><span style=\"font-weight: 400;\">Adaptar les activitats a les necessitats dels alumnes.<\/span><\/li>\n<li style=\"font-weight: 400;\" aria-level=\"1\"><span style=\"font-weight: 400;\"><span style=\"font-weight: 400;\">Fomentar un clima d\u2019aula positiu i cohesionat.<\/span><\/span><br \/>\n<h4><span style=\"color: #7f6000;\">\u00a0<\/span><\/h4>\n<\/li>\n<\/ul>\n<\/li>\n<\/ul>\n<\/li>\n<\/ul>\n<h4><span style=\"color: #7f6000;\"><b>Quin impacte t\u00e9 a l\u2019aula?<a href=\"https:\/\/agora.xtec.cat\/ceipgarigot\/wp-content\/uploads\/usu3\/2025\/03\/Captura-de-pantalla-2025-03-10-094952.png\"><img loading=\"lazy\" decoding=\"async\" class=\" wp-image-5811 alignright\" src=\"https:\/\/agora.xtec.cat\/ceipgarigot\/wp-content\/uploads\/usu3\/2025\/03\/Captura-de-pantalla-2025-03-10-094952.png\" alt=\"\" width=\"393\" height=\"293\" srcset=\"https:\/\/agora.xtec.cat\/ceipgarigot\/wp-content\/uploads\/usu3\/2025\/03\/Captura-de-pantalla-2025-03-10-094952.png 284w, https:\/\/agora.xtec.cat\/ceipgarigot\/wp-content\/uploads\/usu3\/2025\/03\/Captura-de-pantalla-2025-03-10-094952-200x150.png 200w\" sizes=\"auto, (max-width: 393px) 100vw, 393px\" \/><\/a><\/b><\/span><\/h4>\n<p><span style=\"font-weight: 400;\">Les aules es transformen en espais de creixement personal i aprenentatge, on <\/span><span style=\"color: #7f6000;\"><b>infants i mestres inicien el dia connectats, concentrats i feli\u00e7os.<\/b><\/span><\/p>\n<p>&nbsp;<\/p>\n<p>&nbsp;<\/p>\n<p>&nbsp;<\/p>\n<p>&nbsp;<\/p>\n<p>&nbsp;<\/p>\n<h4 style=\"text-align: center;\"><span style=\"color: #7f6000;\"><b><i>Connectant Cos, ment, veu i sentiments.\u00a0<\/i><\/b><b><i>Preparant el cervell per aprendre millor<\/i><\/b><\/span><\/h4>\n<p style=\"text-align: center;\"><a href=\"https:\/\/agora.xtec.cat\/ceipgarigot\/wp-content\/uploads\/usu3\/2024\/05\/4.jpg\"><img loading=\"lazy\" decoding=\"async\" class=\"alignnone size-full wp-image-5625\" src=\"https:\/\/agora.xtec.cat\/ceipgarigot\/wp-content\/uploads\/usu3\/2024\/05\/4.jpg\" alt=\"\" width=\"414\" height=\"27\" srcset=\"https:\/\/agora.xtec.cat\/ceipgarigot\/wp-content\/uploads\/usu3\/2024\/05\/4.jpg 414w, https:\/\/agora.xtec.cat\/ceipgarigot\/wp-content\/uploads\/usu3\/2024\/05\/4-300x20.jpg 300w\" sizes=\"auto, (max-width: 414px) 100vw, 414px\" \/><\/a><\/p>\n","protected":false},"excerpt":{"rendered":"<p><a href=\"https:\/\/agora.xtec.cat\/ceipgarigot\/wp-content\/uploads\/usu3\/2025\/03\/Captura-de-pantalla-2025-03-10-094830.png\"><\/a><br \/>\n&nbsp;<br \/>\nQu\u00e8 \u00e9s el projecte Connectem a les aules?\u00a0<br \/>\n\u00c9s una rutina de benestar implementada a les aules d\u2019Educaci\u00f3 Infantil i Cicle Inicial que combina moviment, m\u00fasica, meditaci\u00f3 i reflexi\u00f3 per comen\u00e7ar el dia amb tranquil\u00b7litat i alegria.<\/p>\n<p>Quin \u00e9s l\u2019objectiu principal?\u00a0<br \/>\nAquesta rutina prepara el cervell per&hellip;  <a href=\"https:\/\/agora.xtec.cat\/ceipgarigot\/connectem-a-les-aules\/\" title=\"Read CONNECTEM A LES AULES\">Llegeix m\u00e9s\u00bb<\/a><\/p>\n","protected":false},"author":5,"featured_media":0,"parent":0,"menu_order":0,"comment_status":"closed","ping_status":"closed","template":"","meta":{"_bbp_topic_count":0,"_bbp_reply_count":0,"_bbp_total_topic_count":0,"_bbp_total_reply_count":0,"_bbp_voice_count":0,"_bbp_anonymous_reply_count":0,"_bbp_topic_count_hidden":0,"_bbp_reply_count_hidden":0,"_bbp_forum_subforum_count":0,"footnotes":""},"class_list":["post-5627","page","type-page","status-publish","hentry"],"post_mailing_queue_ids":[],"_links":{"self":[{"href":"https:\/\/agora.xtec.cat\/ceipgarigot\/wp-json\/wp\/v2\/pages\/5627","targetHints":{"allow":["GET"]}}],"collection":[{"href":"https:\/\/agora.xtec.cat\/ceipgarigot\/wp-json\/wp\/v2\/pages"}],"about":[{"href":"https:\/\/agora.xtec.cat\/ceipgarigot\/wp-json\/wp\/v2\/types\/page"}],"author":[{"embeddable":true,"href":"https:\/\/agora.xtec.cat\/ceipgarigot\/wp-json\/wp\/v2\/users\/5"}],"replies":[{"embeddable":true,"href":"https:\/\/agora.xtec.cat\/ceipgarigot\/wp-json\/wp\/v2\/comments?post=5627"}],"version-history":[{"count":6,"href":"https:\/\/agora.xtec.cat\/ceipgarigot\/wp-json\/wp\/v2\/pages\/5627\/revisions"}],"predecessor-version":[{"id":5812,"href":"https:\/\/agora.xtec.cat\/ceipgarigot\/wp-json\/wp\/v2\/pages\/5627\/revisions\/5812"}],"wp:attachment":[{"href":"https:\/\/agora.xtec.cat\/ceipgarigot\/wp-json\/wp\/v2\/media?parent=5627"}],"curies":[{"name":"wp","href":"https:\/\/api.w.org\/{rel}","templated":true}]}}