{"id":553,"date":"2016-09-07T13:11:36","date_gmt":"2016-09-07T12:11:36","guid":{"rendered":"http:\/\/agora.xtec.cat\/ceipgarigot\/?page_id=553"},"modified":"2017-02-20T15:12:26","modified_gmt":"2017-02-20T14:12:26","slug":"biblioteca-puntedu","status":"publish","type":"page","link":"https:\/\/agora.xtec.cat\/ceipgarigot\/projecte-educatiu\/biblioteca-puntedu\/","title":{"rendered":"Biblioteca"},"content":{"rendered":"<p><strong>Biblioteca oberta al barri els Dimarts i Dijous de 16:30 a 18:00h.<\/strong><\/p>\n<p>Us hi esperem!<\/p>\n<p>&nbsp;<\/p>\n<p><strong><u>BIBLIOTECA. ORGANITZACI\u00d3, RECURSOS I ACTIVITATS<\/u><\/strong><\/p>\n<p><strong>\u00a0<\/strong><\/p>\n<ol>\n<li><strong><u>RECURSOS DE LA BIBLIOTECA<\/u><\/strong><\/li>\n<\/ol>\n<ul>\n<li>La biblioteca escolar <u>centralitza tots els recursos de l&#8217;escola<\/u>, tant els documents impresos com els audiovisuals. Els documents que hagin de romandre en altres depend\u00e8ncies (tutories, aules, aules d&#8217;especialitats\u2026) es registraran com a pr\u00e9stec anual o trimestral.<\/li>\n<li>Prestatge de coneixements: diccionaris, enciclop\u00e8dies,\u00a0\u00a0revistes, llibres de coneixement per a infants i adults.<\/li>\n<\/ul>\n<ul>\n<li>Zona imaginaci\u00f3:<\/li>\n<li>L\u00e0mines i mapes<\/li>\n<li>Ordinadors<\/li>\n<li>Material fungible d\u2019\u00fas exclusiu a la biblioteca<\/li>\n<\/ul>\n<p>&nbsp;<\/p>\n<ol start=\"2\">\n<li><strong><u>NORMES DE LA BIBLIOTECA<\/u><\/strong><\/li>\n<\/ol>\n<ul>\n<li>La biblioteca \u00e9s un tresor que hem de cuidar entre tots.<\/li>\n<\/ul>\n<p>Normes generals:<\/p>\n<ul>\n<li>Cuidar i respectar els llibres<\/li>\n<li>Tenir les mans netes<\/li>\n<li>No menjar ni beure<\/li>\n<li>Fer silenci<\/li>\n<li>Deixar els llibres on corresponguin<\/li>\n<\/ul>\n<p>Normes de lectura:<\/p>\n<ul>\n<li>Abans d\u2019agafar, t\u2019ho has de pensar<\/li>\n<li>Si no saps que triar, deixa\u2019t aconsellar<\/li>\n<li>Deixa\u2019t sorprendre, que de tots els llibres pots aprendre.<\/li>\n<\/ul>\n<p>Normes de retorn:<\/p>\n<ul>\n<li>Deixar els llibres amb gomet blau a la caixa vermella<\/li>\n<li>Deixar els llibres amb gomet verd o groc a la caixa verda.<\/li>\n<li>Deixar els llibres de coneixement a la caixa blava<\/li>\n<\/ul>\n<p>Alumnes bibliotecaris:<\/p>\n<p>Alumnat de CM que a les estones d\u2019esbarjo, de forma volunt\u00e0ria, venen a la biblioteca a ajudar a organitzar-la. Hi ha uns mestres que fan pati a la biblioteca per ajudar-los i controlar el pr\u00e9stec als mestres.<\/p>\n<p>&nbsp;<\/p>\n<ol start=\"3\">\n<li><strong><u>IMPLICACI\u00d3 BIBLIOTECA-ESCOLA<\/u><\/strong><\/li>\n<\/ol>\n<p>Objectius de la biblioteca:<\/p>\n<ul>\n<li>Implicaci\u00f3 pedag\u00f2gica en el curr\u00edculum:\n<ul>\n<li>Activitats de lectura<\/li>\n<li>Activitats de cerca d\u2019informaci\u00f3<\/li>\n<\/ul>\n<\/li>\n<li>Activitats proposades per la biblioteca<\/li>\n<li>Concurs literari Sant Jordi.<\/li>\n<li>Biblioteca de pati.<\/li>\n<li>5\u00e8 \u2013 Contes encadenats amb la resta d\u2019escoles de Castelldefels.<\/li>\n<li>Lectura en veu alta \u2013 Llegir \u00e9s divertit.<\/li>\n<li>Gust lectura..<\/li>\n<li>Conta-contes (sant Jordi).<\/li>\n<li>Exposici\u00f3 monogr\u00e0fic.<\/li>\n<li>Biblioteca oberta al barri dimarts i dijous de 16:30 a 18h.<\/li>\n<li>Carnet de biblioteca de pr\u00e8stec de llibres.<\/li>\n<li>Xerrades adre\u00e7ades a les fam\u00edlies.<\/li>\n<li>Contacontes per part del Kid&amp;us.<\/li>\n<\/ul>\n","protected":false},"excerpt":{"rendered":"<p>Biblioteca oberta al barri els Dimarts i Dijous de 16:30 a 18:00h.<br \/>\nUs hi esperem!<br \/>\n&nbsp;<br \/>\nBIBLIOTECA. ORGANITZACI\u00d3, RECURSOS I ACTIVITATS<br \/>\n\u00a0<\/p>\n<ol>\n<li>RECURSOS DE LA BIBLIOTECA<\/li>\n<\/ol>\n<ul>\n<li>La biblioteca escolar centralitza tots els recursos de l&#8217;escola, tant els documents impresos com els audiovisuals. Els documents que hagin de romandre en altres depend\u00e8ncies&hellip;  <a href=\"https:\/\/agora.xtec.cat\/ceipgarigot\/projecte-educatiu\/biblioteca-puntedu\/\" title=\"Read Biblioteca\">Llegeix m\u00e9s\u00bb<\/a><br \/>\n","protected":false},"author":1,"featured_media":0,"parent":64,"menu_order":0,"comment_status":"closed","ping_status":"closed","template":"page-templates\/side-menu.php","meta":{"_bbp_topic_count":0,"_bbp_reply_count":0,"_bbp_total_topic_count":0,"_bbp_total_reply_count":0,"_bbp_voice_count":0,"_bbp_anonymous_reply_count":0,"_bbp_topic_count_hidden":0,"_bbp_reply_count_hidden":0,"_bbp_forum_subforum_count":0,"footnotes":""},"class_list":["post-553","page","type-page","status-publish","hentry"],"post_mailing_queue_ids":[],"_links":{"self":[{"href":"https:\/\/agora.xtec.cat\/ceipgarigot\/wp-json\/wp\/v2\/pages\/553","targetHints":{"allow":["GET"]}}],"collection":[{"href":"https:\/\/agora.xtec.cat\/ceipgarigot\/wp-json\/wp\/v2\/pages"}],"about":[{"href":"https:\/\/agora.xtec.cat\/ceipgarigot\/wp-json\/wp\/v2\/types\/page"}],"author":[{"embeddable":true,"href":"https:\/\/agora.xtec.cat\/ceipgarigot\/wp-json\/wp\/v2\/users\/1"}],"replies":[{"embeddable":true,"href":"https:\/\/agora.xtec.cat\/ceipgarigot\/wp-json\/wp\/v2\/comments?post=553"}],"version-history":[{"count":3,"href":"https:\/\/agora.xtec.cat\/ceipgarigot\/wp-json\/wp\/v2\/pages\/553\/revisions"}],"predecessor-version":[{"id":998,"href":"https:\/\/agora.xtec.cat\/ceipgarigot\/wp-json\/wp\/v2\/pages\/553\/revisions\/998"}],"up":[{"embeddable":true,"href":"https:\/\/agora.xtec.cat\/ceipgarigot\/wp-json\/wp\/v2\/pages\/64"}],"wp:attachment":[{"href":"https:\/\/agora.xtec.cat\/ceipgarigot\/wp-json\/wp\/v2\/media?parent=553"}],"curies":[{"name":"wp","href":"https:\/\/api.w.org\/{rel}","templated":true}]}}