{"id":551,"date":"2016-09-07T13:11:14","date_gmt":"2016-09-07T12:11:14","guid":{"rendered":"http:\/\/agora.xtec.cat\/ceipgarigot\/?page_id=551"},"modified":"2016-09-15T09:10:29","modified_gmt":"2016-09-15T08:10:29","slug":"reutilitzacio-de-llibres","status":"publish","type":"page","link":"https:\/\/agora.xtec.cat\/ceipgarigot\/projecte-educatiu\/reutilitzacio-de-llibres\/","title":{"rendered":"Reutilitzaci\u00f3 de llibres"},"content":{"rendered":"<p style=\"text-align: justify;\">L&#8217;escola participa des de fa uns quants cursos en un programa de reutilitzaci\u00f3 de llibres i material did\u00e0ctic.<\/p>\n<p style=\"text-align: justify;\">Els llibres de text de Cicle Mitj\u00e0 i Cicle Superior s\u00f3n socialitzats, aix\u00f2 vol dir, que durant un curs escolar un alumne els pot utilitzar i es responsabilitza del seu bon \u00fas i bon manteniment. Els llibres s\u00f3n de l&#8217;escola, es compren amb una part de la quota que les fam\u00edlies de tota l&#8217;escola paguen per a material.<\/p>\n<p style=\"text-align: justify;\">Aquest sistema permet estalviar despeses i fer un \u00fas m\u00e9s racional dels recursos, evitant la compra de llibres tots els anys. Els llibres, es fan servir com a material de consulta a l&#8217;aula, i es porten a casa quan \u00e9s necessari.<\/p>\n<p style=\"text-align: justify;\">Trobareu a cada llibre la normativa que t\u00e9 l&#8217;escola Garigot respecte al programa de reutilitzaci\u00f3 aix\u00ed com una etiqueta on apuntem el nom de l&#8217;alumne que fa servir cada llibre durant cada curs.<\/p>\n<p style=\"text-align: justify;\">Per aconseguir un bon funcionament d&#8217;aquest sistema necessitem el comprom\u00eds dels alumnes i de les seves fam\u00edlies. Els vostres fills rebran uns llibres a principi de curs. En alguns nivells s\u00f3n nous ja que s&#8217;ha implantat el nou curr\u00edculum. En altres casos, s\u00f3n llibres reutilitzats, per\u00f2 que estan en bon estat.<\/p>\n<p style=\"text-align: justify;\">Si al final de curs detectem que un llibre s&#8217;ha malm\u00e8s o s&#8217;ha perdut la fam\u00edlia l&#8217;haur\u00e0 d&#8217;abonar o reposar.<\/p>\n<p>&nbsp;<\/p>\n<p><strong>NORMATIVA PER AL BON \u00daS DELS LLIBRES DE TEXT<\/strong><\/p>\n<ol>\n<li>Tots els llibres s\u00f3n de tothom. Els compartim.<\/li>\n<\/ol>\n<ol start=\"2\">\n<li>Escriu el teu nom a l\u2019etiqueta amb llapis.<\/li>\n<\/ol>\n<ol start=\"3\">\n<li>No treguis ni espatllis els folres.<\/li>\n<\/ol>\n<ol start=\"4\">\n<li>Si es fa malb\u00e9 un llibre o es perd, comunica-ho al mestre el m\u00e9s aviat possible.<\/li>\n<\/ol>\n<ol start=\"5\">\n<li>Si fas malb\u00e9 un llibre l\u2019haur\u00e0s d\u2019arreglar i, si el perds, haur\u00e0s de comprar-ne un de nou.<\/li>\n<\/ol>\n<ol start=\"6\">\n<li>No escriguis als llibres.<\/li>\n<\/ol>\n<ol start=\"7\">\n<li>Si cal, copia els exercicis i fes-los en un quadern.<\/li>\n<\/ol>\n<ol start=\"8\">\n<li>Pots portar els llibres a casa nom\u00e9s quan el mestre o la mestra ho consideri imprescindible.<\/li>\n<\/ol>\n<ol start=\"9\">\n<li>Cal tenir cura dels llibres en tot moment. Conserva\u2019ls tal i com a tu t\u2019agradaria trobar- los. El proper curs els far\u00e0 servir un altre alumne.<\/li>\n<\/ol>\n<ol start=\"10\">\n<li>Si tots hi col\u00b7laborem, aprofitarem els llibres durant molts anys, estalviarem diners i cuidarem el medi ambient.<\/li>\n<\/ol>\n<p>&nbsp;<\/p>\n","protected":false},"excerpt":{"rendered":"<p>L&#8217;escola participa des de fa uns quants cursos en un programa de reutilitzaci\u00f3 de llibres i material did\u00e0ctic.<br \/>\nEls llibres de text de Cicle Mitj\u00e0 i Cicle Superior s\u00f3n socialitzats, aix\u00f2 vol dir, que durant un curs escolar un alumne els pot utilitzar i es responsabilitza&hellip;  <a href=\"https:\/\/agora.xtec.cat\/ceipgarigot\/projecte-educatiu\/reutilitzacio-de-llibres\/\" title=\"Read Reutilitzaci\u00f3 de llibres\">Llegeix m\u00e9s\u00bb<\/a><\/p>\n","protected":false},"author":1,"featured_media":0,"parent":64,"menu_order":0,"comment_status":"closed","ping_status":"closed","template":"page-templates\/side-menu.php","meta":{"_bbp_topic_count":0,"_bbp_reply_count":0,"_bbp_total_topic_count":0,"_bbp_total_reply_count":0,"_bbp_voice_count":0,"_bbp_anonymous_reply_count":0,"_bbp_topic_count_hidden":0,"_bbp_reply_count_hidden":0,"_bbp_forum_subforum_count":0,"footnotes":""},"class_list":["post-551","page","type-page","status-publish","hentry"],"post_mailing_queue_ids":[],"_links":{"self":[{"href":"https:\/\/agora.xtec.cat\/ceipgarigot\/wp-json\/wp\/v2\/pages\/551","targetHints":{"allow":["GET"]}}],"collection":[{"href":"https:\/\/agora.xtec.cat\/ceipgarigot\/wp-json\/wp\/v2\/pages"}],"about":[{"href":"https:\/\/agora.xtec.cat\/ceipgarigot\/wp-json\/wp\/v2\/types\/page"}],"author":[{"embeddable":true,"href":"https:\/\/agora.xtec.cat\/ceipgarigot\/wp-json\/wp\/v2\/users\/1"}],"replies":[{"embeddable":true,"href":"https:\/\/agora.xtec.cat\/ceipgarigot\/wp-json\/wp\/v2\/comments?post=551"}],"version-history":[{"count":3,"href":"https:\/\/agora.xtec.cat\/ceipgarigot\/wp-json\/wp\/v2\/pages\/551\/revisions"}],"predecessor-version":[{"id":575,"href":"https:\/\/agora.xtec.cat\/ceipgarigot\/wp-json\/wp\/v2\/pages\/551\/revisions\/575"}],"up":[{"embeddable":true,"href":"https:\/\/agora.xtec.cat\/ceipgarigot\/wp-json\/wp\/v2\/pages\/64"}],"wp:attachment":[{"href":"https:\/\/agora.xtec.cat\/ceipgarigot\/wp-json\/wp\/v2\/media?parent=551"}],"curies":[{"name":"wp","href":"https:\/\/api.w.org\/{rel}","templated":true}]}}