{"id":539,"date":"2016-09-07T13:07:15","date_gmt":"2016-09-07T12:07:15","guid":{"rendered":"http:\/\/agora.xtec.cat\/ceipgarigot\/?page_id=539"},"modified":"2024-12-04T10:28:41","modified_gmt":"2024-12-04T09:28:41","slug":"padel-al-tennis-gimeno","status":"publish","type":"page","link":"https:\/\/agora.xtec.cat\/ceipgarigot\/projecte-educatiu\/padel-al-tennis-gimeno\/","title":{"rendered":"P\u00e0del al Tennis Andr\u00e9s Gimeno"},"content":{"rendered":"<p><strong><u>TRIMESTRE ESPORTIU ESCOLA GARIGOT AL CLUB DE TENNIS ANDR\u00c9S GIMENO<\/u><\/strong><\/p>\n<p><a href=\"https:\/\/agora.xtec.cat\/ceipgarigot\/wp-content\/uploads\/usu3\/2024\/12\/07eb3fdd-ace6-4639-9d17-b396ce7858d2-scaled.jpg\"><img loading=\"lazy\" decoding=\"async\" class=\"wp-image-5725 alignnone\" src=\"https:\/\/agora.xtec.cat\/ceipgarigot\/wp-content\/uploads\/usu3\/2024\/12\/07eb3fdd-ace6-4639-9d17-b396ce7858d2-1024x683.jpg\" alt=\"\" width=\"545\" height=\"363\" srcset=\"https:\/\/agora.xtec.cat\/ceipgarigot\/wp-content\/uploads\/usu3\/2024\/12\/07eb3fdd-ace6-4639-9d17-b396ce7858d2-1024x683.jpg 1024w, https:\/\/agora.xtec.cat\/ceipgarigot\/wp-content\/uploads\/usu3\/2024\/12\/07eb3fdd-ace6-4639-9d17-b396ce7858d2-300x200.jpg 300w, https:\/\/agora.xtec.cat\/ceipgarigot\/wp-content\/uploads\/usu3\/2024\/12\/07eb3fdd-ace6-4639-9d17-b396ce7858d2-768x512.jpg 768w, https:\/\/agora.xtec.cat\/ceipgarigot\/wp-content\/uploads\/usu3\/2024\/12\/07eb3fdd-ace6-4639-9d17-b396ce7858d2-1536x1025.jpg 1536w, https:\/\/agora.xtec.cat\/ceipgarigot\/wp-content\/uploads\/usu3\/2024\/12\/07eb3fdd-ace6-4639-9d17-b396ce7858d2-2048x1366.jpg 2048w\" sizes=\"auto, (max-width: 545px) 100vw, 545px\" \/><\/a><\/p>\n<p style=\"text-align: justify;\">ACTIVITAT A REALITZAR: <strong>P\u00e0del<\/strong><\/p>\n<p style=\"text-align: justify;\">DURADA: Activitat trimestral. En cas de pluja o dies festius, la sessi\u00f3 es recuperar\u00e0 a la setmana seg\u00fcent.<\/p>\n<p style=\"text-align: justify;\">CURSOS: <strong>3r i 4t de Prim\u00e0ria<\/strong><\/p>\n<p style=\"text-align: justify;\">HORARI: Setmanal.<\/p>\n<p style=\"text-align: justify;\">N\u00ba SESSIONS:<strong> 10 sessions\/curs = 40 sessions totals<\/strong><\/p>\n<p style=\"text-align: justify;\">EN QUE CONSISTEIX?<\/p>\n<ul style=\"text-align: justify;\">\n<li><strong>Des del Club Gimeno volem donar a con\u00e8ixer als alumnes de l\u2019escola Garigot qu\u00e8 \u00e9s el p\u00e0del. <\/strong><\/li>\n<li><strong>Volem introduir un esport amb molts practicants i adeptes a les escoles.<\/strong><\/li>\n<li><strong>Volem que els alumnes facin un esport nou a un entorn proper a l\u2019escola, com ara \u00e9s el Club de tennis Andr\u00e9s Gimeno.<\/strong><\/li>\n<li><strong>Volem que els alumnes gaudeixin del p\u00e0del.<\/strong><\/li>\n<\/ul>\n<p style=\"text-align: justify;\">I QUAN ACABI EL TRIMESTRE DE PADEL?<\/p>\n<ul style=\"text-align: justify;\">\n<li><strong>Un cop s\u2019hagi acabat l\u2019activitat esportiva organitzada per l\u2019escola i el Club, tots aquells alumnes que els hagi agradat i vulguin continuar amb la pr\u00e0ctica d\u2019aquest esport, ho podran fer a trav\u00e9s del Club de tennis Andr\u00e9s Gimeno. <\/strong><\/li>\n<\/ul>\n<p style=\"text-align: justify;\">QU\u00c8 INCLOU:<\/p>\n<ul style=\"text-align: justify;\">\n<li><strong>Professors titulats, material complert, dossier i utilitzaci\u00f3 de vestidors.<\/strong><\/li>\n<\/ul>\n<p>&nbsp;<\/p>\n","protected":false},"excerpt":{"rendered":"<p>TRIMESTRE ESPORTIU ESCOLA GARIGOT AL CLUB DE TENNIS ANDR\u00c9S GIMENO<br \/>\n<a href=\"https:\/\/agora.xtec.cat\/ceipgarigot\/wp-content\/uploads\/usu3\/2024\/12\/07eb3fdd-ace6-4639-9d17-b396ce7858d2-scaled.jpg\"><\/a><br \/>\nACTIVITAT A REALITZAR: P\u00e0del<br \/>\nDURADA: Activitat trimestral. En cas de pluja o dies festius, la sessi\u00f3 es recuperar\u00e0 a la setmana seg\u00fcent.<br \/>\nCURSOS: 3r i 4t de Prim\u00e0ria<br \/>\nHORARI: Setmanal.<br \/>\nN\u00ba SESSIONS: 10 sessions\/curs = 40 sessions totals<br \/>\nEN QUE&hellip;  <a href=\"https:\/\/agora.xtec.cat\/ceipgarigot\/projecte-educatiu\/padel-al-tennis-gimeno\/\" title=\"Read P\u00e0del al Tennis Andr\u00e9s Gimeno\">Llegeix m\u00e9s\u00bb<\/a><\/p>\n","protected":false},"author":1,"featured_media":0,"parent":64,"menu_order":0,"comment_status":"closed","ping_status":"closed","template":"page-templates\/side-menu.php","meta":{"_bbp_topic_count":0,"_bbp_reply_count":0,"_bbp_total_topic_count":0,"_bbp_total_reply_count":0,"_bbp_voice_count":0,"_bbp_anonymous_reply_count":0,"_bbp_topic_count_hidden":0,"_bbp_reply_count_hidden":0,"_bbp_forum_subforum_count":0,"footnotes":""},"class_list":["post-539","page","type-page","status-publish","hentry"],"post_mailing_queue_ids":[],"_links":{"self":[{"href":"https:\/\/agora.xtec.cat\/ceipgarigot\/wp-json\/wp\/v2\/pages\/539","targetHints":{"allow":["GET"]}}],"collection":[{"href":"https:\/\/agora.xtec.cat\/ceipgarigot\/wp-json\/wp\/v2\/pages"}],"about":[{"href":"https:\/\/agora.xtec.cat\/ceipgarigot\/wp-json\/wp\/v2\/types\/page"}],"author":[{"embeddable":true,"href":"https:\/\/agora.xtec.cat\/ceipgarigot\/wp-json\/wp\/v2\/users\/1"}],"replies":[{"embeddable":true,"href":"https:\/\/agora.xtec.cat\/ceipgarigot\/wp-json\/wp\/v2\/comments?post=539"}],"version-history":[{"count":6,"href":"https:\/\/agora.xtec.cat\/ceipgarigot\/wp-json\/wp\/v2\/pages\/539\/revisions"}],"predecessor-version":[{"id":5727,"href":"https:\/\/agora.xtec.cat\/ceipgarigot\/wp-json\/wp\/v2\/pages\/539\/revisions\/5727"}],"up":[{"embeddable":true,"href":"https:\/\/agora.xtec.cat\/ceipgarigot\/wp-json\/wp\/v2\/pages\/64"}],"wp:attachment":[{"href":"https:\/\/agora.xtec.cat\/ceipgarigot\/wp-json\/wp\/v2\/media?parent=539"}],"curies":[{"name":"wp","href":"https:\/\/api.w.org\/{rel}","templated":true}]}}