{"id":537,"date":"2016-09-07T13:06:00","date_gmt":"2016-09-07T12:06:00","guid":{"rendered":"http:\/\/agora.xtec.cat\/ceipgarigot\/?page_id=537"},"modified":"2016-09-15T15:27:22","modified_gmt":"2016-09-15T14:27:22","slug":"pla-catala-de-lesport-escolar-pcee","status":"publish","type":"page","link":"https:\/\/agora.xtec.cat\/ceipgarigot\/projecte-educatiu\/pla-catala-de-lesport-escolar-pcee\/","title":{"rendered":"Pla Catal\u00e0 de l&#8217;Esport Escolar (PCEE)"},"content":{"rendered":"\r\n\t<div class=\"slideshow_container slideshow_container_style-light\" style=\"height: 300px; \" data-slideshow-id=\"707\" data-style-name=\"style-light\" data-style-version=\"2.3.1\" >\r\n\r\n\t\t\t\t\t<div class=\"slideshow_loading_icon\"><\/div>\r\n\t\t\r\n\t\t<div class=\"slideshow_content\" style=\"display: none;\">\r\n\r\n\t\t\t<div class=\"slideshow_view\">\r\n\t\t\t\t<div class=\"slideshow_slide slideshow_slide_image\">\r\n\t\t\t\t\t\t\t\t\t\t\t<img src=\"https:\/\/agora.xtec.cat\/ceipgarigot\/wp-content\/uploads\/usu3\/2016\/09\/jocs-escolars-3.png\" alt=\"jocs escolars 3\" width=\"480\" height=\"640\" \/>\r\n\t\t\t\t\t\t\t\t\t\t<div class=\"slideshow_description_box slideshow_transparent\">\r\n\t\t\t\t\t\t<div class=\"slideshow_title\">jocs escolars 3<\/div>\t\t\t\t\t\t\t\t\t\t\t<\/div>\r\n\t\t\t\t<\/div>\r\n\r\n\t\t\t\t\t\t<div style=\"clear: both;\"><\/div><\/div><div class=\"slideshow_view\">\r\n\t\t\t\t<div class=\"slideshow_slide slideshow_slide_image\">\r\n\t\t\t\t\t\t\t\t\t\t\t<img src=\"https:\/\/agora.xtec.cat\/ceipgarigot\/wp-content\/uploads\/usu3\/2016\/09\/jocs-escolars-1.png\" alt=\"jocs escolars 1\" width=\"451\" height=\"795\" \/>\r\n\t\t\t\t\t\t\t\t\t\t<div class=\"slideshow_description_box slideshow_transparent\">\r\n\t\t\t\t\t\t<div class=\"slideshow_title\">jocs escolars 1<\/div>\t\t\t\t\t\t\t\t\t\t\t<\/div>\r\n\t\t\t\t<\/div>\r\n\r\n\t\t\t\t\t\t<div style=\"clear: both;\"><\/div><\/div><div class=\"slideshow_view\">\r\n\t\t\t\t<div class=\"slideshow_slide slideshow_slide_image\">\r\n\t\t\t\t\t\t\t\t\t\t\t<img src=\"https:\/\/agora.xtec.cat\/ceipgarigot\/wp-content\/uploads\/usu3\/2016\/09\/jocs-escolars-2.png\" alt=\"jocs escolars 2\" width=\"451\" height=\"515\" \/>\r\n\t\t\t\t\t\t\t\t\t\t<div class=\"slideshow_description_box slideshow_transparent\">\r\n\t\t\t\t\t\t<div class=\"slideshow_title\">jocs escolars 2<\/div>\t\t\t\t\t\t\t\t\t\t\t<\/div>\r\n\t\t\t\t<\/div>\r\n\r\n\t\t\t\t\t\t<div style=\"clear: both;\"><\/div><\/div><div class=\"slideshow_view\">\r\n\t\t\t\t<div class=\"slideshow_slide slideshow_slide_image\">\r\n\t\t\t\t\t\t\t\t\t\t\t<img src=\"https:\/\/agora.xtec.cat\/ceipgarigot\/wp-content\/uploads\/usu3\/2016\/09\/jocs-escolars-4.png\" alt=\"jocs escolars 4\" width=\"640\" height=\"476\" \/>\r\n\t\t\t\t\t\t\t\t\t\t<div class=\"slideshow_description_box slideshow_transparent\">\r\n\t\t\t\t\t\t<div class=\"slideshow_title\">jocs escolars 4<\/div>\t\t\t\t\t\t\t\t\t\t\t<\/div>\r\n\t\t\t\t<\/div>\r\n\r\n\t\t\t\t\t\t<div style=\"clear: both;\"><\/div><\/div>\r\n\t\t<\/div>\r\n\r\n\t\t<div class=\"slideshow_controlPanel slideshow_transparent\" style=\"display: none;\"><ul><li class=\"slideshow_togglePlay\" data-play-text=\"Visualitza\" data-pause-text=\"Pausa\"><\/li><\/ul><\/div>\r\n\r\n\t\t<div class=\"slideshow_button slideshow_previous slideshow_transparent\" role=\"button\" data-previous-text=\"Anterior\" style=\"display: none;\"><\/div>\r\n\t\t<div class=\"slideshow_button slideshow_next slideshow_transparent\" role=\"button\" data-next-text=\"Seg\u00fcent\" style=\"display: none;\"><\/div>\r\n\r\n\t\t<div class=\"slideshow_pagination\" style=\"display: none;\" data-go-to-text=\"V\u00e9s a la diapositiva\"><div class=\"slideshow_pagination_center\"><\/div><\/div>\r\n\r\n\t\t<!-- WordPress Slideshow Version 2.3.1 -->\r\n\r\n\t\t\t<\/div>\r\n\r\n\n<p>&nbsp;<\/p>\n<p><strong>PROJECTE PLA CATAL\u00c0 DE L\u2019ESPORT A L\u2019ESCOLA PCEE<\/strong><\/p>\n<p style=\"text-align: justify;\">L\u2019Escola Garigot participa en el projecte Pla Catal\u00e0 de l\u2019Esport a l\u2019Escola (P.C.E.E.).<br \/>\nEl Projecte P.C.E.E. \u00e9s un programa impulsat per la Secretaria general de l\u2019Esport del Departament de Presid\u00e8ncia de la Generalitat de Catalunya, en col\u00b7laboraci\u00f3 amb el Departament d\u2019ensenyament, per tal de promoure un estil de vida saludable en els infants i joves del pa\u00eds a trav\u00e9s de la seva participaci\u00f3 en activitats esportives extraescolars que fomentin la pr\u00e0ctica regular de les activitats f\u00edsiques i\/o esportives, potenciant l\u2019educaci\u00f3 en valors i la integraci\u00f3 i la cohesi\u00f3 social.<\/p>\n<p style=\"text-align: justify;\">Aix\u00ed doncs, per tal de fomentar la participaci\u00f3 esportiva del nostre alumnat (de nens i nenes), tant dins com fora de l\u2019escola, en horari escolar com extraescolar, fem un seguit d\u2019activitats anuals i col\u00b7laborem directament amb el Patronat d\u2019Esports de lanostra ciutat.<\/p>\n<p style=\"text-align: justify;\">Creiem que a trav\u00e9s de l\u2019esport es poden transmetre valors, cohesionar la poblaci\u00f3 i crear h\u00e0bits esportius saludables, i l\u2019escola ho promou a trav\u00e9s de P.C.E.E.<\/p>\n","protected":false},"excerpt":{"rendered":"<p>\t\t\t\t\t\tjocs escolars 3\t\t\t\t\t\t\t\t\t\t\t<\/p>\n<p>\t\t\t\t\t\tjocs escolars 1\t\t\t\t\t\t\t\t\t\t\t<\/p>\n<p>\t\t\t\t\t\tjocs escolars 2\t\t\t\t\t\t\t\t\t\t\t<\/p>\n<p>\t\t\t\t\t\tjocs escolars 4\t\t\t\t\t\t\t\t\t\t\t<\/p>\n<ul>\n<li class=\"slideshow_togglePlay\" data-play-text=\"Visualitza\" data-pause-text=\"Pausa\"><\/li>\n<\/ul>\n<p>&nbsp;<br \/>\nPROJECTE PLA CATAL\u00c0 DE L\u2019ESPORT A L\u2019ESCOLA PCEE<br \/>\nL\u2019Escola Garigot participa en el projecte Pla Catal\u00e0 de l\u2019Esport a l\u2019Escola (P.C.E.E.).<br \/>\nEl Projecte P.C.E.E. \u00e9s un programa impulsat per la Secretaria general de l\u2019Esport del Departament&hellip;  <a href=\"https:\/\/agora.xtec.cat\/ceipgarigot\/projecte-educatiu\/pla-catala-de-lesport-escolar-pcee\/\" title=\"Read Pla Catal\u00e0 de l&#8217;Esport Escolar (PCEE)\">Llegeix m\u00e9s\u00bb<\/a><\/p>\n","protected":false},"author":1,"featured_media":0,"parent":64,"menu_order":0,"comment_status":"closed","ping_status":"closed","template":"page-templates\/side-menu.php","meta":{"_bbp_topic_count":0,"_bbp_reply_count":0,"_bbp_total_topic_count":0,"_bbp_total_reply_count":0,"_bbp_voice_count":0,"_bbp_anonymous_reply_count":0,"_bbp_topic_count_hidden":0,"_bbp_reply_count_hidden":0,"_bbp_forum_subforum_count":0,"footnotes":""},"class_list":["post-537","page","type-page","status-publish","hentry"],"post_mailing_queue_ids":[],"_links":{"self":[{"href":"https:\/\/agora.xtec.cat\/ceipgarigot\/wp-json\/wp\/v2\/pages\/537","targetHints":{"allow":["GET"]}}],"collection":[{"href":"https:\/\/agora.xtec.cat\/ceipgarigot\/wp-json\/wp\/v2\/pages"}],"about":[{"href":"https:\/\/agora.xtec.cat\/ceipgarigot\/wp-json\/wp\/v2\/types\/page"}],"author":[{"embeddable":true,"href":"https:\/\/agora.xtec.cat\/ceipgarigot\/wp-json\/wp\/v2\/users\/1"}],"replies":[{"embeddable":true,"href":"https:\/\/agora.xtec.cat\/ceipgarigot\/wp-json\/wp\/v2\/comments?post=537"}],"version-history":[{"count":4,"href":"https:\/\/agora.xtec.cat\/ceipgarigot\/wp-json\/wp\/v2\/pages\/537\/revisions"}],"predecessor-version":[{"id":709,"href":"https:\/\/agora.xtec.cat\/ceipgarigot\/wp-json\/wp\/v2\/pages\/537\/revisions\/709"}],"up":[{"embeddable":true,"href":"https:\/\/agora.xtec.cat\/ceipgarigot\/wp-json\/wp\/v2\/pages\/64"}],"wp:attachment":[{"href":"https:\/\/agora.xtec.cat\/ceipgarigot\/wp-json\/wp\/v2\/media?parent=537"}],"curies":[{"name":"wp","href":"https:\/\/api.w.org\/{rel}","templated":true}]}}