{"id":535,"date":"2016-09-07T13:04:58","date_gmt":"2016-09-07T12:04:58","guid":{"rendered":"http:\/\/agora.xtec.cat\/ceipgarigot\/?page_id=535"},"modified":"2025-03-13T11:24:15","modified_gmt":"2025-03-13T10:24:15","slug":"projecte-conectem-psicomotricitat","status":"publish","type":"page","link":"https:\/\/agora.xtec.cat\/ceipgarigot\/projecte-educatiu\/projecte-conectem-psicomotricitat\/","title":{"rendered":"Projecte connectem (psicomotricitat)"},"content":{"rendered":"<p><a href=\"https:\/\/agora.xtec.cat\/ceipgarigot\/wp-content\/uploads\/usu3\/2024\/05\/LOGOTIP-VECTORITZAT.jpg\"><img loading=\"lazy\" decoding=\"async\" class=\"wp-image-5621 aligncenter\" src=\"https:\/\/agora.xtec.cat\/ceipgarigot\/wp-content\/uploads\/usu3\/2024\/05\/LOGOTIP-VECTORITZAT-788x1024.jpg\" alt=\"\" width=\"377\" height=\"490\" \/><\/a><a href=\"https:\/\/agora.xtec.cat\/ceipgarigot\/wp-content\/uploads\/usu3\/2025\/03\/Captura-de-pantalla-2025-03-13-112043.png\"><img loading=\"lazy\" decoding=\"async\" class=\"size-full wp-image-5845 aligncenter\" src=\"https:\/\/agora.xtec.cat\/ceipgarigot\/wp-content\/uploads\/usu3\/2025\/03\/Captura-de-pantalla-2025-03-13-112043.png\" alt=\"\" width=\"575\" height=\"130\" srcset=\"https:\/\/agora.xtec.cat\/ceipgarigot\/wp-content\/uploads\/usu3\/2025\/03\/Captura-de-pantalla-2025-03-13-112043.png 575w, https:\/\/agora.xtec.cat\/ceipgarigot\/wp-content\/uploads\/usu3\/2025\/03\/Captura-de-pantalla-2025-03-13-112043-300x68.png 300w\" sizes=\"auto, (max-width: 575px) 100vw, 575px\" \/><\/a><\/p>\n<h4><span style=\"color: #7f6000;\"><b>Projecte de Psicomotricitat: CONNECTEM<\/b><\/span><\/h4>\n<p><span style=\"font-weight: 400;\">A l\u2019escola, acompanyem els infants en totes les etapes del seu desenvolupament, posant especial atenci\u00f3 en la connexi\u00f3 entre cos, ment i emocions. Per aix\u00f2, hem integrat <\/span><span style=\"color: #7f6000;\"><b>CONNECTEM<\/b><\/span><span style=\"font-weight: 400;\">, <\/span><span style=\"font-weight: 400;\">un projecte innovador que combina moviment, m\u00fasica i els darrers aven\u00e7os en neuroci\u00e8ncia i neuromotricitat.<\/span><\/p>\n<h4><span style=\"color: #7f6000;\"><b>Qu\u00e8 \u00e9s CONNECTEM?<\/b><\/span><\/h4>\n<p><span style=\"color: #7f6000;\"><b>CONNECTEM<\/b> <\/span><span style=\"font-weight: 400;\">\u00e9s un programa <\/span><b><span style=\"color: #7f6000;\">preventiu, estimulatiu i multisensorial<\/span><\/b><span style=\"font-weight: 400;\"> que, des de fa m\u00e9s de deu anys, treballa per afavorir la maduraci\u00f3 i reorganitzaci\u00f3 del sistema nervi\u00f3s. A trav\u00e9s de <\/span><b><span style=\"color: #7f6000;\">moviments<\/span> <span style=\"color: #7f6000;\">senzills i naturals<\/span><\/b><span style=\"font-weight: 400;\">,<\/span><span style=\"font-weight: 400;\"> ajudem els infants a consolidar les bases essencials del seu desenvolupament, facilitant l\u2019aprenentatge i potenciant el seu benestar global.<\/span><\/p>\n<p><b><span style=\"color: #7f6000;\">CONNECTEM<\/span> <\/b><span style=\"font-weight: 400;\">\u00e9s un viatge cap a la maduresa neurol\u00f2gica. Mitjan\u00e7ant eines tan senzilles com <\/span><span style=\"color: #7f6000;\"><b>el moviment i la m\u00fasica<\/b><\/span><span style=\"font-weight: 400;\"><span style=\"color: #7f6000;\">,<\/span> enfortim les arrels del sistema nervi\u00f3s per garantir un creixement harm\u00f2nic i equilibrat.<\/span><\/p>\n<p style=\"text-align: center;\"><span style=\"color: #7f6000;\"><b>Quan el cos es mou, el cervell es connecta. Quan el cervell es connecta, l\u2019aprenentatge flueix.<\/b><\/span><\/p>\n<div style=\"display: flex; align-items: center; gap: 20px;\">\n<p><!-- Columna Izquierda (Texto) --><\/p>\n<div style=\"width: 30%;\">\n<h2 style=\"margin: 0px; text-align: right;\"><strong><span style=\"color: #7f6000;\">Com ho fem?<\/span><\/strong><\/h2>\n<\/div>\n<p><!-- Columna Centro (Imagen) --><\/p>\n<div style=\"width: 40%; text-align: center;\"><a href=\"https:\/\/agora.xtec.cat\/ceipgarigot\/wp-content\/uploads\/usu3\/2025\/03\/primera.png\"><br \/>\n<img loading=\"lazy\" decoding=\"async\" class=\"wp-image-5764 aligncenter\" src=\"https:\/\/agora.xtec.cat\/ceipgarigot\/wp-content\/uploads\/usu3\/2025\/03\/primera.png\" alt=\"\" width=\"629\" height=\"381\" srcset=\"https:\/\/agora.xtec.cat\/ceipgarigot\/wp-content\/uploads\/usu3\/2025\/03\/primera.png 385w, https:\/\/agora.xtec.cat\/ceipgarigot\/wp-content\/uploads\/usu3\/2025\/03\/primera-300x182.png 300w\" sizes=\"auto, (max-width: 629px) 100vw, 629px\" \/><br \/>\n<\/a><\/div>\n<p><!-- Columna Derecha (Vac\u00eda para Espacio) --><\/p>\n<div style=\"width: 30%;\"><\/div>\n<\/div>\n<h3 style=\"text-align: left;\"><\/h3>\n<h3><span style=\"color: #7f6000;\"><b>Un espai per cr\u00e9ixer en moviment<\/b><\/span><\/h3>\n<p><span style=\"font-weight: 400;\">A <\/span><b><span style=\"color: #7f6000;\">CONNECTEM<\/span>,<\/b> <span style=\"font-weight: 400;\">els infants s\u00f3n els protagonistes actius del seu aprenentatge. Mitjan\u00e7ant activitats vivencials d\u2019experimentaci\u00f3 i investigaci\u00f3, potenciem el seu desenvolupament global a trav\u00e9s de <\/span><b><span style=\"color: #7f6000;\">quatre<\/span> <span style=\"color: #7f6000;\">grans<\/span> <span style=\"color: #7f6000;\">eixos<\/span>:<\/b><\/p>\n<ul>\n<li style=\"list-style-type: none;\">\n<ul>\n<li style=\"list-style-type: none;\">\n<ul>\n<li><b><span style=\"color: #7f6000;\">Els sentits<\/span>:<\/b><span style=\"font-weight: 400;\"> Afavorim el desenvolupament del <\/span><b><span style=\"color: #7f6000;\">sistema<\/span> <span style=\"color: #7f6000;\">vestibular i propioceptiu<\/span><\/b><span style=\"font-weight: 400;\">, fonamentals per a l\u2019equilibri, la coordinaci\u00f3 i la consci\u00e8ncia corporal. Quan els sentits es desperten, el cos es mou amb m\u00e9s seguretat i harmonia.<\/span><\/li>\n<\/ul>\n<\/li>\n<\/ul>\n<\/li>\n<\/ul>\n<div style=\"display: flex; flex-direction: column; align-items: center; gap: 20px;\">\n<div style=\"width: 100%; text-align: center;\"><a href=\"https:\/\/agora.xtec.cat\/ceipgarigot\/wp-content\/uploads\/usu3\/2025\/03\/Captura-de-pantalla-2025-03-06-114002.png\"><img loading=\"lazy\" decoding=\"async\" class=\"alignnone wp-image-5770\" src=\"https:\/\/agora.xtec.cat\/ceipgarigot\/wp-content\/uploads\/usu3\/2025\/03\/Captura-de-pantalla-2025-03-06-114002.png\" alt=\"\" width=\"541\" height=\"280\" srcset=\"https:\/\/agora.xtec.cat\/ceipgarigot\/wp-content\/uploads\/usu3\/2025\/03\/Captura-de-pantalla-2025-03-06-114002.png 429w, https:\/\/agora.xtec.cat\/ceipgarigot\/wp-content\/uploads\/usu3\/2025\/03\/Captura-de-pantalla-2025-03-06-114002-300x155.png 300w\" sizes=\"auto, (max-width: 541px) 100vw, 541px\" \/><\/a><\/div>\n<p><!-- Fila 2 (Dos im\u00e1genes en dos columnas) --><\/p>\n<div style=\"display: flex; justify-content: center; gap: 20px; width: 100%;\">\n<p><!-- Imagen izquierda --><\/p>\n<div style=\"width: 45%; text-align: center;\">\n<p><a href=\"https:\/\/agora.xtec.cat\/ceipgarigot\/wp-content\/uploads\/usu3\/2025\/03\/Captura-de-pantalla-2025-03-06-114013-e1741335269434.png\"><img loading=\"lazy\" decoding=\"async\" class=\"wp-image-5772 alignright\" src=\"https:\/\/agora.xtec.cat\/ceipgarigot\/wp-content\/uploads\/usu3\/2025\/03\/Captura-de-pantalla-2025-03-06-114013-e1741335269434.png\" alt=\"\" width=\"508\" height=\"380\" \/><\/a><\/p>\n<\/div>\n<p><!-- Imagen derecha --><\/p>\n<div style=\"width: 45%; text-align: center;\">\n<p><a href=\"https:\/\/agora.xtec.cat\/ceipgarigot\/wp-content\/uploads\/usu3\/2025\/03\/Captura-de-pantalla-2025-03-06-114032.png\"><img loading=\"lazy\" decoding=\"async\" class=\"wp-image-5771 alignleft\" src=\"https:\/\/agora.xtec.cat\/ceipgarigot\/wp-content\/uploads\/usu3\/2025\/03\/Captura-de-pantalla-2025-03-06-114032.png\" alt=\"\" width=\"512\" height=\"381\" srcset=\"https:\/\/agora.xtec.cat\/ceipgarigot\/wp-content\/uploads\/usu3\/2025\/03\/Captura-de-pantalla-2025-03-06-114032.png 297w, https:\/\/agora.xtec.cat\/ceipgarigot\/wp-content\/uploads\/usu3\/2025\/03\/Captura-de-pantalla-2025-03-06-114032-200x150.png 200w\" sizes=\"auto, (max-width: 512px) 100vw, 512px\" \/><\/a><\/p>\n<\/div>\n<\/div>\n<\/div>\n<p>&nbsp;<\/p>\n<p style=\"text-align: center;\"><span style=\"font-weight: 400;\">A <\/span><span style=\"color: #7f6000;\"><b>CONNECTEM<\/b><\/span><span style=\"font-weight: 400;\">, cada moviment \u00e9s una oportunitat per cr\u00e9ixer, descobrir i <\/span><span style=\"font-weight: 400;\">connectar-se amb un mateix i amb el m\u00f3n.<\/span><\/p>\n<p>&nbsp;<\/p>\n<ul>\n<li style=\"list-style-type: none;\">\n<ul>\n<li style=\"list-style-type: none;\">\n<ul>\n<li><span style=\"color: #7f6000;\"><b>Moviment amb prop\u00f2sit:<\/b><\/span><\/li>\n<li style=\"list-style-type: disc; display: flex; align-items: center; gap: 20px;\"><!-- Columna de Texto -->\n<div style=\"width: 60%;\"><span style=\"color: #7f6000;\"><b style=\"font-family: inherit; font-size: 1em;\">Apliquem patrons rimats<\/b><\/span><span style=\"font-weight: 400;\"><span style=\"color: #7f6000;\">,<\/span> basats en els moviments motors naturals, per estimular el cervell i afavorir connexions neuronals s\u00f2lides. Aix\u00ed, facilitem la <\/span><b style=\"font-family: inherit; font-size: 1em;\"><span style=\"color: #7f6000;\">maduraci\u00f3<\/span> i <span style=\"color: #7f6000;\">reorganitzaci\u00f3 del sistema nervi\u00f3s<\/span><\/b><span style=\"font-weight: 400;\">, establint les bases per a un aprenentatge efica\u00e7.<\/span><\/div>\n<p><!-- Columna de Imagen --><\/p>\n<div style=\"width: 40%;\"><img loading=\"lazy\" decoding=\"async\" class=\"wp-image-5773\" src=\"https:\/\/agora.xtec.cat\/ceiparigot\/wp-content\/uploads\/usu3\/2025\/03\/Captura-de-pantalla-2025-03-07-081910.png\" alt=\"\" width=\"411\" height=\"274\" srcset=\"https:\/\/agora.xtec.cat\/ceipgarigot\/wp-content\/uploads\/usu3\/2025\/03\/Captura-de-pantalla-2025-03-07-081910.png 516w, https:\/\/agora.xtec.cat\/ceipgarigot\/wp-content\/uploads\/usu3\/2025\/03\/Captura-de-pantalla-2025-03-07-081910-300x200.png 300w\" sizes=\"auto, (max-width: 411px) 100vw, 411px\" \/><\/div>\n<\/li>\n<\/ul>\n<\/li>\n<\/ul>\n<\/li>\n<\/ul>\n<p style=\"text-align: center;\"><span style=\"color: #7f6000;\"><b><i>\u201cEl moviment \u00e9s la clau per obrir la porta a l\u2019aprenentatge\u201d Maria Montessori.<\/i><\/b><\/span><\/p>\n<p>&nbsp;<\/p>\n<ul>\n<li style=\"list-style-type: none;\">\n<ul>\n<li style=\"list-style-type: none;\">\n<ul>\n<li><span style=\"color: #7f6000;\"><b>L\u2019espai emocional:<\/b><\/span>\n<ul>\n<li style=\"list-style-type: disc; display: flex; align-items: center; gap: 20px;\"><!-- Columna de Texto -->\n<div style=\"width: 60%;\"><span style=\"font-weight: 400;\">Oferim un entorn de calma on els infants aprenen a gestionar les seves emocions a trav\u00e9s de la <\/span><span style=\"color: #7f6000;\"><b style=\"font-family: inherit; font-size: 1em;\">respiraci\u00f3 conscient, la postura corporal i t\u00e8cniques de meditaci\u00f3<\/b><\/span><span style=\"font-weight: 400;\"><span style=\"color: #7f6000;\">.<\/span> Els ajudem a construir la seva pr\u00f2pia <\/span><span style=\"color: #7f6000;\"><b style=\"font-family: inherit; font-size: 1em;\">&#8220;farmaciola emocional&#8221;<\/b><\/span><span style=\"font-weight: 400;\">, una eina essencial per al seu benestar.<\/span><\/div>\n<p><!-- Columna de Imagen --><\/p>\n<div style=\"width: 40%;\"><a href=\"https:\/\/agora.xtec.cat\/ceipgarigot\/wp-content\/uploads\/usu3\/2025\/03\/Captura-de-pantalla-2025-03-07-081928.png\"><br \/>\n<img loading=\"lazy\" decoding=\"async\" class=\"wp-image-5774 alignleft\" src=\"https:\/\/agora.xtec.cat\/ceipgarigot\/wp-content\/uploads\/usu3\/2025\/03\/Captura-de-pantalla-2025-03-07-081928.png\" alt=\"\" width=\"380\" height=\"409\" srcset=\"https:\/\/agora.xtec.cat\/ceipgarigot\/wp-content\/uploads\/usu3\/2025\/03\/Captura-de-pantalla-2025-03-07-081928.png 380w, https:\/\/agora.xtec.cat\/ceipgarigot\/wp-content\/uploads\/usu3\/2025\/03\/Captura-de-pantalla-2025-03-07-081928-279x300.png 279w\" sizes=\"auto, (max-width: 380px) 100vw, 380px\" \/><br \/>\n<\/a><\/div>\n<\/li>\n<\/ul>\n<\/li>\n<\/ul>\n<ul>\n<li><span style=\"color: #7f6000;\"><b>La m\u00fasica:<\/b><\/span><span style=\"font-weight: 400;\"> Integrem la m\u00fasica com una eina clau per <\/span><span style=\"color: #7f6000;\"><b>despertar la creativitat, potenciar la coordinaci\u00f3 i refor\u00e7ar l\u2019atenci\u00f3<\/b><\/span><span style=\"font-weight: 400;\"><span style=\"color: #7f6000;\">,<\/span> afavorint una connexi\u00f3 profunda entre cos i ment.<\/span><\/li>\n<\/ul>\n<\/li>\n<\/ul>\n<\/li>\n<\/ul>\n<p><a href=\"https:\/\/agora.xtec.cat\/ceipgarigot\/wp-content\/uploads\/usu3\/2025\/03\/Captura-de-pantalla-2025-03-07-081946.png\"><img loading=\"lazy\" decoding=\"async\" class=\" wp-image-5775 aligncenter\" src=\"https:\/\/agora.xtec.cat\/ceipgarigot\/wp-content\/uploads\/usu3\/2025\/03\/Captura-de-pantalla-2025-03-07-081946.png\" alt=\"\" width=\"636\" height=\"277\" srcset=\"https:\/\/agora.xtec.cat\/ceipgarigot\/wp-content\/uploads\/usu3\/2025\/03\/Captura-de-pantalla-2025-03-07-081946.png 597w, https:\/\/agora.xtec.cat\/ceipgarigot\/wp-content\/uploads\/usu3\/2025\/03\/Captura-de-pantalla-2025-03-07-081946-300x131.png 300w\" sizes=\"auto, (max-width: 636px) 100vw, 636px\" \/><\/a><\/p>\n<p>&nbsp;<\/p>\n<div style=\"display: flex; align-items: center; gap: 20px;\">\n<p style=\"width: 60%;\"><span style=\"color: #7f6000;\"><strong> Per qu\u00e8 \u00e9s important?<\/strong><\/span> Perqu\u00e8 afavoreix el <span style=\"color: #7f6000;\"><b>desenvolupament motor, l\u2019autonomia, la concentraci\u00f3 i la gesti\u00f3 emocional. <\/b><\/span>Quan el cos es mou amb equilibri, la ment es calma i l\u2019aprenentatge flueix.<\/p>\n<div style=\"width: 40%; padding-left: 40px;\"><a href=\"https:\/\/agora.xtec.cat\/ceipgarigot\/wp-content\/uploads\/usu3\/2025\/03\/Captura-de-pantalla-2025-03-07-082010.png\"><br \/>\n<img loading=\"lazy\" decoding=\"async\" class=\"wp-image-5776\" src=\"https:\/\/agora.xtec.cat\/ceipgarigot\/wp-content\/uploads\/usu3\/2025\/03\/Captura-de-pantalla-2025-03-07-082010.png\" alt=\"\" width=\"375\" height=\"371\" srcset=\"https:\/\/agora.xtec.cat\/ceipgarigot\/wp-content\/uploads\/usu3\/2025\/03\/Captura-de-pantalla-2025-03-07-082010.png 478w, https:\/\/agora.xtec.cat\/ceipgarigot\/wp-content\/uploads\/usu3\/2025\/03\/Captura-de-pantalla-2025-03-07-082010-300x297.png 300w\" sizes=\"auto, (max-width: 375px) 100vw, 375px\" \/><\/a><\/div>\n<\/div>\n<div>\n<h4><\/h4>\n<h4><span style=\"color: #7f6000;\"><b>Els beneficis de CONNECTEM<\/b><\/span><\/h4>\n<ul>\n<li style=\"list-style-type: none;\">\n<ul>\n<li style=\"list-style-type: none;\">\n<ul>\n<li style=\"font-weight: 400;\" aria-level=\"1\"><span style=\"font-weight: 400;\">Infants m\u00e9s atents, segurs i feli\u00e7os.<\/span><\/li>\n<li style=\"font-weight: 400;\" aria-level=\"1\"><span style=\"font-weight: 400;\">Un sistema nervi\u00f3s fort que facilita l\u2019aprenentatge.<\/span><\/li>\n<li style=\"font-weight: 400;\" aria-level=\"1\"><span style=\"font-weight: 400;\">Una connexi\u00f3 profunda entre cos, ment i emocions.<\/span><\/li>\n<\/ul>\n<\/li>\n<\/ul>\n<\/li>\n<\/ul>\n<h4><span style=\"color: #7f6000;\"><b>La nostra visi\u00f3:<\/b><\/span><\/h4>\n<p style=\"text-align: justify;\"><span style=\"font-weight: 400;\">A <\/span><span style=\"color: #7f6000;\"><b>CONNECTEM<\/b><\/span><span style=\"font-weight: 400;\">, veiem els infants com <\/span><span style=\"color: #7f6000;\"><b>arbres<\/b><\/span><span style=\"font-weight: 400;\">: amb <\/span><span style=\"color: #7f6000;\"><b>arrels fortes<\/b><\/span><span style=\"font-weight: 400;\">, invisibles per\u00f2 essencials per al seu creixement. Els oferim els <\/span><span style=\"color: #7f6000;\"><b>nutrients<\/b><\/span><span style=\"font-weight: 400;\"> necessaris perqu\u00e8 les seves branques es despleguin amb for\u00e7a, seguretat i plenitud.<\/span><\/p>\n<h3><\/h3>\n<h3 style=\"text-align: center;\"><span style=\"color: #7f6000;\"><b><span style=\"color: #7f6000;\">Ajudem<\/span> a arrelar-se. Ajudem a cr\u00e9ixer.<\/b><\/span><\/h3>\n<p>&nbsp;<\/p>\n<p><span style=\"color: #7f6000;\"><b><i>\u201cTodo hombre si se lo propone puede ser escultor\u00a0 de su propio cerebro\u201d<\/i><\/b><\/span><\/p>\n<p><span style=\"color: #7f6000;\"><b><i>\u00a0 \u00a0 \u00a0 \u00a0 \u00a0 \u00a0 \u00a0 \u00a0 \u00a0 \u00a0 \u00a0 \u00a0 \u00a0 \u00a0 \u00a0 \u00a0 \u00a0 \u00a0 \u00a0 \u00a0 \u00a0 \u00a0 \u00a0 \u00a0 \u00a0 \u00a0 \u00a0 \u00a0 \u00a0 \u00a0 \u00a0 \u00a0 \u00a0 \u00a0 \u00a0 \u00a0 \u00a0 \u00a0 \u00a0 \u00a0 \u00a0 \u00a0 \u00a0 \u00a0 \u00a0 \u00a0 \u00a0 \u00a0 \u00a0 \u00a0 \u00a0 \u00a0 \u00a0 \u00a0Santiago Ram\u00f3n y Cajal<\/i><\/b><\/span><\/p>\n<\/div>\n<hr \/>\n<ul>\n<li>ALTRES ENLLA\u00c7OS:<\/li>\n<\/ul>\n<p><a href=\"https:\/\/agora.xtec.cat\/ceipgarigot\/connectem-a-les-aules\/\">\u00a0 \u00a0 \u00a0 \u00a0 \u00a0 \u00a0 \u00a0 \u00a0 \u00a0 \u00a0 \u00a0 \u00a0 \u00a0 \u00a0 <\/a><a href=\"https:\/\/agora.xtec.cat\/ceipgarigot\/connectem-a-les-aules\/\"><img loading=\"lazy\" decoding=\"async\" class=\"alignnone wp-image-5629\" src=\"https:\/\/agora.xtec.cat\/ceipgarigot\/wp-content\/uploads\/usu3\/2024\/05\/1-1.jpg\" alt=\"\" width=\"229\" height=\"171\" srcset=\"https:\/\/agora.xtec.cat\/ceipgarigot\/wp-content\/uploads\/usu3\/2024\/05\/1-1.jpg 542w, https:\/\/agora.xtec.cat\/ceipgarigot\/wp-content\/uploads\/usu3\/2024\/05\/1-1-300x224.jpg 300w, https:\/\/agora.xtec.cat\/ceipgarigot\/wp-content\/uploads\/usu3\/2024\/05\/1-1-200x150.jpg 200w\" sizes=\"auto, (max-width: 229px) 100vw, 229px\" \/><\/a>\u00a0 \u00a0 \u00a0 \u00a0 \u00a0 \u00a0 \u00a0 \u00a0 \u00a0 \u00a0 \u00a0 \u00a0 <a href=\" https:\/\/agora.xtec.cat\/ceipgarigot\/projecte-educatiu\/projecte-conectem-psicomotricitat\/connectem-vincle-families\/\"><img loading=\"lazy\" decoding=\"async\" class=\"alignnone wp-image-5818\" src=\"https:\/\/agora.xtec.cat\/ceipgarigot\/wp-content\/uploads\/usu3\/2025\/03\/Vincle-Familes-5-e1741600261151.png\" alt=\"\" width=\"255\" height=\"178\" \/><\/a>\u00a0 \u00a0 \u00a0 \u00a0 \u00a0 \u00a0 \u00a0 \u00a0 \u00a0 \u00a0 \u00a0 \u00a0 \u00a0 \u00a0 \u00a0 \u00a0 <a style=\"color: #2795b6;\" href=\"https:\/\/agora.xtec.cat\/ceipgarigot\/wp-content\/uploads\/usu3\/2024\/05\/3-1.jpg\"><img loading=\"lazy\" decoding=\"async\" class=\"alignnone wp-image-5634\" src=\"https:\/\/agora.xtec.cat\/ceipgarigot\/wp-content\/uploads\/usu3\/2024\/05\/3-1.jpg\" alt=\"\" width=\"171\" height=\"182\" srcset=\"https:\/\/agora.xtec.cat\/ceipgarigot\/wp-content\/uploads\/usu3\/2024\/05\/3-1.jpg 321w, https:\/\/agora.xtec.cat\/ceipgarigot\/wp-content\/uploads\/usu3\/2024\/05\/3-1-282x300.jpg 282w\" sizes=\"auto, (max-width: 171px) 100vw, 171px\" \/><\/a><\/p>\n<p style=\"text-align: center;\"><b> <a href=\"https:\/\/agora.xtec.cat\/ceipgarigot\/wp-content\/uploads\/usu3\/2024\/05\/4.jpg\"><img loading=\"lazy\" decoding=\"async\" class=\"alignnone size-full wp-image-5625\" src=\"https:\/\/agora.xtec.cat\/ceipgarigot\/wp-content\/uploads\/usu3\/2024\/05\/4.jpg\" alt=\"\" width=\"414\" height=\"27\" srcset=\"https:\/\/agora.xtec.cat\/ceipgarigot\/wp-content\/uploads\/usu3\/2024\/05\/4.jpg 414w, https:\/\/agora.xtec.cat\/ceipgarigot\/wp-content\/uploads\/usu3\/2024\/05\/4-300x20.jpg 300w\" sizes=\"auto, (max-width: 414px) 100vw, 414px\" \/><\/a><\/b><\/p>\n","protected":false},"excerpt":{"rendered":"<p><a href=\"https:\/\/agora.xtec.cat\/ceipgarigot\/wp-content\/uploads\/usu3\/2024\/05\/LOGOTIP-VECTORITZAT.jpg\"><\/a><a href=\"https:\/\/agora.xtec.cat\/ceipgarigot\/wp-content\/uploads\/usu3\/2025\/03\/Captura-de-pantalla-2025-03-13-112043.png\"><\/a><br \/>\nProjecte de Psicomotricitat: CONNECTEM<br \/>\nA l\u2019escola, acompanyem els infants en totes les etapes del seu desenvolupament, posant especial atenci\u00f3 en la connexi\u00f3 entre cos, ment i emocions. Per aix\u00f2, hem integrat CONNECTEM, un projecte innovador que combina moviment, m\u00fasica i els darrers aven\u00e7os en&hellip;  <a href=\"https:\/\/agora.xtec.cat\/ceipgarigot\/projecte-educatiu\/projecte-conectem-psicomotricitat\/\" title=\"Read Projecte connectem (psicomotricitat)\">Llegeix m\u00e9s\u00bb<\/a><\/p>\n","protected":false},"author":1,"featured_media":0,"parent":64,"menu_order":0,"comment_status":"closed","ping_status":"closed","template":"page-templates\/side-menu.php","meta":{"_bbp_topic_count":0,"_bbp_reply_count":0,"_bbp_total_topic_count":0,"_bbp_total_reply_count":0,"_bbp_voice_count":0,"_bbp_anonymous_reply_count":0,"_bbp_topic_count_hidden":0,"_bbp_reply_count_hidden":0,"_bbp_forum_subforum_count":0,"footnotes":""},"class_list":["post-535","page","type-page","status-publish","hentry"],"post_mailing_queue_ids":[],"_links":{"self":[{"href":"https:\/\/agora.xtec.cat\/ceipgarigot\/wp-json\/wp\/v2\/pages\/535","targetHints":{"allow":["GET"]}}],"collection":[{"href":"https:\/\/agora.xtec.cat\/ceipgarigot\/wp-json\/wp\/v2\/pages"}],"about":[{"href":"https:\/\/agora.xtec.cat\/ceipgarigot\/wp-json\/wp\/v2\/types\/page"}],"author":[{"embeddable":true,"href":"https:\/\/agora.xtec.cat\/ceipgarigot\/wp-json\/wp\/v2\/users\/1"}],"replies":[{"embeddable":true,"href":"https:\/\/agora.xtec.cat\/ceipgarigot\/wp-json\/wp\/v2\/comments?post=535"}],"version-history":[{"count":7,"href":"https:\/\/agora.xtec.cat\/ceipgarigot\/wp-json\/wp\/v2\/pages\/535\/revisions"}],"predecessor-version":[{"id":5846,"href":"https:\/\/agora.xtec.cat\/ceipgarigot\/wp-json\/wp\/v2\/pages\/535\/revisions\/5846"}],"up":[{"embeddable":true,"href":"https:\/\/agora.xtec.cat\/ceipgarigot\/wp-json\/wp\/v2\/pages\/64"}],"wp:attachment":[{"href":"https:\/\/agora.xtec.cat\/ceipgarigot\/wp-json\/wp\/v2\/media?parent=535"}],"curies":[{"name":"wp","href":"https:\/\/api.w.org\/{rel}","templated":true}]}}