{"id":525,"date":"2016-09-07T12:05:13","date_gmt":"2016-09-07T11:05:13","guid":{"rendered":"http:\/\/agora.xtec.cat\/ceipgarigot\/?page_id=525"},"modified":"2026-02-19T15:55:22","modified_gmt":"2026-02-19T14:55:22","slug":"horari-datencio-a-families","status":"publish","type":"page","link":"https:\/\/agora.xtec.cat\/ceipgarigot\/lescola\/horari-datencio-a-families\/","title":{"rendered":"Horari d&#8217;atenci\u00f3 a fam\u00edlies"},"content":{"rendered":"<div class=\"content-layout column1\">\n<div class=\"content-area-top\">\n<div class=\"content-paragraph\">\n<h3 id=\"heading_66\" class=\"content-heading\">Horari d&#8217;entrevistes amb els tutors\/es<\/h3>\n<div class=\"content-paragraph\">\n<p>Dimecres de 12:30 a 13:30h.<\/p>\n<p>&nbsp;<\/p>\n<\/div>\n<\/div>\n<h3 id=\"heading_66\" class=\"content-heading\">Horari d&#8217;atenci\u00f3 Direcci\u00f3 (es prega cita pr\u00e8via).<\/h3>\n<div class=\"content-paragraph\">\n<p>Dimarts de 9 a 10h i Dimecres de 15 a 16 h.<\/p>\n<p>&nbsp;<\/p>\n<\/div>\n<\/div>\n<div class=\"content-area-center\">\n<h3 id=\"heading_68\" class=\"content-heading\">Horari d&#8217;atenci\u00f3 administraci\u00f3 i secretaria<\/h3>\n<p>De Dilluns a Divendres de 8 a 14h i de 15:00 a 16:15h.<\/p>\n<div class=\"content-paragraph\">\n<p><span style=\"color: #0033cc; font-family: verdana,arial,helvetica,sans-serif; font-size: medium;\">\u00a0<\/span><\/p>\n<\/div>\n<\/div>\n<\/div>\n","protected":false},"excerpt":{"rendered":"<p>Horari d&#8217;entrevistes amb els tutors\/es<\/p>\n<p>Dimecres de 12:30 a 13:30h.<br \/>\n&nbsp;<\/p>\n<p>Horari d&#8217;atenci\u00f3 Direcci\u00f3 (es prega cita pr\u00e8via).<\/p>\n<p>Dimarts de 9 a 10h i Dimecres de 15 a 16 h.<br \/>\n&nbsp;<\/p>\n<p>Horari d&#8217;atenci\u00f3 administraci\u00f3 i secretaria<br \/>\nDe Dilluns a Divendres de 8 a 14h i de 15:00 a 16:15h.<\/p>\n<p>\u00a0<\/p>\n","protected":false},"author":1,"featured_media":0,"parent":22,"menu_order":6,"comment_status":"closed","ping_status":"closed","template":"","meta":{"_bbp_topic_count":0,"_bbp_reply_count":0,"_bbp_total_topic_count":0,"_bbp_total_reply_count":0,"_bbp_voice_count":0,"_bbp_anonymous_reply_count":0,"_bbp_topic_count_hidden":0,"_bbp_reply_count_hidden":0,"_bbp_forum_subforum_count":0,"footnotes":""},"class_list":["post-525","page","type-page","status-publish","hentry"],"post_mailing_queue_ids":[],"_links":{"self":[{"href":"https:\/\/agora.xtec.cat\/ceipgarigot\/wp-json\/wp\/v2\/pages\/525","targetHints":{"allow":["GET"]}}],"collection":[{"href":"https:\/\/agora.xtec.cat\/ceipgarigot\/wp-json\/wp\/v2\/pages"}],"about":[{"href":"https:\/\/agora.xtec.cat\/ceipgarigot\/wp-json\/wp\/v2\/types\/page"}],"author":[{"embeddable":true,"href":"https:\/\/agora.xtec.cat\/ceipgarigot\/wp-json\/wp\/v2\/users\/1"}],"replies":[{"embeddable":true,"href":"https:\/\/agora.xtec.cat\/ceipgarigot\/wp-json\/wp\/v2\/comments?post=525"}],"version-history":[{"count":6,"href":"https:\/\/agora.xtec.cat\/ceipgarigot\/wp-json\/wp\/v2\/pages\/525\/revisions"}],"predecessor-version":[{"id":5974,"href":"https:\/\/agora.xtec.cat\/ceipgarigot\/wp-json\/wp\/v2\/pages\/525\/revisions\/5974"}],"up":[{"embeddable":true,"href":"https:\/\/agora.xtec.cat\/ceipgarigot\/wp-json\/wp\/v2\/pages\/22"}],"wp:attachment":[{"href":"https:\/\/agora.xtec.cat\/ceipgarigot\/wp-json\/wp\/v2\/media?parent=525"}],"curies":[{"name":"wp","href":"https:\/\/api.w.org\/{rel}","templated":true}]}}