{"id":4358,"date":"2020-10-07T10:28:05","date_gmt":"2020-10-07T08:28:05","guid":{"rendered":"https:\/\/agora.xtec.cat\/ceipgarigot\/?page_id=4358"},"modified":"2025-09-18T16:24:45","modified_gmt":"2025-09-18T14:24:45","slug":"reunions-dinici-de-curs-20-21","status":"publish","type":"page","link":"https:\/\/agora.xtec.cat\/ceipgarigot\/lescola\/reunions-dinici-de-curs-20-21\/","title":{"rendered":"Reunions d&#8217;inici de curs 25\/26"},"content":{"rendered":"<p>I3: 6 d&#8217;octubre de 2025<\/p>\n<p>I4: 30 de setembre de 2025<\/p>\n<p>I5: 2 d&#8217;octubre de 2025<\/p>\n<p>1r: 25 de setembre de 2025<\/p>\n<p>2n: 29 de setembre de 2025<\/p>\n<p>3r: 18 de setembre de 2025<\/p>\n<p>4t: 22 de setembre de 2025<\/p>\n<p>5\u00e8: 22 de setembre de 2025<\/p>\n<p>6\u00e8: 23 de setembre de 2025<\/p>\n<p>Totes les reunions d&#8217;inici de curs seran a les 17 hores.<\/p>\n<p>El servei de perman\u00e8ncia a partir de les 16:30 hores ser\u00e0 gratu\u00eft per l&#8217;alumnat de la classe que tingui reuni\u00f3. Cal avisar per poder acomplir les r\u00e0tios establertes, de no ser aix\u00ed tindr\u00e0 un cost de 4 \u20ac per alumne.<\/p>\n","protected":false},"excerpt":{"rendered":"<p>I3: 6 d&#8217;octubre de 2025<br \/>\nI4: 30 de setembre de 2025<br \/>\nI5: 2 d&#8217;octubre de 2025<br \/>\n1r: 25 de setembre de 2025<br \/>\n2n: 29 de setembre de 2025<br \/>\n3r: 18 de setembre de 2025<br \/>\n4t: 22 de setembre de 2025<br \/>\n5\u00e8: 22 de setembre de 2025<br \/>\n6\u00e8: 23 de setembre de 2025<br \/>\nTotes les&hellip;  <a href=\"https:\/\/agora.xtec.cat\/ceipgarigot\/lescola\/reunions-dinici-de-curs-20-21\/\" title=\"Read Reunions d&#8217;inici de curs 25\/26\">Llegeix m\u00e9s\u00bb<\/a><\/p>\n","protected":false},"author":1,"featured_media":0,"parent":22,"menu_order":8,"comment_status":"closed","ping_status":"closed","template":"","meta":{"_bbp_topic_count":0,"_bbp_reply_count":0,"_bbp_total_topic_count":0,"_bbp_total_reply_count":0,"_bbp_voice_count":0,"_bbp_anonymous_reply_count":0,"_bbp_topic_count_hidden":0,"_bbp_reply_count_hidden":0,"_bbp_forum_subforum_count":0,"footnotes":""},"class_list":["post-4358","page","type-page","status-publish","hentry"],"post_mailing_queue_ids":[],"_links":{"self":[{"href":"https:\/\/agora.xtec.cat\/ceipgarigot\/wp-json\/wp\/v2\/pages\/4358","targetHints":{"allow":["GET"]}}],"collection":[{"href":"https:\/\/agora.xtec.cat\/ceipgarigot\/wp-json\/wp\/v2\/pages"}],"about":[{"href":"https:\/\/agora.xtec.cat\/ceipgarigot\/wp-json\/wp\/v2\/types\/page"}],"author":[{"embeddable":true,"href":"https:\/\/agora.xtec.cat\/ceipgarigot\/wp-json\/wp\/v2\/users\/1"}],"replies":[{"embeddable":true,"href":"https:\/\/agora.xtec.cat\/ceipgarigot\/wp-json\/wp\/v2\/comments?post=4358"}],"version-history":[{"count":6,"href":"https:\/\/agora.xtec.cat\/ceipgarigot\/wp-json\/wp\/v2\/pages\/4358\/revisions"}],"predecessor-version":[{"id":5931,"href":"https:\/\/agora.xtec.cat\/ceipgarigot\/wp-json\/wp\/v2\/pages\/4358\/revisions\/5931"}],"up":[{"embeddable":true,"href":"https:\/\/agora.xtec.cat\/ceipgarigot\/wp-json\/wp\/v2\/pages\/22"}],"wp:attachment":[{"href":"https:\/\/agora.xtec.cat\/ceipgarigot\/wp-json\/wp\/v2\/media?parent=4358"}],"curies":[{"name":"wp","href":"https:\/\/api.w.org\/{rel}","templated":true}]}}