{"id":34,"date":"2014-09-18T12:32:18","date_gmt":"2014-09-18T11:32:18","guid":{"rendered":"http:\/\/agora.xtec.cat\/ceipgarigot\/?page_id=34"},"modified":"2025-09-19T16:17:18","modified_gmt":"2025-09-19T14:17:18","slug":"oferta-educativa","status":"publish","type":"page","link":"https:\/\/agora.xtec.cat\/ceipgarigot\/lescola\/oferta-educativa\/","title":{"rendered":"Qui som"},"content":{"rendered":"<h4><a href=\"https:\/\/agora.xtec.cat\/ceipgarigot\/wp-content\/uploads\/usu3\/2025\/09\/photo_5938237250083080189_y.jpg\"><img loading=\"lazy\" decoding=\"async\" class=\"aligncenter size-large wp-image-5934\" src=\"https:\/\/agora.xtec.cat\/ceipgarigot\/wp-content\/uploads\/usu3\/2025\/09\/photo_5938237250083080189_y-1024x768.jpg\" alt=\"\" width=\"1024\" height=\"768\" srcset=\"https:\/\/agora.xtec.cat\/ceipgarigot\/wp-content\/uploads\/usu3\/2025\/09\/photo_5938237250083080189_y-1024x768.jpg 1024w, https:\/\/agora.xtec.cat\/ceipgarigot\/wp-content\/uploads\/usu3\/2025\/09\/photo_5938237250083080189_y-300x225.jpg 300w, https:\/\/agora.xtec.cat\/ceipgarigot\/wp-content\/uploads\/usu3\/2025\/09\/photo_5938237250083080189_y-768x576.jpg 768w, https:\/\/agora.xtec.cat\/ceipgarigot\/wp-content\/uploads\/usu3\/2025\/09\/photo_5938237250083080189_y-200x150.jpg 200w, https:\/\/agora.xtec.cat\/ceipgarigot\/wp-content\/uploads\/usu3\/2025\/09\/photo_5938237250083080189_y.jpg 1280w\" sizes=\"auto, (max-width: 1024px) 100vw, 1024px\" \/><\/a><\/h4>\n<p>&nbsp;<\/p>\n<p>L&#8217;Escola Garigot \u00e9s una escola p\u00fablica de doble l\u00ednia organitzada en dues etapes educatives, l\u2019etapa d\u2019educaci\u00f3 infantil, compresa dels 3 als 6 anys, i l\u2019etapa d\u2019educaci\u00f3 prim\u00e0ria, compresa entre els 6 i els 12 anys.<\/p>\n<p>L\u2019etapa de prim\u00e0ria es distribueix en tres cicles de dos cursos cada un, el cicle inicial, el cicle mitj\u00e0 i el cicle superior. L\u2019etapa d\u2019infantil es considera un cicle dividit en tres nivells, EI3, EI4 i EI5.<\/p>\n<h3 style=\"text-align: center;\"><\/h3>\n<h3 style=\"text-align: center;\">PLANTILLA<\/h3>\n<p><span style=\"color: #0000ff;\"><strong>EDUCACI\u00d3 INFANTIL<\/strong><\/span><\/p>\n<p><strong>EI3A:<\/strong> Mireia Nolla<\/p>\n<p><strong>EI3B: <\/strong>Patricia Luque<\/p>\n<p><strong>EI4A: <\/strong>Manoli Zamora<\/p>\n<p><strong>EI4B:<\/strong> Mayka Defez<\/p>\n<p><strong>EI5A:<\/strong> Laura Castell\u00f3n<\/p>\n<p><strong>EI5B: <\/strong>Pili Medialdea<\/p>\n<p><strong>ESPECIALISTES:<\/strong> Susana Rom\u00e1n (Psicomotricitat), Susana G. (Angl\u00e8s), Sara M. (Suport Inclusiu), Sonia (Suport), Judith (Suport)<\/p>\n<p><strong>TEI:<\/strong> Rafi Garcia<\/p>\n<p>&nbsp;<\/p>\n<p><span style=\"color: #0000ff;\"><strong>CICLE INICIAL<\/strong><\/span><\/p>\n<p><strong>1r A:<\/strong> Olga Masvidal<\/p>\n<p><strong>1r B:<\/strong> L\u00eddia C\u00edvico<\/p>\n<p><strong>2n:<\/strong> Bego\u00f1a H.<\/p>\n<p>&nbsp;<\/p>\n<p><strong>ESPECIALISTES:<\/strong>\u00a0 Susana G. (Angl\u00e8s), Vanessa Ruiz (E. F\u00edsica), Vanessa G. (M\u00fasica), Elena P. (Suport Inclusiu), Sara R. (Suport)<\/p>\n<p>&nbsp;<\/p>\n<p><span style=\"color: #0000ff;\"><strong>CICLE MITJ\u00c0<\/strong><\/span><\/p>\n<p><strong>3r :<\/strong> Mireia M.<\/p>\n<p><strong>4t A:<\/strong> Elena Balbin<\/p>\n<p><strong>4t B:<\/strong> B\u00e0rbara Merlo<\/p>\n<p>&nbsp;<\/p>\n<p><strong>ESPECIALISTES:<\/strong>\u00a0 Mireia G., Susana G. (Angl\u00e8s), Vanessa Ruiz i Ramon (E. F\u00edsica), Vanessa G. (M\u00fasica),\u00a0 Nuria G.L. (Suport Inclusiu), Ramon (Cultura Digital)<\/p>\n<p>&nbsp;<\/p>\n<p><span style=\"color: #0000ff;\"><strong>CICLE SUPERIOR<\/strong><\/span><\/p>\n<p><strong>5\u00e8 A:<\/strong> Susana Rubio<\/p>\n<p><strong>5\u00e8 B:<\/strong> Gl\u00f2ria Gallego<\/p>\n<p><strong>6\u00e8 A:<\/strong> Maria Ferragut<\/p>\n<p><strong>6\u00e8 B: <\/strong>Carlos Priego<\/p>\n<p><strong>6\u00e8 C:<\/strong> Nat\u00e0lia Garcia<\/p>\n<p><strong>ESPECIALISTES:<\/strong>\u00a0 Mireia G. (Angl\u00e8s),\u00a0 Ramon (E.F\u00edsica), Vanessa G. (M\u00fasica),\u00a0 Marta B. i N\u00faria G.L. (Suport Inclusiu), Juan (Cultura Digital)<\/p>\n<p>&nbsp;<\/p>\n<p><strong>Tutora i educadora SIEI:<\/strong> N\u00faria Garcia i Alex M.<\/p>\n<p><strong>Aula d&#8217;acollida:<\/strong> Bel\u00e9n Declara<\/p>\n<p><strong>Religi\u00f3:<\/strong> Carmina<\/p>\n<p>&nbsp;<\/p>\n<p><strong><span style=\"color: #ff0000;\">CONSELL DE DIRECCI\u00d3<\/span><\/strong><\/p>\n<p><strong>Coordinadora Educaci\u00f3 Infantil:<\/strong> Mireia Nolla<\/p>\n<p><strong>Coordinadora Cicle Inicial:<\/strong> Olga Masvidal<\/p>\n<p><strong>Coordinadora Cicle Mitj\u00e0:<\/strong> Barbara Merlo<\/p>\n<p><strong>Coordinador Cicle Superior:<\/strong> Nat\u00e0lia Garcia<\/p>\n<p>&nbsp;<\/p>\n<p><span style=\"color: #008000;\"><strong>ALTRES COORDINADORS<\/strong><\/span><\/p>\n<p><strong>Inform\u00e0tica:<\/strong> Ramon Vidal<\/p>\n<p><strong>Riscos Laborals:<\/strong> Gl\u00f2ria Gallego<\/p>\n<p><strong>LIC\/Biblioteca:<\/strong> Mireia G.<\/p>\n<p><strong>Coeducaci\u00f3 i perspectiva de g\u00e8nere:<\/strong> Maria Ferragut<\/p>\n<p><strong>PCEE:<\/strong> Vanessa Ruiz<\/p>\n<p>&nbsp;<\/p>\n<p><span style=\"color: #ff6600;\"><strong>EQUIP DIRECTIU<\/strong><\/span><\/p>\n<p><strong>Director:<\/strong> Juan Francisco Fraile<\/p>\n<p><strong>Cap d&#8217;estudis:<\/strong> Sara Ribas<\/p>\n<p><strong>Secret\u00e0ria:<\/strong> Sara Mateo<\/p>\n<p>&nbsp;<\/p>\n<p><strong>Administraci\u00f3:<\/strong> Eug\u00e8nia<\/p>\n<p><strong>Consergeria:<\/strong> Javi Vicente<\/p>\n<p>&nbsp;<\/p>\n<p>&nbsp;<\/p>\n<p>&nbsp;<\/p>\n","protected":false},"excerpt":{"rendered":"<p><a href=\"https:\/\/agora.xtec.cat\/ceipgarigot\/wp-content\/uploads\/usu3\/2025\/09\/photo_5938237250083080189_y.jpg\"><\/a><br \/>\n&nbsp;<br \/>\nL&#8217;Escola Garigot \u00e9s una escola p\u00fablica de doble l\u00ednia organitzada en dues etapes educatives, l\u2019etapa d\u2019educaci\u00f3 infantil, compresa dels 3 als 6 anys, i l\u2019etapa d\u2019educaci\u00f3 prim\u00e0ria, compresa entre els 6 i els 12 anys.<br \/>\nL\u2019etapa de prim\u00e0ria es distribueix en tres cicles de dos&hellip;  <a href=\"https:\/\/agora.xtec.cat\/ceipgarigot\/lescola\/oferta-educativa\/\" title=\"Read Qui som\">Llegeix m\u00e9s\u00bb<\/a><\/p>\n","protected":false},"author":1,"featured_media":0,"parent":22,"menu_order":2,"comment_status":"closed","ping_status":"closed","template":"page-templates\/side-menu.php","meta":{"_bbp_topic_count":0,"_bbp_reply_count":0,"_bbp_total_topic_count":0,"_bbp_total_reply_count":0,"_bbp_voice_count":0,"_bbp_anonymous_reply_count":0,"_bbp_topic_count_hidden":0,"_bbp_reply_count_hidden":0,"_bbp_forum_subforum_count":0,"footnotes":""},"class_list":["post-34","page","type-page","status-publish","hentry"],"post_mailing_queue_ids":[],"_links":{"self":[{"href":"https:\/\/agora.xtec.cat\/ceipgarigot\/wp-json\/wp\/v2\/pages\/34","targetHints":{"allow":["GET"]}}],"collection":[{"href":"https:\/\/agora.xtec.cat\/ceipgarigot\/wp-json\/wp\/v2\/pages"}],"about":[{"href":"https:\/\/agora.xtec.cat\/ceipgarigot\/wp-json\/wp\/v2\/types\/page"}],"author":[{"embeddable":true,"href":"https:\/\/agora.xtec.cat\/ceipgarigot\/wp-json\/wp\/v2\/users\/1"}],"replies":[{"embeddable":true,"href":"https:\/\/agora.xtec.cat\/ceipgarigot\/wp-json\/wp\/v2\/comments?post=34"}],"version-history":[{"count":6,"href":"https:\/\/agora.xtec.cat\/ceipgarigot\/wp-json\/wp\/v2\/pages\/34\/revisions"}],"predecessor-version":[{"id":5935,"href":"https:\/\/agora.xtec.cat\/ceipgarigot\/wp-json\/wp\/v2\/pages\/34\/revisions\/5935"}],"up":[{"embeddable":true,"href":"https:\/\/agora.xtec.cat\/ceipgarigot\/wp-json\/wp\/v2\/pages\/22"}],"wp:attachment":[{"href":"https:\/\/agora.xtec.cat\/ceipgarigot\/wp-json\/wp\/v2\/media?parent=34"}],"curies":[{"name":"wp","href":"https:\/\/api.w.org\/{rel}","templated":true}]}}