{"id":28,"date":"2014-09-18T12:29:35","date_gmt":"2014-09-18T11:29:35","guid":{"rendered":"http:\/\/agora.xtec.cat\/ceipgarigot\/?page_id=28"},"modified":"2024-01-10T10:02:37","modified_gmt":"2024-01-10T09:02:37","slug":"consell-escolar","status":"publish","type":"page","link":"https:\/\/agora.xtec.cat\/ceipgarigot\/lescola\/consell-escolar\/","title":{"rendered":"Consell escolar"},"content":{"rendered":"<p style=\"text-align: justify;\">El consell escolar \u00e9s l&#8217;\u00f2rgan de participaci\u00f3 dels diferents sectors de la comunitat educativa en el govern dels centres.<\/p>\n<div class=\"yj6qo ajU\">\n<div id=\":o1\" class=\"ajR\" tabindex=\"0\" data-tooltip=\"Mostra el contingut redu\u00eft\"><img decoding=\"async\" class=\"ajT\" src=\"https:\/\/ssl.gstatic.com\/ui\/v1\/icons\/mail\/images\/cleardot.gif\" \/><\/div>\n<\/div>\n<p>L&#8217;actual Consell Escolar i est\u00e0 representat per:<\/p>\n<p><strong><span style=\"color: #ff0000;\">(actualitzat 10\/01\/2024)<\/span><\/strong><\/p>\n<p><strong>Director:<\/strong> Juan Francisco Fraile<\/p>\n<p><strong>Cap d&#8217;estudis<\/strong>: Sara Ribas<\/p>\n<p><strong>Secret\u00e0ria<\/strong>: Sara Mateo<\/p>\n<p><strong>Representant Ajuntament:<\/strong> Guillermo Massana (2023)<\/p>\n<p><strong>Representants del professorat:\u00a0<\/strong><\/p>\n<ul>\n<li>Pili Medialdea (2021)<\/li>\n<li>Mireia Nolla (2021)<\/li>\n<li>Natalia Garcia (2023)<\/li>\n<li>Cristina Redondo (2023)<\/li>\n<li>Gloria Gallego (2023)<\/li>\n<li>Maria Ferragut (2023)<\/li>\n<\/ul>\n<p><strong>Representants de pares i mares<\/strong>:<\/p>\n<ul>\n<li>Laura Crespo (2021)<\/li>\n<li><span style=\"font-family: inherit; font-size: 1em;\">Carolina Nguyen (2021)<\/span><\/li>\n<li>Samara Vallone (2023)<\/li>\n<li>Javier L\u00f3pez (2023)<\/li>\n<li>Ricard Garcia (2023)<\/li>\n<li>Representant de l&#8217;AFA: Silvana A. Wierbilo (2023)<\/li>\n<\/ul>\n<p><strong>Representant del PAS<\/strong>: Teresa Castell\u00e0 (Administrativa) (2023)<\/p>\n","protected":false},"excerpt":{"rendered":"<p>El consell escolar \u00e9s l&#8217;\u00f2rgan de participaci\u00f3 dels diferents sectors de la comunitat educativa en el govern dels centres.<\/p>\n<p>L&#8217;actual Consell Escolar i est\u00e0 representat per:<br \/>\n(actualitzat 10\/01\/2024)<br \/>\nDirector: Juan Francisco Fraile<br \/>\nCap d&#8217;estudis: Sara Ribas<br \/>\nSecret\u00e0ria: Sara Mateo<br \/>\nRepresentant Ajuntament: Guillermo Massana (2023)<br \/>\nRepresentants del professorat:\u00a0<\/p>\n<ul>\n<li>Pili Medialdea (2021)<\/li>\n<li>Mireia Nolla (2021)<\/li>\n<li>Natalia Garcia&hellip;  <a href=\"https:\/\/agora.xtec.cat\/ceipgarigot\/lescola\/consell-escolar\/\" title=\"Read Consell escolar\">Llegeix m\u00e9s\u00bb<\/a><br \/>\n","protected":false},"author":1,"featured_media":0,"parent":22,"menu_order":4,"comment_status":"closed","ping_status":"closed","template":"page-templates\/side-menu.php","meta":{"_bbp_topic_count":0,"_bbp_reply_count":0,"_bbp_total_topic_count":0,"_bbp_total_reply_count":0,"_bbp_voice_count":0,"_bbp_anonymous_reply_count":0,"_bbp_topic_count_hidden":0,"_bbp_reply_count_hidden":0,"_bbp_forum_subforum_count":0,"footnotes":""},"class_list":["post-28","page","type-page","status-publish","hentry"],"post_mailing_queue_ids":[],"_links":{"self":[{"href":"https:\/\/agora.xtec.cat\/ceipgarigot\/wp-json\/wp\/v2\/pages\/28","targetHints":{"allow":["GET"]}}],"collection":[{"href":"https:\/\/agora.xtec.cat\/ceipgarigot\/wp-json\/wp\/v2\/pages"}],"about":[{"href":"https:\/\/agora.xtec.cat\/ceipgarigot\/wp-json\/wp\/v2\/types\/page"}],"author":[{"embeddable":true,"href":"https:\/\/agora.xtec.cat\/ceipgarigot\/wp-json\/wp\/v2\/users\/1"}],"replies":[{"embeddable":true,"href":"https:\/\/agora.xtec.cat\/ceipgarigot\/wp-json\/wp\/v2\/comments?post=28"}],"version-history":[{"count":6,"href":"https:\/\/agora.xtec.cat\/ceipgarigot\/wp-json\/wp\/v2\/pages\/28\/revisions"}],"predecessor-version":[{"id":5548,"href":"https:\/\/agora.xtec.cat\/ceipgarigot\/wp-json\/wp\/v2\/pages\/28\/revisions\/5548"}],"up":[{"embeddable":true,"href":"https:\/\/agora.xtec.cat\/ceipgarigot\/wp-json\/wp\/v2\/pages\/22"}],"wp:attachment":[{"href":"https:\/\/agora.xtec.cat\/ceipgarigot\/wp-json\/wp\/v2\/media?parent=28"}],"curies":[{"name":"wp","href":"https:\/\/api.w.org\/{rel}","templated":true}]}}