{"id":9359,"date":"2024-02-07T20:28:46","date_gmt":"2024-02-07T19:28:46","guid":{"rendered":"https:\/\/agora.xtec.cat\/ceipgarcialorca-montbui\/?page_id=9359"},"modified":"2024-02-07T20:28:57","modified_gmt":"2024-02-07T19:28:57","slug":"informacio","status":"publish","type":"page","link":"https:\/\/agora.xtec.cat\/ceipgarcialorca-montbui\/informacio\/","title":{"rendered":"Informaci\u00f3"},"content":{"rendered":"<p>A la barra lateral esquerra teniu acc\u00e9s a diferents informacions que poden ser del vostre inter\u00e8s.<\/p>\n<div class=\"addtoany_share_save_container addtoany_content addtoany_content_bottom\">\n<div class=\"a2a_kit a2a_kit_size_32 addtoany_list\" data-a2a-url=\"https:\/\/agora.xtec.cat\/escgarciafossas\/informacio\/\" data-a2a-title=\"INFORMACI\u00d3\"><\/div>\n<\/div>\n","protected":false},"excerpt":{"rendered":"<p>A la barra lateral esquerra teniu acc\u00e9s a diferents informacions que poden ser del vostre inter\u00e8s.<\/p>\n","protected":false},"author":71,"featured_media":0,"parent":0,"menu_order":0,"comment_status":"closed","ping_status":"closed","template":"page-templates\/side-menu.php","meta":{"_bbp_topic_count":0,"_bbp_reply_count":0,"_bbp_total_topic_count":0,"_bbp_total_reply_count":0,"_bbp_voice_count":0,"_bbp_anonymous_reply_count":0,"_bbp_topic_count_hidden":0,"_bbp_reply_count_hidden":0,"_bbp_forum_subforum_count":0,"footnotes":""},"class_list":["post-9359","page","type-page","status-publish","hentry"],"post_mailing_queue_ids":[],"_links":{"self":[{"href":"https:\/\/agora.xtec.cat\/ceipgarcialorca-montbui\/wp-json\/wp\/v2\/pages\/9359","targetHints":{"allow":["GET"]}}],"collection":[{"href":"https:\/\/agora.xtec.cat\/ceipgarcialorca-montbui\/wp-json\/wp\/v2\/pages"}],"about":[{"href":"https:\/\/agora.xtec.cat\/ceipgarcialorca-montbui\/wp-json\/wp\/v2\/types\/page"}],"author":[{"embeddable":true,"href":"https:\/\/agora.xtec.cat\/ceipgarcialorca-montbui\/wp-json\/wp\/v2\/users\/71"}],"replies":[{"embeddable":true,"href":"https:\/\/agora.xtec.cat\/ceipgarcialorca-montbui\/wp-json\/wp\/v2\/comments?post=9359"}],"version-history":[{"count":1,"href":"https:\/\/agora.xtec.cat\/ceipgarcialorca-montbui\/wp-json\/wp\/v2\/pages\/9359\/revisions"}],"predecessor-version":[{"id":9361,"href":"https:\/\/agora.xtec.cat\/ceipgarcialorca-montbui\/wp-json\/wp\/v2\/pages\/9359\/revisions\/9361"}],"wp:attachment":[{"href":"https:\/\/agora.xtec.cat\/ceipgarcialorca-montbui\/wp-json\/wp\/v2\/media?parent=9359"}],"curies":[{"name":"wp","href":"https:\/\/api.w.org\/{rel}","templated":true}]}}