{"id":7734,"date":"2022-04-25T09:52:02","date_gmt":"2022-04-25T07:52:02","guid":{"rendered":"https:\/\/agora.xtec.cat\/ceipgarcialorca-montbui\/?page_id=7734"},"modified":"2025-06-13T14:06:52","modified_gmt":"2025-06-13T12:06:52","slug":"objectius","status":"publish","type":"page","link":"https:\/\/agora.xtec.cat\/ceipgarcialorca-montbui\/estrategia-digital-de-centre\/part-estrategica\/objectius\/","title":{"rendered":"Objectius"},"content":{"rendered":"<p><span style=\"font-weight: 400;\">Despr\u00e9s de realitzar la diagnosi, per poder concretar els objectius de l\u2019EDC, cal determinar la visi\u00f3 del centre en l\u2019\u00e0mbit digital i tenir en compte els objectius del PEC i del projecte de direcci\u00f3, sense perdre de vista els objectius del PEDC. La conjunci\u00f3 d\u2019aquests aspectes determinar\u00e0 els objectius de l\u2019EDC.<\/span><\/p>\n<p><iframe src=\"https:\/\/docs.google.com\/spreadsheets\/d\/e\/2PACX-1vRze_98oCGfA5lQpi15JN9pL1Zio4bf2WoX_Qzfutq3hW8v9nKeBDCXv2duqiMpmA\/pubhtml?gid=973046828&amp;single=true&amp;widget=true&amp;headers=false\"width=\"100%\" height=\"600\"><\/iframe>&nbsp;<\/p>\n","protected":false},"excerpt":{"rendered":"<p>Despr\u00e9s de realitzar la diagnosi, per poder concretar els objectius de l\u2019EDC, cal determinar la visi\u00f3 del centre en l\u2019\u00e0mbit digital i tenir en compte els objectius del PEC i del projecte de direcci\u00f3, sense perdre de vista els objectius del PEDC. La conjunci\u00f3 d\u2019aquests&hellip;  <a href=\"https:\/\/agora.xtec.cat\/ceipgarcialorca-montbui\/estrategia-digital-de-centre\/part-estrategica\/objectius\/\" title=\"Read Objectius\">Llegeix m\u00e9s\u00bb<\/a><\/p>\n","protected":false},"author":11,"featured_media":0,"parent":9195,"menu_order":2,"comment_status":"closed","ping_status":"closed","template":"page-templates\/side-menu.php","meta":{"_bbp_topic_count":0,"_bbp_reply_count":0,"_bbp_total_topic_count":0,"_bbp_total_reply_count":0,"_bbp_voice_count":0,"_bbp_anonymous_reply_count":0,"_bbp_topic_count_hidden":0,"_bbp_reply_count_hidden":0,"_bbp_forum_subforum_count":0,"footnotes":""},"class_list":["post-7734","page","type-page","status-publish","hentry"],"post_mailing_queue_ids":[],"_links":{"self":[{"href":"https:\/\/agora.xtec.cat\/ceipgarcialorca-montbui\/wp-json\/wp\/v2\/pages\/7734","targetHints":{"allow":["GET"]}}],"collection":[{"href":"https:\/\/agora.xtec.cat\/ceipgarcialorca-montbui\/wp-json\/wp\/v2\/pages"}],"about":[{"href":"https:\/\/agora.xtec.cat\/ceipgarcialorca-montbui\/wp-json\/wp\/v2\/types\/page"}],"author":[{"embeddable":true,"href":"https:\/\/agora.xtec.cat\/ceipgarcialorca-montbui\/wp-json\/wp\/v2\/users\/11"}],"replies":[{"embeddable":true,"href":"https:\/\/agora.xtec.cat\/ceipgarcialorca-montbui\/wp-json\/wp\/v2\/comments?post=7734"}],"version-history":[{"count":6,"href":"https:\/\/agora.xtec.cat\/ceipgarcialorca-montbui\/wp-json\/wp\/v2\/pages\/7734\/revisions"}],"predecessor-version":[{"id":10331,"href":"https:\/\/agora.xtec.cat\/ceipgarcialorca-montbui\/wp-json\/wp\/v2\/pages\/7734\/revisions\/10331"}],"up":[{"embeddable":true,"href":"https:\/\/agora.xtec.cat\/ceipgarcialorca-montbui\/wp-json\/wp\/v2\/pages\/9195"}],"wp:attachment":[{"href":"https:\/\/agora.xtec.cat\/ceipgarcialorca-montbui\/wp-json\/wp\/v2\/media?parent=7734"}],"curies":[{"name":"wp","href":"https:\/\/api.w.org\/{rel}","templated":true}]}}