{"id":34,"date":"2014-09-18T12:32:18","date_gmt":"2014-09-18T11:32:18","guid":{"rendered":"http:\/\/agora.xtec.cat\/ceipgarcialorca-montbui\/?page_id=34"},"modified":"2024-02-06T11:43:45","modified_gmt":"2024-02-06T10:43:45","slug":"oferta-educativa","status":"publish","type":"page","link":"https:\/\/agora.xtec.cat\/ceipgarcialorca-montbui\/lescola\/oferta-educativa\/","title":{"rendered":"Oferta educativa"},"content":{"rendered":"<p>Estudis: Segon cicle d\u2019Educaci\u00f3 Infantil i Educaci\u00f3 Prim\u00e0ria.<\/p>\n<ul>\n<li>Horari escolar:\n<ul>\n<li>Educaci\u00f3 Infantil: de 9 h a 13\u202fh i de 15 a 17 h<\/li>\n<li>Educaci\u00f3 Prim\u00e0ria: de 9 h a 13\u202fh i de 15 a 17 h<\/li>\n<\/ul>\n<\/li>\n<li>\u00a0Extraescolars:\n<ul>\n<li>Servei d\u2019acollida: de 7:30 h a 9 h<\/li>\n<li>Activitats de menjador: de 13 h a 15 h<\/li>\n<li>Activitats de tarda: de 17 h a 19 h<\/li>\n<\/ul>\n<\/li>\n<\/ul>\n<p style=\"color: #444444;\">\n","protected":false},"excerpt":{"rendered":"<p>Estudis: Segon cicle d\u2019Educaci\u00f3 Infantil i Educaci\u00f3 Prim\u00e0ria.<\/p>\n<ul>\n<li>Horari escolar:\n<ul>\n<li>Educaci\u00f3 Infantil: de 9 h a 13\u202fh i de 15 a 17 h<\/li>\n<li>Educaci\u00f3 Prim\u00e0ria: de 9 h a 13\u202fh i de 15 a 17 h<\/li>\n<\/ul>\n<\/li>\n<li>\u00a0Extraescolars:\n<ul>\n<li>Servei d\u2019acollida: de 7:30 h a 9 h<\/li>\n<li>Activitats de menjador: de 13 h&hellip;  <a href=\"https:\/\/agora.xtec.cat\/ceipgarcialorca-montbui\/lescola\/oferta-educativa\/\" title=\"Read Oferta educativa\">Llegeix m\u00e9s\u00bb<\/a><br \/>\n","protected":false},"author":1,"featured_media":0,"parent":22,"menu_order":7,"comment_status":"closed","ping_status":"closed","template":"page-templates\/side-menu.php","meta":{"_bbp_topic_count":0,"_bbp_reply_count":0,"_bbp_total_topic_count":0,"_bbp_total_reply_count":0,"_bbp_voice_count":0,"_bbp_anonymous_reply_count":0,"_bbp_topic_count_hidden":0,"_bbp_reply_count_hidden":0,"_bbp_forum_subforum_count":0,"footnotes":""},"class_list":["post-34","page","type-page","status-publish","hentry"],"post_mailing_queue_ids":[],"_links":{"self":[{"href":"https:\/\/agora.xtec.cat\/ceipgarcialorca-montbui\/wp-json\/wp\/v2\/pages\/34","targetHints":{"allow":["GET"]}}],"collection":[{"href":"https:\/\/agora.xtec.cat\/ceipgarcialorca-montbui\/wp-json\/wp\/v2\/pages"}],"about":[{"href":"https:\/\/agora.xtec.cat\/ceipgarcialorca-montbui\/wp-json\/wp\/v2\/types\/page"}],"author":[{"embeddable":true,"href":"https:\/\/agora.xtec.cat\/ceipgarcialorca-montbui\/wp-json\/wp\/v2\/users\/1"}],"replies":[{"embeddable":true,"href":"https:\/\/agora.xtec.cat\/ceipgarcialorca-montbui\/wp-json\/wp\/v2\/comments?post=34"}],"version-history":[{"count":6,"href":"https:\/\/agora.xtec.cat\/ceipgarcialorca-montbui\/wp-json\/wp\/v2\/pages\/34\/revisions"}],"predecessor-version":[{"id":9212,"href":"https:\/\/agora.xtec.cat\/ceipgarcialorca-montbui\/wp-json\/wp\/v2\/pages\/34\/revisions\/9212"}],"up":[{"embeddable":true,"href":"https:\/\/agora.xtec.cat\/ceipgarcialorca-montbui\/wp-json\/wp\/v2\/pages\/22"}],"wp:attachment":[{"href":"https:\/\/agora.xtec.cat\/ceipgarcialorca-montbui\/wp-json\/wp\/v2\/media?parent=34"}],"curies":[{"name":"wp","href":"https:\/\/api.w.org\/{rel}","templated":true}]}}