{"id":26,"date":"2014-09-18T12:24:32","date_gmt":"2014-09-18T11:24:32","guid":{"rendered":"http:\/\/agora.xtec.cat\/ceipgarcialorca-montbui\/?page_id=26"},"modified":"2024-02-06T11:31:29","modified_gmt":"2024-02-06T10:31:29","slug":"historia","status":"publish","type":"page","link":"https:\/\/agora.xtec.cat\/ceipgarcialorca-montbui\/lescola\/historia\/","title":{"rendered":"Hist\u00f2ria"},"content":{"rendered":"<h6 style=\"text-align: justify;\"><span style=\"color: #000000;\">L&#8217;actual Escola Garc\u00eda Lorca va comen\u00e7ar a funcionar per la tardor del 1969 i ja ha arribat als 50 anys dels seus inicis.<a href=\"https:\/\/agora.xtec.cat\/ceipgarcialorca-montbui\/wp-content\/uploads\/usu1411\/2024\/02\/Imagen-53-1.jpg\" target=\"_blank\" rel=\"noopener\"><img loading=\"lazy\" decoding=\"async\" class=\"alignleft wp-image-9253 size-thumbnail\" src=\"https:\/\/agora.xtec.cat\/ceipgarcialorca-montbui\/wp-content\/uploads\/usu1411\/2024\/02\/Imagen-53-1-150x150.jpg\" alt=\"\" width=\"150\" height=\"150\" \/><\/a><\/span><\/h6>\n<h6 style=\"text-align: justify;\"><span style=\"color: #000000;\">Va ser la primera que va existir al nucli urb\u00e0 de Santa Margarida de Montbui. Un nucli que s&#8217;havia anat formant amb les cases que s&#8217;anaven construint les persones que van venir del sud d&#8217;Espanya a treballar a la ind\u00fastria d&#8217;Igualada. Cada vegada eren m\u00e9s i amb fam\u00edlia, hi havia molts nens i nenes pel carrer. El Ministerio de Educaci\u00f3n va construir l&#8217;escola per donar servei <a href=\"https:\/\/agora.xtec.cat\/ceipgarcialorca-montbui\/wp-content\/uploads\/usu1411\/2024\/02\/garcia-lorca-edifici.jpg\" target=\"_blank\" rel=\"noopener\"><img loading=\"lazy\" decoding=\"async\" class=\"alignright wp-image-9249 size-thumbnail\" src=\"https:\/\/agora.xtec.cat\/ceipgarcialorca-montbui\/wp-content\/uploads\/usu1411\/2024\/02\/garcia-lorca-edifici-150x150.jpg\" alt=\"\" width=\"150\" height=\"150\" \/><\/a>als nens i nenes i a les seves fam\u00edlies.<\/span><\/h6>\n<h6 style=\"text-align: justify;\"><span style=\"color: #000000;\">A partir de la tardor del 1969 va comen\u00e7ar a existir la &#8220;Escuela Nacional mixta San Mauro&#8221;. Acollia molt\u00edssims nens i nenes, tenia nom\u00e9s 8 aules i hi treballaven 8 mestres. Els nens i les nenes anaven separats, elles a dalt i ells al pis de baix. A cada classe hi havia barrejats nens de diferents cursos. A poc a poc es va anar estructurant i es va plantejar una ampliaci\u00f3 de l&#8217;edifici.<\/span><\/h6>\n<h6 style=\"text-align: justify;\"><span style=\"color: #000000;\">El 1981 es va construir el que avui \u00e9s Educaci\u00f3 infantil. I va quedar consolidada com a escola d&#8217;una l\u00ednia. Fou llavors que, com que s&#8217;havia constru\u00eft la segona escola del nucli urb\u00e0, que es va anomenar San Mauro, a la nostra escola se li va canviar el nom, posant-li el nom de l&#8217;il\u00b7lustre poeta espanyol Federico Garc\u00eda Lorca.<\/span><\/h6>\n<h6 style=\"text-align: justify;\"><span style=\"color: #000000;\">Per all\u00e0 el 1988 es va construir la primera pista poliesportiva, llargament reivindicada per les fam\u00edlies dels alumnes.<a href=\"https:\/\/agora.xtec.cat\/ceipgarcialorca-montbui\/wp-content\/uploads\/usu1411\/2024\/02\/Imagen-50.jpg\" target=\"_blank\" rel=\"noopener\"><img loading=\"lazy\" decoding=\"async\" class=\"aligncenter wp-image-9251 size-medium\" src=\"https:\/\/agora.xtec.cat\/ceipgarcialorca-montbui\/wp-content\/uploads\/usu1411\/2024\/02\/Imagen-50-300x204.jpg\" alt=\"\" width=\"300\" height=\"204\" srcset=\"https:\/\/agora.xtec.cat\/ceipgarcialorca-montbui\/wp-content\/uploads\/usu1411\/2024\/02\/Imagen-50-300x204.jpg 300w, https:\/\/agora.xtec.cat\/ceipgarcialorca-montbui\/wp-content\/uploads\/usu1411\/2024\/02\/Imagen-50-1024x697.jpg 1024w, https:\/\/agora.xtec.cat\/ceipgarcialorca-montbui\/wp-content\/uploads\/usu1411\/2024\/02\/Imagen-50-768x523.jpg 768w, https:\/\/agora.xtec.cat\/ceipgarcialorca-montbui\/wp-content\/uploads\/usu1411\/2024\/02\/Imagen-50-1536x1046.jpg 1536w, https:\/\/agora.xtec.cat\/ceipgarcialorca-montbui\/wp-content\/uploads\/usu1411\/2024\/02\/Imagen-50.jpg 1680w\" sizes=\"auto, (max-width: 300px) 100vw, 300px\" \/><\/a><\/span><\/h6>\n<h6 style=\"text-align: justify;\"><span style=\"color: #000000;\">El 2003 es va inaugurar l&#8217;ampliaci\u00f3 i reforma de la zona del menjador, despatxos i aula d&#8217;angl\u00e8s, aix\u00ed com es va construir el gimn\u00e0s i la pista actual.<\/span><\/h6>\n<h6 style=\"text-align: justify;\"><span style=\"color: #000000;\">Fou a partir del 2007 que l&#8217;escola es comen\u00e7a a fer gran i es va convertint en dues l\u00ednies. Per encabir-les s&#8217;han de posar m\u00f2duls i tamb\u00e9 ocupar un espai de l&#8217;edifici Mont-\u00e0gora que s&#8217;habilita perqu\u00e8 siguin cinc aules pel centre. Aquesta darrera part es va inaugurar el setembre de 2014.<\/span><\/h6>\n","protected":false},"excerpt":{"rendered":"<p>L&#8217;actual Escola Garc\u00eda Lorca va comen\u00e7ar a funcionar per la tardor del 1969 i ja ha arribat als 50 anys dels seus inicis.<a href=\"https:\/\/agora.xtec.cat\/ceipgarcialorca-montbui\/wp-content\/uploads\/usu1411\/2024\/02\/Imagen-53-1.jpg\" target=\"_blank\" rel=\"noopener\"><\/a><br \/>\nVa ser la primera que va existir al nucli urb\u00e0 de Santa Margarida de Montbui. Un nucli que s&#8217;havia anat&hellip;  <a href=\"https:\/\/agora.xtec.cat\/ceipgarcialorca-montbui\/lescola\/historia\/\" title=\"Read Hist\u00f2ria\">Llegeix m\u00e9s\u00bb<\/a><\/p>\n","protected":false},"author":1,"featured_media":0,"parent":22,"menu_order":2,"comment_status":"closed","ping_status":"closed","template":"page-templates\/side-menu.php","meta":{"_bbp_topic_count":0,"_bbp_reply_count":0,"_bbp_total_topic_count":0,"_bbp_total_reply_count":0,"_bbp_voice_count":0,"_bbp_anonymous_reply_count":0,"_bbp_topic_count_hidden":0,"_bbp_reply_count_hidden":0,"_bbp_forum_subforum_count":0,"footnotes":""},"class_list":["post-26","page","type-page","status-publish","hentry"],"post_mailing_queue_ids":[],"_links":{"self":[{"href":"https:\/\/agora.xtec.cat\/ceipgarcialorca-montbui\/wp-json\/wp\/v2\/pages\/26","targetHints":{"allow":["GET"]}}],"collection":[{"href":"https:\/\/agora.xtec.cat\/ceipgarcialorca-montbui\/wp-json\/wp\/v2\/pages"}],"about":[{"href":"https:\/\/agora.xtec.cat\/ceipgarcialorca-montbui\/wp-json\/wp\/v2\/types\/page"}],"author":[{"embeddable":true,"href":"https:\/\/agora.xtec.cat\/ceipgarcialorca-montbui\/wp-json\/wp\/v2\/users\/1"}],"replies":[{"embeddable":true,"href":"https:\/\/agora.xtec.cat\/ceipgarcialorca-montbui\/wp-json\/wp\/v2\/comments?post=26"}],"version-history":[{"count":7,"href":"https:\/\/agora.xtec.cat\/ceipgarcialorca-montbui\/wp-json\/wp\/v2\/pages\/26\/revisions"}],"predecessor-version":[{"id":9258,"href":"https:\/\/agora.xtec.cat\/ceipgarcialorca-montbui\/wp-json\/wp\/v2\/pages\/26\/revisions\/9258"}],"up":[{"embeddable":true,"href":"https:\/\/agora.xtec.cat\/ceipgarcialorca-montbui\/wp-json\/wp\/v2\/pages\/22"}],"wp:attachment":[{"href":"https:\/\/agora.xtec.cat\/ceipgarcialorca-montbui\/wp-json\/wp\/v2\/media?parent=26"}],"curies":[{"name":"wp","href":"https:\/\/api.w.org\/{rel}","templated":true}]}}