{"id":22,"date":"2014-09-18T12:19:57","date_gmt":"2014-09-18T11:19:57","guid":{"rendered":"http:\/\/agora.xtec.cat\/ceipgarcialorca-montbui\/?page_id=22"},"modified":"2026-01-14T11:58:23","modified_gmt":"2026-01-14T10:58:23","slug":"lescola","status":"publish","type":"page","link":"https:\/\/agora.xtec.cat\/ceipgarcialorca-montbui\/lescola\/","title":{"rendered":"L&#8217;escola"},"content":{"rendered":"<p>L&#8217;Escola Garc\u00eda Lorca, est\u00e0 ubicada al municipi de Santa Margarida de Montbui, el nostre horari escolar \u00e9s el seg\u00fcent:<\/p>\n<ul>\n<li>Al mat\u00ed de 9 a 13 h<\/li>\n<li>A la tarda 15 a 17 h<\/li>\n<\/ul>\n<p>El calendari escolar d&#8217;aquest curs 2025-26 \u00e9s el seg\u00fcent:<\/p>\n<p><a href=\"https:\/\/agora.xtec.cat\/ceipgarcialorca-montbui\/wp-content\/uploads\/usu1411\/2025\/09\/Calendari-2025-26.jpg\"><img loading=\"lazy\" decoding=\"async\" class=\"aligncenter size-full wp-image-10378\" src=\"https:\/\/agora.xtec.cat\/ceipgarcialorca-montbui\/wp-content\/uploads\/usu1411\/2025\/09\/Calendari-2025-26.jpg\" alt=\"\" width=\"1241\" height=\"1754\" srcset=\"https:\/\/agora.xtec.cat\/ceipgarcialorca-montbui\/wp-content\/uploads\/usu1411\/2025\/09\/Calendari-2025-26.jpg 1241w, https:\/\/agora.xtec.cat\/ceipgarcialorca-montbui\/wp-content\/uploads\/usu1411\/2025\/09\/Calendari-2025-26-212x300.jpg 212w, https:\/\/agora.xtec.cat\/ceipgarcialorca-montbui\/wp-content\/uploads\/usu1411\/2025\/09\/Calendari-2025-26-725x1024.jpg 725w, https:\/\/agora.xtec.cat\/ceipgarcialorca-montbui\/wp-content\/uploads\/usu1411\/2025\/09\/Calendari-2025-26-768x1085.jpg 768w, https:\/\/agora.xtec.cat\/ceipgarcialorca-montbui\/wp-content\/uploads\/usu1411\/2025\/09\/Calendari-2025-26-1087x1536.jpg 1087w\" sizes=\"auto, (max-width: 1241px) 100vw, 1241px\" \/><\/a><\/p>\n<p>&nbsp;<\/p>\n<p>&nbsp;<\/p>\n<p>&nbsp;<\/p>\n","protected":false},"excerpt":{"rendered":"<p>L&#8217;Escola Garc\u00eda Lorca, est\u00e0 ubicada al municipi de Santa Margarida de Montbui, el nostre horari escolar \u00e9s el seg\u00fcent:<\/p>\n<ul>\n<li>Al mat\u00ed de 9 a 13 h<\/li>\n<li>A la tarda 15 a 17 h<\/li>\n<\/ul>\n<p>El calendari escolar d&#8217;aquest curs 2025-26 \u00e9s el seg\u00fcent:<br \/>\n<a href=\"https:\/\/agora.xtec.cat\/ceipgarcialorca-montbui\/wp-content\/uploads\/usu1411\/2025\/09\/Calendari-2025-26.jpg\"><\/a><br \/>\n&nbsp;<br \/>\n&nbsp;<br \/>\n&nbsp;<\/p>\n","protected":false},"author":1,"featured_media":0,"parent":0,"menu_order":0,"comment_status":"closed","ping_status":"closed","template":"page-templates\/side-menu.php","meta":{"_bbp_topic_count":0,"_bbp_reply_count":0,"_bbp_total_topic_count":0,"_bbp_total_reply_count":0,"_bbp_voice_count":0,"_bbp_anonymous_reply_count":0,"_bbp_topic_count_hidden":0,"_bbp_reply_count_hidden":0,"_bbp_forum_subforum_count":0,"footnotes":""},"class_list":["post-22","page","type-page","status-publish","hentry"],"post_mailing_queue_ids":[],"_links":{"self":[{"href":"https:\/\/agora.xtec.cat\/ceipgarcialorca-montbui\/wp-json\/wp\/v2\/pages\/22","targetHints":{"allow":["GET"]}}],"collection":[{"href":"https:\/\/agora.xtec.cat\/ceipgarcialorca-montbui\/wp-json\/wp\/v2\/pages"}],"about":[{"href":"https:\/\/agora.xtec.cat\/ceipgarcialorca-montbui\/wp-json\/wp\/v2\/types\/page"}],"author":[{"embeddable":true,"href":"https:\/\/agora.xtec.cat\/ceipgarcialorca-montbui\/wp-json\/wp\/v2\/users\/1"}],"replies":[{"embeddable":true,"href":"https:\/\/agora.xtec.cat\/ceipgarcialorca-montbui\/wp-json\/wp\/v2\/comments?post=22"}],"version-history":[{"count":7,"href":"https:\/\/agora.xtec.cat\/ceipgarcialorca-montbui\/wp-json\/wp\/v2\/pages\/22\/revisions"}],"predecessor-version":[{"id":10648,"href":"https:\/\/agora.xtec.cat\/ceipgarcialorca-montbui\/wp-json\/wp\/v2\/pages\/22\/revisions\/10648"}],"wp:attachment":[{"href":"https:\/\/agora.xtec.cat\/ceipgarcialorca-montbui\/wp-json\/wp\/v2\/media?parent=22"}],"curies":[{"name":"wp","href":"https:\/\/api.w.org\/{rel}","templated":true}]}}