{"id":1755,"date":"2018-12-19T15:42:54","date_gmt":"2018-12-19T14:42:54","guid":{"rendered":"http:\/\/agora.xtec.cat\/ceipgarcialorca-montbui\/?page_id=1755"},"modified":"2026-03-12T11:46:14","modified_gmt":"2026-03-12T10:46:14","slug":"documents","status":"publish","type":"page","link":"https:\/\/agora.xtec.cat\/ceipgarcialorca-montbui\/documents\/","title":{"rendered":"Documents de centre"},"content":{"rendered":"<p>En aquesta p\u00e0gina podreu trobar els documents de l&#8217;escola m\u00e9s importants i p\u00fablics. Nom\u00e9s heu de clicar l&#8217;enlla\u00e7:<\/p>\n<ul>\n<li><a href=\"https:\/\/agora.xtec.cat\/ceipgarcialorca-montbui\/wp-content\/uploads\/usu1411\/2024\/07\/PEC.docx-1-1.pdf\" rel=\"noopener noreferrer\">PEC (Projecte Educatiu de Centre)\u00a0<\/a><\/li>\n<li><a href=\"https:\/\/agora.xtec.cat\/ceipgarcialorca-montbui\/wp-content\/uploads\/usu1411\/2025\/05\/Actual-NOFC.docx.pdf\" rel=\"noopener\">NOFC (Normes d&#8217;Organitzaci\u00f3 i Funcionament del Centre)<\/a><\/li>\n<li><a href=\"https:\/\/agora.xtec.cat\/ceipgarcialorca-montbui\/wp-content\/uploads\/usu1411\/2026\/03\/Circular-inici-de-curs-25-26.docx.pdf\" rel=\"noopener\">Circular inici de curs 25-26<\/a><\/li>\n<li><a href=\"https:\/\/agora.xtec.cat\/ceipgarcialorca-montbui\/wp-content\/uploads\/usu1411\/2026\/03\/Pla-dacollida-25-26.docx-1.pdf\" rel=\"noopener\">Pla d&#8217;acollida 25-26<\/a><\/li>\n<li><a href=\"https:\/\/drive.google.com\/file\/d\/18vLkp-q7rV1jq60YN7gcarcfVybL6pjY\/view?usp=sharing\" rel=\"noopener noreferrer\">Projecte de conviv\u00e8ncia<\/a><\/li>\n<li><a href=\"https:\/\/agora.xtec.cat\/ceipgarcialorca-montbui\/wp-content\/uploads\/usu1411\/2025\/01\/PROJECTE-LINGUISTIC-2024.docx-1.pdf\" rel=\"noopener noreferrer\">PLC (Projecte Ling\u00fc\u00edstic de Centre)\u00a0<\/a><\/li>\n<li><a href=\"https:\/\/agora.xtec.cat\/ceipgarcialorca-montbui\/wp-content\/uploads\/usu1411\/2024\/01\/Carta-de-compromis-educatiu.docx.pdf\" rel=\"noopener\">Carta de comprom\u00eds educatiu<\/a><\/li>\n<\/ul>\n","protected":false},"excerpt":{"rendered":"<p>En aquesta p\u00e0gina podreu trobar els documents de l&#8217;escola m\u00e9s importants i p\u00fablics. Nom\u00e9s heu de clicar l&#8217;enlla\u00e7:<\/p>\n<ul>\n<li><a href=\"https:\/\/agora.xtec.cat\/ceipgarcialorca-montbui\/wp-content\/uploads\/usu1411\/2024\/07\/PEC.docx-1-1.pdf\" rel=\"noopener noreferrer\">PEC (Projecte Educatiu de Centre)\u00a0<\/a><\/li>\n<li><a href=\"https:\/\/agora.xtec.cat\/ceipgarcialorca-montbui\/wp-content\/uploads\/usu1411\/2025\/05\/Actual-NOFC.docx.pdf\" rel=\"noopener\">NOFC (Normes d&#8217;Organitzaci\u00f3 i Funcionament del Centre)<\/a><\/li>\n<li><a href=\"https:\/\/agora.xtec.cat\/ceipgarcialorca-montbui\/wp-content\/uploads\/usu1411\/2026\/03\/Circular-inici-de-curs-25-26.docx.pdf\" rel=\"noopener\">Circular inici de curs 25-26<\/a><\/li>\n<li><a href=\"https:\/\/agora.xtec.cat\/ceipgarcialorca-montbui\/wp-content\/uploads\/usu1411\/2026\/03\/Pla-dacollida-25-26.docx-1.pdf\" rel=\"noopener\">Pla d&#8217;acollida 25-26<\/a><\/li>\n<li><a href=\"https:\/\/drive.google.com\/file\/d\/18vLkp-q7rV1jq60YN7gcarcfVybL6pjY\/view?usp=sharing\" rel=\"noopener&hellip;  <a href=\"https:\/\/agora.xtec.cat\/ceipgarcialorca-montbui\/documents\/\" title=\"Read Documents de centre\">Llegeix m\u00e9s\u00bb<\/a><br \/>\n","protected":false},"author":11,"featured_media":0,"parent":0,"menu_order":0,"comment_status":"closed","ping_status":"closed","template":"page-templates\/side-menu.php","meta":{"_bbp_topic_count":0,"_bbp_reply_count":0,"_bbp_total_topic_count":0,"_bbp_total_reply_count":0,"_bbp_voice_count":0,"_bbp_anonymous_reply_count":0,"_bbp_topic_count_hidden":0,"_bbp_reply_count_hidden":0,"_bbp_forum_subforum_count":0,"footnotes":""},"class_list":["post-1755","page","type-page","status-publish","hentry"],"post_mailing_queue_ids":[],"_links":{"self":[{"href":"https:\/\/agora.xtec.cat\/ceipgarcialorca-montbui\/wp-json\/wp\/v2\/pages\/1755","targetHints":{"allow":["GET"]}}],"collection":[{"href":"https:\/\/agora.xtec.cat\/ceipgarcialorca-montbui\/wp-json\/wp\/v2\/pages"}],"about":[{"href":"https:\/\/agora.xtec.cat\/ceipgarcialorca-montbui\/wp-json\/wp\/v2\/types\/page"}],"author":[{"embeddable":true,"href":"https:\/\/agora.xtec.cat\/ceipgarcialorca-montbui\/wp-json\/wp\/v2\/users\/11"}],"replies":[{"embeddable":true,"href":"https:\/\/agora.xtec.cat\/ceipgarcialorca-montbui\/wp-json\/wp\/v2\/comments?post=1755"}],"version-history":[{"count":8,"href":"https:\/\/agora.xtec.cat\/ceipgarcialorca-montbui\/wp-json\/wp\/v2\/pages\/1755\/revisions"}],"predecessor-version":[{"id":10722,"href":"https:\/\/agora.xtec.cat\/ceipgarcialorca-montbui\/wp-json\/wp\/v2\/pages\/1755\/revisions\/10722"}],"wp:attachment":[{"href":"https:\/\/agora.xtec.cat\/ceipgarcialorca-montbui\/wp-json\/wp\/v2\/media?parent=1755"}],"curies":[{"name":"wp","href":"https:\/\/api.w.org\/{rel}","templated":true}]}}