{"id":523,"date":"2016-11-07T11:15:54","date_gmt":"2016-11-07T10:15:54","guid":{"rendered":"http:\/\/agora.xtec.cat\/ceipgarciacabanes\/?page_id=523"},"modified":"2017-02-02T09:36:34","modified_gmt":"2017-02-02T08:36:34","slug":"biblioteca","status":"publish","type":"page","link":"https:\/\/agora.xtec.cat\/ceipgarciacabanes\/serveis\/biblioteca\/","title":{"rendered":"Biblioteca"},"content":{"rendered":"<p>La biblioteca del nostre centre est\u00e0 molt ben dinamitzada gr\u00e0cies a la feina de la coordinadora de biblioteca i equip directiu; ja qu\u00e8 fem el projecte d&#8217;apadrinament lector. Aquest projecte implica que els padrins han d&#8217;anar a la biblioteca i buscar llibres aptes per als seus fillols i, en aquest punt, les recomanacions de les mestres que estan a la biblioteca \u00e9s molt important.<\/p>\n","protected":false},"excerpt":{"rendered":"<p>La biblioteca del nostre centre est\u00e0 molt ben dinamitzada gr\u00e0cies a la feina de la coordinadora de biblioteca i equip directiu; ja qu\u00e8 fem el projecte d&#8217;apadrinament lector. Aquest projecte implica que els padrins han d&#8217;anar a la biblioteca i buscar llibres aptes per als&hellip;  <a href=\"https:\/\/agora.xtec.cat\/ceipgarciacabanes\/serveis\/biblioteca\/\" title=\"Read Biblioteca\">Llegeix m\u00e9s\u00bb<\/a><\/p>\n","protected":false},"author":1,"featured_media":0,"parent":66,"menu_order":10,"comment_status":"closed","ping_status":"closed","template":"page-templates\/side-menu.php","meta":{"_bbp_topic_count":0,"_bbp_reply_count":0,"_bbp_total_topic_count":0,"_bbp_total_reply_count":0,"_bbp_voice_count":0,"_bbp_anonymous_reply_count":0,"_bbp_topic_count_hidden":0,"_bbp_reply_count_hidden":0,"_bbp_forum_subforum_count":0,"footnotes":""},"class_list":["post-523","page","type-page","status-publish","hentry"],"post_mailing_queue_ids":[],"_links":{"self":[{"href":"https:\/\/agora.xtec.cat\/ceipgarciacabanes\/wp-json\/wp\/v2\/pages\/523","targetHints":{"allow":["GET"]}}],"collection":[{"href":"https:\/\/agora.xtec.cat\/ceipgarciacabanes\/wp-json\/wp\/v2\/pages"}],"about":[{"href":"https:\/\/agora.xtec.cat\/ceipgarciacabanes\/wp-json\/wp\/v2\/types\/page"}],"author":[{"embeddable":true,"href":"https:\/\/agora.xtec.cat\/ceipgarciacabanes\/wp-json\/wp\/v2\/users\/1"}],"replies":[{"embeddable":true,"href":"https:\/\/agora.xtec.cat\/ceipgarciacabanes\/wp-json\/wp\/v2\/comments?post=523"}],"version-history":[{"count":2,"href":"https:\/\/agora.xtec.cat\/ceipgarciacabanes\/wp-json\/wp\/v2\/pages\/523\/revisions"}],"predecessor-version":[{"id":742,"href":"https:\/\/agora.xtec.cat\/ceipgarciacabanes\/wp-json\/wp\/v2\/pages\/523\/revisions\/742"}],"up":[{"embeddable":true,"href":"https:\/\/agora.xtec.cat\/ceipgarciacabanes\/wp-json\/wp\/v2\/pages\/66"}],"wp:attachment":[{"href":"https:\/\/agora.xtec.cat\/ceipgarciacabanes\/wp-json\/wp\/v2\/media?parent=523"}],"curies":[{"name":"wp","href":"https:\/\/api.w.org\/{rel}","templated":true}]}}