{"id":28,"date":"2014-09-18T12:29:35","date_gmt":"2014-09-18T11:29:35","guid":{"rendered":"http:\/\/agora.xtec.cat\/ceipgarciacabanes\/?page_id=28"},"modified":"2025-12-09T17:34:06","modified_gmt":"2025-12-09T16:34:06","slug":"consell-escolar","status":"publish","type":"page","link":"https:\/\/agora.xtec.cat\/ceipgarciacabanes\/lescola\/consell-escolar\/","title":{"rendered":"Consell escolar"},"content":{"rendered":"<p><strong>MEMBRES CONSELL ESCOLAR 2025-2026<\/strong><\/p>\n<table>\n<tbody>\n<tr>\n<td><span style=\"font-weight: 400;\">Lara Ferr\u00e9 Estorach\u00a0<\/span><\/td>\n<\/tr>\n<tr>\n<td><span style=\"font-weight: 400;\">Georgina Badosa Pascual\u00a0<\/span><\/td>\n<\/tr>\n<tr>\n<td><span style=\"font-weight: 400;\">Joana Princep Curto<\/span><\/td>\n<\/tr>\n<tr>\n<td><b>SECTOR PROFESSORAT<\/b><\/td>\n<\/tr>\n<tr>\n<td><span style=\"font-weight: 400;\">\u00c8lia Rius Gonzalez\u00a0<\/span><\/td>\n<\/tr>\n<tr>\n<td><span style=\"font-weight: 400;\">Marta Mejias Pavia<\/span><\/td>\n<\/tr>\n<tr>\n<td><span style=\"font-weight: 400;\">M. Cristina Bru Maicas<\/span><\/td>\n<\/tr>\n<tr>\n<td><span style=\"font-weight: 400;\">Manuela Morales Recio<\/span><\/td>\n<\/tr>\n<tr>\n<td><span style=\"font-weight: 400;\">Beatriz Dols Corregidor<\/span><\/td>\n<\/tr>\n<tr>\n<td><span style=\"font-weight: 400;\">Aida Ferr\u00e9 Tom\u00e0s<\/span><\/td>\n<\/tr>\n<tr>\n<td><b>SECTOR FAM\u00cdLIES<\/b><\/td>\n<\/tr>\n<tr>\n<td><span style=\"font-weight: 400;\">\u00c0ngels Espuny Fortu\u00f1o\u00a0<\/span><\/td>\n<\/tr>\n<tr>\n<td><span style=\"font-weight: 400;\">Ana Isabel Faiges G\u00e1zquez<\/span><\/td>\n<\/tr>\n<tr>\n<td><span style=\"font-weight: 400;\">Marc Vi\u00f1as alc\u00f3n<\/span><\/td>\n<\/tr>\n<tr>\n<td><span style=\"font-weight: 400;\">Esther Rodr\u00edguez Rodr\u00edguez<\/span><\/td>\n<\/tr>\n<tr>\n<td><span style=\"font-weight: 400;\">Vanesa Querol Sario<\/span><\/td>\n<\/tr>\n<tr>\n<td><b>REPRESENTANT AFA<\/b><\/td>\n<\/tr>\n<tr>\n<td><span style=\"font-weight: 400;\">Noem\u00ed Alifonso Montes\u00f3<\/span><\/td>\n<\/tr>\n<tr>\n<td><\/td>\n<\/tr>\n<tr>\n<td><b>REPRESENTANT AJUNTAMENT<\/b><\/td>\n<\/tr>\n<tr>\n<td><span style=\"font-weight: 400;\">Annabel Blanch Gonzalvo\u00a0<\/span><\/p>\n<p><span style=\"font-weight: 400;\">Suplent: Jos\u00e9 Caball\u00e9 Estorach<\/span><\/td>\n<\/tr>\n<tr>\n<td><\/td>\n<\/tr>\n<tr>\n<td><b>SECTOR PAS<\/b><\/td>\n<\/tr>\n<tr>\n<td><span style=\"font-weight: 400;\">Patr\u00edcia P\u00e1ez Mart\u00ed<\/span><\/td>\n<\/tr>\n<tr>\n<td><\/td>\n<\/tr>\n<tr>\n<td><b>SECTOR PAE<\/b><\/td>\n<\/tr>\n<tr>\n<td><span style=\"font-weight: 400;\">Anna Forcadell Garcia<\/span><\/td>\n<\/tr>\n<tr>\n<td><\/td>\n<\/tr>\n<\/tbody>\n<\/table>\n<p>&nbsp;<\/p>\n","protected":false},"excerpt":{"rendered":"<p>MEMBRES CONSELL ESCOLAR 2025-2026<\/p>\n<p>Lara Ferr\u00e9 Estorach\u00a0<\/p>\n<p>Georgina Badosa Pascual\u00a0<\/p>\n<p>Joana Princep Curto<\/p>\n<p>SECTOR PROFESSORAT<\/p>\n<p>\u00c8lia Rius Gonzalez\u00a0<\/p>\n<p>Marta Mejias Pavia<\/p>\n<p>M. Cristina Bru Maicas<\/p>\n<p>Manuela Morales Recio<\/p>\n<p>Beatriz Dols Corregidor<\/p>\n<p>Aida Ferr\u00e9 Tom\u00e0s<\/p>\n<p>SECTOR FAM\u00cdLIES<\/p>\n<p>\u00c0ngels Espuny Fortu\u00f1o\u00a0<\/p>\n<p>Ana Isabel Faiges G\u00e1zquez<\/p>\n<p>Marc Vi\u00f1as alc\u00f3n<\/p>\n<p>Esther Rodr\u00edguez Rodr\u00edguez<\/p>\n<p>Vanesa Querol Sario<\/p>\n<p>REPRESENTANT AFA<\/p>\n<p>Noem\u00ed Alifonso Montes\u00f3<\/p>\n<p>REPRESENTANT AJUNTAMENT<\/p>\n<p>Annabel Blanch Gonzalvo\u00a0<br \/>\nSuplent: Jos\u00e9 Caball\u00e9 Estorach<\/p>\n<p>SECTOR&hellip;  <a href=\"https:\/\/agora.xtec.cat\/ceipgarciacabanes\/lescola\/consell-escolar\/\" title=\"Read Consell escolar\">Llegeix m\u00e9s\u00bb<\/a><\/p>\n","protected":false},"author":1,"featured_media":0,"parent":22,"menu_order":40,"comment_status":"closed","ping_status":"closed","template":"page-templates\/side-menu.php","meta":{"_bbp_topic_count":0,"_bbp_reply_count":0,"_bbp_total_topic_count":0,"_bbp_total_reply_count":0,"_bbp_voice_count":0,"_bbp_anonymous_reply_count":0,"_bbp_topic_count_hidden":0,"_bbp_reply_count_hidden":0,"_bbp_forum_subforum_count":0,"footnotes":""},"class_list":["post-28","page","type-page","status-publish","hentry"],"post_mailing_queue_ids":[],"_links":{"self":[{"href":"https:\/\/agora.xtec.cat\/ceipgarciacabanes\/wp-json\/wp\/v2\/pages\/28","targetHints":{"allow":["GET"]}}],"collection":[{"href":"https:\/\/agora.xtec.cat\/ceipgarciacabanes\/wp-json\/wp\/v2\/pages"}],"about":[{"href":"https:\/\/agora.xtec.cat\/ceipgarciacabanes\/wp-json\/wp\/v2\/types\/page"}],"author":[{"embeddable":true,"href":"https:\/\/agora.xtec.cat\/ceipgarciacabanes\/wp-json\/wp\/v2\/users\/1"}],"replies":[{"embeddable":true,"href":"https:\/\/agora.xtec.cat\/ceipgarciacabanes\/wp-json\/wp\/v2\/comments?post=28"}],"version-history":[{"count":7,"href":"https:\/\/agora.xtec.cat\/ceipgarciacabanes\/wp-json\/wp\/v2\/pages\/28\/revisions"}],"predecessor-version":[{"id":11093,"href":"https:\/\/agora.xtec.cat\/ceipgarciacabanes\/wp-json\/wp\/v2\/pages\/28\/revisions\/11093"}],"up":[{"embeddable":true,"href":"https:\/\/agora.xtec.cat\/ceipgarciacabanes\/wp-json\/wp\/v2\/pages\/22"}],"wp:attachment":[{"href":"https:\/\/agora.xtec.cat\/ceipgarciacabanes\/wp-json\/wp\/v2\/media?parent=28"}],"curies":[{"name":"wp","href":"https:\/\/api.w.org\/{rel}","templated":true}]}}