{"id":268,"date":"2016-07-12T11:09:10","date_gmt":"2016-07-12T10:09:10","guid":{"rendered":"http:\/\/agora.xtec.cat\/ceipgarciacabanes\/?page_id=268"},"modified":"2025-12-09T17:36:49","modified_gmt":"2025-12-09T16:36:49","slug":"claustre","status":"publish","type":"page","link":"https:\/\/agora.xtec.cat\/ceipgarciacabanes\/lescola\/claustre\/","title":{"rendered":"Claustre"},"content":{"rendered":"<p><strong>PERSONAL DEL CENTRE 2025-2026<\/strong><\/p>\n<p><span style=\"font-weight: 400;\">Directora: Lara Ferr\u00e9 Estorach<\/span><\/p>\n<p><span style=\"font-weight: 400;\">Cap d\u2019estudis: Georgina Badosa Pascual<\/span><\/p>\n<p><span style=\"font-weight: 400;\">Secret\u00e0ria: Joana Princep Curto<\/span><\/p>\n<table style=\"width: 67.515%;\">\n<tbody>\n<tr>\n<td style=\"width: 125.231%;\" colspan=\"3\"><b>TUTORIES<\/b><\/td>\n<\/tr>\n<tr>\n<td style=\"width: 14.6259%;\"><span style=\"font-weight: 400;\">I3\u00a0<\/span><\/td>\n<td style=\"width: 110.605%;\" colspan=\"2\"><span style=\"font-weight: 400;\">Beatriz Dols Corregidor<\/span><\/td>\n<\/tr>\n<tr>\n<td style=\"width: 14.6259%;\"><span style=\"font-weight: 400;\">I4 A<\/span><\/td>\n<td style=\"width: 110.605%;\" colspan=\"2\"><span style=\"font-weight: 400;\">Elisabet Llombart Vinaja<\/span><\/td>\n<\/tr>\n<tr>\n<td style=\"width: 14.6259%;\"><span style=\"font-weight: 400;\">I4 B<\/span><\/td>\n<td style=\"width: 110.605%;\" colspan=\"2\"><span style=\"font-weight: 400;\">Pere Campoy Benaiges<\/span><\/td>\n<\/tr>\n<tr>\n<td style=\"width: 14.6259%;\"><span style=\"font-weight: 400;\">I5\u00a0<\/span><\/td>\n<td style=\"width: 110.605%;\" colspan=\"2\"><span style=\"font-weight: 400;\">Elia Rius Gonz\u00e1lez<\/span><\/td>\n<\/tr>\n<tr>\n<td style=\"width: 125.231%;\" colspan=\"3\"><\/td>\n<\/tr>\n<tr>\n<td style=\"width: 14.6259%;\"><span style=\"font-weight: 400;\">1r\u00a0\u00a0<\/span><\/td>\n<td style=\"width: 110.605%;\" colspan=\"2\"><span style=\"font-weight: 400;\">Narc\u00eds Just Amor\u00f3s<\/span><\/td>\n<\/tr>\n<tr>\n<td style=\"width: 14.6259%;\"><span style=\"font-weight: 400;\">2n\u00a0<\/span><\/td>\n<td style=\"width: 110.605%;\" colspan=\"2\"><span style=\"font-weight: 400;\">Nerea Edo Barreda<\/span><\/td>\n<\/tr>\n<tr>\n<td style=\"width: 14.6259%;\"><span style=\"font-weight: 400;\">3r<\/span><\/td>\n<td style=\"width: 110.605%;\" colspan=\"2\"><span style=\"font-weight: 400;\">Manuela Morales Recio<\/span><\/td>\n<\/tr>\n<tr>\n<td style=\"width: 14.6259%;\"><span style=\"font-weight: 400;\">4t<\/span><\/td>\n<td style=\"width: 110.605%;\" colspan=\"2\"><span style=\"font-weight: 400;\">Marta Mej\u00edas Pavia<\/span><\/td>\n<\/tr>\n<tr>\n<td style=\"width: 14.6259%;\"><span style=\"font-weight: 400;\">5\u00e8<\/span><\/td>\n<td style=\"width: 110.605%;\" colspan=\"2\"><span style=\"font-weight: 400;\">Maria Cristina Br\u00fa Maicas<\/span><\/td>\n<\/tr>\n<tr>\n<td style=\"width: 14.6259%;\"><span style=\"font-weight: 400;\">6\u00e8<\/span><\/td>\n<td style=\"width: 110.605%;\" colspan=\"2\"><span style=\"font-weight: 400;\">Dani Meseguer Serret<\/span><\/td>\n<\/tr>\n<tr>\n<td style=\"width: 125.231%;\" colspan=\"3\"><\/td>\n<\/tr>\n<tr>\n<td style=\"width: 71.2862%;\" colspan=\"2\"><span style=\"font-weight: 400;\">English Workshop\u00a0<\/span><\/td>\n<td style=\"width: 53.9448%;\"><span style=\"font-weight: 400;\">Maria Cristina Br\u00fa Maicas<\/span><\/p>\n<p><span style=\"font-weight: 400;\">Montserrat Llavador Tomas<\/span><\/td>\n<\/tr>\n<tr>\n<td style=\"width: 71.2862%;\" colspan=\"2\"><span style=\"font-weight: 400;\">Religi\u00f3\u00a0<\/span><\/td>\n<td style=\"width: 53.9448%;\"><span style=\"font-weight: 400;\">Vanesa Pallar\u00e8s Mulet (substituta de Mireia Carb\u00f3 Rullo)<\/span><\/td>\n<\/tr>\n<tr>\n<td style=\"width: 71.2862%;\" colspan=\"2\"><span style=\"font-weight: 400;\">Educaci\u00f3 f\u00edsica<\/span><\/td>\n<td style=\"width: 53.9448%;\"><span style=\"font-weight: 400;\">Harry Richard Arraut Fern\u00e1ndez<\/span><\/td>\n<\/tr>\n<tr>\n<td style=\"width: 71.2862%;\" colspan=\"2\"><span style=\"font-weight: 400;\">Suport i Espais Comunitat Petits\u00a0\u00a0\u00a0<\/span><\/td>\n<td style=\"width: 53.9448%;\"><span style=\"font-weight: 400;\">Natalia Jim\u00e9nez Bellot<\/span><\/td>\n<\/tr>\n<tr>\n<td style=\"width: 71.2862%;\" colspan=\"2\"><span style=\"font-weight: 400;\">Aula d\u2019acollida\u00a0<\/span><\/td>\n<td style=\"width: 53.9448%;\"><span style=\"font-weight: 400;\">Inmaculada Manzanero Cabellos<\/span><\/p>\n<p><span style=\"font-weight: 400;\">Jordi Vidal Castell<\/span><\/td>\n<\/tr>\n<tr>\n<td style=\"width: 71.2862%;\" colspan=\"2\"><span style=\"font-weight: 400;\">\u00bd\u00a0 Teixit ling\u00fc\u00edstic CM<\/span><\/p>\n<p><span style=\"font-weight: 400;\">Art 1r-3r-4t<\/span><\/td>\n<td style=\"width: 53.9448%;\"><span style=\"font-weight: 400;\">Joan Serra Cruzado (substitut de Maria T\u00e0nia Navarro Casanova)<\/span><\/td>\n<\/tr>\n<tr>\n<td style=\"width: 71.2862%;\" colspan=\"2\"><span style=\"font-weight: 400;\">Teixit Ling\u00fc\u00edstic CI i refor\u00e7 Lectura CI<\/span><\/td>\n<td style=\"width: 53.9448%;\"><span style=\"font-weight: 400;\">Joana Princep Curto<\/span><\/td>\n<\/tr>\n<tr>\n<td style=\"width: 71.2862%;\" colspan=\"2\"><span style=\"font-weight: 400;\">Teixit ling\u00fc\u00edstic CS \/ Refor\u00e7\u00a0<\/span><\/td>\n<td style=\"width: 53.9448%;\"><span style=\"font-weight: 400;\">Lara Ferr\u00e9 Estorach<\/span><\/td>\n<\/tr>\n<tr>\n<td style=\"width: 71.2862%;\" colspan=\"2\"><span style=\"font-weight: 400;\">Taller musical\u00a0<\/span><\/td>\n<td style=\"width: 53.9448%;\"><span style=\"font-weight: 400;\">Aida Ferr\u00e9 Tom\u00e0s<\/span><span style=\"font-weight: 400;\">\u00a0<\/span><\/td>\n<\/tr>\n<tr>\n<td style=\"width: 71.2862%;\" colspan=\"2\"><span style=\"font-weight: 400;\">Pedagogia terap\u00e8utica\u00a0<\/span><\/td>\n<td style=\"width: 53.9448%;\"><span style=\"font-weight: 400;\">Georgina Badosa Pascual<\/span><\/td>\n<\/tr>\n<tr>\n<td style=\"width: 71.2862%;\" colspan=\"2\"><span style=\"font-weight: 400;\">Suport Intensiu per a l\u2019escolaritzaci\u00f3 inclusiva a infantil i prim\u00e0ria<\/span><\/td>\n<td style=\"width: 53.9448%;\"><span style=\"font-weight: 400;\">Maria Angeles Morales Ferr\u00e0s<\/span><\/td>\n<\/tr>\n<tr>\n<td style=\"width: 71.2862%;\" colspan=\"2\"><span style=\"font-weight: 400;\">TEI<\/span><\/td>\n<td style=\"width: 53.9448%;\"><span style=\"font-weight: 400;\">N\u00faria Ausensi Estell\u00e9<\/span><\/td>\n<\/tr>\n<tr>\n<td style=\"width: 71.2862%;\" colspan=\"2\"><span style=\"font-weight: 400;\">Vetllador\/a<\/span><\/td>\n<td style=\"width: 53.9448%;\"><span style=\"font-weight: 400;\">Laura Bermejo Fern\u00e1ndez<\/span><\/p>\n<p><span style=\"font-weight: 400;\">Dani Carb\u00f3 Satorres<\/span><\/td>\n<\/tr>\n<\/tbody>\n<\/table>\n","protected":false},"excerpt":{"rendered":"<p>PERSONAL DEL CENTRE 2025-2026<br \/>\nDirectora: Lara Ferr\u00e9 Estorach<br \/>\nCap d\u2019estudis: Georgina Badosa Pascual<br \/>\nSecret\u00e0ria: Joana Princep Curto<\/p>\n<p>TUTORIES<\/p>\n<p>I3\u00a0<br \/>\nBeatriz Dols Corregidor<\/p>\n<p>I4 A<br \/>\nElisabet Llombart Vinaja<\/p>\n<p>I4 B<br \/>\nPere Campoy Benaiges<\/p>\n<p>I5\u00a0<br \/>\nElia Rius Gonz\u00e1lez<\/p>\n<p>1r\u00a0\u00a0<br \/>\nNarc\u00eds Just Amor\u00f3s<\/p>\n<p>2n\u00a0<br \/>\nNerea Edo Barreda<\/p>\n<p>3r<br \/>\nManuela Morales Recio<\/p>\n<p>4t<br \/>\nMarta Mej\u00edas Pavia<\/p>\n<p>5\u00e8<br \/>\nMaria Cristina Br\u00fa Maicas<\/p>\n<p>6\u00e8<br \/>\nDani Meseguer Serret<\/p>\n<p>English Workshop\u00a0<br \/>\nMaria Cristina Br\u00fa Maicas<br \/>\nMontserrat Llavador Tomas<\/p>\n<p>Religi\u00f3\u00a0<br \/>\nVanesa Pallar\u00e8s Mulet&hellip;  <a href=\"https:\/\/agora.xtec.cat\/ceipgarciacabanes\/lescola\/claustre\/\" title=\"Read Claustre\">Llegeix m\u00e9s\u00bb<\/a><\/p>\n","protected":false},"author":1,"featured_media":0,"parent":22,"menu_order":50,"comment_status":"closed","ping_status":"closed","template":"page-templates\/side-menu.php","meta":{"_bbp_topic_count":0,"_bbp_reply_count":0,"_bbp_total_topic_count":0,"_bbp_total_reply_count":0,"_bbp_voice_count":0,"_bbp_anonymous_reply_count":0,"_bbp_topic_count_hidden":0,"_bbp_reply_count_hidden":0,"_bbp_forum_subforum_count":0,"footnotes":""},"class_list":["post-268","page","type-page","status-publish","hentry"],"post_mailing_queue_ids":[],"_links":{"self":[{"href":"https:\/\/agora.xtec.cat\/ceipgarciacabanes\/wp-json\/wp\/v2\/pages\/268","targetHints":{"allow":["GET"]}}],"collection":[{"href":"https:\/\/agora.xtec.cat\/ceipgarciacabanes\/wp-json\/wp\/v2\/pages"}],"about":[{"href":"https:\/\/agora.xtec.cat\/ceipgarciacabanes\/wp-json\/wp\/v2\/types\/page"}],"author":[{"embeddable":true,"href":"https:\/\/agora.xtec.cat\/ceipgarciacabanes\/wp-json\/wp\/v2\/users\/1"}],"replies":[{"embeddable":true,"href":"https:\/\/agora.xtec.cat\/ceipgarciacabanes\/wp-json\/wp\/v2\/comments?post=268"}],"version-history":[{"count":7,"href":"https:\/\/agora.xtec.cat\/ceipgarciacabanes\/wp-json\/wp\/v2\/pages\/268\/revisions"}],"predecessor-version":[{"id":11094,"href":"https:\/\/agora.xtec.cat\/ceipgarciacabanes\/wp-json\/wp\/v2\/pages\/268\/revisions\/11094"}],"up":[{"embeddable":true,"href":"https:\/\/agora.xtec.cat\/ceipgarciacabanes\/wp-json\/wp\/v2\/pages\/22"}],"wp:attachment":[{"href":"https:\/\/agora.xtec.cat\/ceipgarciacabanes\/wp-json\/wp\/v2\/media?parent=268"}],"curies":[{"name":"wp","href":"https:\/\/api.w.org\/{rel}","templated":true}]}}