{"id":26,"date":"2014-09-18T12:24:32","date_gmt":"2014-09-18T11:24:32","guid":{"rendered":"http:\/\/agora.xtec.cat\/ceipgarciacabanes\/?page_id=26"},"modified":"2020-03-16T22:24:02","modified_gmt":"2020-03-16T21:24:02","slug":"historia","status":"publish","type":"page","link":"https:\/\/agora.xtec.cat\/ceipgarciacabanes\/lescola\/historia\/","title":{"rendered":"Hist\u00f2ria"},"content":{"rendered":"<p style=\"text-align: center;\"><span style=\"text-decoration: underline;\"><b>HIST\u00d2RIA DE L\u2019ESCOLA MARIA GARCIA CABANES<\/b><\/span><\/p>\n<p><span style=\"font-weight: 400;\"> \u201c<\/span><i><span style=\"font-weight: 400;\">El<\/span><\/i> <i><span style=\"font-weight: 400;\">petit Joan Arasa Rodr\u00edguez va aprendre a llegir i escriure gr\u00e0cies a Moss\u00e8n Josep Suny\u00e9, titular de la Parr\u00f2quia de l\u2019Aldea des de 1878 fins al 1898.\u201d <\/span><\/i><\/p>\n<p><span style=\"font-weight: 400;\">Aquest fet relatat per<\/span> <span style=\"font-weight: 400;\">Moss\u00e8n Alfonso Monfort ens permet \u00a0constatar que a finals del segle XIX no hi havia encara escola a l\u2019Aldea.<\/span><\/p>\n<p><span style=\"font-weight: 400;\">La primera refer\u00e8ncia a una escola data de principis del segle XX i ens l\u2019aporta la senyoreta M\u00aa Teresa Bartual Figueras que basant-se en els records de la seva mare, la senyora Figueras Vidal, escriu un article a la revista del 25\u00e8 aniversari de l\u2019escola titulat \u201c<\/span><i><span style=\"font-weight: 400;\">Retalls de la vida de donya M\u00aa Garcia Cabanes\u201d <\/span><\/i><span style=\"font-weight: 400;\">on<\/span> <span style=\"font-weight: 400;\">subratlla el seg\u00fcent: <\/span><\/p>\n<p><span style=\"font-weight: 400;\">\u201c<\/span><i><span style=\"font-weight: 400;\">La senyora M\u00aa Garcia Cabanes, \u201cdonya Maria\u201d per a la gent de l\u2019Aldea, va n\u00e9ixer a La Galera a finals del segle XIX. Fou una dona estimada, respectada i molt alegre, malgrat que l\u2019ombra del dolor i la mort la va acompanyar des de ben petita. Als 4 anys va perdre els seus pares i va anar a viure amb el seu padr\u00ed, un important notari de Reus de principis de segle. Fou aquest senyor qui la va criar, donar estudis i encarrilar el seu futur, per\u00f2 tamb\u00e9 qui pos\u00e0 entrebancs al seu amor, Pepet, un jove carter de Reus. Amb 18 anys visqueren un amor prohibit ja que el seu padr\u00ed no aprovava ni desitjava aquesta relaci\u00f3. Desobeint la seva voluntat van decidir casar-se i a principis del segle XX es van traslladar a l\u2019Aldea, ella com a mestra i ell com a agutzil.<\/span><\/i><\/p>\n<p><i><span style=\"font-weight: 400;\">Van tenir dos fills: Eduardo i Pepito i la seva vida transcorregu\u00e9 tranquil\u00b7la a l\u2019Aldea fins que arrib\u00e0 la guerra civil. En poc temps va perdre els seus fills i poc m\u00e9s tard al seu marit. Sola amb 45 anys va continuar vivint a l\u2019Aldea, all\u00ed tenia bones amigues (Teresa la del Vinader, Pasquala i Enriqueta del Manet i Teresina la Figues) que l\u2019estimaven i la integraven en els seus \u00e0mbits familiars, on compartia el seu temps, la seva tristesa i el seu art de mestra. El seu \u00a0magisteri fou sever, la disciplina impregnava la seva aula, tasca dif\u00edcil d\u2019una mestra per a molts de nens, m\u00e9s de 100. Durant anys va vetllar per la formaci\u00f3 de moltes generacions d\u2019aldeans, els quals li deuen els principis i la base de la seva formaci\u00f3 acad\u00e8mica. Va morir molt velleta, m\u00e9s de 90 anys, passant els seus \u00faltims dies a La Galera, el poble que la va veure n\u00e9ixer.\u201d<\/span><\/i><\/p>\n<p><span style=\"font-weight: 400;\">El document \u00a0gr\u00e0fic m\u00e9s antic que hem pogut localitzar a l\u2019Aldea ens porta a l\u2019any 1925, es tracta d\u2019una fotografia d\u2019uns 95 alumnes i la seva mestra donya Maria Garcia Cabanes.<\/span><\/p>\n<p><span style=\"font-weight: 400;\">La Guerra Civil, 1936-1939, amb la seva brutalitat, va esborrar qualsevol tipus de documentaci\u00f3.<\/span><\/p>\n<p><span style=\"font-weight: 400;\">Amb data 7 de febrer de 1944, trobem al <\/span><i><span style=\"font-weight: 400;\">\u201cCuaderno de Informes de Visitas de Inspecci\u00f3n\u201d<\/span><\/i><span style=\"font-weight: 400;\"> una acta on consta que per OM del 2\/06\/1943 va ser creada \u201c<\/span><i><span style=\"font-weight: 400;\">La Escuela Nacional Unitaria de Ni\u00f1os n\u00ba 2\u201d<\/span><\/i><span style=\"font-weight: 400;\"> para el <\/span><i><span style=\"font-weight: 400;\">Caser\u00edo de la Estaci\u00f3n de la Aldea<\/span><\/i><span style=\"font-weight: 400;\">, signada per l\u2019inspector Andr\u00e9s Castill\u00f3n. A la mateixa acta explica que aquesta E<\/span><i><span style=\"font-weight: 400;\">scuela<\/span><\/i><span style=\"font-weight: 400;\"> s\u2019ha ubicat al <\/span><i><span style=\"font-weight: 400;\">Caser\u00edo <\/span><\/i><span style=\"font-weight: 400;\">de l\u2019Hostal dels Alls, perqu\u00e8 no s\u2019ha trobat lloc adient al <\/span><i><span style=\"font-weight: 400;\">Caser\u00edo de la Estaci\u00f3n<\/span><\/i><span style=\"font-weight: 400;\"> essent dirigida en aquell temps per don Santiago Miranda Gonz\u00e1lez. <\/span><\/p>\n<p><span style=\"font-weight: 400;\">Una altra \u201cVisita Ordinaria\u201d amb data 5 de desembre de 1946 recull la seg\u00fcent acta: \u201c<\/span><i><span style=\"font-weight: 400;\">La Escuela Nacional Unitaria de Ni\u00f1os de Aldea Estaci\u00f3n sigue funcionando fuera de su lugar propio en el pr\u00f3ximo barrio de l\u2019Hostal dels Alls, pese a todas las gestiones realizadas para situarla donde fue creada\u201d. <\/span><\/i><\/p>\n<p><span style=\"font-weight: 400;\">Amb data 2 de desembre de 1947, el mateix inspector fa constar que s\u2019ha trobat un local adient al <\/span><i><span style=\"font-weight: 400;\">Caser\u00edo de la Estaci\u00f3n <\/span><\/i><span style=\"font-weight: 400;\">i textualment diu: <\/span><i><span style=\"font-weight: 400;\">\u201cAgradablemente nos ha impresionado poder visitar en su propia localidad de Aldea Estaci\u00f3n, la Escuela Unitaria de Ni\u00f1os que para este barrio fue creada el a\u00f1o 1943\u201d.<\/span><\/i><span style=\"font-weight: 400;\"> El mestre que consta en aquell moment \u00e9s don <\/span><i><span style=\"font-weight: 400;\">\u00a0<\/span><\/i><span style=\"font-weight: 400;\">Juan Armengol Domingo.<\/span><\/p>\n<p><span style=\"font-weight: 400;\">Un altre document gr\u00e0fic trobat ens mostra a donya Guillermina (parvulista) i donya Teresa amb un grup d\u2019alumnes el curs 1949-1950.<\/span><\/p>\n<p><span style=\"font-weight: 400;\">Seguint el <\/span><i><span style=\"font-weight: 400;\">\u201cCuaderno de Visitas\u201d <\/span><\/i><span style=\"font-weight: 400;\">l\u2019any 1956 hi ha una matr\u00edcula de 80 alumnes i un 80% d\u2019assist\u00e8ncia. <\/span><\/p>\n<p><span style=\"font-weight: 400;\">L\u2019any 1959 hi ha una davallada de matr\u00edcula passant a 44 alumnes degut, segons el <\/span><i><span style=\"font-weight: 400;\">Cuaderno, <\/span><\/i><span style=\"font-weight: 400;\">a: <\/span><i><span style=\"font-weight: 400;\">\u201cLam\u00e9ntase la Inspecci\u00f3n al tener que hacer constar en esta visita a la Escuela de Ni\u00f1os Aldea Estaci\u00f3n (Tortosa) el lamentable estado del local, no desconocido por el Ayuntamiento de Tortosa, con un techo ya apuntalado y se\u00f1ales nuevas de peligro de hundimiento que no han sido salvadas. Muchos padres han llegado a dar de baja a sus hijos de la escuela por miedo a una desgracia hasta el punto de quedar reducida la matr\u00edcula a un 50 %\u201d.<\/span><\/i><\/p>\n<p><span style=\"font-weight: 400;\">Durant aquest per\u00edode consta com a responsable i m\u00e9s tard director don Juan Armengol que tutela la classe dels nois; donya Pepita Celma, la de noies i donya Guillermina Celma, parvulista.<\/span><\/p>\n<p><span style=\"font-weight: 400;\">El curs 1967-1968 el centre s\u2019anomenava <\/span><i><span style=\"font-weight: 400;\">\u201cAgrupaci\u00f3n escolar mixta de l\u2019Aldea\u201d<\/span><\/i><span style=\"font-weight: 400;\">. Estava formada per una unitat de preescolar i quatre unitats de prim\u00e0ria. La poblaci\u00f3 escolar estava escampada per tot el poble en quatre aules i diversos magatzems sense cap tipus de garantia sanit\u00e0ria o de salubritat, sense material pedag\u00f2gic, sense llocs adients on poder desenvolupar les classes, amb dificultats evidents per part de la direcci\u00f3 del centre per comunicar-se o coordinar el professorat. En aquestes condicions l\u2019absentisme era normal, sobretot en \u00e8poca de recollida d\u2019avellanes, olives, ra\u00efm&#8230; <\/span><\/p>\n<p><span style=\"font-weight: 400;\">El claustre durant el curs 1967-1968 estava format per: <\/span><\/p>\n<ul>\n<li style=\"font-weight: 400;\"><span style=\"font-weight: 400;\">Director: \u00a0Juan Armengol Domingo<\/span><\/li>\n<li style=\"font-weight: 400;\"><span style=\"font-weight: 400;\">Subdirectora: M\u00aa Josefa Fern\u00e1ndez Salanueva<\/span><\/li>\n<li style=\"font-weight: 400;\"><span style=\"font-weight: 400;\">Secretari: Francisco S\u00e1nchez Latre<\/span><\/li>\n<li style=\"font-weight: 400;\"><span style=\"font-weight: 400;\">Vocals: Francisca Bayerri Samper i M\u00aa Luisa Gonz\u00e1lez Fumad\u00f3.<\/span><\/li>\n<\/ul>\n<p><span style=\"font-weight: 400;\">L\u20191 d\u2019abril de 1970 deixa la direcci\u00f3 Juan Armengol i \u00e9s nomenada directora \u00a0Francesca Bayerri Samper constant al seu claustre 7 mestres.<\/span><\/p>\n<p><span style=\"font-weight: 400;\">El curs 1972-1973 s\u2019adjudiquen dues unitats m\u00e9s passant a un total de nou. I hi ha canvi de direcci\u00f3 essent nomenat Francisco Javier S\u00e1nchez Latre.<\/span><\/p>\n<p><span style=\"font-weight: 400;\">El curs 1974-1975 el claustre estava format per: <\/span><\/p>\n<ul>\n<li style=\"font-weight: 400;\"><span style=\"font-weight: 400;\">Director: Francisco Javier S\u00e1nchez Latre<\/span><\/li>\n<li style=\"font-weight: 400;\"><span style=\"font-weight: 400;\">Secret\u00e0ria: M\u00aa Lu\u00edsa Gonz\u00e1lez Fumad\u00f3<\/span><\/li>\n<li style=\"font-weight: 400;\"><span style=\"font-weight: 400;\">Vocals: Em\u00edlia Casanova Escrib\u00e0, M\u00aa Dolores Albacar Vall\u00e8s, M\u00aa Jos\u00e9 Benet Moncl\u00fas, Montserrat Benito Saragossa, Juan Armengol Domingo, Joan Curto Altadill, Enrique Sebasti\u00e0 Sabat\u00e9, M\u00aa Jos\u00e9 Benet Moncl\u00fas.<\/span><\/li>\n<\/ul>\n<p><span style=\"font-weight: 400;\">El curs 1976-1977 passa a ser \u201ccol\u00b7legi p\u00fablic\u201d, aix\u00f2 d\u00f3na molts avantatges ja que es poden lliurar certificats de Graduat Escolar; tot i aix\u00f2 l\u2019escola encara estava repartida en cinc llocs diferents.<\/span><\/p>\n<p><span style=\"font-weight: 400;\">A l\u2019octubre de 1978, consultat el claustre i l\u2019APA, s\u2019acorda posar el nom de \u201cMaria Garcia Cabanes\u201d a la que seria la nova escola.<\/span><\/p>\n<p><span style=\"font-weight: 400;\">En aquest per\u00edode, concretament entre els cursos 1978-1980, entren a formar part del claustre de l\u2019escola M\u00aa Carmen Blanch Pig\u00e9n, Rosa Gas Estrada, Immaculada Freissinier Pitarg, M\u00aa Jos\u00e9 Andr\u00e9s Cantarero i Joaqu\u00edn Arasa Cid, mestres que han estat al centre durant gaireb\u00e9 tota la seva traject\u00f2ria professional. <\/span><\/p>\n<p><span style=\"font-weight: 400;\">El 9 de maig de l\u2019any 1980 s\u2019inaugura l\u2019actual edifici de prim\u00e0ria, amb totes les infraestructures que mancaven als altres llocs, per\u00f2 sense les aules de preescolar. Aix\u00f2 porta la comunitat educativa a endegar una lluita que dura 23 anys. <\/span><\/p>\n<p><span style=\"font-weight: 400;\">Durant el per\u00edode 1981-1985 es fan les obres de l\u2019antic pavell\u00f3, obra dirigida i finan\u00e7ada per l\u2019APA.<\/span><\/p>\n<p><span style=\"font-weight: 400;\">A partir del curs 1983-1984 les innovacions a nivell pedag\u00f2gic \u00a0no deixen de succeir-se. Destaquen les seg\u00fcents com a m\u00e9s significatives:<\/span><\/p>\n<p><span style=\"font-weight: 400;\">1983-1984: s\u2019inicia la normalitzaci\u00f3 ling\u00fc\u00edstica.<\/span><\/p>\n<p><span style=\"font-weight: 400;\">1989-1990: es crea una unitat d\u2019educaci\u00f3 especial.<\/span><\/p>\n<p><span style=\"font-weight: 400;\">1991-1992: premi Baldiri Reixach per un treball sobre la meteorologia al Baix Ebre.<\/span><\/p>\n<p><span style=\"font-weight: 400;\">1992-1993: es crea la tercera unitat de preescolar.<\/span><\/p>\n<p><span style=\"font-weight: 400;\">1994-1995: amb la LOGSE es crea una pla\u00e7a d\u2019educaci\u00f3 f\u00edsica i una altra de m\u00fasica.<\/span><\/p>\n<p><span style=\"font-weight: 400;\">1995-1996: s\u2019inicia la desaparici\u00f3 de l\u2019EGB.<\/span><\/p>\n<p><span style=\"font-weight: 400;\">1998-1999: s\u2019adjudica una pla\u00e7a de refor\u00e7 a preescolar.<\/span><\/p>\n<p><span style=\"font-weight: 400;\">1999-2000: s\u2019inicia l\u2019angl\u00e8s al cicle inicial.<\/span><\/p>\n<p><span style=\"font-weight: 400;\">El curs 2003-2004 el somni de 23 anys es fa realitat, i el 9 d\u2019octubre de 2004 \u00a0s\u2019inaugura el nou edifici d\u2019educaci\u00f3 infantil.<\/span><\/p>\n<p><span style=\"font-weight: 400;\">El curs 2004-2005 es celebra el 25\u00e8 aniversari de l\u2019escola.<\/span><\/p>\n<p><span style=\"font-weight: 400;\">El curs 2006-2007 hi ha un canvi de direcci\u00f3, essent nomenat Joan Curto Altadill. S\u2019inicia amb la incorporaci\u00f3 de noves dotacions; l\u2019aula d\u2019acollida per a l\u2019alumnat nouvingut, la biblioteca Punt Edu i l\u2019aula de m\u00fasica TIC. <\/span><\/p>\n<p><span style=\"font-weight: 400;\">El curs 2007-2008 el centre rep el Baldiri Reixach: \u201c<\/span><i><span style=\"font-weight: 400;\">Per distingir una escola plenament catalana pel que fa a la llengua i als continguts. El professorat mostra dinamisme i cohesi\u00f3 en l\u2019aplicaci\u00f3 de projectes i d\u2019iniciatives pedag\u00f2giques diverses: l\u2019\u00fas actiu de la biblioteca, el blog de l\u2019escola, l\u2019agermanament virtual amb una escola anglesa i la dinamitzaci\u00f3 de la classe de m\u00fasica, entre d\u2019altres\u201d. <\/span><\/i><span style=\"font-weight: 400;\">Aquest mateix curs s\u2019inicien les classes de llengua anglesa a EI.<\/span><\/p>\n<p><span style=\"font-weight: 400;\">Malgrat tot aix\u00f2 l\u2019escola tenia una assignatura pendent: la creaci\u00f3 d\u2019un menjador escolar que permet\u00e9s les fam\u00edlies conciliar el seu horari laboral amb l\u2019horari escolar. El 16 de mar\u00e7 de 2007 es van iniciar les gestions a nivell d\u2019Ajuntament, AMPA i equip directiu i el 26 d\u2019octubre de 2007 s\u2019inaugura. <\/span><\/p>\n<p><span style=\"font-weight: 400;\">El curs 2008-2009 entren en funcionament l\u2019aula d\u2019idiomes (que permet l\u2019\u00fas d\u2019un m\u00e8tode m\u00e9s modern i interactiu d\u2019aprendre la llengua estrangera) i l\u2019aula de pl\u00e0stica.<\/span><\/p>\n<p><span style=\"font-weight: 400;\">Durant els cursos 2009-2011 es participa en el Projecte Comenius amb escoles de Pol\u00f2nia, Hongria, Holanda, It\u00e0lia i Anglaterra.<\/span><\/p>\n<p><span style=\"font-weight: 400;\">El curs 2009-2010 s\u2019inicia el Projecte de conviv\u00e8ncia i la digitalitzaci\u00f3 de les aules amb la compra de dues pissarres digitals.<\/span><\/p>\n<p><span style=\"font-weight: 400;\">El curs 2010-2011 es celebra per primer cop la cursa solid\u00e0ria, amb la participaci\u00f3 de tota la comunitat educativa.<\/span><\/p>\n<p><span style=\"font-weight: 400;\">El curs 2011-2012 hi ha un canvi de direcci\u00f3, \u00e9s nomenada Immaculada Freissinier Pitarch i s\u2019inicia una renovaci\u00f3 metodol\u00f2gica i pedag\u00f2gica a l\u2019escola.<\/span><\/p>\n<p><span style=\"font-weight: 400;\">2012-2013: s\u2019inicia la participaci\u00f3 en el Certamen Nacional Infantil i Juvenil de Lectura en veu alta.<\/span><\/p>\n<p><span style=\"font-weight: 400;\">2014-2015: s\u2019acaben de dotar totes les aules amb pissarres digitals.<\/span><\/p>\n<p><span style=\"font-weight: 400;\">2015-2016: hi ha un canvi de direcci\u00f3, i \u00e9s nomenada Lara Ferr\u00e9 Estorach.<\/span><\/p>\n","protected":false},"excerpt":{"rendered":"<p>HIST\u00d2RIA DE L\u2019ESCOLA MARIA GARCIA CABANES<br \/>\n \u201cEl petit Joan Arasa Rodr\u00edguez va aprendre a llegir i escriure gr\u00e0cies a Moss\u00e8n Josep Suny\u00e9, titular de la Parr\u00f2quia de l\u2019Aldea des de 1878 fins al 1898.\u201d<br \/>\nAquest fet relatat per Moss\u00e8n Alfonso Monfort ens permet \u00a0constatar que&hellip;  <a href=\"https:\/\/agora.xtec.cat\/ceipgarciacabanes\/lescola\/historia\/\" title=\"Read Hist\u00f2ria\">Llegeix m\u00e9s\u00bb<\/a><\/p>\n","protected":false},"author":1,"featured_media":0,"parent":22,"menu_order":20,"comment_status":"closed","ping_status":"closed","template":"page-templates\/side-menu.php","meta":{"_bbp_topic_count":0,"_bbp_reply_count":0,"_bbp_total_topic_count":0,"_bbp_total_reply_count":0,"_bbp_voice_count":0,"_bbp_anonymous_reply_count":0,"_bbp_topic_count_hidden":0,"_bbp_reply_count_hidden":0,"_bbp_forum_subforum_count":0,"footnotes":""},"class_list":["post-26","page","type-page","status-publish","hentry"],"post_mailing_queue_ids":[],"_links":{"self":[{"href":"https:\/\/agora.xtec.cat\/ceipgarciacabanes\/wp-json\/wp\/v2\/pages\/26","targetHints":{"allow":["GET"]}}],"collection":[{"href":"https:\/\/agora.xtec.cat\/ceipgarciacabanes\/wp-json\/wp\/v2\/pages"}],"about":[{"href":"https:\/\/agora.xtec.cat\/ceipgarciacabanes\/wp-json\/wp\/v2\/types\/page"}],"author":[{"embeddable":true,"href":"https:\/\/agora.xtec.cat\/ceipgarciacabanes\/wp-json\/wp\/v2\/users\/1"}],"replies":[{"embeddable":true,"href":"https:\/\/agora.xtec.cat\/ceipgarciacabanes\/wp-json\/wp\/v2\/comments?post=26"}],"version-history":[{"count":3,"href":"https:\/\/agora.xtec.cat\/ceipgarciacabanes\/wp-json\/wp\/v2\/pages\/26\/revisions"}],"predecessor-version":[{"id":10216,"href":"https:\/\/agora.xtec.cat\/ceipgarciacabanes\/wp-json\/wp\/v2\/pages\/26\/revisions\/10216"}],"up":[{"embeddable":true,"href":"https:\/\/agora.xtec.cat\/ceipgarciacabanes\/wp-json\/wp\/v2\/pages\/22"}],"wp:attachment":[{"href":"https:\/\/agora.xtec.cat\/ceipgarciacabanes\/wp-json\/wp\/v2\/media?parent=26"}],"curies":[{"name":"wp","href":"https:\/\/api.w.org\/{rel}","templated":true}]}}