{"id":1289,"date":"2017-09-20T12:03:42","date_gmt":"2017-09-20T10:03:42","guid":{"rendered":"http:\/\/agora.xtec.cat\/ceipgarciacabanes\/?page_id=1289"},"modified":"2017-09-20T12:03:42","modified_gmt":"2017-09-20T10:03:42","slug":"programa-psi","status":"publish","type":"page","link":"https:\/\/agora.xtec.cat\/ceipgarciacabanes\/lescola\/salut\/programa-psi\/","title":{"rendered":"Programa PSI"},"content":{"rendered":"<p>&nbsp;<\/p>\n<p><span style=\"font-family: inherit; font-size: 1em;\">L\u2019Escola s\u2019ha adherit al programa PSI, programa nascut amb un clar objectiu: demostrar que l\u2019adquisici\u00f3 d\u2019h\u00e0bits saludables des de la inf\u00e0ncia redueix el risc de patir malalties cardiovasculars i millora la qualitat de vida en l\u2019edat adulta.<\/span><\/p>\n<p><span style=\"font-weight: 400;\">Els eixos b\u00e0sics del programa s\u00f3n: l\u2019adquisici\u00f3 d\u2019h\u00e0bits d\u2019alimentaci\u00f3 saludable, el desenvolupament d\u2019activitat f\u00edsica, el coneixement del cos i del cor i la gesti\u00f3 emocional com a factor de protecci\u00f3 envers les addiccions.<\/span><\/p>\n<p>&nbsp;<\/p>\n<p><span style=\"font-weight: 400;\">El programa, amb el focus d\u2019atenci\u00f3 posat en l\u2019alumne (en aquesta primera fase se centra a educaci\u00f3 infantil) ofereix activitats d\u2019aula i activitats en fam\u00edlia, formaci\u00f3 de les mestres responsables del programa i \u00a0fomenta l\u2019ambient escolar saludable. <\/span><\/p>\n<p>&nbsp;<\/p>\n<p><span style=\"font-weight: 400;\">Una de les activitats emmarcades en el programa seran els esmorzars tranquils i saludables a tota l\u2019escola.<\/span><\/p>\n<p>&nbsp;<\/p>\n<table>\n<tbody>\n<tr>\n<td><span style=\"font-weight: 400;\">dilluns<\/span><\/td>\n<td><span style=\"font-weight: 400;\">dimarts<\/span><\/td>\n<td><span style=\"font-weight: 400;\">dimecres<\/span><\/td>\n<td><span style=\"font-weight: 400;\">dijous<\/span><\/td>\n<td><span style=\"font-weight: 400;\">divendres<\/span><\/td>\n<\/tr>\n<tr>\n<td><span style=\"font-weight: 400;\">l\u00e0ctics<\/span><\/p>\n<p><span style=\"font-weight: 400;\">(+ fruits secs)*<\/span><\/td>\n<td><span style=\"font-weight: 400;\">entrep\u00e0<\/span><\/p>\n<p><span style=\"font-weight: 400;\">(+ fruits secs)*<\/span><\/td>\n<td><span style=\"font-weight: 400;\">fruita<\/span><\/p>\n<p><span style=\"font-weight: 400;\">(+ fruits secs)*<\/span><\/td>\n<td><span style=\"font-weight: 400;\">lliure<\/span><\/p>\n<p><span style=\"font-weight: 400;\">(+ fruits secs)*<\/span><\/td>\n<td><span style=\"font-weight: 400;\">fruita<\/span><\/p>\n<p><span style=\"font-weight: 400;\">(+ fruits secs)*<\/span><\/td>\n<\/tr>\n<\/tbody>\n<\/table>\n<p>&nbsp;<\/p>\n<p><span style=\"font-weight: 400;\">*opcional<\/span><\/p>\n","protected":false},"excerpt":{"rendered":"<p>&nbsp;<br \/>\nL\u2019Escola s\u2019ha adherit al programa PSI, programa nascut amb un clar objectiu: demostrar que l\u2019adquisici\u00f3 d\u2019h\u00e0bits saludables des de la inf\u00e0ncia redueix el risc de patir malalties cardiovasculars i millora la qualitat de vida en l\u2019edat adulta.<br \/>\nEls eixos b\u00e0sics del programa s\u00f3n: l\u2019adquisici\u00f3 d\u2019h\u00e0bits d\u2019alimentaci\u00f3&hellip;  <a href=\"https:\/\/agora.xtec.cat\/ceipgarciacabanes\/lescola\/salut\/programa-psi\/\" title=\"Read Programa PSI\">Llegeix m\u00e9s\u00bb<\/a><\/p>\n","protected":false},"author":1,"featured_media":0,"parent":38,"menu_order":1,"comment_status":"closed","ping_status":"closed","template":"","meta":{"_bbp_topic_count":0,"_bbp_reply_count":0,"_bbp_total_topic_count":0,"_bbp_total_reply_count":0,"_bbp_voice_count":0,"_bbp_anonymous_reply_count":0,"_bbp_topic_count_hidden":0,"_bbp_reply_count_hidden":0,"_bbp_forum_subforum_count":0,"footnotes":""},"class_list":["post-1289","page","type-page","status-publish","hentry"],"post_mailing_queue_ids":[],"_links":{"self":[{"href":"https:\/\/agora.xtec.cat\/ceipgarciacabanes\/wp-json\/wp\/v2\/pages\/1289","targetHints":{"allow":["GET"]}}],"collection":[{"href":"https:\/\/agora.xtec.cat\/ceipgarciacabanes\/wp-json\/wp\/v2\/pages"}],"about":[{"href":"https:\/\/agora.xtec.cat\/ceipgarciacabanes\/wp-json\/wp\/v2\/types\/page"}],"author":[{"embeddable":true,"href":"https:\/\/agora.xtec.cat\/ceipgarciacabanes\/wp-json\/wp\/v2\/users\/1"}],"replies":[{"embeddable":true,"href":"https:\/\/agora.xtec.cat\/ceipgarciacabanes\/wp-json\/wp\/v2\/comments?post=1289"}],"version-history":[{"count":1,"href":"https:\/\/agora.xtec.cat\/ceipgarciacabanes\/wp-json\/wp\/v2\/pages\/1289\/revisions"}],"predecessor-version":[{"id":1290,"href":"https:\/\/agora.xtec.cat\/ceipgarciacabanes\/wp-json\/wp\/v2\/pages\/1289\/revisions\/1290"}],"up":[{"embeddable":true,"href":"https:\/\/agora.xtec.cat\/ceipgarciacabanes\/wp-json\/wp\/v2\/pages\/38"}],"wp:attachment":[{"href":"https:\/\/agora.xtec.cat\/ceipgarciacabanes\/wp-json\/wp\/v2\/media?parent=1289"}],"curies":[{"name":"wp","href":"https:\/\/api.w.org\/{rel}","templated":true}]}}